{"id":557,"date":"2021-02-10T19:33:06","date_gmt":"2021-02-10T18:33:06","guid":{"rendered":"http:\/\/blog.uclm.es\/repeme\/?page_id=557"},"modified":"2021-02-10T19:33:06","modified_gmt":"2021-02-10T18:33:06","slug":"speculum-observatorio-de-la-identidad-cultural-europea","status":"publish","type":"page","link":"https:\/\/blog.uclm.es\/grupoINTERMED\/speculum-observatorio-de-la-identidad-cultural-europea\/","title":{"rendered":"Speculum: Observatorio de la identidad cultural europea"},"content":{"rendered":"\n<figure class=\"wp-block-image\"><img decoding=\"async\" src=\"https:\/\/www.museothyssen.org\/sites\/default\/files\/styles\/16x9_social_share\/public\/imagen\/obras\/1966.4_rapto-europa.jpg?h=e273a17f\" alt=\"El rapto de Europa - Vouet, Simon. Museo Nacional Thyssen-Bornemisza\" \/><figcaption><em>El rapto de Europa<\/em> de Simon Vouet (h. 1640). Museo Nacional Thyssen-Bornemisza, Madrid. Imagen extra\u00edda de la web del <a href=\"https:\/\/www.museothyssen.org\/coleccion\/artistas\/vouet-simon\/rapto-europa\" data-type=\"URL\" data-id=\"https:\/\/www.museothyssen.org\/coleccion\/artistas\/vouet-simon\/rapto-europa\" target=\"_blank\" rel=\"noreferrer noopener\">Museo Thyssen<\/a>.<\/figcaption><\/figure>\n\n\n\n<p><em>Speculum<\/em>&nbsp;es un Observatorio de la Identidad Cultural Europea que surge con la finalidad de contribuir, desde la investigaci\u00f3n cient\u00edfica, a la difusi\u00f3n en todos los \u00e1mbitos (social, pol\u00edtico, econ\u00f3mico, acad\u00e9mico) de las bases culturales de la identidad europea.<\/p>\n\n\n\n<p>En efecto, en Europa existe una realidad cultural constituida por los hechos, manifestaciones y patrimonio cultural de cada uno de los estados miembros, que importan y enriquecen a la propia Uni\u00f3n y justifican sin duda su pol\u00edtica cultural centrada en la diversidad. Pero existe tambi\u00e9n otra realidad, complementaria y a veces fusionada con la anterior, constituida por los fundamentos comunes de nuestra cultura e identidad europeas, en tanto que generados por circunstancias y condiciones que trascendieron y trascienden el \u00e1mbito de lo nacional o regional, y que se pueden considerar por ello de \u00e1mbito propia y caracter\u00edsticamente europeo.<\/p>\n\n\n\n<p>Ser\u00eda deseable una mayor difusi\u00f3n de esos fundamentos culturales comunes desde una perspectiva europe\u00edsta a trav\u00e9s de las pol\u00edticas tanto de la UE como de sus estados miembros, ya que constituyen un elemento capital de cohesi\u00f3n, y resultan fundamentales a la hora de generar pol\u00edticas y actitudes inclusivas.<\/p>\n\n\n\n<p>Enlace al blog: <a href=\"https:\/\/blog.uclm.es\/proyectospeculum\/observatory\/\">https:\/\/blog.uclm.es\/proyectospeculum\/observatory\/<\/a><\/p>\n","protected":false},"excerpt":{"rendered":"<p>Speculum&nbsp;es un Observatorio de la Identidad Cultural Europea que surge con la finalidad de contribuir, desde la investigaci\u00f3n cient\u00edfica, a la difusi\u00f3n en todos los \u00e1mbitos (social, pol\u00edtico, econ\u00f3mico, acad\u00e9mico) de las bases culturales de la identidad europea. En efecto, &hellip; <a href=\"https:\/\/blog.uclm.es\/grupoINTERMED\/speculum-observatorio-de-la-identidad-cultural-europea\/\">Sigue leyendo <span class=\"meta-nav\">&rarr;<\/span><\/a><\/p>\n","protected":false},"author":164,"featured_media":0,"parent":0,"menu_order":0,"comment_status":"closed","ping_status":"closed","template":"sidebar-page.php","meta":{"footnotes":""},"class_list":["post-557","page","type-page","status-publish","hentry"],"_links":{"self":[{"href":"https:\/\/blog.uclm.es\/grupoINTERMED\/wp-json\/wp\/v2\/pages\/557","targetHints":{"allow":["GET"]}}],"collection":[{"href":"https:\/\/blog.uclm.es\/grupoINTERMED\/wp-json\/wp\/v2\/pages"}],"about":[{"href":"https:\/\/blog.uclm.es\/grupoINTERMED\/wp-json\/wp\/v2\/types\/page"}],"author":[{"embeddable":true,"href":"https:\/\/blog.uclm.es\/grupoINTERMED\/wp-json\/wp\/v2\/users\/164"}],"replies":[{"embeddable":true,"href":"https:\/\/blog.uclm.es\/grupoINTERMED\/wp-json\/wp\/v2\/comments?post=557"}],"version-history":[{"count":0,"href":"https:\/\/blog.uclm.es\/grupoINTERMED\/wp-json\/wp\/v2\/pages\/557\/revisions"}],"wp:attachment":[{"href":"https:\/\/blog.uclm.es\/grupoINTERMED\/wp-json\/wp\/v2\/media?parent=557"}],"curies":[{"name":"wp","href":"https:\/\/api.w.org\/{rel}","templated":true}]}}