{"id":40,"date":"2015-11-25T12:18:25","date_gmt":"2015-11-25T11:18:25","guid":{"rendered":"http:\/\/blog.uclm.es\/repeme\/?page_id=40"},"modified":"2015-11-25T12:18:25","modified_gmt":"2015-11-25T11:18:25","slug":"otros-logros","status":"publish","type":"page","link":"https:\/\/blog.uclm.es\/grupoINTERMED\/otros-logros\/","title":{"rendered":"Traducciones \u00e1rabo-latinas:   la Escuela de Traductores de Toledo"},"content":{"rendered":"\n<figure class=\"wp-block-image size-large is-resized\"><a href=\"https:\/\/blog.uclm.es\/grupoINTERMED\/files\/2021\/06\/image.png\"><img loading=\"lazy\" decoding=\"async\" src=\"https:\/\/blog.uclm.es\/grupoINTERMED\/files\/2021\/06\/image.png\" alt=\"\" class=\"wp-image-729\" width=\"619\" height=\"314\" srcset=\"https:\/\/blog.uclm.es\/grupoINTERMED\/wp-content\/uploads\/sites\/27\/2021\/06\/image.png 450w, https:\/\/blog.uclm.es\/grupoINTERMED\/wp-content\/uploads\/sites\/27\/2021\/06\/image-300x152.png 300w\" sizes=\"auto, (max-width: 619px) 100vw, 619px\" \/><\/a><figcaption>Fragmento de un ms. con el <em>Canon<\/em> de Avicena traducido al lat\u00edn por Gerardo de Cremona (ms. 457, fol. 260v, Par\u00eds, siglo XIII). Imagen extra\u00edda de la <a rel=\"noreferrer noopener\" href=\"https:\/\/www.ucm.es\/bdiconografiamedieval\/cesarea\" data-type=\"URL\" data-id=\"https:\/\/www.ucm.es\/bdiconografiamedieval\/cesarea\" target=\"_blank\">Base de datos digital de iconograf\u00eda medieval<\/a>.<\/figcaption><\/figure>\n\n\n<p>Una l\u00ednea primordial de la investigaci\u00f3n desarrollada por el grupo es la <strong>recuperaci\u00f3n y el estudio de manuscritos y textos m\u00e9dicos latinos toledanos<\/strong>, desde los producidos en la Escuela de Traductores de Toledo hasta los editados en el Renacimiento en esta ciudad.<\/p>\n<p>Para acceder a la lista de <strong>publicaciones y otras actividades<\/strong> relacionadas con esta l\u00ednea pinchar en el siguiente <a href=\"https:\/\/blog.uclm.es\/grupoINTERMED\/wp-content\/uploads\/sites\/27\/2018\/01\/trabajos-arabe.pdf\" target=\"_blank\" rel=\"noopener noreferrer\">enlace<\/a>.<\/p>\n<p>La web de la <a href=\"http:\/\/escueladetraductores.uclm.es\/\" target=\"_blank\" rel=\"noopener noreferrer\"><strong>Escuela de Traductores de Toledo<\/strong><\/a> cuenta con dos secciones dedicadas al <a href=\"http:\/\/escueladetraductores.uclm.es\/interpretes-medicinae\/\" target=\"_blank\" rel=\"noopener noreferrer\">grupo<\/a> y a la l\u00ednea de investigaci\u00f3n sobre <a href=\"http:\/\/escueladetraductores.uclm.es\/textos-latinos\/\" target=\"_blank\" rel=\"noopener noreferrer\">textos latinos<\/a> respectivamente.<\/p>\n\n\n<p><\/p>\n","protected":false},"excerpt":{"rendered":"<p>Una l\u00ednea primordial de la investigaci\u00f3n desarrollada por el grupo es la recuperaci\u00f3n y el estudio de manuscritos y textos m\u00e9dicos latinos toledanos, desde los producidos en la Escuela de Traductores de Toledo hasta los editados en el Renacimiento en &hellip; <a href=\"https:\/\/blog.uclm.es\/grupoINTERMED\/otros-logros\/\">Sigue leyendo <span class=\"meta-nav\">&rarr;<\/span><\/a><\/p>\n","protected":false},"author":164,"featured_media":0,"parent":0,"menu_order":0,"comment_status":"closed","ping_status":"closed","template":"sidebar-page.php","meta":{"footnotes":""},"class_list":["post-40","page","type-page","status-publish","hentry"],"_links":{"self":[{"href":"https:\/\/blog.uclm.es\/grupoINTERMED\/wp-json\/wp\/v2\/pages\/40","targetHints":{"allow":["GET"]}}],"collection":[{"href":"https:\/\/blog.uclm.es\/grupoINTERMED\/wp-json\/wp\/v2\/pages"}],"about":[{"href":"https:\/\/blog.uclm.es\/grupoINTERMED\/wp-json\/wp\/v2\/types\/page"}],"author":[{"embeddable":true,"href":"https:\/\/blog.uclm.es\/grupoINTERMED\/wp-json\/wp\/v2\/users\/164"}],"replies":[{"embeddable":true,"href":"https:\/\/blog.uclm.es\/grupoINTERMED\/wp-json\/wp\/v2\/comments?post=40"}],"version-history":[{"count":0,"href":"https:\/\/blog.uclm.es\/grupoINTERMED\/wp-json\/wp\/v2\/pages\/40\/revisions"}],"wp:attachment":[{"href":"https:\/\/blog.uclm.es\/grupoINTERMED\/wp-json\/wp\/v2\/media?parent=40"}],"curies":[{"name":"wp","href":"https:\/\/api.w.org\/{rel}","templated":true}]}}