{"id":16,"date":"2015-11-18T12:55:48","date_gmt":"2015-11-18T11:55:48","guid":{"rendered":"http:\/\/blog.uclm.es\/repeme\/?page_id=16"},"modified":"2025-10-09T16:32:30","modified_gmt":"2025-10-09T16:32:30","slug":"equipo","status":"publish","type":"page","link":"https:\/\/blog.uclm.es\/grupoINTERMED\/equipo\/","title":{"rendered":"MIEMBROS DE INTERMED"},"content":{"rendered":"\n<div class=\"wp-block-columns is-layout-flex wp-container-core-columns-is-layout-9d6595d7 wp-block-columns-is-layout-flex\">\n<div class=\"wp-block-column is-layout-flow wp-block-column-is-layout-flow\">\n\n\n<p><a href=\"https:\/\/orcid.org\/0000-0002-5290-1068\">Mar\u00eda Teresa Santamar\u00eda Hern\u00e1ndez<\/a> (Catedr\u00e1tica de Universidad, UCLM)<\/p>\n<\/div>\n\n\n\n<div class=\"wp-block-column is-layout-flow wp-block-column-is-layout-flow\">\n\n\n<p><a href=\"https:\/\/orcid.org\/0000-0001-9981-0780\" data-type=\"URL\" data-id=\"https:\/\/orcid.org\/0000-0001-9981-0780\">Joaqu\u00edn Pascual Barea<\/a> (Catedr\u00e1tico de Universidad, UCA)<\/p>\n<\/div>\n\n\n\n<div class=\"wp-block-column is-layout-flow wp-block-column-is-layout-flow\">\n\n\n<p><a href=\"https:\/\/orcid.org\/0000-0002-5743-8068\" data-type=\"URL\" data-id=\"https:\/\/orcid.org\/0000-0002-5743-8068\">Marina D\u00edaz Marcos<\/a> (Profesora Ayudante Doctora, UCLM)<\/p>\n<\/div>\n<\/div>\n\n\n\n<div class=\"wp-block-columns is-layout-flex wp-container-core-columns-is-layout-9d6595d7 wp-block-columns-is-layout-flex\">\n<div class=\"wp-block-column is-layout-flow wp-block-column-is-layout-flow\">\n\n\n<p><a href=\"https:\/\/orcid.org\/0000-0002-5625-5841\" data-type=\"URL\" data-id=\"https:\/\/orcid.org\/0000-0002-5625-5841\">Dana Zaben<\/a> (Profesora Sustituta, UCLM)<\/p>\n<\/div>\n\n\n\n<div class=\"wp-block-column is-layout-flow wp-block-column-is-layout-flow\">\n\n\n<p><a href=\"https:\/\/orcid.org\/0000-0002-9610-0254\" data-type=\"URL\" data-id=\"https:\/\/orcid.org\/0000-0002-9610-0254\">Sara Sol\u00e1 Portillo<\/a> (contratada, UMA)<\/p>\n<\/div>\n\n\n\n<div class=\"wp-block-column is-layout-flow wp-block-column-is-layout-flow\">\n<p><\/p>\n<\/div>\n<\/div>\n\n\n\n<div style=\"height:100px\" aria-hidden=\"true\" class=\"wp-block-spacer\"><\/div>\n\n\n\n<p><strong>Colaboradores<\/strong><\/p>\n\n\n\n<p>Mar\u00eda Luisa De La C\u00e1mara Garc\u00eda, Profesor Contratado Doctor, \u00e1rea de Filosof\u00eda, UCLM; Jos\u00e9 Javier Ben\u00e9itez Prudencio, Profesor Contratado Doctor Temporal, \u00e1rea de Filosof\u00eda, UCLM; Klaus-Dietrich Fischer, Hochschuldozent&nbsp;(jubilado), \u00e1rea de Filolog\u00eda Latina, Johannes Gutenberg Universit\u00e4t Mainz (Institut f\u00fcr Geschichte, Theorie und Ethik der Medizin), Alemania; Outi Merisalo, profesora ordinaria, Filolog\u00eda Cl\u00e1sica y Rom\u00e1nica, Univ. de Jyv\u00e4skyl\u00e4&nbsp;(Finlandia); Nicoletta Palmieri, Professeur des Universit\u00e9s, 1\u00e8re clase, Filolog\u00eda Latina, Universit\u00e9 de Reims, Champagne-Ardenne&nbsp; (Francia); Stefania Fortuna, profesor asociado, Filolog\u00eda Cl\u00e1sica e Historia de la Medicina, Universit\u00e0 Politecnica delle Marche (Italia); Vincenzo Ortoleva, profesor ordinario, Filolog\u00eda Latina, Universit\u00e0 di Catania (Italia); Mario Lamagna, profesore ricercatore, Filolog\u00eda Griega, Universit\u00e0 di Napoli \u201cFederico II\u201d (Italia); Irene Cal\u00e0, investigadora contratada en CNRS&nbsp;\u2018Orient et M\u00e9diterran\u00e9e\u2019 UMR 8167 \u2018Equipe Mondes s\u00e9mitiques\u2019 (Francia) \/ Max Planck Institut (Berl\u00edn), desde noviembre 2016; Antonio Ricciardetto, Investigador de l\u2019Universit\u00e9 de Li\u00e8ge (Belgique) en movilidad en el equipo \u201cM\u00e9decine grecque\u201d-UMR \u2018Orient &amp; M\u00e9diterran\u00e9e\u2019 (Paris-Sorbonne), Papirolog\u00eda y Filolog\u00eda Griega; Maria Rosaria Petringa, Ricercatrice (investigadora), Filolog\u00eda Latina, Universit\u00e0 di Catania (Italia).<\/p>\n","protected":false},"excerpt":{"rendered":"<p>Mar\u00eda Teresa Santamar\u00eda Hern\u00e1ndez (Catedr\u00e1tica de Universidad, UCLM) Joaqu\u00edn Pascual Barea (Catedr\u00e1tico de Universidad, UCA) Marina D\u00edaz Marcos (Profesora Ayudante Doctora, UCLM) Dana Zaben (Profesora Sustituta, UCLM) Sara Sol\u00e1 Portillo (contratada, UMA) Colaboradores Mar\u00eda Luisa De La C\u00e1mara Garc\u00eda, Profesor &hellip; <a href=\"https:\/\/blog.uclm.es\/grupoINTERMED\/equipo\/\">Sigue leyendo <span class=\"meta-nav\">&rarr;<\/span><\/a><\/p>\n","protected":false},"author":164,"featured_media":0,"parent":0,"menu_order":0,"comment_status":"closed","ping_status":"closed","template":"sidebar-page.php","meta":{"footnotes":""},"class_list":["post-16","page","type-page","status-publish","hentry"],"_links":{"self":[{"href":"https:\/\/blog.uclm.es\/grupoINTERMED\/wp-json\/wp\/v2\/pages\/16","targetHints":{"allow":["GET"]}}],"collection":[{"href":"https:\/\/blog.uclm.es\/grupoINTERMED\/wp-json\/wp\/v2\/pages"}],"about":[{"href":"https:\/\/blog.uclm.es\/grupoINTERMED\/wp-json\/wp\/v2\/types\/page"}],"author":[{"embeddable":true,"href":"https:\/\/blog.uclm.es\/grupoINTERMED\/wp-json\/wp\/v2\/users\/164"}],"replies":[{"embeddable":true,"href":"https:\/\/blog.uclm.es\/grupoINTERMED\/wp-json\/wp\/v2\/comments?post=16"}],"version-history":[{"count":6,"href":"https:\/\/blog.uclm.es\/grupoINTERMED\/wp-json\/wp\/v2\/pages\/16\/revisions"}],"predecessor-version":[{"id":915,"href":"https:\/\/blog.uclm.es\/grupoINTERMED\/wp-json\/wp\/v2\/pages\/16\/revisions\/915"}],"wp:attachment":[{"href":"https:\/\/blog.uclm.es\/grupoINTERMED\/wp-json\/wp\/v2\/media?parent=16"}],"curies":[{"name":"wp","href":"https:\/\/api.w.org\/{rel}","templated":true}]}}