{"id":1168,"date":"2025-10-18T15:50:29","date_gmt":"2025-10-18T15:50:29","guid":{"rendered":"https:\/\/blog.uclm.es\/grupoINTERMED\/?page_id=1168"},"modified":"2025-10-18T15:54:03","modified_gmt":"2025-10-18T15:54:03","slug":"cursos-recibidos","status":"publish","type":"page","link":"https:\/\/blog.uclm.es\/grupoINTERMED\/cursos-recibidos\/","title":{"rendered":"Cursos recibidos"},"content":{"rendered":"\n<p><strong>| 2025 |<\/strong><\/p>\n\n\n\n<p><strong>05\/05\/2025-09\/05\/2025:<\/strong> Curso de Formaci\u00f3n del Profesor Ayudante Doctor (Universidad de Castilla-La Mancha): <em>Estructura y funcionamiento de la UCLM<\/em> (20 h). Marina D\u00edaz Marcos.<\/p>\n\n\n\n<p><strong>27\/03\/2025-04\/04\/2025: <\/strong>Curso de Formaci\u00f3n Permanente del PDI (Grupo <em>9 universidades<\/em>): <em>Evaluaci\u00f3n de Lenguas e Inteligencia Artificial <\/em>(1 cr\u00e9dito ECTS\/25 h). Marina D\u00edaz Marcos.<\/p>\n\n\n\n<p><strong>| 2024 |<\/strong><\/p>\n\n\n\n<p><strong>02\/04\/2024-10\/06\/2024:<\/strong> Curso de Formaci\u00f3n Permanente del PDI (Universidad de Castilla-La Mancha): <em>Coaching acad\u00e9mico<\/em> (1 cr\u00e9dito ECTS\/25 h). Marina D\u00edaz Marcos.<\/p>\n\n\n\n<p><strong>| 2023 |<\/strong><\/p>\n\n\n\n<p><strong>10\/11\/2023-23\/11\/2023: <\/strong>Curso de Formaci\u00f3n Permanente del PDI (Universidad de Castilla-La Mancha): <em>CHATGPT en la Universidad: aplicaciones pr\u00e1cticas en docencia e Investigaci\u00f3n<\/em> (0,6 cr\u00e9ditos ECTS \/ 15 h). Marina D\u00edaz Marcos.<\/p>\n\n\n\n<p><strong>17\/04\/2023-05\/05\/2023: <\/strong>Curso de Formaci\u00f3n Permanente del PDI (Grupo <em>9 universidades<\/em>): <em>Dise\u00f1o de materiales y recursos educativos con Canva<\/em> (1 cr\u00e9dito ECTS\/25 h). Marina D\u00edaz Marcos.<\/p>\n\n\n\n<p><strong>27\/02\/2023-23\/04\/2023:<\/strong> Curso de Formaci\u00f3n Permanente del PDI (Universidad de Castilla-La Mancha): <em>Moodle: algunas herramientas para mejorar la productividad<\/em> (1 cr\u00e9dito ECTS\/25 h). Marina D\u00edaz Marcos.<\/p>\n\n\n\n<p><strong>| 2022 |<\/strong><\/p>\n\n\n\n<p><strong>07\/01\/2022-11\/02\/2022:<\/strong> Curso de Formaci\u00f3n Permanente del PDI (Universidad de Castilla-La Mancha): <em>Evaluaci\u00f3n de competencias en Educaci\u00f3n Superior con apoyo de recursos virtuales <\/em>(1 cr\u00e9dito ECTS\/25 h). Marina D\u00edaz Marcos.<\/p>\n\n\n\n<p><strong>| 2021 |<\/strong><\/p>\n\n\n\n<p><strong>18\/11\/2021-18\/12\/2021: <\/strong>Curso de Formaci\u00f3n Permanente del PDI (Universidad de Castilla-La Mancha): <em>Estrategias pedag\u00f3gicas para fomentar la motivaci\u00f3n del estudiante y el aprendizaje relevante en la docencia universitaria <\/em>(1 cr\u00e9dito ECTS\/25 h). Marina D\u00edaz Marcos.<\/p>\n\n\n\n<p><strong>03\/05\/2021-30\/06\/2021: <\/strong>Curso de Formaci\u00f3n Permanente del PDI (Universidad de Castilla-La Mancha): <em>Prevenci\u00f3n de riesgos laborales<\/em> (2 cr\u00e9ditos ECTS\/50 h). Marina D\u00edaz Marcos.<\/p>\n\n\n\n<p><strong>| 2020 |<\/strong><\/p>\n\n\n\n<p><strong>20\/10\/2020-20\/11\/2020:<\/strong> Curso de Formaci\u00f3n Permanente del PDI (Universidad de Castilla-La Mancha): <em>Domina Teams para docencia online<\/em> (0,5 cr\u00e9ditos ECTS\/10 h). Marina D\u00edaz Marcos.<\/p>\n\n\n\n<p><strong>| 2019 |<\/strong><\/p>\n\n\n\n<p><strong>02\/11\/2019-30\/11\/2019: <\/strong>Curso de Formaci\u00f3n Permanente del PDI (Universidad de Castilla-La Mancha): <em>Herramientas para la tutela del TFG<\/em> (1 cr\u00e9dito ECTS\/25 h). Marina D\u00edaz Marcos.<\/p>\n\n\n\n<p><strong>29\/04\/2019-30\/05\/2019: <\/strong>Curso de Formaci\u00f3n Permanente del PDI (Universidad de Castilla-La Mancha): <em>Presentaciones Cloud con Prezi Next<\/em> (0,5 cr\u00e9ditos ECTS\/10 h). Marina D\u00edaz Marcos.<\/p>\n\n\n\n<p><strong>29\/04\/2019-09\/06\/2019: <\/strong>Curso de Formaci\u00f3n Permanente del PDI (Universidad de Castilla-La Mancha): <em>Identidad Digital en las Redes Sociales con fines investigadores y docentes<\/em> (0,5 cr\u00e9ditos ECTS\/10 h). Marina D\u00edaz Marcos.<\/p>\n\n\n\n<p><strong>15\/12\/2018-10\/01\/2019: <\/strong>Curso de Formaci\u00f3n Permanente del PDI (Universidad de Castilla-La Mancha): <em>Herramientas TIC para la gesti\u00f3n de referencias bibliogr\u00e1ficas aplicadas a la investigaci\u00f3n y la docencia<\/em> (1 cr\u00e9dito ECTS\/25 h). Marina D\u00edaz Marcos.<\/p>\n\n\n\n<p><strong>03\/12\/2018-10\/01\/2019: <\/strong>Curso de Formaci\u00f3n Permanente del PDI (Universidad de Castilla-La Mancha): <em>Estrategias y recursos pedag\u00f3gicos para ser un\/una docente competente<\/em> (1 cr\u00e9dito ECTS\/25 h). Marina D\u00edaz Marcos.<\/p>\n","protected":false},"excerpt":{"rendered":"<p>| 2025 | 05\/05\/2025-09\/05\/2025: Curso de Formaci\u00f3n del Profesor Ayudante Doctor (Universidad de Castilla-La Mancha): Estructura y funcionamiento de la UCLM (20 h). Marina D\u00edaz Marcos. 27\/03\/2025-04\/04\/2025: Curso de Formaci\u00f3n Permanente del PDI (Grupo 9 universidades): Evaluaci\u00f3n de Lenguas e &hellip; <a href=\"https:\/\/blog.uclm.es\/grupoINTERMED\/cursos-recibidos\/\">Sigue leyendo <span class=\"meta-nav\">&rarr;<\/span><\/a><\/p>\n","protected":false},"author":166,"featured_media":0,"parent":0,"menu_order":0,"comment_status":"closed","ping_status":"closed","template":"","meta":{"footnotes":""},"class_list":["post-1168","page","type-page","status-publish","hentry"],"_links":{"self":[{"href":"https:\/\/blog.uclm.es\/grupoINTERMED\/wp-json\/wp\/v2\/pages\/1168","targetHints":{"allow":["GET"]}}],"collection":[{"href":"https:\/\/blog.uclm.es\/grupoINTERMED\/wp-json\/wp\/v2\/pages"}],"about":[{"href":"https:\/\/blog.uclm.es\/grupoINTERMED\/wp-json\/wp\/v2\/types\/page"}],"author":[{"embeddable":true,"href":"https:\/\/blog.uclm.es\/grupoINTERMED\/wp-json\/wp\/v2\/users\/166"}],"replies":[{"embeddable":true,"href":"https:\/\/blog.uclm.es\/grupoINTERMED\/wp-json\/wp\/v2\/comments?post=1168"}],"version-history":[{"count":4,"href":"https:\/\/blog.uclm.es\/grupoINTERMED\/wp-json\/wp\/v2\/pages\/1168\/revisions"}],"predecessor-version":[{"id":1175,"href":"https:\/\/blog.uclm.es\/grupoINTERMED\/wp-json\/wp\/v2\/pages\/1168\/revisions\/1175"}],"wp:attachment":[{"href":"https:\/\/blog.uclm.es\/grupoINTERMED\/wp-json\/wp\/v2\/media?parent=1168"}],"curies":[{"name":"wp","href":"https:\/\/api.w.org\/{rel}","templated":true}]}}