{"id":1158,"date":"2025-10-18T15:48:26","date_gmt":"2025-10-18T15:48:26","guid":{"rendered":"https:\/\/blog.uclm.es\/grupoINTERMED\/?page_id=1158"},"modified":"2025-10-18T15:49:08","modified_gmt":"2025-10-18T15:49:08","slug":"publicaciones-2","status":"publish","type":"page","link":"https:\/\/blog.uclm.es\/grupoINTERMED\/publicaciones-2\/","title":{"rendered":"Publicaciones"},"content":{"rendered":"\n<p>D\u00edaz Marcos, Marina &amp; Mart\u00ednez Prieto, Roc\u00edo (2020), \u00ab<em>Per litteras ad linguam<\/em>: Using Litterature to Teach Latin\u00bb, en J. M. Correoso-R\u00f3denas (ed.), <em>Teaching Language and Literature On and Off-Canon<\/em>, 182-192. Hershey: IGI Global. ISBN10: 1799833798; ISBN13: 9781799833796; EISBN13: 9781799833819; doi: <a href=\"https:\/\/www.igi-global.com\/chapter\/per-litteras-ad-linguam\/255335\">10.4018\/978-1-7998-3379-6.ch010<\/a><\/p>\n","protected":false},"excerpt":{"rendered":"<p>D\u00edaz Marcos, Marina &amp; Mart\u00ednez Prieto, Roc\u00edo (2020), \u00abPer litteras ad linguam: Using Litterature to Teach Latin\u00bb, en J. M. Correoso-R\u00f3denas (ed.), Teaching Language and Literature On and Off-Canon, 182-192. Hershey: IGI Global. ISBN10: 1799833798; ISBN13: 9781799833796; EISBN13: 9781799833819; doi: &hellip; <a href=\"https:\/\/blog.uclm.es\/grupoINTERMED\/publicaciones-2\/\">Sigue leyendo <span class=\"meta-nav\">&rarr;<\/span><\/a><\/p>\n","protected":false},"author":166,"featured_media":0,"parent":0,"menu_order":0,"comment_status":"closed","ping_status":"closed","template":"","meta":{"footnotes":""},"class_list":["post-1158","page","type-page","status-publish","hentry"],"_links":{"self":[{"href":"https:\/\/blog.uclm.es\/grupoINTERMED\/wp-json\/wp\/v2\/pages\/1158","targetHints":{"allow":["GET"]}}],"collection":[{"href":"https:\/\/blog.uclm.es\/grupoINTERMED\/wp-json\/wp\/v2\/pages"}],"about":[{"href":"https:\/\/blog.uclm.es\/grupoINTERMED\/wp-json\/wp\/v2\/types\/page"}],"author":[{"embeddable":true,"href":"https:\/\/blog.uclm.es\/grupoINTERMED\/wp-json\/wp\/v2\/users\/166"}],"replies":[{"embeddable":true,"href":"https:\/\/blog.uclm.es\/grupoINTERMED\/wp-json\/wp\/v2\/comments?post=1158"}],"version-history":[{"count":2,"href":"https:\/\/blog.uclm.es\/grupoINTERMED\/wp-json\/wp\/v2\/pages\/1158\/revisions"}],"predecessor-version":[{"id":1167,"href":"https:\/\/blog.uclm.es\/grupoINTERMED\/wp-json\/wp\/v2\/pages\/1158\/revisions\/1167"}],"wp:attachment":[{"href":"https:\/\/blog.uclm.es\/grupoINTERMED\/wp-json\/wp\/v2\/media?parent=1158"}],"curies":[{"name":"wp","href":"https:\/\/api.w.org\/{rel}","templated":true}]}}