{"id":1157,"date":"2025-10-18T15:48:26","date_gmt":"2025-10-18T15:48:26","guid":{"rendered":"https:\/\/blog.uclm.es\/grupoINTERMED\/?page_id=1157"},"modified":"2026-04-29T10:37:06","modified_gmt":"2026-04-29T10:37:06","slug":"proyectos-de-innovacion-docente","status":"publish","type":"page","link":"https:\/\/blog.uclm.es\/grupoINTERMED\/proyectos-de-innovacion-docente\/","title":{"rendered":"Proyectos de innovaci\u00f3n docente"},"content":{"rendered":"\n<p><strong>\u00abG\u00e9nero, igualdad y diversidad en el Grado en Espa\u00f1ol: Lengua y Literatura. Docencia y actividades extracurriculares\u00bb.<\/strong><\/p>\n\n\n\n<p>IP: Margot Vivanco Gafaell (UCLM).<\/p>\n\n\n\n<p>Miembros participantes: Marina D\u00edaz Marcos.<\/p>\n\n\n\n<p>Duraci\u00f3n: 01\/12\/2025-30\/11\/2027.<\/p>\n\n\n\n<p>Entidad concesionaria: Vicerrectorado de Estudios, Calidad e Acreditaci\u00f3n de la UCLM.<\/p>\n\n\n\n<p>\u00c1mbito: regional.<\/p>\n\n\n\n<p>Centro de destino: Facultad de Letras de Ciudad Real.<\/p>\n\n\n\n<div style=\"height:46px\" aria-hidden=\"true\" class=\"wp-block-spacer\"><\/div>\n\n\n\n<p><strong>\u00abNueva gu\u00eda para la realizaci\u00f3n de trabajos acad\u00e9micos\u00bb.<\/strong><\/p>\n\n\n\n<p>IP: Margot Vivanco Gafaell (UCLM).<\/p>\n\n\n\n<p>Miembros participantes: Marina D\u00edaz Marcos.<\/p>\n\n\n\n<p>Duraci\u00f3n: 01\/12\/2023-30\/11\/2025.<\/p>\n\n\n\n<p>Entidad concesionaria: Vicerrectorado de Estudios, Calidad e Acreditaci\u00f3n de la UCLM.<\/p>\n\n\n\n<p>\u00c1mbito: regional.<\/p>\n\n\n\n<p>Centro de destino: Facultad de Letras de Ciudad Real.<\/p>\n","protected":false},"excerpt":{"rendered":"<p>\u00abG\u00e9nero, igualdad y diversidad en el Grado en Espa\u00f1ol: Lengua y Literatura. Docencia y actividades extracurriculares\u00bb. IP: Margot Vivanco Gafaell (UCLM). Miembros participantes: Marina D\u00edaz Marcos. Duraci\u00f3n: 01\/12\/2025-30\/11\/2027. Entidad concesionaria: Vicerrectorado de Estudios, Calidad e Acreditaci\u00f3n de la UCLM. \u00c1mbito: &hellip; <a href=\"https:\/\/blog.uclm.es\/grupoINTERMED\/proyectos-de-innovacion-docente\/\">Sigue leyendo <span class=\"meta-nav\">&rarr;<\/span><\/a><\/p>\n","protected":false},"author":166,"featured_media":0,"parent":0,"menu_order":0,"comment_status":"closed","ping_status":"closed","template":"","meta":{"footnotes":""},"class_list":["post-1157","page","type-page","status-publish","hentry"],"_links":{"self":[{"href":"https:\/\/blog.uclm.es\/grupoINTERMED\/wp-json\/wp\/v2\/pages\/1157","targetHints":{"allow":["GET"]}}],"collection":[{"href":"https:\/\/blog.uclm.es\/grupoINTERMED\/wp-json\/wp\/v2\/pages"}],"about":[{"href":"https:\/\/blog.uclm.es\/grupoINTERMED\/wp-json\/wp\/v2\/types\/page"}],"author":[{"embeddable":true,"href":"https:\/\/blog.uclm.es\/grupoINTERMED\/wp-json\/wp\/v2\/users\/166"}],"replies":[{"embeddable":true,"href":"https:\/\/blog.uclm.es\/grupoINTERMED\/wp-json\/wp\/v2\/comments?post=1157"}],"version-history":[{"count":4,"href":"https:\/\/blog.uclm.es\/grupoINTERMED\/wp-json\/wp\/v2\/pages\/1157\/revisions"}],"predecessor-version":[{"id":1207,"href":"https:\/\/blog.uclm.es\/grupoINTERMED\/wp-json\/wp\/v2\/pages\/1157\/revisions\/1207"}],"wp:attachment":[{"href":"https:\/\/blog.uclm.es\/grupoINTERMED\/wp-json\/wp\/v2\/media?parent=1157"}],"curies":[{"name":"wp","href":"https:\/\/api.w.org\/{rel}","templated":true}]}}