{"id":1098,"date":"2025-10-17T12:03:33","date_gmt":"2025-10-17T12:03:33","guid":{"rendered":"https:\/\/blog.uclm.es\/grupoINTERMED\/?page_id=1098"},"modified":"2025-10-18T15:41:45","modified_gmt":"2025-10-18T15:41:45","slug":"comites-cientificos","status":"publish","type":"page","link":"https:\/\/blog.uclm.es\/grupoINTERMED\/comites-cientificos\/","title":{"rendered":"Comit\u00e9s"},"content":{"rendered":"\n<p><strong>Comit\u00e9s cient\u00edficos<\/strong><\/p>\n\n\n\n<p><em>Jornadas Internacionales de la Escuela de Traductores de Toledo: \u00abLa transmisi\u00f3n del texto\u00bb<\/em> (12-13\/05\/2022, Universidad de Castilla-La Mancha): Marina D\u00edaz Marcos.<\/p>\n\n\n\n<p><em>II Jornadas Doctorales de la Escuela de Traductores de Toledo: \u00abEl l\u00e9xico y su problem\u00e1tica en textos medievales y human\u00edsticos\u00bb<\/em> (10\/12\/2020, Universidad de Castilla-La Mancha): Marina D\u00edaz Marcos.<\/p>\n\n\n\n<p><em>VIII Congreso Nacional Ganimedes<\/em> (4-6\/03\/2020, Universidade de Santiago de Compostela): Marina D\u00edaz Marcos.<\/p>\n\n\n\n<p><em>I Jornadas Doctorales de la Escuela de Traductores de Toledo: Los textos y su transmisi\u00f3n<\/em> (12-13\/12\/2019, Universidad de Castilla-La Mancha): Mar\u00eda Teresa Santamar\u00eda Hern\u00e1ndez y Marina D\u00edaz Marcos.<\/p>\n\n\n\n<p><em>VII Congreso Nacional Ganimedes<\/em> (13-15\/03\/2019, Universitat de Barcelona): Marina D\u00edaz Marcos.<\/p>\n\n\n\n<div style=\"height:55px\" aria-hidden=\"true\" class=\"wp-block-spacer\"><\/div>\n\n\n\n<p><strong>Comit\u00e9s editoriales y evaluadores de art\u00edculos (<em>peer review<\/em>)<\/strong><\/p>\n\n\n\n<p><em>Peer review<\/em> para <em>Myrtia. Revista de Filolog\u00eda Cl\u00e1sica, 38<\/em>, e-ISSN 1989-4619 (15\/09\/2023, Marina D\u00edaz Marcos). <\/p>\n\n\n\n<p><em>Peer review<\/em> para <em>Revista de Literatura Medieval, 35<\/em>, ISSN 1130-3611, e-ISSN 2660-4574, doi 10.37536\/RLM (23\/05\/2023, Marina D\u00edaz Marcos).<\/p>\n\n\n\n<p>Revisora externa seg\u00fan el sistema de doble ciego de la revista Al-Andalus Magreb, e-ISSN 2660-7697, doi 10.25267\/AAM (05\/05\/2022-Act., Marina D\u00edaz Marcos).<\/p>\n\n\n\n<p><em>Peer review<\/em> para <em>Al-Andalus Magreb, 29<\/em>, e-ISSN 2660-7697, doi 10.25267\/AAM (05\/05\/2022, Marina D\u00edaz Marcos).<\/p>\n\n\n\n<p><em>Peer review<\/em> para <em>IGI Global Book<\/em>, ISBN10 1799833798, ISBN13 9781799833796, e-ISBN13 9781799833819 (25\/10\/2019, Marina D\u00edaz Marcos).<\/p>\n\n\n\n<p>Actas del <em>V Congreso Nacional Ganimedes<\/em> (25\/04\/2017-20\/02\/2019): Marina D\u00edaz Marcos.<\/p>\n\n\n\n<div style=\"height:60px\" aria-hidden=\"true\" class=\"wp-block-spacer\"><\/div>\n\n\n\n<p><strong>Comit\u00e9s y jurados evaluadores<\/strong> <strong>de premios<\/strong><\/p>\n\n\n\n<p>Jurado del fallo del <em>Premio Nacional a la Obra de un Traductor<\/em>, correspondiente al a\u00f1o 2025, dependiente del Ministerio de Cultura de Espa\u00f1a (14\/10\/2025): Marina D\u00edaz Marcos.<\/p>\n\n\n\n<p>Jurado del fallo del <em>Premio Nacional a la Mejor Traducci\u00f3n<\/em>, correspondiente al a\u00f1o 2025, dependiente del Ministerio de Cultura de Espa\u00f1a (14\/10\/2025): Marina D\u00edaz Marcos.<\/p>\n\n\n\n<p>Comit\u00e9 evaluador del <em>IV Premio Nacional Ganimedes de TFG y TFM<\/em> (2025): Marina D\u00edaz Marcos.<\/p>\n\n\n\n<p>Comit\u00e9 evaluador del <em>III Premio Nacional Ganimedes de TFG y TFM<\/em> (2024): Marina D\u00edaz Marcos.<\/p>\n\n\n\n<p>Comit\u00e9 evaluador del <em>II Premio Nacional Ganimedes de TFG y TFM<\/em> (2023): Marina D\u00edaz Marcos.<\/p>\n\n\n\n<div style=\"height:62px\" aria-hidden=\"true\" class=\"wp-block-spacer\"><\/div>\n\n\n\n<p><strong>Comit\u00e9s organizadores<\/strong><\/p>\n\n\n\n<p><strong>| 2022 |<\/strong><\/p>\n\n\n\n<p><a href=\"https:\/\/www.uclm.es\/es\/departamentos\/fhic\/actividades\/filocritica\"><em>Filocr\u00edtica<\/em>. <em>Seminario de Lengua, Literatura y Cr\u00edtica Textual<\/em><\/a>, celebrado en la Facultad de Letras de Ciudad Real (20\/10\/2022-Act.), a cargo de Marina D\u00edaz Marcos.<\/p>\n\n\n\n<p><em><a href=\"https:\/\/blog.uclm.es\/escueladetraductores\/2022\/05\/03\/jornadas-internacionales-de-la-escuela-de-traductores-de-toledo-la-transmision-del-texto-2\/\">Jornadas Internacionales de la Escuela de Traductores de Toledo: \u00abLa transmisi\u00f3n del texto\u00bb<\/a><\/em> (Escuela de Traductores de Toledo, 12-13\/05\/2022).<\/p>\n\n\n\n<p><strong>| 2021 |<\/strong><\/p>\n\n\n\n<p><a href=\"https:\/\/blog.uclm.es\/escueladetraductores\/2021\/10\/20\/workshop-internacional-de-la-red-de-excelencia-opera-medica\/\"><em>Workshop Internacional de la Red de Investigaci\u00f3n <\/em>Opera Medica<em>: \u00abLa recuperaci\u00f3n del Patrimonio Textual de la Ciencia europea: avances, carencias y perspectivas de futuro\u00bb<\/em> <\/a>(Universidad de Valladolid, 21-22\/10\/2021).<\/p>\n\n\n\n<p><a href=\"https:\/\/blog.uclm.es\/grupoINTERMED\/xiv-congreso-internacional-sobre-textos-medicos-latinos\/\"><em>XIV Congreso Internacional sobre Textos M\u00e9dicos Latinos Antiguos \u00abGalenus Latinus: asimilaci\u00f3n, traducci\u00f3n y cambio en el progreso de la medicina europea\u00bb<\/em><\/a>&nbsp;(Facultad de Humanidades de Albacete de la UCLM, 08-10\/06\/2021).<\/p>\n\n\n\n<p><strong>| 2020 |<\/strong><\/p>\n\n\n\n<p><a href=\"https:\/\/blog.uclm.es\/escueladetraductores\/2020\/12\/04\/ii-jornadas-doctorales-de-la-escuela-de-traductores-de-toledo-el-lexico-y-su-problematica-en-textos-medievales-y-humanisticos\/\"><em>II Jornadas Doctorales de la Escuela de Traductores de Toledo: El l\u00e9xico y su problem\u00e1tica en textos medievales y human\u00edsticos<\/em><\/a>&nbsp;(Escuela de Traductores de Toledo, 10\/12\/2020).<\/p>\n\n\n\n<p><strong>| 2019 |<\/strong><\/p>\n\n\n\n<p><a href=\"http:\/\/blog.uclm.es\/escueladetraductores\/2019\/11\/06\/i-jornadas-doctorales-de-la-escuela-de-traductores-de-toledo-los-textos-y-su-transmision\/\"><em>I Jornadas Doctorales de la Escuela de Traductores de Toledo: Los textos y su transmisi\u00f3n<\/em><\/a>&nbsp;(Escuela de Traductores de Toledo, 12-13\/12\/2019).<\/p>\n\n\n\n<p><em><a href=\"https:\/\/diariosanitario.com\/textos-medicos-grecolatinos\/\">VI Seminario Internacional de Investigaci\u00f3n sobre Textos M\u00e9dicos Grecolatinos<\/a>:&nbsp;<a href=\"https:\/\/www.uclm.es\/noticias\/noticias2019\/junio\/albacete\/textos_grecolatinos\">El patrimonio textual de la ciencia europea<\/a><\/em>&nbsp;(Facultad de Humanidades de Albacete de la UCLM, 06-07\/06\/2019).<\/p>\n\n\n\n<p><strong>| 2018 |<\/strong><\/p>\n\n\n\n<p><a href=\"http:\/\/escueladetraductores.uclm.es\/2018\/05\/02\/jornada-del-workshop-internacional-de-investigacion-patrimonio-textual-grecolatino-de-la-medicina-europea-en-la-escuela-de-traductores-de-toledo\/\">Workshop&nbsp;<em>Patrimonio Textual Grecolatino de la Medicina Europea: investigaci\u00f3n actual y perspectivas de futuro<\/em><\/a>&nbsp;(Albacete y Toledo, 02-04\/05\/2018).<\/p>\n\n\n\n<p><strong>| 2017 |<\/strong><\/p>\n\n\n\n<p><a href=\"http:\/\/escueladetraductores.uclm.es\/2017\/12\/04\/v-seminario-internacional-textos-medicos-grecolatinos\/\"><em>V Seminario Internacional de Investigaci\u00f3n sobre Textos M\u00e9dicos Grecolatinos: El texto restaurado y las v\u00edas de recuperaci\u00f3n<\/em><\/a>&nbsp;(Escuela de Traductores de Toledo,&nbsp;13-15\/12\/2017).<\/p>\n\n\n\n<p><strong>| 2016 |<\/strong><\/p>\n\n\n\n<p><a href=\"https:\/\/www.uclmtv.uclm.es\/la-alimentacion-y-la-medicina-centran-el-iv-seminario-internacional-sobre-textos-medicos-grecolatinos\/\"><em>IV Seminario Internacional de Investigaci\u00f3n sobre Textos M\u00e9dicos Grecolatinos: Alimentaci\u00f3n y Medicina: productos de la tierra y del mar<\/em><\/a><em>&nbsp;<\/em>(Albacete&nbsp;y&nbsp;\u00c1guilas,&nbsp;11-13\/10\/2016).<\/p>\n\n\n\n<p><strong>| 2015 |<\/strong><\/p>\n\n\n\n<p><a href=\"http:\/\/www.oretania.es\/un-seminario-internacional-rene-en-la-uclm-a-destacados-expertos-en-textos-mdicos-antiguos\/\" target=\"_blank\" rel=\"noreferrer noopener\"><em>III Seminario Internacional de Investigaci\u00f3n sobre Textos M\u00e9dicos Grecolatinos:&nbsp;las traducciones m\u00e9dicas en la Edad Media y el Renacimiento<\/em><\/a>&nbsp;(Facultad de Humanidades de Albacete de la UCLM y Escuela de Traductores de Toledo<a href=\"http:\/\/www.clm24.es\/articulo\/sociedad\/castilla-mancha-investigadores-europeos-participan-seminario-uclm-traducciones-medicas-edad-media-y-renacimiento\/20151001133151095159.html\">,&nbsp;01-03\/10\/2015<\/a>).<\/p>\n\n\n\n<p><strong>| 2014 |<\/strong><\/p>\n\n\n\n<p><a href=\"https:\/\/previa.uclm.es\/ab\/humanidades\/1415\/latin.asp\"><em>II Seminario Internacional de Investigaci\u00f3n sobre Textos M\u00e9dicos Grecolatinos: perspectivas de edici\u00f3n y estudio de escritos medievales y renacentistas<\/em><\/a>&nbsp;(Facultad de Humanidades de Albacete de la UCLM, 11-12\/12\/2014).<\/p>\n\n\n\n<div style=\"height:63px\" aria-hidden=\"true\" class=\"wp-block-spacer\"><\/div>\n\n\n\n<p><strong>Coorganizaci\u00f3n de<\/strong>&nbsp;<strong>congresos, jornadas y seminarios<\/strong><\/p>\n\n\n\n<p><strong>| 2020 |<\/strong><\/p>\n\n\n\n<p><a href=\"https:\/\/humanidadesab.uclm.es\/actividades\/2020\/01\/28\/congreso-internacional-de-arte-y-literatura-dialogos-en-torno-al-libro-texto-e-imagen\/\"><em>Congreso Internacional de Arte y Literatura Di\u00e1logos en torno al libro: texto e imagen<\/em><\/a>&nbsp;(Facultad de Humanidades de Albacete, 28-30\/10\/2020): Mar\u00eda Teresa Santamar\u00eda Hern\u00e1ndez, Dana Zaben y Roc\u00edo Mart\u00ednez Prieto.<\/p>\n\n\n\n<p><a href=\"http:\/\/www.estudiosclasicos.org\/otros-cursos\/viii-congreso-nacional-ganimedes\/\"><em>VIII Congreso Nacional Ganimedes<\/em><\/a>&nbsp;(Universidade de Santiago de Compostela, 04-06\/03\/2020): Marina D\u00edaz Marcos.<\/p>\n\n\n\n<p><strong>| 2019 |<\/strong><\/p>\n\n\n\n<p><a href=\"https:\/\/ganimedes2019com.wordpress.com\/\"><em>VII Congreso Nacional Ganimedes<\/em><\/a>&nbsp;(Universitat de Barcelona, 13-15\/03\/2019): Marina D\u00edaz Marcos.<\/p>\n\n\n\n<p><strong>| 2018 |<\/strong><\/p>\n\n\n\n<p><a href=\"http:\/\/eventos.uclm.es\/go\/IANLS-albacete2018\"><em>XVII Congreso Internacional de la International Association for Neo-Latin Studies<\/em><\/a>&nbsp;(Facultad de Humanidades de Albacete de la UCLM, 29\/07\/2018 al 3\/08\/2018): Mar\u00eda Teresa Santamar\u00eda Hern\u00e1ndez, Marina D\u00edaz Marcos y Roc\u00edo Mart\u00ednez Prieto.<\/p>\n","protected":false},"excerpt":{"rendered":"<p>Comit\u00e9s cient\u00edficos Jornadas Internacionales de la Escuela de Traductores de Toledo: \u00abLa transmisi\u00f3n del texto\u00bb (12-13\/05\/2022, Universidad de Castilla-La Mancha): Marina D\u00edaz Marcos. II Jornadas Doctorales de la Escuela de Traductores de Toledo: \u00abEl l\u00e9xico y su problem\u00e1tica en textos &hellip; <a href=\"https:\/\/blog.uclm.es\/grupoINTERMED\/comites-cientificos\/\">Sigue leyendo <span class=\"meta-nav\">&rarr;<\/span><\/a><\/p>\n","protected":false},"author":166,"featured_media":0,"parent":0,"menu_order":0,"comment_status":"closed","ping_status":"closed","template":"","meta":{"footnotes":""},"class_list":["post-1098","page","type-page","status-publish","hentry"],"_links":{"self":[{"href":"https:\/\/blog.uclm.es\/grupoINTERMED\/wp-json\/wp\/v2\/pages\/1098","targetHints":{"allow":["GET"]}}],"collection":[{"href":"https:\/\/blog.uclm.es\/grupoINTERMED\/wp-json\/wp\/v2\/pages"}],"about":[{"href":"https:\/\/blog.uclm.es\/grupoINTERMED\/wp-json\/wp\/v2\/types\/page"}],"author":[{"embeddable":true,"href":"https:\/\/blog.uclm.es\/grupoINTERMED\/wp-json\/wp\/v2\/users\/166"}],"replies":[{"embeddable":true,"href":"https:\/\/blog.uclm.es\/grupoINTERMED\/wp-json\/wp\/v2\/comments?post=1098"}],"version-history":[{"count":8,"href":"https:\/\/blog.uclm.es\/grupoINTERMED\/wp-json\/wp\/v2\/pages\/1098\/revisions"}],"predecessor-version":[{"id":1152,"href":"https:\/\/blog.uclm.es\/grupoINTERMED\/wp-json\/wp\/v2\/pages\/1098\/revisions\/1152"}],"wp:attachment":[{"href":"https:\/\/blog.uclm.es\/grupoINTERMED\/wp-json\/wp\/v2\/media?parent=1098"}],"curies":[{"name":"wp","href":"https:\/\/api.w.org\/{rel}","templated":true}]}}