{"id":1081,"date":"2025-10-17T11:46:16","date_gmt":"2025-10-17T11:46:16","guid":{"rendered":"https:\/\/blog.uclm.es\/grupoINTERMED\/?page_id=1081"},"modified":"2025-10-18T14:55:08","modified_gmt":"2025-10-18T14:55:08","slug":"contratos","status":"publish","type":"page","link":"https:\/\/blog.uclm.es\/grupoINTERMED\/contratos\/","title":{"rendered":"Contratos de investigaci\u00f3n"},"content":{"rendered":"\n<p>Marina D\u00edaz Marcos (04\/03\/2021-03\/03\/2023): contrato de personal por obra o servicio con cargo al proyecto de I+D \u00abLa Escuela de Traductores de Toledo y las traducciones de obras m\u00e9dicas: textos, transmisi\u00f3n manuscrita y recepci\u00f3n\u00bb (Ref. 2021-COB-10268), categor\u00eda PRIMERA-O PROYECTO I+D, tipo NO TIENE (Universidad de Castilla-La Mancha).<\/p>\n\n\n\n<p>Roc\u00edo Mart\u00ednez Prieto (24\/11\/2020-31\/07\/2022): contrato de personal por obra o servicio con cargo al proyecto de I+D \u00abLa Escuela de Traductores de Toledo y las traducciones de obras m\u00e9dicas: textos, transmisi\u00f3n manuscrita y recepci\u00f3n\u00bb (Ref. 2020-COB-10102), categor\u00eda SEGUNDA-O PROYECTO I+D, tipo NO TIENE (Universidad de Castilla-La Mancha).<\/p>\n\n\n\n<p>Marina D\u00edaz Marcos (02\/10\/2020-10\/01\/2021): contrato de personal por obra o servicio determinado para apoyo a la investigaci\u00f3n del proyecto I+D+i \u201cCONSOLIDADO \u2013 INTERPRETES MEDICINAE\u201d (Ref. 2020-COB-9991), categor\u00eda SEGUNDA-O PROYECTO I+D, tipo NO TIENE (Universidad de Castilla-La Mancha).<\/p>\n\n\n\n<p>Antonio S\u00e1nchez Gonz\u00e1lez (01\/10\/2020-): contrato predoctoral para personal investigador en formaci\u00f3n en el marco del <em>Plan Propio de I+D+i<\/em> de la Universidad de Castilla-La Mancha, cofinanciado por el Fondo Social Europeo.<\/p>\n\n\n\n<p>Dana Zaben (11\/02\/2020-): contrato predoctoral de la Consejer\u00eda de Educaci\u00f3n, Cultura y Deportes de la Junta de Castilla-La Mancha y cofinanciado con el Fondo Social Europeo (Extracto BDNS, Identif.: 451560. [2019\/4156]).<\/p>\n\n\n\n<p>Sara Sol\u00e1 Portillo (22\/01\/2020-): contrato predoctoral del <em>Plan Propio de investigaci\u00f3n, transferencia y divulgaci\u00f3n cient\u00edfica<\/em> de la Universidad de M\u00e1laga.<\/p>\n\n\n\n<p>Marina D\u00edaz Marcos (01\/10\/2017-30\/09\/2020): contrato predoctoral con cargo a la ayuda de investigaci\u00f3n <em>Premio Internacional de Traducci\u00f3n Abdullad bin Abdulaziz<\/em> (Universidad de Castilla-La Mancha).<\/p>\n\n\n\n<p>Roc\u00edo Mart\u00ednez Prieto (19\/10\/2015-19\/10\/2019): contrato predoctoral para la formaci\u00f3n de personal investigador en el marco del <em>Plan Propio de I+D+i<\/em> de la Universidad de Castilla-La Mancha.<\/p>\n","protected":false},"excerpt":{"rendered":"<p>Marina D\u00edaz Marcos (04\/03\/2021-03\/03\/2023): contrato de personal por obra o servicio con cargo al proyecto de I+D \u00abLa Escuela de Traductores de Toledo y las traducciones de obras m\u00e9dicas: textos, transmisi\u00f3n manuscrita y recepci\u00f3n\u00bb (Ref. 2021-COB-10268), categor\u00eda PRIMERA-O PROYECTO I+D, &hellip; <a href=\"https:\/\/blog.uclm.es\/grupoINTERMED\/contratos\/\">Sigue leyendo <span class=\"meta-nav\">&rarr;<\/span><\/a><\/p>\n","protected":false},"author":166,"featured_media":0,"parent":0,"menu_order":0,"comment_status":"closed","ping_status":"closed","template":"","meta":{"footnotes":""},"class_list":["post-1081","page","type-page","status-publish","hentry"],"_links":{"self":[{"href":"https:\/\/blog.uclm.es\/grupoINTERMED\/wp-json\/wp\/v2\/pages\/1081","targetHints":{"allow":["GET"]}}],"collection":[{"href":"https:\/\/blog.uclm.es\/grupoINTERMED\/wp-json\/wp\/v2\/pages"}],"about":[{"href":"https:\/\/blog.uclm.es\/grupoINTERMED\/wp-json\/wp\/v2\/types\/page"}],"author":[{"embeddable":true,"href":"https:\/\/blog.uclm.es\/grupoINTERMED\/wp-json\/wp\/v2\/users\/166"}],"replies":[{"embeddable":true,"href":"https:\/\/blog.uclm.es\/grupoINTERMED\/wp-json\/wp\/v2\/comments?post=1081"}],"version-history":[{"count":4,"href":"https:\/\/blog.uclm.es\/grupoINTERMED\/wp-json\/wp\/v2\/pages\/1081\/revisions"}],"predecessor-version":[{"id":1139,"href":"https:\/\/blog.uclm.es\/grupoINTERMED\/wp-json\/wp\/v2\/pages\/1081\/revisions\/1139"}],"wp:attachment":[{"href":"https:\/\/blog.uclm.es\/grupoINTERMED\/wp-json\/wp\/v2\/media?parent=1081"}],"curies":[{"name":"wp","href":"https:\/\/api.w.org\/{rel}","templated":true}]}}