{"id":1079,"date":"2025-10-17T11:46:16","date_gmt":"2025-10-17T11:46:16","guid":{"rendered":"https:\/\/blog.uclm.es\/grupoINTERMED\/?page_id=1079"},"modified":"2025-10-17T11:51:22","modified_gmt":"2025-10-17T11:51:22","slug":"tesis-doctorales-2","status":"publish","type":"page","link":"https:\/\/blog.uclm.es\/grupoINTERMED\/tesis-doctorales-2\/","title":{"rendered":"Tesis doctorales"},"content":{"rendered":"\n<p><strong>Tesis doctorales realizadas<\/strong><\/p>\n\n\n\n<p>Antonio S\u00e1nchez Gonz\u00e1lez: \u00abEl libro II del gal\u00e9nico\u00a0<em>De simplicium medicamentorum facultatibus<\/em>\u00a0en la versi\u00f3n latina de Gerardo de Cremona: edici\u00f3n cr\u00edtica y estudio\u00bb (inacabada).<\/p>\n\n\n\n<p>Dana Zaben: \u00abLa versi\u00f3n \u00e1rabe de \u1e24unayn ibn Is\u1e25\u0101q del libro I del gal\u00e9nico\u00a0<em>De simplicium medicamentorum facultatibus<\/em>, fuente de la traducci\u00f3n latina de Gerardo de Cremona: edici\u00f3n cr\u00edtica y estudio\u00bb (defendida el 18\/12\/2023).<\/p>\n\n\n\n<p>Sara Sol\u00e1 Portillo: \u00ab<em>Kitab al-adwiya al-mufrada<\/em>, la versi\u00f3n \u00e1rabe del\u00a0<em>De simplicium medicamentorum facultatibus<\/em>\u00a0de Galeno: edici\u00f3n cr\u00edtica, traducci\u00f3n y estudio del libro VI\u00bb (defendida el 01\/06\/2023).<\/p>\n\n\n\n<p>Marina D\u00edaz Marcos: \u00ab<em>De simplicibus medicinis liber VI.\u00a0<\/em>Edici\u00f3n cr\u00edtica y estudio de la traducci\u00f3n latina de Gerardo de Cremona\u00bb (defendida el 21\/12\/2020).<\/p>\n\n\n\n<p>Roc\u00edo Mart\u00ednez Prieto: \u00abEl\u00a0<em>Antidotarium<\/em>\u00a0(md. 97-10, BCT) de \u00c1lvaro de Castro: introducci\u00f3n, edici\u00f3n cr\u00edtica y estudio\u00bb (defendida el 25\/11\/2019).<\/p>\n","protected":false},"excerpt":{"rendered":"<p>Tesis doctorales realizadas Antonio S\u00e1nchez Gonz\u00e1lez: \u00abEl libro II del gal\u00e9nico\u00a0De simplicium medicamentorum facultatibus\u00a0en la versi\u00f3n latina de Gerardo de Cremona: edici\u00f3n cr\u00edtica y estudio\u00bb (inacabada). Dana Zaben: \u00abLa versi\u00f3n \u00e1rabe de \u1e24unayn ibn Is\u1e25\u0101q del libro I del gal\u00e9nico\u00a0De &hellip; <a href=\"https:\/\/blog.uclm.es\/grupoINTERMED\/tesis-doctorales-2\/\">Sigue leyendo <span class=\"meta-nav\">&rarr;<\/span><\/a><\/p>\n","protected":false},"author":166,"featured_media":0,"parent":0,"menu_order":0,"comment_status":"closed","ping_status":"closed","template":"","meta":{"footnotes":""},"class_list":["post-1079","page","type-page","status-publish","hentry"],"_links":{"self":[{"href":"https:\/\/blog.uclm.es\/grupoINTERMED\/wp-json\/wp\/v2\/pages\/1079","targetHints":{"allow":["GET"]}}],"collection":[{"href":"https:\/\/blog.uclm.es\/grupoINTERMED\/wp-json\/wp\/v2\/pages"}],"about":[{"href":"https:\/\/blog.uclm.es\/grupoINTERMED\/wp-json\/wp\/v2\/types\/page"}],"author":[{"embeddable":true,"href":"https:\/\/blog.uclm.es\/grupoINTERMED\/wp-json\/wp\/v2\/users\/166"}],"replies":[{"embeddable":true,"href":"https:\/\/blog.uclm.es\/grupoINTERMED\/wp-json\/wp\/v2\/comments?post=1079"}],"version-history":[{"count":3,"href":"https:\/\/blog.uclm.es\/grupoINTERMED\/wp-json\/wp\/v2\/pages\/1079\/revisions"}],"predecessor-version":[{"id":1090,"href":"https:\/\/blog.uclm.es\/grupoINTERMED\/wp-json\/wp\/v2\/pages\/1079\/revisions\/1090"}],"wp:attachment":[{"href":"https:\/\/blog.uclm.es\/grupoINTERMED\/wp-json\/wp\/v2\/media?parent=1079"}],"curies":[{"name":"wp","href":"https:\/\/api.w.org\/{rel}","templated":true}]}}