{"id":1005,"date":"2025-10-16T13:44:51","date_gmt":"2025-10-16T13:44:51","guid":{"rendered":"https:\/\/blog.uclm.es\/grupoINTERMED\/?page_id=1005"},"modified":"2025-10-16T13:47:04","modified_gmt":"2025-10-16T13:47:04","slug":"ayudas-para-la-realizacion-de-proyectos-de-investigacion-aplicada","status":"publish","type":"page","link":"https:\/\/blog.uclm.es\/grupoINTERMED\/ayudas-para-la-realizacion-de-proyectos-de-investigacion-aplicada\/","title":{"rendered":"Ayudas para la realizaci\u00f3n de proyectos de investigaci\u00f3n aplicada"},"content":{"rendered":"\n<p><strong>Consolidado-Interpretes Medicinae (Ref. 2021-GRIN-31080).<\/strong><\/p>\n\n\n\n<p>IP: Mar\u00eda Teresa Santamar\u00eda Hern\u00e1ndez (UCLM).<\/p>\n\n\n\n<p>Duraci\u00f3n: 01\/02\/2021-31\/12\/2022.<\/p>\n\n\n\n<p>Entidad financiadora: Ayudas para la realizaci\u00f3n de proyectos de investigaci\u00f3n aplicada, en el marco del <em>Plan Propio de Investigaci\u00f3n<\/em>, cofinanciadas por el <em>Fondo Europeo de Desarrollo Regional<\/em> (FEDER).<\/p>\n\n\n\n<p>\u00c1mbito: universitario.<\/p>\n\n\n\n<p>Centro de destino: Facultad de Humanidades de Albacete.<\/p>\n\n\n\n<div style=\"height:33px\" aria-hidden=\"true\" class=\"wp-block-spacer\"><\/div>\n\n\n\n<p><strong>Consolidado-Interpretes Medicinae (Ref. 2020-GRIN-29067).<\/strong><\/p>\n\n\n\n<p>IP: Mar\u00eda Teresa Santamar\u00eda Hern\u00e1ndez (UCLM).<\/p>\n\n\n\n<p>Duraci\u00f3n: 27\/02\/2020-31\/12\/2021.<\/p>\n\n\n\n<p>Entidad financiadora: Ayudas para la realizaci\u00f3n de proyectos de investigaci\u00f3n aplicada, en el marco del <em>Plan Propio de Investigaci\u00f3n<\/em>, cofinanciadas por el <em>Fondo Europeo de Desarrollo Regional<\/em> (FEDER).<\/p>\n\n\n\n<p>\u00c1mbito: universitario.<\/p>\n\n\n\n<p>Centro de destino: Facultad de Humanidades de Albacete.<\/p>\n","protected":false},"excerpt":{"rendered":"<p>Consolidado-Interpretes Medicinae (Ref. 2021-GRIN-31080). IP: Mar\u00eda Teresa Santamar\u00eda Hern\u00e1ndez (UCLM). Duraci\u00f3n: 01\/02\/2021-31\/12\/2022. Entidad financiadora: Ayudas para la realizaci\u00f3n de proyectos de investigaci\u00f3n aplicada, en el marco del Plan Propio de Investigaci\u00f3n, cofinanciadas por el Fondo Europeo de Desarrollo Regional (FEDER). &hellip; <a href=\"https:\/\/blog.uclm.es\/grupoINTERMED\/ayudas-para-la-realizacion-de-proyectos-de-investigacion-aplicada\/\">Sigue leyendo <span class=\"meta-nav\">&rarr;<\/span><\/a><\/p>\n","protected":false},"author":166,"featured_media":0,"parent":0,"menu_order":0,"comment_status":"closed","ping_status":"closed","template":"","meta":{"footnotes":""},"class_list":["post-1005","page","type-page","status-publish","hentry"],"_links":{"self":[{"href":"https:\/\/blog.uclm.es\/grupoINTERMED\/wp-json\/wp\/v2\/pages\/1005","targetHints":{"allow":["GET"]}}],"collection":[{"href":"https:\/\/blog.uclm.es\/grupoINTERMED\/wp-json\/wp\/v2\/pages"}],"about":[{"href":"https:\/\/blog.uclm.es\/grupoINTERMED\/wp-json\/wp\/v2\/types\/page"}],"author":[{"embeddable":true,"href":"https:\/\/blog.uclm.es\/grupoINTERMED\/wp-json\/wp\/v2\/users\/166"}],"replies":[{"embeddable":true,"href":"https:\/\/blog.uclm.es\/grupoINTERMED\/wp-json\/wp\/v2\/comments?post=1005"}],"version-history":[{"count":4,"href":"https:\/\/blog.uclm.es\/grupoINTERMED\/wp-json\/wp\/v2\/pages\/1005\/revisions"}],"predecessor-version":[{"id":1012,"href":"https:\/\/blog.uclm.es\/grupoINTERMED\/wp-json\/wp\/v2\/pages\/1005\/revisions\/1012"}],"wp:attachment":[{"href":"https:\/\/blog.uclm.es\/grupoINTERMED\/wp-json\/wp\/v2\/media?parent=1005"}],"curies":[{"name":"wp","href":"https:\/\/api.w.org\/{rel}","templated":true}]}}