{"id":45,"date":"2017-02-26T19:43:01","date_gmt":"2017-02-26T18:43:01","guid":{"rendered":"http:\/\/blog.uclm.es\/grupo-eei\/?page_id=45"},"modified":"2025-09-02T15:04:41","modified_gmt":"2025-09-02T15:04:41","slug":"seminarios-y-conferencias","status":"publish","type":"page","link":"https:\/\/blog.uclm.es\/grupo-eei\/seminarios-y-conferencias\/","title":{"rendered":"Seminarios y conferencias \/ Seminars and talks"},"content":{"rendered":"\n<hr class=\"wp-block-separator has-alpha-channel-opacity is-style-wide\" \/>\n\n\n\n<p><strong>Who:<\/strong>&nbsp;Oscar Bajo Rubio<\/p>\n\n\n\n<p><strong>T\u00edtulo:&nbsp;<\/strong>\u00ab<strong>Financial inclusion and wealth inequality across groups of countries: first results<\/strong>\u00ab. <\/p>\n\n\n\n<p><strong>\u00bfD\u00f3nde?:<\/strong>\u00a0International Conference on Consumption Studies, organizada por la Business School y el Institute of Consumer Economics de la Universidad. Xiangtan (China)<\/p>\n\n\n\n<p><strong>\u00bfCu\u00e1ndo?<\/strong>: &nbsp;25-27 julio de 2025<\/p>\n\n\n\n<p>****<\/p>\n\n\n\n<p><strong>Who:<\/strong>&nbsp;C. D\u00edaz-Mora<\/p>\n\n\n\n<p><strong>T\u00edtulo:&nbsp;<\/strong>\u00ab<strong>Data-Intensive Services in GVCs: The Role of Trade Agreements<\/strong>\u00bb en coautor\u00eda con las profesoras Leticia Blazquez, Erena Garc\u00eda y Bel\u00e9n Gonz\u00e1lez-D\u00edaz.<\/p>\n\n\n\n<p><strong>\u00bfD\u00f3nde?:<\/strong>&nbsp;Seminario de investigaci\u00f3n en el Departamento de Econom\u00eda Aplicada de la Universidad de Oviedo .&nbsp;<\/p>\n\n\n\n<p><strong>\u00bfCu\u00e1ndo?<\/strong>: &nbsp;28\/02\/2024<\/p>\n\n\n\n<p>****<\/p>\n\n\n\n<p><strong>Who:<\/strong>&nbsp;C. D\u00edaz-Mora<\/p>\n\n\n\n<p><strong>T\u00edtulo:&nbsp;<\/strong>Mesa redonda sobre \u00abEl comercio internacional en una globalizaci\u00f3n diferente. Desaf\u00edos y tendencias de futuro\u00bb con Lucian Cernat, Javier P\u00e9rez,&nbsp;Christian Volpe&nbsp;y&nbsp;Enrique Fe\u00e1s, .&nbsp;<a href=\"https:\/\/frdelpino.es\/canalfrp\/video-frdelpino\/el-comercio-internacional-en-una-globalizacion-diferente-desafios-y-tendencias-de-futuro\/\">El comercio internacional en una globalizaci\u00f3n diferente. Desaf\u00edos y tendencias de futuro \u2013 Canal frp Fundaci\u00f3n Rafael del Pino (frdelpino.es)<\/a><\/p>\n\n\n\n<p><strong>\u00bfD\u00f3nde?:<\/strong>&nbsp;Fundaci\u00f3n Rafael del Pino (Madrid)<\/p>\n\n\n\n<p><strong>\u00bfCu\u00e1ndo?<\/strong>&nbsp;Junio\/2023<\/p>\n\n\n\n<p>****<\/p>\n\n\n\n<p><strong>Who:<\/strong>&nbsp;A. Triguero<\/p>\n\n\n\n<p><strong>T\u00edtulo:&nbsp;<\/strong>Influence of technological turbulence and market environment on ecoinnovation: evidence for Spanish manufacturing firms<\/p>\n\n\n\n<p><strong>\u00bfD\u00f3nde?:<\/strong>&nbsp;Workshop on Eco-Innovation, Circular Economy, and Firm Performance, Universitat de Barcelona<\/p>\n\n\n\n<p><strong>\u00bfCu\u00e1ndo?<\/strong>&nbsp;21\/04\/2023<\/p>\n\n\n\n<p>****<\/p>\n\n\n\n<p><strong>Who:<\/strong>&nbsp;Maria A. Davia<\/p>\n\n\n\n<p><strong>T\u00edtulo:&nbsp;<\/strong>Desajuste educativo de los graduados universitarios en Espa\u00f1a<\/p>\n\n\n\n<p><strong>\u00bfD\u00f3nde?:<\/strong>&nbsp;Seminario de especializaci\u00f3n \u201cPol\u00edticas p\u00fablicas en la era post-COVID: retos socioecon\u00f3micos y geo-pol\u00edticos\u201d<br>UCLM &#8211; Facultad de Ciencias Jur\u00eddicas y Sociales (Ciudad Real)<\/p>\n\n\n\n<p><strong>\u00bfCu\u00e1ndo?<\/strong>&nbsp;27\/04\/2023<\/p>\n\n\n\n<p>****<\/p>\n\n\n\n<p><strong>Who:<\/strong>&nbsp;Maria A. Davia<\/p>\n\n\n\n<p><strong>T\u00edtulo:&nbsp;<\/strong>Del sistema educativo al mercado laboral. Transmisi\u00f3n intergeneracional de la pobreza y pol\u00edticas de igualdad de oportunidades<\/p>\n\n\n\n<p><strong>\u00bfD\u00f3nde?:<\/strong>&nbsp;III Encuentro Educaci\u00f3n y Superaci\u00f3n de la pobreza:Evidencias socieducativas para la superaci\u00f3n de la pobreza, Albacete, Facultad de Educaci\u00f3n (UCLM)<\/p>\n\n\n\n<p><strong>\u00bfCu\u00e1ndo?<\/strong>&nbsp;Abril 2023<\/p>\n\n\n\n<p>****<\/p>\n\n\n\n<p><strong>Who:<\/strong>&nbsp;Oscar Bajo Rubio<\/p>\n\n\n\n<p><strong>T\u00edtulo:&nbsp;<\/strong>Discusi\u00f3n del trabajo de Luc\u00eda L\u00f3pez, Florens Odendahl y Susana P\u00e1rraga \u201cThe pass-through to inflation of gas price shocks\u00bb<\/p>\n\n\n\n<p><strong>\u00bfD\u00f3nde?:<\/strong>&nbsp;<strong> <\/strong>IV Encuentro de la Red de Investigadores en Internacionalizaci\u00f3n, C\u00e1tedra Global Nebrija-Santander en Internacionalizaci\u00f3n de Empresas y Banco de Espa\u00f1a, Madrid.<\/p>\n\n\n\n<p><strong>\u00bfCu\u00e1ndo?<\/strong>&nbsp;Noviembre 2022<\/p>\n\n\n\n<p>****<\/p>\n\n\n\n<p><\/p>\n\n\n\n<p><strong>Who:<\/strong>&nbsp;Carmen D\u00edaz Mora<\/p>\n\n\n\n<p><strong>T\u00edtulo:&nbsp;<\/strong>El comercio internacional en tiempos de incertidumbre<\/p>\n\n\n\n<p><strong>\u00bfD\u00f3nde?:<\/strong>&nbsp;<strong> <\/strong>XXXVII Jornadas de Alicante sobre Econom\u00eda Espa\u00f1ola. LECCION ENRIQUE FUENTES QUINTANA.<\/p>\n\n\n\n<p><strong>\u00bfCu\u00e1ndo?<\/strong>&nbsp;Noviembre 2022<\/p>\n\n\n\n<p>****<\/p>\n\n\n\n<p><strong>Who:<\/strong>&nbsp;Carmen D\u00edaz Mora<\/p>\n\n\n\n<p><strong>T\u00edtulo:&nbsp;<\/strong>Evoluci\u00f3n reciente y estado actual de las Cadenas Globales de Valor<\/p>\n\n\n\n<p><strong>\u00bfD\u00f3nde?:<\/strong>&nbsp;<strong> <\/strong>Comisi\u00f3n de Industria de C\u00e1mara de Espa\u00f1a. Ponencia invitada <\/p>\n\n\n\n<p><strong>\u00bfCu\u00e1ndo?<\/strong>&nbsp;Noviembre 2022<\/p>\n\n\n\n<p>****<\/p>\n\n\n\n<p><strong>Who:<\/strong>&nbsp;Carmen D\u00edaz Rold\u00e1n<\/p>\n\n\n\n<p><strong>T\u00edtulo:&nbsp;<\/strong>Efectos de las transferencias sobre el crecimiento econ\u00f3mico. El caso de las Comunidades Aut\u00f3nomas espa\u00f1olas. <\/p>\n\n\n\n<p><strong>\u00bfD\u00f3nde?:<\/strong>&nbsp;<strong> <\/strong>VII IEI Workshop on International Economics. &nbsp;Alicante, Instituto de Econom\u00eda Internacional<\/p>\n\n\n\n<p><strong>\u00bfCu\u00e1ndo?<\/strong>&nbsp;Octubre 2022<\/p>\n\n\n\n<p>****<\/p>\n\n\n\n<p><strong>Who:<\/strong>&nbsp;Rosario Gandoy<\/p>\n\n\n\n<p><strong>T\u00edtulo:&nbsp;<\/strong>Reconfiguraci\u00f3n de las Cadenas Globales de Valor<\/p>\n\n\n\n<p><strong>\u00bfD\u00f3nde?:<\/strong>&nbsp;Escuela de Internacionalizaci\u00f3n de la Universidad Internacional Men\u00e9ndez Pelayo (UIMP) LA ECONOM\u00cdA INTERNACIONAL EN LA POSTPANDEMIA,<br>NUEVOS RETOS Y OPORTUNIDADES V (Santander)<\/p>\n\n\n\n<p>\u00bf<strong>Cu\u00e1ndo?<\/strong>&nbsp;Junio\/julio 2022<\/p>\n\n\n\n<p>****<\/p>\n\n\n\n<p><strong>Who:<\/strong>&nbsp;Carmen D\u00edaz-Mora<\/p>\n\n\n\n<p><strong>T\u00edtulo:&nbsp;<\/strong>Digitalizaci\u00f3n y Comercio internacional<\/p>\n\n\n\n<p><strong>\u00bfD\u00f3nde?:<\/strong>&nbsp;Escuela de Internacionalizaci\u00f3n de la Universidad Internacional Men\u00e9ndez Pelayo (UIMP) LA ECONOM\u00cdA INTERNACIONAL EN LA POSTPANDEMIA,<br>NUEVOS RETOS Y OPORTUNIDADES V (Santander)<\/p>\n\n\n\n<p>\u00bf<strong>Cu\u00e1ndo?<\/strong>&nbsp;Junio\/julio 2022<\/p>\n\n\n\n<p>****<\/p>\n\n\n\n<p><strong>Who:<\/strong>&nbsp;Leticia Bl\u00e1zquez, Carmen D\u00edaz y Bel\u00e9n Gonz\u00e1lez-D\u00edaz<\/p>\n\n\n\n<p><strong>T\u00edtulo:&nbsp;<\/strong>Slowbalization or a new \u201ctype\u201d of globalization? The role of digital services in GVCs<\/p>\n\n\n\n<p><strong>\u00bfD\u00f3nde?:<\/strong>&nbsp;V Jornada de Investigaci\u00f3n en Internacionalizaci\u00f3n, C\u00e1tedra Global Nebrija-Santander en Internacionalizaci\u00f3n de Empresas e Instituto Complutense de Estudios Internacionales (Madrid)<\/p>\n\n\n\n<p>\u00bf<strong>Cu\u00e1ndo?<\/strong>&nbsp;Mayo 2022<\/p>\n\n\n\n<hr class=\"wp-block-separator has-alpha-channel-opacity is-style-wide\" \/>\n\n\n\n<p>****<\/p>\n\n\n\n<p><strong>Who:<\/strong>&nbsp;Oscar Bajo-Rubio<\/p>\n\n\n\n<p><strong>T\u00edtulo:&nbsp;<\/strong>Does external openness promote economic growth? Europe, 19th and 20th centuries<\/p>\n\n\n\n<p><strong>\u00bfD\u00f3nde?:<\/strong>&nbsp;V Jornada de Investigaci\u00f3n en Internacionalizaci\u00f3n, C\u00e1tedra Global Nebrija-Santander en Internacionalizaci\u00f3n de Empresas e Instituto Complutense de Estudios Internacionales (Madrid)<\/p>\n\n\n\n<p><strong>\u00bfCu\u00e1ndo?<\/strong>&nbsp;Mayo 2022<\/p>\n\n\n\n<hr class=\"wp-block-separator has-alpha-channel-opacity is-style-wide\" \/>\n\n\n\n<p>****<\/p>\n\n\n\n<p><strong>Who:<\/strong>&nbsp;Carmen D\u00edaz Mora<\/p>\n\n\n\n<p><strong>T\u00edtulo:&nbsp;<\/strong>Bilateral Servicification in GVCs and Deep Trade Agreements<\/p>\n\n\n\n<p><strong>\u00bfD\u00f3nde?<\/strong>: <strong>&nbsp;<\/strong>DG Trade de la Comisi\u00f3n Europea<\/p>\n\n\n\n<p><strong>\u00bfCu\u00e1ndo?:<\/strong>&nbsp;Marzo 2022<\/p>\n\n\n\n<p>****<\/p>\n\n\n\n<p><strong>Who:<\/strong>&nbsp;Carmen D\u00edaz-Mora, Erena Garc\u00eda L\u00f3pez y Bel\u00e9n Gonz\u00e1lez-D\u00edaz<\/p>\n\n\n\n<p><strong>T\u00edtulo:&nbsp;<\/strong>Bilateral Servicification in GVCs and Deep Trade Agreements<\/p>\n\n\n\n<p><strong>\u00bfD\u00f3nde?:<\/strong>&nbsp;IV Jornada de Investigaci\u00f3n en Internacionalizaci\u00f3n, C\u00e1tedra Global Nebrija-Santander en Internacionalizaci\u00f3n de Empresas e Instituto Complutense de Estudios Internacionales (Madrid)<\/p>\n\n\n\n<p>\u00bf<strong>Cu\u00e1ndo?<\/strong>&nbsp;Mayo 2021<\/p>\n\n\n\n<p>****<\/p>\n\n\n\n<p><strong>Who:<\/strong>&nbsp;David C\u00f3rcoles, Carmen D\u00edaz-Mora y Rosario Gandoy<\/p>\n\n\n\n<p><strong>T\u00edtulo:&nbsp;<\/strong>Servitizacion and Exporting in manufacturing firms<\/p>\n\n\n\n<p><strong>\u00bfD\u00f3nde?:<\/strong>&nbsp;IV Jornada de Investigaci\u00f3n en Internacionalizaci\u00f3n, C\u00e1tedra Global Nebrija-Santander en Internacionalizaci\u00f3n de Empresas e Instituto Complutense de Estudios Internacionales (Madrid)<\/p>\n\n\n\n<p>\u00bf<strong>Cu\u00e1ndo?<\/strong>&nbsp;Mayo 2021<\/p>\n\n\n\n<p>****<\/p>\n\n\n\n<p><strong>Who:<\/strong>&nbsp;Oscar Bajo Rubio<\/p>\n\n\n\n<p><strong>T\u00edtulo:&nbsp;<\/strong>The role of foreign direct investment in growth: Spain, 1964-2013<\/p>\n\n\n\n<p><strong>\u00bfD\u00f3nde?:<\/strong>&nbsp;IV Jornada de Investigaci\u00f3n en Internacionalizaci\u00f3n, C\u00e1tedra Global Nebrija-Santander en Internacionalizaci\u00f3n de Empresas e Instituto Complutense de Estudios Internacionales (Madrid)<\/p>\n\n\n\n<p>\u00bf<strong>Cu\u00e1ndo?<\/strong>&nbsp;Mayo 2021<\/p>\n\n\n\n<hr class=\"wp-block-separator has-alpha-channel-opacity is-style-wide\" \/>\n\n\n\n<p>****<\/p>\n\n\n\n<p><strong>Who:<\/strong>&nbsp;Rosario Gandoy<\/p>\n\n\n\n<p><strong>T\u00edtulo:&nbsp;<\/strong>Comentario sobre&nbsp;<em>El comercio exterior espa\u00f1ol en 2020<\/em><\/p>\n\n\n\n<p><strong>\u00bfD\u00f3nde?:&nbsp;<\/strong>III Encuentro Comercio Exterior Red de Investigadores \/\/ Internacionalizaci\u00f3n\/Secretar\u00eda de Estado de Comercio (Madrid)<\/p>\n\n\n\n<p><strong>\u00bfCu\u00e1ndo?:<\/strong>&nbsp;18\/03\/2021<\/p>\n\n\n\n<p><\/p>\n\n\n\n<hr class=\"wp-block-separator has-alpha-channel-opacity is-style-wide\" \/>\n\n\n\n<p>****<\/p>\n\n\n\n<p><strong>Who:<\/strong>&nbsp;Juan Ignacio Palacio<\/p>\n\n\n\n<p><strong>T\u00edtulo:&nbsp;<\/strong>La Pol\u00edtica Social de Dato<\/p>\n\n\n\n<p><strong>\u00bfD\u00f3nde?:&nbsp;<\/strong>Mesa redonda en conmemoraci\u00f3n de la figura de Eduardo Dato Iradier \/\/\/ Real Academia de Ciencias Morales y Pol\u00edticas<\/p>\n\n\n\n<p><strong>\u00bfCu\u00e1ndo?<\/strong>&nbsp;10\/03\/2021<\/p>\n\n\n\n<hr class=\"wp-block-separator has-alpha-channel-opacity is-style-wide\" \/>\n\n\n\n<p>****<\/p>\n\n\n\n<p><strong>Who:<\/strong>&nbsp;Mar\u00eda A. Davia<\/p>\n\n\n\n<p><strong>T\u00edtulo: <\/strong>J\u00f3venes y mercado de trabajo<\/p>\n\n\n\n<p><strong>\u00bfD\u00f3nde?:&nbsp;<\/strong>Respostes de Futur. Paro juvenil. Soluciones para una generaci\u00f3n en crisis.\/\/ Fundaci\u00f3n Mar\u00eda Cambrils (Valencia)<\/p>\n\n\n\n<p><strong>\u00bfCu\u00e1ndo?<\/strong>&nbsp;05\/03\/2021<\/p>\n\n\n\n<hr class=\"wp-block-separator has-alpha-channel-opacity is-style-wide\" \/>\n\n\n\n<p>****<\/p>\n\n\n\n<p><strong>Who:<\/strong>&nbsp;\u00c1ngela Triguero Cano (presenting joint work with David C\u00f3rcoles Gonz\u00e1lez)<\/p>\n\n\n\n<p><strong>T\u00edtulo: <\/strong>\u201cEffects of the different external knowledge sources on the diversity of innovations: resource efficiency and environmentally responsible innovations towards a circular economy\u201d<\/p>\n\n\n\n<p><strong>\u00bfD\u00f3nde?: <\/strong>IEB (Institut d\u2019Economia de Barcelona)<\/p>\n\n\n\n<p><strong>\u00bfCu\u00e1ndo?<\/strong>&nbsp;25\/02\/2021<\/p>\n\n\n\n<hr class=\"wp-block-separator has-alpha-channel-opacity is-style-wide\" \/>\n\n\n\n<p>****<\/p>\n\n\n\n<p><strong>Who:<\/strong>&nbsp;Carmen D\u00edaz Mora (presenting joint work with Rosario Gandoy &amp; Bel\u00e9n Gonz\u00e1lez-D\u00edaz)<\/p>\n\n\n\n<p><strong>T\u00edtulo<\/strong>\u00abEl momento de las Cadenas Regionales de Valor: La integraci\u00f3n comercial en la Pen\u00ednsula Ib\u00e9rica\u00bb<\/p>\n\n\n\n<p><strong>\u00bfD\u00f3nde? <\/strong>PRESENTACI\u00d3N DEL N\u00ba100 DE CUADERNOS ECON\u00d3MICOS DE ICE<\/p>\n\n\n\n<p><strong>\u00bfCu\u00e1ndo?<\/strong>&nbsp;19\/01 2021<\/p>\n\n\n\n<hr class=\"wp-block-separator has-alpha-channel-opacity is-style-wide\" \/>\n\n\n\n<p>****<\/p>\n\n\n\n<p><strong>Who:<\/strong>&nbsp;Maria A. Davia<\/p>\n\n\n\n<p><strong>T\u00edtulo<\/strong>Transici\u00f3n de la educaci\u00f3n al mercado laboral y solidaridad econ\u00f3mica intra-hogar<\/p>\n\n\n\n<p><strong>\u00bfD\u00f3nde?<\/strong> IV SEMINARIO INTERNACIONAL DE INVESTIGACI\u00d3N EN JUVENTUD, organizado por el Consejo de la Juventud de Extremadura<\/p>\n\n\n\n<p><strong>\u00bfCu\u00e1ndo?<\/strong>&nbsp;17\/12\/2020<\/p>\n\n\n\n<hr class=\"wp-block-separator has-alpha-channel-opacity is-style-wide\" \/>\n\n\n\n<p>****<\/p>\n\n\n\n<p><strong>Who:<\/strong>&nbsp;Rosario Gandoy<\/p>\n\n\n\n<p><strong>T\u00edtulo<\/strong>: La contracci\u00f3n del comercio mundial y las Cadenas Globales de Valor<\/p>\n\n\n\n<p><strong>\u00bfD\u00f3nde?<\/strong> XXXV Jornadas (online) de Alicante sobre Econom\u00eda Espa\u00f1ola<\/p>\n\n\n\n<p><strong>\u00bfCu\u00e1ndo?<\/strong>&nbsp;06\/11\/2020<\/p>\n\n\n\n<hr class=\"wp-block-separator has-alpha-channel-opacity is-style-wide\" \/>\n\n\n\n<p>****<\/p>\n\n\n\n<p><strong>Who:<\/strong>&nbsp;Rosario Gandoy<\/p>\n\n\n\n<p><strong>T\u00edtulo<\/strong>: Servitizaci\u00f3n de las manufacturas y exportaciones<\/p>\n\n\n\n<p><strong>\u00bfD\u00f3nde?<\/strong> Presentaci\u00f3n Monogr\u00e1fico de La Revista de Econom\u00eda \u2013 ICE \u00abInternacionalizaci\u00f3n de las econom\u00edas, nuevas formas, estrategias y actividades\u00bb<\/p>\n\n\n\n<p><strong>\u00bfCu\u00e1ndo?<\/strong>&nbsp;24\/06\/&nbsp;2020<\/p>\n\n\n\n<hr class=\"wp-block-separator has-alpha-channel-opacity is-style-wide\" \/>\n\n\n\n<p>****<\/p>\n\n\n\n<p><strong>Who:<\/strong>&nbsp;Carmen D\u00edaz Mora<\/p>\n\n\n\n<p><strong>T\u00edtulo<\/strong>: \u00abUn nuevo escenario de proteccionismo y guerras comerciales\u00bb<\/p>\n\n\n\n<p><strong>\u00bfD\u00f3nde?<\/strong> Jornada sobre Pol\u00edtica Econ\u00f3mica Internacional y su influencia en Castilla-La Mancha, organizada por Comisiones Obreras de Castilla-La Mancha.<\/p>\n\n\n\n<p><strong>\u00bfCu\u00e1ndo?<\/strong>&nbsp;12\/12\/ 2019<\/p>\n\n\n\n<hr class=\"wp-block-separator has-alpha-channel-opacity is-style-wide\" \/>\n\n\n\n<p>****<\/p>\n\n\n\n<p><strong>Who:<\/strong>&nbsp;Carmen D\u00edaz Mora<\/p>\n\n\n\n<p>T<strong>\u00edtulo<\/strong>: \u00abEl efecto de los servicios importados sobre las exportaciones\u00bb.<\/p>\n\n\n\n<p>\u00bf<strong>D\u00f3nde?<\/strong>&nbsp;I Encuentro Grupo investigaci\u00f3n internacionalizaci\u00f3n \u2013 Banco de Espa\u00f1a<\/p>\n\n\n\n<p><strong>\u00bfCu\u00e1ndo?<\/strong>&nbsp;29\/10\/2019<\/p>\n\n\n\n<hr class=\"wp-block-separator has-alpha-channel-opacity is-style-wide\" \/>\n\n\n\n<p>****<\/p>\n\n\n\n<p><strong>Who:<\/strong>&nbsp;Carmen D\u00edaz, Bel\u00e9n Gonz\u00e1lez &amp; Leticia Bl\u00e1zquez<\/p>\n\n\n\n<p><strong>T\u00edtulo<\/strong>: \u201cThe Role of Services\u2019 Content for Manufacturing Competitiveness: a Network Analysis\u201d<\/p>\n\n\n\n<p><strong>\u00bfD\u00f3nde?<\/strong> II Jornada de Investigaci\u00f3n en Internacionalizaci\u00f3n \/\/ C\u00e1tedra Global Nebrija Santander en Internacionalizaci\u00f3n de Empresas \u2013 ICEI \u2013 Campus de Madrid-Princesa de la Universidad Nebrija (Madrid)<\/p>\n\n\n\n<p>\u00bf<strong>Cu\u00e1ndo?<\/strong>&nbsp;23\/05\/2019<\/p>\n\n\n\n<hr class=\"wp-block-separator has-alpha-channel-opacity is-style-wide\" \/>\n\n\n\n<p>****<\/p>\n\n\n\n<p><strong>Who:<\/strong>&nbsp;Carmen D\u00edaz-Mora (presenting joint work with Rosario Gandoy and Bel\u00e9n Gonz\u00e1lez-D\u00edaz)<\/p>\n\n\n\n<p><strong>T\u00edtulo<\/strong>: \u201cLa Periferia Ib\u00e9rica en las Cadenas Globales de Valor\u201d<\/p>\n\n\n\n<p><strong>\u00bfD\u00f3nde?<\/strong> 2\u00ba FORO HISPANO-PORTUGU\u00c9S DE INTERNACIONALIZACI\u00d3N \/\/ Universidad Nebrija de Madrid \u2013 C\u00e1tedra Global Nebrija Santander en Internacionalizaci\u00f3n de Empresas<\/p>\n\n\n\n<p> <strong>\u00bfCu\u00e1ndo?<\/strong>&nbsp;06\/03\/&nbsp;2019<\/p>\n\n\n\n<hr class=\"wp-block-separator has-alpha-channel-opacity is-style-wide\" \/>\n\n\n\n<p>****<\/p>\n\n\n\n<p><strong>Who:<\/strong>&nbsp;Maria A. Davia (presenting joint work with with Inmaculada Cebri\u00e1n (UAH), Nuria Legazpe (UCLM) &amp; Gloria Moreno (UAH)<\/p>\n\n\n\n<p><strong>Ti\u00edtulo<\/strong>: \u201cMothers\u2019 employment and child care choices across the European Union\u201d<\/p>\n\n\n\n<p><strong>\u00bfD\u00f3nde?<\/strong> Academic meeting \u201cSOCIAL AND LABOR MARKET POLICIES IN THE CONTEXT OF AGEING\u201d, held at Universidad Aut\u00f3noma de Madrid in coordination with ILO<\/p>\n\n\n\n<p><strong>\u00bfCu\u00e1ndo?<\/strong>&nbsp;25\/10\/&nbsp;2018<\/p>\n\n\n\n<hr class=\"wp-block-separator has-alpha-channel-opacity is-style-wide\" \/>\n\n\n\n<p>****<\/p>\n\n\n\n<p><strong>Who:<\/strong>&nbsp;Carmen D\u00edaz Mora<\/p>\n\n\n\n<p><strong>Ti\u00edtulo<\/strong>: \u201cTowards servicification in global value chains\u201d<\/p>\n\n\n\n<p><strong>\u00bfD\u00f3nde?&nbsp;<\/strong>JORNADA RETOS DE LA ECONOM\u00cdA ESPA\u00d1OLA, Universidad de Sevilla<\/p>\n\n\n\n<p><strong>\u00bfCu\u00e1ndo?<\/strong>&nbsp;05\/10\/2018<\/p>\n\n\n\n<hr class=\"wp-block-separator has-alpha-channel-opacity is-style-wide\" \/>\n\n\n\n<p>****<\/p>\n\n\n\n<p><strong>Who:<\/strong>&nbsp;Rosario Gandoy (presenting joint work with Carmen D\u00edaz and Bel\u00e9n Gonz\u00e1lez)<\/p>\n\n\n\n<p><strong>T\u00edtulo<\/strong>: \u201cImpact of services on global value chains\u201d<\/p>\n\n\n\n<p><strong>\u00bfD\u00f3nde?<a rel=\"noreferrer noopener\" href=\"https:\/\/www.nebrija.com\/medios\/actualidadnebrija\/events\/jornada-de-investigacion-en-internacionalizacion\/\" target=\"_blank\"> Jornada de Investigaci\u00f3n en Internacionalizaci\u00f3n, Universidad Nebrija<\/a><\/strong><\/p>\n\n\n\n<p><strong>\u00bfCu\u00e1ndo?<\/strong>&nbsp;23\/05\/2018<\/p>\n\n\n\n<hr class=\"wp-block-separator has-alpha-channel-opacity is-style-wide\" \/>\n\n\n\n<p><strong>Who:<\/strong>&nbsp;Carmen D\u00edaz Mora&nbsp;<\/p>\n\n\n\n<p><strong>Ti\u00edtulo<\/strong>: \u201cEspa\u00f1a en las cadenas de producci\u00f3n transnacionales: reforzando nuestra fortaleza exportadora\u201d<\/p>\n\n\n\n<p><strong>\u00bfD\u00f3nde?<\/strong>&nbsp;1\u00ba foro luso-espa\u00f1ol de internacionalizaci\u00f3n \/\/&nbsp;Universidad Aut\u00f3noma de Lisboa (en colaboraci\u00f3n con la C\u00e1tedra Global Nebrija Santander en Internacionalizaci\u00f3n de Empresas)<\/p>\n\n\n\n<p><strong>\u00bfCu\u00e1ndo?<\/strong>&nbsp;26\/02\/2018&nbsp;<\/p>\n\n\n\n<hr class=\"wp-block-separator has-alpha-channel-opacity is-style-wide\" \/>\n\n\n\n<p><strong>Who:<\/strong>&nbsp;Carmen D\u00edaz<\/p>\n\n\n\n<p><strong>Ti\u00edtulo<\/strong>: \u201c <a rel=\"noreferrer noopener\" href=\"https:\/\/blog.uclm.es\/grupo-eei\/wp-content\/uploads\/sites\/238\/2017\/11\/exposicion-JEEA-2017-nueva-politica-comercial-UE-1.pdf\" target=\"_blank\"><strong>Una nueva pol\u00edtica comercial para la Uni\u00f3n Europea<\/strong><\/a>\u201d<\/p>\n\n\n\n<p><strong>\u00bfD\u00f3nde?<\/strong> XXXII Jornadas sobre Econom\u00eda Espa\u00f1ola (Alicante)<\/p>\n\n\n\n<p><strong>\u00bfCu\u00e1ndo?<\/strong>&nbsp;10\/11\/ 2017.<\/p>\n\n\n\n<hr class=\"wp-block-separator has-alpha-channel-opacity is-style-wide\" \/>\n\n\n\n<p><strong>Who?<\/strong><strong>&nbsp;<\/strong>Maria&nbsp;A.&nbsp;Davia<\/p>\n\n\n\n<p><strong>Title<\/strong>: <strong>\u201cUna Europa de acreedores y deudores: la desigual repercusi\u00f3n de los costes sociales de la crisis\u201d<\/strong><\/p>\n\n\n\n<p><strong>\u00bfD\u00f3nde?<\/strong>XXXII Jornadas sobre Econom\u00eda Espa\u00f1ola (Alicante)<\/p>\n\n\n\n<p><strong>\u00bfCu\u00e1ndo?<\/strong>&nbsp;10\/11\/ 2017.<\/p>\n\n\n\n<hr class=\"wp-block-separator has-alpha-channel-opacity is-style-wide\" \/>\n\n\n\n<p><strong>Who?&nbsp;<\/strong>\u00c1ngela Triguero<\/p>\n\n\n\n<p><strong>Ti\u00edtulo<\/strong>: \u201cSituaci\u00f3n y perspectivas del cooperativismo en Castilla La Mancha\u201d (round-table)<\/p>\n\n\n\n<p><strong>\u00bfD\u00f3nde?<\/strong> II Jornadas de Econom\u00eda \u2018Presente y futuro del cooperativismo en Castilla-La Mancha\u2019;&nbsp;<a rel=\"noreferrer noopener\" href=\"http:\/\/www.lacerca.com\/etiquetas\/1\/asociaci%C3%B3n%20de%20docentes%20de%20econom%C3%ADa\" target=\"_blank\">Asociaci\u00f3n de Docentes de Econom\u00eda&nbsp;<\/a>en Secundaria en Castilla-La Mancha (ADES C-LM) &amp;&nbsp;<a rel=\"noreferrer noopener\" href=\"http:\/\/www.lacerca.com\/etiquetas\/1\/universidad%20de%20castilla-la%20mancha\" target=\"_blank\">Universidad de Castilla-La Mancha<\/a>&nbsp;(UCLM); Albacete.<\/p>\n\n\n\n<p><strong>\u00bfCu\u00e1ndo?<\/strong>&nbsp;08\/11\/ 2017<\/p>\n\n\n\n<hr class=\"wp-block-separator has-alpha-channel-opacity is-style-wide\" \/>\n\n\n\n<p><strong>Who?<\/strong>&nbsp;\u00c1ngela Triguero<\/p>\n\n\n\n<p><strong>Ti\u00edtulo<\/strong>: \u201c<strong>An\u00e1lisis de la industria vitivin\u00edcola en la provincia de Albacete: Productividad, competitividad e innovaci\u00f3n<\/strong>\u201d<\/p>\n\n\n\n<p><strong>\u00bfD\u00f3nde?<\/strong> I Encuentro Denominaciones de Origen y UCLM: Investigaci\u00f3n, calidad y mercado en el sector vitivin\u00edcola\u201d; Villamalea (Albacete).<\/p>\n\n\n\n<p><strong>\u00bfCu\u00e1ndo?<\/strong>&nbsp;26\/06\/ 2017<\/p>\n\n\n\n<hr class=\"wp-block-separator has-alpha-channel-opacity is-style-wide\" \/>\n\n\n\n<p><strong>Who?<\/strong>&nbsp;Mar\u00eda A. Davia<\/p>\n\n\n\n<p><strong>T\u00edtulo<\/strong>: \u201cUnderstanding intergenerational transmission&nbsp;deprivation in Spain: Education and marital sorting\u201d (co-authored by Nuria Legazpe).<\/p>\n\n\n\n<p><strong>\u00bfD\u00f3nde?<\/strong> Departamento de Econom\u00eda Aplicada de la Universidad de Oviedo<\/p>\n\n\n\n<p><strong>\u00bfCu\u00e1ndo?<\/strong>&nbsp;05\/05\/ 2017<\/p>\n\n\n\n<p><strong>\u00bfD\u00f3nde?<\/strong> Departamento de Dpto. Fundamentos del An\u00e1lisis Econ\u00f3mico e Historia e Instituciones Econ\u00f3micas de la Universidad de Valladolid<\/p>\n\n\n\n<p><strong>\u00bfCu\u00e1ndo?&nbsp;<\/strong>February the 17th 2017<\/p>\n\n\n\n<hr class=\"wp-block-separator has-alpha-channel-opacity is-style-wide\" \/>\n\n\n\n<p><strong>\u00bfQui\u00e9n?<\/strong>&nbsp;Nuria Legazpe<\/p>\n\n\n\n<p><strong>T\u00edtulo<\/strong>: \u201c<strong>Female employment and child care choices in Spain through the Great Recession<\/strong>\u201d<\/p>\n\n\n\n<p><strong>\u00bfD\u00f3nde?<\/strong>Departamento de Econom\u00eda Aplicada de la Universidad de Oviedo<\/p>\n\n\n\n<p><strong>\u00bfCu\u00e1ndo?<\/strong>&nbsp;05\/05\/ 2017<\/p>\n\n\n\n<hr class=\"wp-block-separator has-alpha-channel-opacity is-style-wide\" \/>\n","protected":false},"excerpt":{"rendered":"<p>Who:&nbsp;Oscar Bajo Rubio T\u00edtulo:&nbsp;\u00abFinancial inclusion and wealth inequality across groups of countries: first results\u00ab. \u00bfD\u00f3nde?:\u00a0International Conference on Consumption Studies, organizada por la Business School y el Institute of Consumer Economics de la Universidad. Xiangtan (China) \u00bfCu\u00e1ndo?: &nbsp;25-27 julio de 2025 **** Who:&nbsp;C. D\u00edaz-Mora T\u00edtulo:&nbsp;\u00abData-Intensive Services in GVCs: The Role of Trade Agreements\u00bb en coautor\u00eda con &hellip; <a href=\"https:\/\/blog.uclm.es\/grupo-eei\/seminarios-y-conferencias\/\" class=\"more-link\">Seguir leyendo <span class=\"screen-reader-text\">Seminarios y conferencias \/ Seminars and talks<\/span> <span class=\"meta-nav\">&rarr;<\/span><\/a><\/p>\n","protected":false},"author":399,"featured_media":0,"parent":0,"menu_order":0,"comment_status":"closed","ping_status":"closed","template":"","meta":{"footnotes":""},"class_list":["post-45","page","type-page","status-publish","hentry"],"_links":{"self":[{"href":"https:\/\/blog.uclm.es\/grupo-eei\/wp-json\/wp\/v2\/pages\/45","targetHints":{"allow":["GET"]}}],"collection":[{"href":"https:\/\/blog.uclm.es\/grupo-eei\/wp-json\/wp\/v2\/pages"}],"about":[{"href":"https:\/\/blog.uclm.es\/grupo-eei\/wp-json\/wp\/v2\/types\/page"}],"author":[{"embeddable":true,"href":"https:\/\/blog.uclm.es\/grupo-eei\/wp-json\/wp\/v2\/users\/399"}],"replies":[{"embeddable":true,"href":"https:\/\/blog.uclm.es\/grupo-eei\/wp-json\/wp\/v2\/comments?post=45"}],"version-history":[{"count":21,"href":"https:\/\/blog.uclm.es\/grupo-eei\/wp-json\/wp\/v2\/pages\/45\/revisions"}],"predecessor-version":[{"id":5177,"href":"https:\/\/blog.uclm.es\/grupo-eei\/wp-json\/wp\/v2\/pages\/45\/revisions\/5177"}],"wp:attachment":[{"href":"https:\/\/blog.uclm.es\/grupo-eei\/wp-json\/wp\/v2\/media?parent=45"}],"curies":[{"name":"wp","href":"https:\/\/api.w.org\/{rel}","templated":true}]}}