{"id":41,"date":"2017-02-26T19:43:58","date_gmt":"2017-02-26T18:43:58","guid":{"rendered":"http:\/\/blog.uclm.es\/grupo-eei\/?page_id=41"},"modified":"2026-02-11T18:57:32","modified_gmt":"2026-02-11T18:57:32","slug":"economia-industrial","status":"publish","type":"page","link":"https:\/\/blog.uclm.es\/grupo-eei\/economia-industrial\/","title":{"rendered":"Econom\u00eda industrial \/ Industrial Economics"},"content":{"rendered":"<h1><strong>Publicaciones \/ <span style=\"color: #100e7a\">Publications<\/span>:<br \/><\/strong><\/h1>\n<hr \/><hr \/>\n<p><strong><span style=\"color: #ff0000\">2025:<\/span><\/strong><\/p>\n<p>C\u00f3rcoles, D., &amp; Triguero, \u00c1. (2025). The influence of eco-innovation on high-performing firms: The dynamics of productivity in the context of circular economy. <i>European Research on Management and Business Economics<\/i>, <i>31<\/i>(2), 100275.<\/p>\n<p>C\u00f3rcoles, D., Triguero, \u00c1., &amp; Cuerva, M. C. (2025). Technological Collaboration and the Industry 4.0 Transformation: Evidence for Spanish Manufacturing Firms. <i>Journal of the Knowledge Economy<\/i>, 1-35.<\/p>\n<p>Triguero, A., &amp; C\u00f3rcoles, D. (2025). Leveraging eco-innovation and market knowledge for a circular economy transition: Insights from Spanish manufacturing firms. <i>Technological Forecasting and Social Change<\/i>, <i>216<\/i>, 124152.<\/p>\n<p>Triguero, \u00c1., Moreno\u2010Mond\u00e9jar, L., &amp; C\u00f3rcoles, D. (2025). The Importance of the Eco\u2010Innovation, Knowledge Network and the Geographical Dimension in the Adoption of Circular Economy Business Models. <i>Business Strategy and the Environment<\/i>.\u00a0<a href=\"https:\/\/doi.org\/10.1002\/bse.70158\">https:\/\/doi.org\/10.1002\/bse.70158<\/a>; (Factor de impacto: WOS, JCR 2024: 13,3 <strong>Q1)<\/strong><\/p>\n<p><strong><span style=\"color: #ff0000\">2024:<\/span><\/strong><\/p>\n<p>Fern\u00e1ndez\u2010Mu\u00f1iz, N., Triguero, A., &amp; de la Cuesta, M. (2024). Breaking down barriers: The adoption of eco\u2010innovation by SMEs and the influence of personality traits. <i>Business Strategy and the Environment<\/i>, <i>33<\/i>(7), 6565-6585.<\/p>\n<p>Gonz\u00e1lez-Moreno, \u00c1., Triguero, \u00c1., Diaz-Garcia, C., &amp; S\u00e1ez-Mart\u00ednez, F. J. (2024). Circular economy and entrepreneurship in Europe: An analysis of the impact of cultural factors, regulatory framework and rate of entrepreneurship. <i>Environmental Technology &amp; Innovation<\/i>, <i>35<\/i>, 103656.<\/p>\n<p><strong><span style=\"color: #ff0000\">2023:<\/span><\/strong><\/p>\n<p>Triguero, \u00c1., Moreno\u2010Mond\u00e9jar, L., &amp; S\u00e1ez\u2010Mart\u00ednez, F. J. (2023).\u00a0Circular economy and firm performance: The influence of product life cycle analysis, upcycling, and redesign<em>. Sustainable Development.<\/em> <a href=\"https:\/\/doi.org\/10.1002\/sd.2509\">https:\/\/doi.org\/10.1002\/sd.2509<\/a>; (Factor de impacto: WOS, JCR 2021: 8,562 <strong>Q1)<\/strong><\/p>\n<p>Triguero, A. (2023). La industria agroalimentaria: la apuesta por la calidad, la innovaci\u00f3n y la sostenibilidad.\u00a0<em>Economistas<\/em>, (181), 220-233.<\/p>\n<p>Alv\u00e1rez-L\u00f3pez, M. E., &amp; Gandoy, R. (2023). La necesaria reactivaci\u00f3n de la industria: una tarea urgente y cargada de retos. <em>Economistas<\/em>, (181), 211-219.<\/p>\n<p><strong><span style=\"color: #ff0000\">2022:<\/span><\/strong><\/p>\n<p>Triguero, \u00c1., Cuerva, M. C., &amp; S\u00e1ez-Mart\u00ednez, F.J. (2022). Closing the loop through eco-innovation by European firms: Circular economy for sustainable development. Business Strategy and the Environment, 31 (5), 2337-2350. (Factor de impacto: WOS, JCR 2021: 10,801 <strong>Q1)<\/strong><\/p>\n<p><span style=\"text-decoration: underline\"><span style=\"color: #e00b00;text-decoration: underline\"><strong>2021:<\/strong><\/span><\/span><\/p>\n<p>Moreno\u2010Mond\u00e9jar, L., Triguero, \u00c1., &amp; Cuerva, M. C. (2021). Exploring the association between circular economy strategies and green jobs in European companies. <em>Journal of Environmental Management<\/em>, <em>297<\/em>, 113437. (Open Access). <a href=\"https:\/\/doi.org\/10.1016\/j.jenvman.2021.113437\" target=\"_blank\" rel=\"noopener\">https:\/\/doi.org\/10.1016\/j.jenvman.2021.113437<\/a>; JCR (SCI, Environmental Sciences): 6,789 (in 2020), Rank: 34\/274 (Q1).<\/p>\n<p>Triguero, A. (2021). La colaboraci\u00f3n p\u00fablico-privada para la innovaci\u00f3n empresarial: innovaci\u00f3n abierta.\u00a0<em>Papeles de Economi\u0301a Espan\u0303ola<\/em>, (169), 119-134.<\/p>\n<hr \/>\n<p>\u00a0<\/p>\n<hr \/>\n\n\n<p><\/p>\n","protected":false},"excerpt":{"rendered":"<p>Publicaciones \/ Publications: 2025: C\u00f3rcoles, D., &amp; Triguero, \u00c1. (2025). The influence of eco-innovation on high-performing firms: The dynamics of productivity in the context of circular economy. European Research on Management and Business Economics, 31(2), 100275. C\u00f3rcoles, D., Triguero, \u00c1., &amp; Cuerva, M. C. (2025). Technological Collaboration and the Industry 4.0 Transformation: Evidence for Spanish &hellip; <a href=\"https:\/\/blog.uclm.es\/grupo-eei\/economia-industrial\/\" class=\"more-link\">Seguir leyendo <span class=\"screen-reader-text\">Econom\u00eda industrial \/ Industrial Economics<\/span> <span class=\"meta-nav\">&rarr;<\/span><\/a><\/p>\n","protected":false},"author":399,"featured_media":0,"parent":0,"menu_order":0,"comment_status":"closed","ping_status":"closed","template":"","meta":{"footnotes":""},"class_list":["post-41","page","type-page","status-publish","hentry"],"_links":{"self":[{"href":"https:\/\/blog.uclm.es\/grupo-eei\/wp-json\/wp\/v2\/pages\/41","targetHints":{"allow":["GET"]}}],"collection":[{"href":"https:\/\/blog.uclm.es\/grupo-eei\/wp-json\/wp\/v2\/pages"}],"about":[{"href":"https:\/\/blog.uclm.es\/grupo-eei\/wp-json\/wp\/v2\/types\/page"}],"author":[{"embeddable":true,"href":"https:\/\/blog.uclm.es\/grupo-eei\/wp-json\/wp\/v2\/users\/399"}],"replies":[{"embeddable":true,"href":"https:\/\/blog.uclm.es\/grupo-eei\/wp-json\/wp\/v2\/comments?post=41"}],"version-history":[{"count":16,"href":"https:\/\/blog.uclm.es\/grupo-eei\/wp-json\/wp\/v2\/pages\/41\/revisions"}],"predecessor-version":[{"id":5305,"href":"https:\/\/blog.uclm.es\/grupo-eei\/wp-json\/wp\/v2\/pages\/41\/revisions\/5305"}],"wp:attachment":[{"href":"https:\/\/blog.uclm.es\/grupo-eei\/wp-json\/wp\/v2\/media?parent=41"}],"curies":[{"name":"wp","href":"https:\/\/api.w.org\/{rel}","templated":true}]}}