{"id":35,"date":"2017-02-26T19:38:38","date_gmt":"2017-02-26T18:38:38","guid":{"rendered":"http:\/\/blog.uclm.es\/grupo-eei\/?page_id=35"},"modified":"2023-02-06T16:32:00","modified_gmt":"2023-02-06T16:32:00","slug":"publicaciones","status":"publish","type":"page","link":"https:\/\/blog.uclm.es\/grupo-eei\/publicaciones\/","title":{"rendered":"Publicaciones \/ Publications"},"content":{"rendered":"<p>En esta secci\u00f3n mostramos las publicaciones m\u00e1s relevantes del grupo en las l\u00edneas de investigaci\u00f3n principales y otros temas.<\/p>\n<p><span style=\"color: #000080\"><em>In this section we display the main publications of ISPEC group in our main research lines and other different topics<\/em><\/span><\/p>\n<ul>\n<li><span style=\"color: #000080\"><em><span style=\"color: #000000\">Publicaciones en <a href=\"http:\/\/blog.uclm.es\/grupo-eei\/economia-industrial\/\">Econom\u00eda Industrial \/<\/a><\/span><a href=\"http:\/\/blog.uclm.es\/grupo-eei\/economia-industrial\/\"> Industrial Economics<\/a><\/em><\/span><\/li>\n<li><span style=\"color: #000080\"><em><span style=\"color: #000000\">Publicaciones en <a href=\"http:\/\/blog.uclm.es\/grupo-eei\/economia-internacional\/\">Econom\u00eda Internacional \/<\/a><\/span><a href=\"http:\/\/blog.uclm.es\/grupo-eei\/economia-internacional\/\"> International Economics<\/a><\/em><\/span><\/li>\n<li><span style=\"color: #000080\"><em><span style=\"color: #000000\">Publicaciones en <a href=\"http:\/\/blog.uclm.es\/grupo-eei\/economia-laboral\/\">Econom\u00eda Laboral \/<\/a><\/span><a href=\"http:\/\/blog.uclm.es\/grupo-eei\/economia-laboral\/\"> Labour Economics<\/a><\/em><\/span><\/li>\n<li>Publicaciones en <a href=\"http:\/\/blog.uclm.es\/grupo-eei\/publicaciones\/publicaciones-otros-temas\/\">Otras l\u00edneas de Investigaci\u00f3n y en Innovaci\u00f3n Educativa \/ <em>Publications in other research topics and teaching innovation<\/em><\/a><\/li>\n<\/ul>\n","protected":false},"excerpt":{"rendered":"<p>En esta secci\u00f3n mostramos las publicaciones m\u00e1s relevantes del grupo en las l\u00edneas de investigaci\u00f3n principales y otros temas. In this section we display the main publications of ISPEC group in our main research lines and other different topics Publicaciones en Econom\u00eda Industrial \/ Industrial Economics Publicaciones en Econom\u00eda Internacional \/ International Economics Publicaciones en &hellip; <a href=\"https:\/\/blog.uclm.es\/grupo-eei\/publicaciones\/\" class=\"more-link\">Seguir leyendo <span class=\"screen-reader-text\">Publicaciones \/ Publications<\/span> <span class=\"meta-nav\">&rarr;<\/span><\/a><\/p>\n","protected":false},"author":399,"featured_media":0,"parent":0,"menu_order":0,"comment_status":"closed","ping_status":"closed","template":"","meta":{"footnotes":""},"class_list":["post-35","page","type-page","status-publish","hentry"],"_links":{"self":[{"href":"https:\/\/blog.uclm.es\/grupo-eei\/wp-json\/wp\/v2\/pages\/35","targetHints":{"allow":["GET"]}}],"collection":[{"href":"https:\/\/blog.uclm.es\/grupo-eei\/wp-json\/wp\/v2\/pages"}],"about":[{"href":"https:\/\/blog.uclm.es\/grupo-eei\/wp-json\/wp\/v2\/types\/page"}],"author":[{"embeddable":true,"href":"https:\/\/blog.uclm.es\/grupo-eei\/wp-json\/wp\/v2\/users\/399"}],"replies":[{"embeddable":true,"href":"https:\/\/blog.uclm.es\/grupo-eei\/wp-json\/wp\/v2\/comments?post=35"}],"version-history":[{"count":2,"href":"https:\/\/blog.uclm.es\/grupo-eei\/wp-json\/wp\/v2\/pages\/35\/revisions"}],"predecessor-version":[{"id":4134,"href":"https:\/\/blog.uclm.es\/grupo-eei\/wp-json\/wp\/v2\/pages\/35\/revisions\/4134"}],"wp:attachment":[{"href":"https:\/\/blog.uclm.es\/grupo-eei\/wp-json\/wp\/v2\/media?parent=35"}],"curies":[{"name":"wp","href":"https:\/\/api.w.org\/{rel}","templated":true}]}}