{"id":3481,"date":"2021-03-19T21:36:17","date_gmt":"2021-03-19T20:36:17","guid":{"rendered":"http:\/\/blog.uclm.es\/grupo-eei\/?page_id=3481"},"modified":"2023-05-22T17:10:08","modified_gmt":"2023-05-22T17:10:08","slug":"publicaciones-otros-temas","status":"publish","type":"page","link":"https:\/\/blog.uclm.es\/grupo-eei\/publicaciones\/publicaciones-otros-temas\/","title":{"rendered":"Publicaciones en otros temas de investigaci\u00f3n"},"content":{"rendered":"<h1><strong>Publicaciones relacionadas con otros temas de investigaci\u00f3n \/\u00a0<span style=\"color: #0000ff\">Publications in diverse research lines:<\/span><\/strong><\/h1>\n<p>L\u00f3pez Garc\u00eda, A.; Ram\u00edrez-Urquidy, M.; Triguero, A. (2021): \u201cEfecto financiero del capital humano y sus interacciones con otros capitales intelectuales: el caso de las microempresas en M\u00e9xico\u201d en Ram\u00edrez-Urquidy, M.; Ram\u00edrez Angulo, N.; Texis Flores, M.; Osorio Novela, G. (Coord.), <em>Emprendimiento y educaci\u00f3n superior en M\u00e9xico: diversos enfoques en la construcci\u00f3n de ecosistemas<\/em>, UABC, Primera Edici\u00f3n 2021, Mexicali, Baja California, M\u00e9xico, pp. 235-259<\/p>\n<div class=\"et_pb_module et_pb_text et_pb_text_0 et_pb_text_align_left et_pb_bg_layout_light\">\n<div class=\"et_pb_text_inner\">\n<p><a href=\"https:\/\/blog.uclm.es\/grupo-eei\/publicaciones\/publicaciones-otros-temas\/crisis-siglo-xx\/\" rel=\"attachment wp-att-3643\"><img loading=\"lazy\" decoding=\"async\" class=\" wp-image-3643 alignleft\" src=\"https:\/\/blog.uclm.es\/grupo-eei\/wp-content\/uploads\/sites\/238\/2021\/03\/Crisis-Siglo-XX-227x300.png\" alt=\"\" width=\"139\" height=\"181\" \/><\/a><\/p>\n<p><em>Miguel R. Pardo Pardo (2020) <\/em>transformaciones socioecon\u00f3micas en la Espa\u00f1a interior. de la desagrarizaci\u00f3n a la gran recesi\u00f3n (1950-2014), en Jos\u00e9 Antonio Castellano L\u00f3pez (ed.), LAS CRISIS EN LA ESPA\u00d1A DEL SIGLO XX: AGENTES, ESTRUCTURAS Y CONFLICTOS EN LOS PROCESOS DE CAMBIO, Editorial S\u00edlex. Madrid; pp_ 207-256.<\/p>\n<p><a href=\"https:\/\/blog.uclm.es\/grupo-eei\/publicaciones\/publicaciones-otros-temas\/cyt-en-clm\/\" rel=\"attachment wp-att-3641\"><img loading=\"lazy\" decoding=\"async\" class=\" wp-image-3641 alignleft\" src=\"https:\/\/blog.uclm.es\/grupo-eei\/wp-content\/uploads\/sites\/238\/2021\/03\/CyT-en-CLM-211x300.jpg\" alt=\"\" width=\"136\" height=\"190\" \/><\/a>Miguel Pardo Pardo (2020) aporta varias entradas en: <strong>CIENCIA Y T\u00c9CNICA EN CASTILLA-LA MANCHA. Diccionario biogr\u00e1fico (nombres y hechos)<\/strong>, coordinada por Enrique D\u00edez Barra y Alfonso Gonz\u00e1lez Calero (2020) y publicada en Almud Ediciones Se trata de una obra colectiva,\u00a0m\u00e1s de 70 colaboradores,\u00a0que re\u00fane 337 entradas, b\u00e1sicamente biograf\u00edas, de cient\u00edficos e investigadores nacidos en la Regi\u00f3n o muy vinculados a ella (hasta la segunda mitad del s XX) y por otro lado referencias \u2013hist\u00f3ricas o actuales \u2014 a empresas o instituciones relacionadas con la tecnolog\u00eda y la investigaci\u00f3n cient\u00edfica.<\/p>\n<p>PALACIO MORENA, JUAN IGNACIO (2019):\u00a0\u201cAzc\u00e1rate y la dimensi\u00f3n social y econ\u00f3mica de la Instituci\u00f3n Libre de Ense\u00f1anza\u201d,\u00a0GUMERSINDO DE AZC\u00c1RATE. LA CONCIENCIA DEMOCR\u00c1TICA DE UNA \u00c9POCA, Instituto Leon\u00e9s de Cultura, Le\u00f3n, 303-338. I.S.B.N.: 978-84-89410-63-3.<\/p>\n<p><a href=\"https:\/\/blog.uclm.es\/grupo-eei\/publicaciones\/publicaciones-otros-temas\/negocios-sociales-portada\/\" rel=\"attachment wp-att-3638\"><img loading=\"lazy\" decoding=\"async\" class=\" wp-image-3638 alignleft\" src=\"https:\/\/blog.uclm.es\/grupo-eei\/wp-content\/uploads\/sites\/238\/2021\/03\/Negocios-Sociales-portada-221x300.gif\" alt=\"\" width=\"141\" height=\"250\" \/><\/a>PALACIO MORENA, JUAN IGNACIO (2019): \u201cLos desaf\u00edos de los negocios sociales en pa\u00edses desarrollados y en v\u00edas de desarrollo\u201d, en A. Mungaray Lagarda, G. Osorio Novela y N. Ram\u00edrez Angulo \/coordinadores), LOS NEGOCIOS SOCIALES. ALTERNATIVA EMPRESARIAL HUMANITARIA, Universidad Aut\u00f3noma de Baja California (UABC), UABC-Yunus Center, MAPorr\u00faa, M\u00e9xico, 19-24. I.S.B.N.: 978-607-524-291-0.<\/p>\n<p>PALACIO MORENA, JUAN IGNACIO (2018):\u00a0\u201cEstudio preliminar: Azc\u00e1rate y la econom\u00eda y sociedad contempor\u00e1neas\u201d\u00a0en el libro de Gumersindo de Azc\u00e1rate, ESTUDIOS ECON\u00d3MICOS Y SOCIALES. Madrid: Ediciones Cinca, 251 (VIII a LII el estudio preliminar).<\/p>\n<p>BLAZQUEZ GOMEZ, MARIA LETICIA; DIAZ MORA, M\u00aa DEL CARMEN (2016): \u201cEl Impacto Reciente de la Crisis Econ\u00f3mica en Castilla-La Mancha\u201d, PAPELES DE ECONOM\u00cdA ESPA\u00d1OLA, 148, 90-105.\u00a0Indicios de calidad: Revista indexada en la base de datos DICE, SCOPUS y Cat\u00e1logo Latindex.<\/p>\n<p>PARDO PARDO, MIGUEL RAMON; GONZALEZ-CALERO, ALFONSO; MINGO LORENTE, ADOLFO DE; ROMERA VALERO, ANGEL (2016): \u201cLa Econom\u00eda de Castilla-La Mancha en el Antiguo R\u00e9gimen\u201d, CASTILLA Y LA MANCHA EN EL SIGLO XVIII. APROXIMACI\u00d3N Y MISCEL\u00c1NEA, 15-56. I.S.B.N.: 978-84-445045.<\/p>\n<p>PARDO PARDO, MIGUEL RAMON; GONZALEZ-CALERO, ALFONSO; ROMERA VALERO, ANGEL (2016): \u201cAnexo Bibliogr\u00e1fico Historia y Econom\u00eda de CLM (siglo XVIII)\u201d, CASTILLA Y LA MANCHA EN EL SIGLO XVIII. APROXIMACI\u00d3N Y MISCEL\u00c1NEA, 601-623. I.S.B.N.: 978-84-445045.<\/p>\n<\/div>\n<\/div>\n<div class=\"et_pb_module et_pb_divider et_pb_divider_0 et_pb_divider_position_ et_pb_space\">\n<div class=\"et_pb_divider_internal\"><\/div>\n<\/div>\n<div class=\"et_pb_module et_pb_text et_pb_text_1 et_pb_text_align_left et_pb_bg_layout_light\">\n<div class=\"et_pb_text_inner\">\n<h1><strong>Publicaciones relacionadas con la innovaci\u00f3n docente \/\u00a0<span style=\"color: #0000ff\">Publications on teaching innovation:<\/span><\/strong><\/h1>\n<p>Triguero, A., E. Amo, C. C\u00f3rcoles, C. D\u00edaz-Garc\u00eda, E. Alfaro-Cort\u00e9s, F. Jare\u00f1o, N. Garc\u00eda-Rubio, Y. Ram\u00edrez (2022): \u201cIdentificaci\u00f3n de competencias digitales del profesorado de la Facultad de Ciencias Econ\u00f3micas y Empresariales de la UCLM\u201d en Chicharro Higuera, J.M., Soriano P\u00e9rez, M.A., Herv\u00e1s Lucas, R. (Coord.), <em>Innovaci\u00f3n docente en la ense\u00f1anza universitaria. Experiencias en Castilla-La Mancha<\/em>, Ediciones de la Universidad de Castilla-La Mancha, Cuenca, I.S.B.N.: 978-84-9044-557-0. <a href=\"https:\/\/doi.org\/10.18239\/jornadas_2022.39.00\">https:\/\/doi.org\/10.18239\/jornadas_2022.39.00<\/a>, pp. 145-155.<\/p>\n<p>DIAZ MORA, M\u00aa DEL CARMEN; GARCIA MARTIN, JUAN ANTONIO; MOLINA COLLADO, ARTURO (2016): \u201cWhat is the Key to Academic Success? An Analysis of the Relationship between Time Use and Student Performance\/\u00bfD\u00f3nde est\u00e1 la Clave del \u00c9xito Acad\u00e9mico? Un An\u00e1lisis de la Relaci\u00f3n entre el Uso del Tiempo y el Rendimiento Acad\u00e9mico\u201d, CULTURA Y EDUCACION, 28(1), 157-195. Indicios de calidad: JCR (SSCI, Education &amp; Educational Research), \u00cdndice de impacto: 0.306. Posici\u00f3n: 210\/231 (Q4)<\/p>\n<\/div>\n<\/div>\n","protected":false},"excerpt":{"rendered":"<p>Publicaciones relacionadas con otros temas de investigaci\u00f3n \/\u00a0Publications in diverse research lines: L\u00f3pez Garc\u00eda, A.; Ram\u00edrez-Urquidy, M.; Triguero, A. (2021): \u201cEfecto financiero del capital humano y sus interacciones con otros capitales intelectuales: el caso de las microempresas en M\u00e9xico\u201d en Ram\u00edrez-Urquidy, M.; Ram\u00edrez Angulo, N.; Texis Flores, M.; Osorio Novela, G. (Coord.), Emprendimiento y educaci\u00f3n &hellip; <a href=\"https:\/\/blog.uclm.es\/grupo-eei\/publicaciones\/publicaciones-otros-temas\/\" class=\"more-link\">Seguir leyendo <span class=\"screen-reader-text\">Publicaciones en otros temas de investigaci\u00f3n<\/span> <span class=\"meta-nav\">&rarr;<\/span><\/a><\/p>\n","protected":false},"author":392,"featured_media":0,"parent":35,"menu_order":0,"comment_status":"closed","ping_status":"closed","template":"","meta":{"footnotes":""},"class_list":["post-3481","page","type-page","status-publish","hentry"],"_links":{"self":[{"href":"https:\/\/blog.uclm.es\/grupo-eei\/wp-json\/wp\/v2\/pages\/3481","targetHints":{"allow":["GET"]}}],"collection":[{"href":"https:\/\/blog.uclm.es\/grupo-eei\/wp-json\/wp\/v2\/pages"}],"about":[{"href":"https:\/\/blog.uclm.es\/grupo-eei\/wp-json\/wp\/v2\/types\/page"}],"author":[{"embeddable":true,"href":"https:\/\/blog.uclm.es\/grupo-eei\/wp-json\/wp\/v2\/users\/392"}],"replies":[{"embeddable":true,"href":"https:\/\/blog.uclm.es\/grupo-eei\/wp-json\/wp\/v2\/comments?post=3481"}],"version-history":[{"count":3,"href":"https:\/\/blog.uclm.es\/grupo-eei\/wp-json\/wp\/v2\/pages\/3481\/revisions"}],"predecessor-version":[{"id":4748,"href":"https:\/\/blog.uclm.es\/grupo-eei\/wp-json\/wp\/v2\/pages\/3481\/revisions\/4748"}],"up":[{"embeddable":true,"href":"https:\/\/blog.uclm.es\/grupo-eei\/wp-json\/wp\/v2\/pages\/35"}],"wp:attachment":[{"href":"https:\/\/blog.uclm.es\/grupo-eei\/wp-json\/wp\/v2\/media?parent=3481"}],"curies":[{"name":"wp","href":"https:\/\/api.w.org\/{rel}","templated":true}]}}