{"id":342,"date":"2017-04-05T15:33:58","date_gmt":"2017-04-05T14:33:58","guid":{"rendered":"http:\/\/blog.uclm.es\/grupo-eei\/?page_id=342"},"modified":"2025-09-04T11:56:58","modified_gmt":"2025-09-04T11:56:58","slug":"proyectos-y-contratos-de-investigacion","status":"publish","type":"page","link":"https:\/\/blog.uclm.es\/grupo-eei\/proyectos-y-contratos-de-investigacion\/","title":{"rendered":"Proyectos y contratos de investigaci\u00f3n \/ Research projects"},"content":{"rendered":"\n<h2 class=\"wp-block-heading\"><strong>Participaci\u00f3n en Proyectos de I+D financiados en convocatorias p\u00fablicas \/ Research projects:<\/strong><\/h2>\n\n\n\n<hr class=\"wp-block-separator has-alpha-channel-opacity is-style-wide\" \/>\n\n\n\n<div class=\"wp-block-columns is-layout-flex wp-container-core-columns-is-layout-9d6595d7 wp-block-columns-is-layout-flex\">\n<div class=\"wp-block-column is-layout-flow wp-block-column-is-layout-flow\" style=\"flex-basis:100%\">\n<figure class=\"wp-block-table\"><table><thead><tr><th class=\"has-text-align-left\" data-align=\"left\">T\u00edtulo del proyecto \/\u00a0Title:\u00a0INDUSTRIA 4.0 Y ECOINNOVACI\u00d3N: MODELOS DE NEGOCIO DE ECONOM\u00cdA CIRCULAR EN LAS EMPRESAS DE MANUFACTURAS<\/th><\/tr><\/thead><tbody><tr><td class=\"has-text-align-left\" data-align=\"left\"><strong>Entidad financiadora \/\u00a0Funding entity:<\/strong>\u00a0Ministerio de Ciencia, Innovaci\u00f3n y Universidades (cofinanciado por la Uni\u00f3n Europea)<br><strong>Entidad participante \/\u00a0Participating entity:<\/strong>\u00a0Universidad de Castilla-La Mancha<br><strong>Duraci\u00f3n \/\u00a0Duration:<\/strong>\u00a02024-2026<br><strong>Cuant\u00eda de la subvenci\u00f3n \/\u00a0Amount awarded:<\/strong>\u00a075.000 \u20ac<br><strong>Miembros del equipo investigador \/\u00a0Members:<\/strong>\u00a0\u00c1ngela Triguero &amp; Francisco S\u00e1ez (co-IPs)<br><\/td><\/tr><\/tbody><\/table><\/figure>\n\n\n\n<p><\/p>\n<\/div>\n<\/div>\n\n\n\n<div class=\"wp-block-columns is-layout-flex wp-container-core-columns-is-layout-9d6595d7 wp-block-columns-is-layout-flex\">\n<div class=\"wp-block-column is-layout-flow wp-block-column-is-layout-flow\" style=\"flex-basis:100%\">\n<figure class=\"wp-block-table\"><table><thead><tr><th class=\"has-text-align-left\" data-align=\"left\">T\u00edtulo del proyecto \/\u00a0Title:\u00a0SERVICIO DE ESTUDIO SOBRE LAS CADENAS DE VALOR ESTABLECIDAS ENTRE LOS PA\u00cdSES DE LA<br>UE Y OTROS PA\u00cdSES INTEGRANTES DE LA UNI\u00d3N POR EL MEDITERR\u00c1NEO, CON ESPECIAL REFERENCIA A LAS PYMES<\/th><\/tr><\/thead><tbody><tr><td class=\"has-text-align-left\" data-align=\"left\"><strong>Entidad financiadora \/&nbsp;Funding entity<\/strong>: Subdirecci\u00f3n General de Estudios y Evaluaci\u00f3n de Instrumentos de Pol\u00edtica Comercial. Administraci\u00f3n General del Estado. Comercio, Turismo y Pymes.<br><strong>Entidad participante \/&nbsp;Participating entity<\/strong>:&nbsp;Universidad de Castilla-La Mancha.<br><strong>Duraci\u00f3n \/&nbsp;Duration<\/strong>:&nbsp;20\/04\/2023 al 15\/09\/2023.<br><strong>Cuant\u00eda de la subvenci\u00f3n \/&nbsp;Amount awarded<\/strong>:&nbsp;14.950 EUR<br><strong>Miembros del equipo investigador \/&nbsp;Members<\/strong>: Rosario Gandoy Juste (IP); Carmen D\u00edaz Mora; Bel\u00e9n Gonz\u00e1lez D\u00edaz; Fernando Merino de Lucas y Carmen Martinez Mora.<\/td><\/tr><\/tbody><\/table><\/figure>\n\n\n\n<figure class=\"wp-block-table\"><table><thead><tr><th class=\"has-text-align-left\" data-align=\"left\">T\u00edtulo del proyecto \/&nbsp;Title:&nbsp;ECO-INNOVACIONES: HACIA LA ECONOM\u00cdA CIRCULAR DE LA ACTIVIDAD VITIVIN\u00cdCOLA DE BAJA CALIFORNIA<\/th><\/tr><\/thead><tbody><tr><td class=\"has-text-align-left\" data-align=\"left\"><strong>Entidad financiadora \/&nbsp;Funding entity<\/strong>: COORDINACI\u00d3N GENERAL DE INVESTIGACI\u00d3N Y POSGRADO FRP-CI-01. 23a. Convocatoria Interna De Apoyo A Proyectos De Investigaci\u00f3n Universidad Aut\u00f3noma de Baja California.<br><strong>Entidad participante \/&nbsp;Participating entity<\/strong>:&nbsp;Universidad Aut\u00f3noma de Baja California Universidad Aut\u00f3noma Chapingo, Universidad de Castilla-La Mancha.<br><strong>Duraci\u00f3n \/&nbsp;Duration<\/strong>:&nbsp;01\/01\/2023 al 31\/12\/2024<br><strong>Cuant\u00eda de la subvenci\u00f3n \/&nbsp;Amount awarded<\/strong>:&nbsp;$576,000.00 (30.092\u20ac)<br><strong>Miembros del equipo investigador \/&nbsp;Members<\/strong>: Belem Dolores Avenda\u00f1o Ruiz (IP)<br>Ricardo L\u00f3pez Zavala; Blancka Yesenia Samaniego Gamez Juana Astorga Ceja; Olga Alejandra Sierra Lopez Arturo Julian Arroyo Cossio; Liliana Gonzalez Ramos; Ana Isabel Acosta Martinez; Erika Garc\u00eda Meneses ; Jesus Armando Rios Flores; Jose Manuel Zavala Suarez; Rita Elise Schwentesius Schunemann; \u00c1ngela Triguero Cano; Veronica Guadalupe De La O Burrola; Luciano De La Rosa Gutierrez.<\/td><\/tr><\/tbody><\/table><\/figure>\n\n\n\n<p><\/p>\n<\/div>\n<\/div>\n\n\n\n<div class=\"wp-block-columns is-layout-flex wp-container-core-columns-is-layout-9d6595d7 wp-block-columns-is-layout-flex\">\n<div class=\"wp-block-column is-layout-flow wp-block-column-is-layout-flow\" style=\"flex-basis:100%\">\n<figure class=\"wp-block-table\"><table><thead><tr><th class=\"has-text-align-left\" data-align=\"left\">T\u00edtulo del proyecto \/&nbsp;Title:&nbsp;COMERCIO INTERNACIONAL E INVERSI\u00d3N EXTRANJERA DIRECTA EN UN MUNDO POST-COVID (ITFDI)<\/th><\/tr><\/thead><tbody><tr><td class=\"has-text-align-left\" data-align=\"left\"><strong>Entidad financiadora \/&nbsp;Funding entity<\/strong>:&nbsp;Ministerio de Ciencia e Innovaci\u00f3n (MCIN). Proyectos de Generaci\u00f3n de Conocimiento (convocatoria 2021)<br><strong>Entidad participante \/&nbsp;Participating entity<\/strong>:&nbsp;Universidad de Deusto, Universidad de Valencia, Universidad de Castilla-La Mancha, Universidad de Alcal\u00e1, Universidad Nebrija, Universidad Jaume I y Universidad de Granada. <br><strong>Duraci\u00f3n \/&nbsp;Duration<\/strong>:&nbsp;01\/09\/2022 al 01\/09\/2025<br><strong>Cuant\u00eda de la subvenci\u00f3n \/&nbsp;Amount awarded<\/strong>:&nbsp;84.615,30 \u20ac<br><strong>Miembros del equipo investigador \/&nbsp;Members<\/strong>:&nbsp;Asier Minondo (IP), Salvador Gil-Pareja (IP), Guadalupe Serrano, Aitor Garmendia, Joan Antoni Martin Montaner, Francisco Requena, Carmen D\u00edaz-Mora, Silviano Esteve, Ra\u00fal Minguez, Federico Carril-Caccia, Rafael Llorca, Jordi Paniagua, Juan Jos\u00e9 de Lucio Fern\u00e1ndez, Rosario Gandoy y Bel\u00e9n Gonz\u00e1lez-D\u00edaz <\/td><\/tr><\/tbody><\/table><\/figure>\n<\/div>\n<\/div>\n\n\n\n<figure class=\"wp-block-table\"><table><thead><tr><th class=\"has-text-align-left\" data-align=\"left\">T\u00edtulo del proyecto \/&nbsp;Title:&nbsp;Gasto p\u00fablico en educaci\u00f3n y capital humano: Efectos sobre la productividad, los salarios y el crecimiento per c\u00e1pita<\/th><\/tr><\/thead><tbody><tr><td class=\"has-text-align-left\" data-align=\"left\"><strong>Entidad financiadora \/&nbsp;Funding entity<\/strong>:&nbsp;Instituto de Estudios Fiscales<br><strong>Entidad participante \/&nbsp;Participating entity<\/strong>:&nbsp;Universidad de Castilla-La Mancha <br><strong>Duraci\u00f3n \/&nbsp;Duration<\/strong>:&nbsp;05\/07\/2022 al 05\/07\/2023<br><strong>Cuant\u00eda de la subvenci\u00f3n \/&nbsp;Amount awarded<\/strong>:&nbsp;4.800 \u20ac<br><strong>Miembros del equipo investigador \/&nbsp;Members<\/strong>:&nbsp;Carmen D\u00edaz Rold\u00e1n y Vicente Coronel Guti\u00e9rrez<\/td><\/tr><\/tbody><\/table><\/figure>\n\n\n\n<figure class=\"wp-block-table\"><table><thead><tr><th class=\"has-text-align-left\" data-align=\"left\"><strong>T\u00edtulo del proyecto \/&nbsp;Title:<\/strong>&nbsp;El an\u00e1lisis de fuentes de informaci\u00f3n para el conocimiento de la internacionalizaci\u00f3n del sector servicios. Estudio prospectivo de Estudio para la Subdirecci\u00f3n General de Estudios y Evaluaci\u00f3n de Instrumentos de Pol\u00edtica Comercial (SGEIPOLCO)<\/th><\/tr><\/thead><tbody><tr><td class=\"has-text-align-left\" data-align=\"left\"><strong>Entidad financiadora \/&nbsp;Funding entity:<\/strong>&nbsp;Ministerio de Innovaci\u00f3n, Ciencia y Universidades. Art. 83.<br><strong>Entidad participante \/&nbsp;Participating entity:<\/strong>&nbsp;Universidad de Castilla-La Mancha<br><strong>Duraci\u00f3n \/&nbsp;Duration:<\/strong>&nbsp;01\/06\/2021 al 30\/09\/2021<br><strong>Cuant\u00eda de la subvenci\u00f3n \/&nbsp;Amount awarded:<\/strong>&nbsp;14.520 \u20ac<br><strong>Miembros del equipo investigador \/&nbsp;Members:<\/strong>&nbsp;Carmen D\u00edaz-Mora (IP), Rosario Gandoy Juste y Bel\u00e9n Gonz\u00e1lez-D\u00edaz<\/td><\/tr><\/tbody><\/table><\/figure>\n\n\n\n<figure class=\"wp-block-table\"><table><thead><tr><th class=\"has-text-align-left\" data-align=\"left\"><strong>T\u00edtulo del proyecto \/&nbsp;Title:<\/strong>&nbsp;INFLUENCIA DE LAS ESTRATEGIAS DE INNOVACI\u00d3N ABIERTA EN EL DESARROLLO DE ECOINNOVACIONES EN EL TR\u00c1NSITO HACIA UNA ECONOM\u00cdA CIRCULAR<\/th><\/tr><\/thead><tbody><tr><td class=\"has-text-align-left\" data-align=\"left\"><strong>Entidad financiadora \/&nbsp;Funding entity:<\/strong>&nbsp;Ministerio de Innovaci\u00f3n, Ciencia y Universidades<br><strong>Entidad participante \/&nbsp;Participating entity:<\/strong>&nbsp;Universidad de Castilla-La Mancha<br><strong>Duraci\u00f3n \/&nbsp;Duration:<\/strong>&nbsp;05\/2019 al 29\/12\/2021<br><strong>Cuant\u00eda de la subvenci\u00f3n \/&nbsp;Amount awarded:<\/strong>&nbsp;28.798 \u20ac<br><strong>Miembros del equipo investigador \/&nbsp;Members:<\/strong>&nbsp;\u00c1ngela Triguero &amp; Francisco S\u00e1ez (co-IPs)<\/td><\/tr><\/tbody><\/table><\/figure>\n\n\n\n<figure class=\"wp-block-table\"><table><thead><tr><th class=\"has-text-align-left\" data-align=\"left\">T\u00edtulo del proyecto \/&nbsp;Title:&nbsp;DESAJUSTE EDUCATIVO, COMPETENCIAS Y SEGREGACION OCUPACIONAL<\/th><\/tr><\/thead><tbody><tr><td class=\"has-text-align-left\" data-align=\"left\"><strong>Entidad financiadora \/&nbsp;Funding entity<\/strong>:&nbsp;Ministerio de Ciencia e Innovaci\u00f3n<br><strong>Entidad participante \/&nbsp;Participating entity<\/strong>:&nbsp;Universidad de Castilla-La Mancha, Universidad de Alcal\u00e1, Universidad de Zaragoza, Universidad de Extremadura y Universidad Rey Juan Carlos<br><strong>Duraci\u00f3n \/&nbsp;Duration<\/strong>:&nbsp;01\/09\/2021 al 30\/08\/2024<br><strong>Cuant\u00eda de la subvenci\u00f3n \/&nbsp;Amount awarded<\/strong>:&nbsp;34.000 \u20ac<br><strong>Miembros del equipo investigador \/&nbsp;Members<\/strong>:&nbsp;Mar\u00eda \u00c1ngeles Davia (co-IPs), Cecilia Albert (co-IPs), Nuria Legazpe, Inmaculada Garc\u00eda, V\u00edctor Montuenga, In\u00e9s Murillo y Fernando Pinto<\/td><\/tr><\/tbody><\/table><\/figure>\n\n\n\n<figure class=\"wp-block-table\"><table><thead><tr><th class=\"has-text-align-left\" data-align=\"left\"><strong>T\u00edtulo del proyecto \/ Title:<\/strong>&nbsp;EFFICIENCY, INNOVATION AND COMPETITIVENESS AND SUSTAINABLE PERFORMANCE<\/th><\/tr><\/thead><tbody><tr><td class=\"has-text-align-left\" data-align=\"left\"><strong>Entidad financiadora \/ Funding entity:<\/strong>&nbsp;Ministerio de Educaci\u00f3n, Cultura y Deportes<br><strong>Entidad participante \/ Participating entity:<\/strong>&nbsp;Universidad de Castilla-La Mancha, Universidad Aut\u00f3noma de Barcelona, Universidad P\u00fablica de Navarra, Universitat de Girona<br><strong>Duraci\u00f3n \/ Duration:<\/strong>&nbsp;01\/01\/2018 al 01\/01\/2021<br><strong>Cuant\u00eda de la subvenci\u00f3n \/ Amount awarded:<\/strong>&nbsp;31.460 \u20ac<br><strong>Miembros del equipo investigador \/ Members:<\/strong>&nbsp;Emili Grifell Tatje (IP); Mar\u00eda Leticia Bl\u00e1zquez G\u00f3mez; Pablo Arocena; Joan Lluis Capelleras Segura; Mar\u00eda Pilar Marques Gou; Rodolfo de Castro Villa.<\/td><\/tr><\/tbody><\/table><\/figure>\n\n\n\n<figure class=\"wp-block-table\"><table><thead><tr><th class=\"has-text-align-left\" data-align=\"left\"><strong>T\u00edtulo del proyecto \/ Title:<\/strong>&nbsp; ESTRATEGIAS DE CONSOLIDACI\u00d3N FISCAL Y EVOLUCI\u00d3N DEL SECTOR EXTERIOR EN LA UNI\u00d3N EUROPEA<\/th><\/tr><\/thead><tbody><tr><td class=\"has-text-align-left\" data-align=\"left\"><strong>Entidad financiadora \/ Funding entity:<\/strong>&nbsp;Ministerio de Econom\u00eda, Industria y Competitividad<br><strong>Entidad participante \/ Participating entity:<\/strong>&nbsp;Universidad de Castilla-La Mancha<br><strong>Duraci\u00f3n \/ Duration:<\/strong>&nbsp;30\/12\/2016 al 29\/12\/2019<br><strong>Cuant\u00eda de la subvenci\u00f3n \/ Amount awarded:<\/strong>&nbsp;20.570 \u20ac<br><strong>Miembros del equipo investigador \/ Members:<\/strong>&nbsp;Diaz Roldan, Mar\u00eda Del Carmen (IP); Diaz Mora, M.\u00aa Del Carmen (IP); Bajo Rubio, Oscar; Gandoy Juste, Rosario; Gonz\u00e1lez Diaz, Bel\u00e9n; Latorre Mu\u00f1oz, Mar\u00eda Concepci\u00f3n<\/td><\/tr><\/tbody><\/table><\/figure>\n\n\n\n<figure class=\"wp-block-table\"><table><thead><tr><th class=\"has-text-align-left\" data-align=\"left\"><strong>T\u00edtulo del proyecto \/ Title:<\/strong>&nbsp; LOS PROCESOS DE INNOVACI\u00d3N ABIERTA EN EL DESARROLLO DE ECOINNOVACIONES EN EL SECTOR AGROALIMENTARIO<\/th><\/tr><\/thead><tbody><tr><td class=\"has-text-align-left\" data-align=\"left\"><strong>Entidad financiadora \/ Funding entity:<\/strong>&nbsp;MINECO\/FEDER<br><strong>Entidad participante \/ Participating entity:<\/strong>&nbsp;UNIVERSIDAD DE CASTILLA-LA MANCHA<br><strong>Duraci\u00f3n \/ Duration:<\/strong>&nbsp;01\/01\/2016 al 31\/12\/2018<br><strong>Cuant\u00eda de la subvenci\u00f3n \/ Amount awarded:<\/strong>&nbsp;10.000 \u20ac&nbsp;<br><strong>Miembros del equipo investigador \/ Members:<\/strong>&nbsp;S\u00e1ez Mart\u00ednez, Francisco Jos\u00e9 (IP), Triguero Cano, Angela (IP); \u00c1lvarez Aledo, Carlos; C\u00f3rcoles Gonz\u00e1lez, David; Cuerva Narro, Mar\u00eda Del Carmen; Diaz Garc\u00eda, Mar\u00eda Cristina; Gonz\u00e1lez Moreno, Angela; Moreno Mond\u00e9jar, Mar\u00eda Lourdes<\/td><\/tr><\/tbody><\/table><\/figure>\n\n\n\n<figure class=\"wp-block-table\"><table><thead><tr><th class=\"has-text-align-left\" data-align=\"left\"><strong>T\u00edtulo del proyecto \/ Title:&nbsp;<\/strong>&nbsp; CRISIS&nbsp;&nbsp; Y&nbsp;&nbsp; CAMBIOS&nbsp;&nbsp; SOCIALES:&nbsp;&nbsp; IMPACTOS&nbsp;&nbsp; EN&nbsp;&nbsp; EL&nbsp;&nbsp; PROCESO&nbsp;&nbsp; DE MODERNIZACION EN LA ESPA\u00d1A DEL SIGLO XX, 1898-2008.&nbsp;&nbsp;<\/th><\/tr><\/thead><tbody><tr><td class=\"has-text-align-left\" data-align=\"left\"><strong>Entidad financiadora \/ Funding entity:&nbsp;<\/strong>&nbsp;Ministerio de Econom\u00eda y Competitividad.&nbsp; Secretar\u00eda de Estado de Investigaci\u00f3n, Desarrollo e Innovaci\u00f3n<br><strong>Entidad participante \/ Participating entity:<\/strong>&nbsp;Universidad de Castilla-La Mancha<br><strong>Duraci\u00f3n \/ Duration:<\/strong>&nbsp;01\/06\/2015 al 01\/06\/2018<br><strong>Cuant\u00eda de la subvenci\u00f3n \/ Amount awarded:<\/strong>&nbsp;47.000 \u20ac&nbsp;<br><strong>Miembros del equipo investigador \/ Members:<\/strong>&nbsp;Castellanos L\u00f3pez, Jos\u00e9 Antonio (IP); P\u00e9rez Garz\u00f3n, Juan Sisinio; Valle Calzado, \u00c1ngel Ramon; Pardo Pardo, Miguel Ramon; \u00c1lvarez, Honorio; Alia Miranda, Francisco; Villena Espinosa, Rafael; L\u00f3pez Villaverde, \u00c1ngel Luis; S\u00e1nchez Mosquera, Marcial; Azagra Ros, Joaqu\u00edn Pedro; S\u00e1nchez Collantes, Sergio<\/td><\/tr><\/tbody><\/table><\/figure>\n\n\n\n<hr class=\"wp-block-separator has-alpha-channel-opacity\" \/>\n\n\n\n<h2 class=\"wp-block-heading\"><strong>Participaci\u00f3n en Contratos de I+D de especial relevancia con Empresas y\/o Administraciones \/ Research contracts:<\/strong><\/h2>\n\n\n\n<hr class=\"wp-block-separator has-alpha-channel-opacity is-style-wide\" \/>\n\n\n\n<figure class=\"wp-block-table\"><table><thead><tr><th class=\"has-text-align-left\" data-align=\"left\"><strong>Nombre del proyecto \/ Title:<\/strong>&nbsp;REALIZACI\u00d3N DEL IMPACTO ECON\u00d3MICO DE MERCADONA EN CASTILLA LA MANCHA EN 2017<\/th><\/tr><\/thead><tbody><tr><td class=\"has-text-align-left\" data-align=\"left\"><strong>Administraci\u00f3n financiadora \/ Funding administration:<\/strong>&nbsp;INSTITUTO VALENCIANO DE INVESTIGACIONES ECONOMICAS (IVIE S.A)<br><strong>Entidades participantes \/ Participating entities:<\/strong>&nbsp;INSTITUTO VALENCIANO DE INVESTIGACIONES ECONOMICAS (IVIE S.A)<br><strong>Fecha de inicio \/ Starting date:<\/strong>&nbsp;26\/04\/2018<br><strong>Duraci\u00f3n \/ Duration:<\/strong>&nbsp;2 meses \u2013 5 d\u00edas<br><strong>Cuant\u00eda de la subvenci\u00f3n \/ Amount awarded:<\/strong>&nbsp;1.815 \u20ac<br><strong>Miembros del equipo investigador \/&nbsp; Members:<\/strong>&nbsp;Miguel Ramon Pardo Pardo<\/td><\/tr><\/tbody><\/table><\/figure>\n\n\n\n<figure class=\"wp-block-table\"><table><thead><tr><th class=\"has-text-align-left\" data-align=\"left\"><strong>Nombre del proyecto \/ Title:<\/strong>&nbsp;REALIZACI\u00d3N DE UN MODELO DE VIABILIDAD Y DE AN\u00c1LISIS ECONOMICO Y FINANCIERO PARA PYMES<\/th><\/tr><\/thead><tbody><tr><td class=\"has-text-align-left\" data-align=\"left\"><strong>Administraci\u00f3n financiadora \/ Funding administration:<\/strong> CONSULTORIA, INGENIERIA Y NUEVAS T.<br><strong>Entidades participantes \/ Participating entities:<\/strong>&nbsp;UCLM<br><strong>Fecha de inicio \/ Starting date:<\/strong>&nbsp;15\/11\/2017<br><strong>Duraci\u00f3n \/ Duration:<\/strong>&nbsp;2 meses \u2013 1 d\u00eda<br><strong>Cuant\u00eda de la subvenci\u00f3n \/ Amount awarded:<\/strong>&nbsp;2.662 \u20ac<br><strong>Miembros del equipo investigador \/ Members:<\/strong>&nbsp;Juan Carlos Guillermo Ceballos Santamaria<\/td><\/tr><\/tbody><\/table><\/figure>\n\n\n\n<figure class=\"wp-block-table\"><table><thead><tr><th class=\"has-text-align-left\" data-align=\"left\"><strong>Nombre del proyecto \/ Title:<\/strong>&nbsp;COLABORACI\u00d3N ENTRE LAS PARTES EN RELACI\u00d3N CON LA PROGRAMACI\u00d3N Y EJECUCI\u00d3N DE ACCIONES DESTINADAS A PROMOVER EL DESARROLLO SOSTENIBLE Y LA AGENDA 21 DEL MUNICIPIO DE ALBACETE<\/th><\/tr><\/thead><tbody><tr><td class=\"has-text-align-left\" data-align=\"left\"><strong>Administraci\u00f3n financiadora \/ Funding administration:<\/strong> AYUNTAMIENTO DE ALBACETE<br><strong>Entidades participantes \/ Participating entities<\/strong>: UCLM, AYUNTAMIENTO DE ALBACETE<br><strong>Fecha de inicio \/ Starting date:<\/strong>&nbsp;26\/09\/2017 Duraci\u00f3n \/ Duration: 1 a\u00f1o \u2013 12 meses \u2013 4 d\u00edas<br><strong>Cuant\u00eda de la subvenci\u00f3n \/ Amount awarded:<\/strong>&nbsp;72.000 \u20ac<br><strong>Miembros del equipo investigador \/ Members:<\/strong>&nbsp;Jorge Antonio de las Heras Ib\u00e1\u00f1ez (IP); Miguel Ramon Pardo Pardo (IP); Carlos \u00c1lvarez Aledo; Mar\u00eda Elisa Amo Saus; Jos\u00e9 Ba\u00f1os Torres; Carmen C\u00f3rcoles Fuentes; Mat\u00edas G\u00e1mez Mart\u00ednez; Noelia Garc\u00eda Rubio; Manuel Esteban Lucas Borja; Daniel Moya Navarro; Rosario P\u00e9rez Morote; Yolanda Ram\u00edrez C\u00f3rcoles; Angela Triguero Cano; Mar\u00eda de las Mercedes Sanz G\u00f3mez<\/td><\/tr><\/tbody><\/table><\/figure>\n\n\n\n<figure class=\"wp-block-table\"><table><thead><tr><th class=\"has-text-align-left\" data-align=\"left\"><strong>T\u00edtulo del contrato \/ Title:<\/strong>&nbsp;CONVENIO DE COLABORACI\u00d3N ENTRE UCLM Y DIPUTACI\u00d3N PROVINCIAL DE ALBACETE PARA LA CONTINUACI\u00d3N DEL OBSERVATORIO PROVINCIAL DE DESARROLLO SOSTENIBLE&nbsp; &nbsp;&nbsp;<\/th><\/tr><\/thead><tbody><tr><td class=\"has-text-align-left\" data-align=\"left\"><strong>Tipo de contrato \/ Type of contract:<\/strong>&nbsp;ANUAL<br><strong>Administraci\u00f3n financiadora \/ Funding administration:&nbsp;<\/strong>DIPUTACI\u00d3N PROVINCIAL DE ALBACETE&nbsp; &nbsp; &nbsp; &nbsp; &nbsp; &nbsp; &nbsp; &nbsp; &nbsp;&nbsp;<br><strong>Entidades participantes \/ Participating entities:<\/strong>&nbsp;UCLM-DIPUTACI\u00d3N PROVINCIAL DE ALBACETE&nbsp; &nbsp; &nbsp; &nbsp; &nbsp; &nbsp; &nbsp; &nbsp; &nbsp; &nbsp; &nbsp; &nbsp; &nbsp; &nbsp; &nbsp; &nbsp; &nbsp; &nbsp; &nbsp; <br><strong>Duraci\u00f3n \/ Duration:<\/strong>&nbsp;01\/01\/2016 al 31\/12\/2016&nbsp; &nbsp; &nbsp; &nbsp; &nbsp; &nbsp; &nbsp; &nbsp; &nbsp; &nbsp; &nbsp; &nbsp; &nbsp; &nbsp;&nbsp;<br><strong>Importe total del proyecto \/ Amount awarded:<\/strong>&nbsp;40.000 \u20ac<br><strong>Miembros del equipo investigador \/ Members:<\/strong>&nbsp;Pardo Pardo, Miguel Ram\u00f3n; Heras Ib\u00e1\u00f1ez, Jorge Antonio De Las; \u00c1lvarez Aledo, Carlos; Amo Saus, Mar\u00eda Elisa; Ba\u00f1os Torres, Jos\u00e9; C\u00f3rcoles Fuentes, Carmen; Gamiz Mart\u00ednez, Mat\u00edas; Garc\u00eda Rubio, Noelia; P\u00e9rez Morote, Rosario; Ram\u00edrez C\u00f3rcoles, Yolanda; Sanz G\u00f3mez, Mar\u00eda De Las Mercedes; Triguero Cano, \u00c1ngela<\/td><\/tr><\/tbody><\/table><\/figure>\n\n\n\n<figure class=\"wp-block-table\"><table><thead><tr><th class=\"has-text-align-left\" data-align=\"left\"><strong>T\u00edtulo del contrato \/ Title:<\/strong>&nbsp;CONVENIO DE I+D ENTRE EL AYUNTAMIENTO DE CUENCA Y LA UCLM PARA LA REALIZACION DEL ESTUDIO DE TITULO: INVESTIGACION Y ESTUDIO DE LA DISCAPACIDAD EN LA CIUDAD DE CUENCA, EN EL MARCO DEL CONSEJO MUNICIPAL DE INTEGRACION&nbsp;<\/th><\/tr><\/thead><tbody><tr><td class=\"has-text-align-left\" data-align=\"left\"><strong>Tipo de contrato \/ Type of contract:<\/strong>&nbsp;CONVENIO DE COLABORACI\u00d3N \u2013 I+D<br><strong>Administraci\u00f3n financiadora \/ Funding administration<\/strong>: AYUNTAMIENTO DE CUENCA&nbsp; &nbsp; &nbsp; &nbsp; &nbsp; &nbsp; &nbsp; &nbsp; &nbsp; &nbsp; &nbsp; &nbsp; &nbsp; &nbsp; &nbsp; &nbsp; &nbsp; &nbsp; &nbsp; &nbsp; &nbsp; &nbsp; &nbsp; &nbsp; <br><strong>Entidades participantes \/ Participating entities:<\/strong>&nbsp;AYUNTAMIENTO DE CUENCA<br><strong>Duraci\u00f3n \/ Duration:<\/strong>&nbsp;03\/04\/2014 al 03\/04\/2016<br><strong>Importe total del proyecto \/ Amount awarded:<\/strong>&nbsp;6.000 \u20ac&nbsp;<br><strong>Miembros del equipo investigador \/ Members:<\/strong>&nbsp;Guti\u00e9rrez Zornoza, Myriam; Pardo Alfaro, Margarita; Ceballos L\u00f3pez Manzanares, N\u00e9stor; Ceballos Santamar\u00eda, Juan Carlos Guillermo; Guti\u00e9rrez Villalta, Jes\u00fas; Villanueva Cuevas, Antonio; Mota Utanda, Mar\u00eda Del Carmen; Maldonado Lozano, Manuel Jes\u00fas; Larra\u00f1aga Rubio, Mar\u00eda Elisa<\/td><\/tr><\/tbody><\/table><\/figure>\n","protected":false},"excerpt":{"rendered":"<p>Participaci\u00f3n en Proyectos de I+D financiados en convocatorias p\u00fablicas \/ Research projects: T\u00edtulo del proyecto \/\u00a0Title:\u00a0INDUSTRIA 4.0 Y ECOINNOVACI\u00d3N: MODELOS DE NEGOCIO DE ECONOM\u00cdA CIRCULAR EN LAS EMPRESAS DE MANUFACTURAS Entidad financiadora \/\u00a0Funding entity:\u00a0Ministerio de Ciencia, Innovaci\u00f3n y Universidades (cofinanciado por la Uni\u00f3n Europea)Entidad participante \/\u00a0Participating entity:\u00a0Universidad de Castilla-La ManchaDuraci\u00f3n \/\u00a0Duration:\u00a02024-2026Cuant\u00eda de la subvenci\u00f3n \/\u00a0Amount &hellip; <a href=\"https:\/\/blog.uclm.es\/grupo-eei\/proyectos-y-contratos-de-investigacion\/\" class=\"more-link\">Seguir leyendo <span class=\"screen-reader-text\">Proyectos y contratos de investigaci\u00f3n \/ Research projects<\/span> <span class=\"meta-nav\">&rarr;<\/span><\/a><\/p>\n","protected":false},"author":398,"featured_media":0,"parent":0,"menu_order":0,"comment_status":"closed","ping_status":"closed","template":"","meta":{"footnotes":""},"class_list":["post-342","page","type-page","status-publish","hentry"],"_links":{"self":[{"href":"https:\/\/blog.uclm.es\/grupo-eei\/wp-json\/wp\/v2\/pages\/342","targetHints":{"allow":["GET"]}}],"collection":[{"href":"https:\/\/blog.uclm.es\/grupo-eei\/wp-json\/wp\/v2\/pages"}],"about":[{"href":"https:\/\/blog.uclm.es\/grupo-eei\/wp-json\/wp\/v2\/types\/page"}],"author":[{"embeddable":true,"href":"https:\/\/blog.uclm.es\/grupo-eei\/wp-json\/wp\/v2\/users\/398"}],"replies":[{"embeddable":true,"href":"https:\/\/blog.uclm.es\/grupo-eei\/wp-json\/wp\/v2\/comments?post=342"}],"version-history":[{"count":14,"href":"https:\/\/blog.uclm.es\/grupo-eei\/wp-json\/wp\/v2\/pages\/342\/revisions"}],"predecessor-version":[{"id":5196,"href":"https:\/\/blog.uclm.es\/grupo-eei\/wp-json\/wp\/v2\/pages\/342\/revisions\/5196"}],"wp:attachment":[{"href":"https:\/\/blog.uclm.es\/grupo-eei\/wp-json\/wp\/v2\/media?parent=342"}],"curies":[{"name":"wp","href":"https:\/\/api.w.org\/{rel}","templated":true}]}}