{"id":149,"date":"2017-03-05T20:54:31","date_gmt":"2017-03-05T19:54:31","guid":{"rendered":"http:\/\/blog.uclm.es\/grupo-eei\/?page_id=149"},"modified":"2026-01-28T11:59:14","modified_gmt":"2026-01-28T11:59:14","slug":"formacion-de-investigadores","status":"publish","type":"page","link":"https:\/\/blog.uclm.es\/grupo-eei\/formacion-de-investigadores\/","title":{"rendered":"Formaci\u00f3n de Investigadores \/ PHD students"},"content":{"rendered":"<h4 style=\"text-align: justify\"><span style=\"color: #008000\">Si est\u00e1s pensando en desarrollar una tesis doctoral en las l\u00edneas de investigaci\u00f3n de nuestro grupo, puedes contactar con nosotros <a href=\"https:\/\/blog.uclm.es\/grupo-eei\/contacto\/\">aqu\u00ed<\/a>. Nuestros investigadores forman parte del Programa de Doctorado en Econom\u00eda y Empresa de la UCLM, <a href=\"https:\/\/www.uclm.es\/estudios\/doctorados\/economia-empresa\"><em>DecoAde<\/em><\/a>.<\/span><\/h4>\n<h4 style=\"text-align: justify\"><span style=\"color: #0000ff\">If you are considering the possibility of doing your PhD in our research lines, you can contact us <a href=\"https:\/\/blog.uclm.es\/grupo-eei\/contacto\/\">here<\/a>.\u00a0 Our researchers belong to the UCLM Economics and Business PhD programme, <a href=\"https:\/\/www.uclm.es\/estudios\/doctorados\/economia-empresa\"><em>DecoAde<\/em><\/a>.<\/span><\/h4>\n<h2><strong>Tesis doctorales dirigidas por miembros del grupo (en curso) \/ <span style=\"color: #100e7a\">PhD theses (in progress)<\/span>:<\/strong><\/h2>\n<p><strong>T\u00edtulo \/<span style=\"color: #0000ff\">\u00a0<\/span><\/strong><span style=\"color: #0000ff\"><strong>Title\u00a0<\/strong><\/span><strong>: <\/strong><span data-teams=\"true\">Mercado de trabajo y salud mental: el coste social del paro y la precariedad<\/span><\/p>\n<p><strong>Doctorando \/<\/strong><span style=\"color: #0000ff\"><strong>\u00a0Student<\/strong><\/span><strong>: <\/strong>Jorge C\u00e9spedes Rico<\/p>\n<p><strong>Directores \/\u00a0<\/strong><span style=\"color: #0000ff\"><strong>Supervisors<\/strong><\/span><strong>:<\/strong> Mar\u00eda \u00c1. Davia (UCLM)<\/p>\n<p><strong>Universidad \/\u00a0<\/strong><span style=\"color: #0000ff\"><strong>University<\/strong><\/span><strong><span style=\"color: #0000ff\">:<\/span>\u00a0<\/strong>Universidad de Castilla-La Mancha<\/p>\n<p><strong>\u00a0<\/strong><strong>+++++++++++++++++++++++++++++++++++++++++++<\/strong><\/p>\n<p><strong>T\u00edtulo \/<span style=\"color: #0000ff\">\u00a0<\/span><\/strong><span style=\"color: #0000ff\"><strong>Title<\/strong><\/span><strong>:<\/strong>\u00a0 <span style=\"font-weight: inherit\">Efectos redistributivos del gasto p\u00fablico en educaci\u00f3n: consecuencias sobre la empleabilidad de los egresados<\/span><\/p>\n<p><strong>Doctorando \/<\/strong><span style=\"color: #0000ff\"><strong>\u00a0Student<\/strong><\/span><strong>: <\/strong>Vicente J. Coronel Guti\u00e9rrez<\/p>\n<p><strong>Directores \/\u00a0<\/strong><span style=\"color: #0000ff\"><strong>Supervisors<\/strong><\/span><strong>:<\/strong> M\u00aa Carmen D\u00edaz Rold\u00e1n (UCLM)<\/p>\n<p><strong>Universidad \/\u00a0<\/strong><span style=\"color: #0000ff\"><strong>University<\/strong><\/span><strong><span style=\"color: #0000ff\">:<\/span>\u00a0<\/strong>Universidad de Castilla-La Mancha<\/p>\n<p><strong>\u00a0<\/strong><strong>+++++++++++++++++++++++++++++++++++++++++++<\/strong><\/p>\n<p><strong>T\u00edtulo \/<span style=\"color: #0000ff\">\u00a0<\/span><\/strong><span style=\"color: #0000ff\"><strong>Title\u00a0<\/strong><\/span><strong>:<\/strong>\u00a0 \u00a0 \u00a0 Adopci\u00f3n de tecnolog\u00edas de la industria 4.0 en MiPymes y grandes empresas: una comparaci\u00f3n de Espa\u00f1a y M\u00e9xico<\/p>\n<p><strong>Doctorando \/<\/strong><span style=\"color: #0000ff\"><strong>\u00a0Student<\/strong><\/span><strong>:<\/strong>\u00a0 \u00a0 Castro Limon Juan Carlos<\/p>\n<p><strong>Directores \/\u00a0<\/strong><span style=\"color: #0000ff\"><strong>Supervisors<\/strong><\/span><strong>:<\/strong>\u00a0Natanael Ram\u00edrez (UABC) y \u00c1ngela Triguero (UCLM)<\/p>\n<p><strong>Universidad \/\u00a0<\/strong><span style=\"color: #0000ff\"><strong>University<\/strong><\/span><strong><span style=\"color: #0000ff\">:<\/span>\u00a0<\/strong>Universidad de Castilla-La Mancha\u00a0y Universidad Aut\u00f3noma de Baja California<\/p>\n<p><strong>\u00a0<\/strong><strong>+++++++++++++++++++++++++++++++++++++++++++<\/strong><\/p>\n<p><strong>T\u00edtulo \/\u00a0<\/strong><span style=\"color: #1a0bc1\"><strong>Title <\/strong><\/span><strong>:<\/strong>\u00a0 LA ECO-INNOVACI\u00d3N COMO FACILITADOR A LA ECONOM\u00cdA CIRCULAR EN LA ACTIVIDAD VITIVIN\u00cdCOLA EN BAJA CALIFORNIA<\/p>\n<p><strong>Doctorando \/<span style=\"color: #210bc4\">\u00a0<\/span><\/strong><span style=\"color: #210bc4\"><strong>Student<\/strong><\/span><strong>:<\/strong>\u00a0 \u00a0 Liliana Gonz\u00e1lez Ramos<\/p>\n<p><strong>Directores \/\u00a0<\/strong><span style=\"color: #0b15c6\"><strong>Supervisors<\/strong><\/span><strong>:<\/strong> Belem Avenda\u00f1o (UABC) y \u00c1ngela Triguero (UCLM)<\/p>\n<p><strong>Universidad \/ <span style=\"color: #0b20c1\">University<\/span>: <\/strong>Universidad de Castilla-La Mancha\u00a0\u00a0y Universidad Aut\u00f3noma de Baja California<\/p>\n<p><strong>+++++++++++++++++++++++++++++++++++++++++++<\/strong><\/p>\n<p><strong>T\u00edtulo \/\u00a0<\/strong><span style=\"color: #1a0bc1\"><strong>Title <\/strong><\/span><strong>:<\/strong> CONDICIONES DEL MERCADO LABORAL AGR\u00cdCOLA EN M\u00c9XICO: \u00bfQU\u00c9 SE ESPERA CON EL T-MEC?<\/p>\n<p><strong>Doctorando \/<span style=\"color: #210bc4\">\u00a0<\/span><\/strong><span style=\"color: #210bc4\"><strong>Student<\/strong><\/span><strong>:<\/strong> Mar\u00eda Alejandra Gonz\u00e1lez Escobar<\/p>\n<p><strong>Directores \/\u00a0<\/strong><span style=\"color: #0b15c6\"><strong>Supervisors<\/strong><\/span><strong>:<\/strong> Ana I. Acosta (UABC) y Mar\u00eda \u00c1. Davia (UCLM)<\/p>\n<p><strong>Universidad \/ <span style=\"color: #0b20c1\">University<\/span>: <\/strong>Universidad de Castilla-La Mancha\u00a0\u00a0y Universidad Aut\u00f3noma de Baja California<\/p>\n<p><strong>+++++++++++++++++++++++++++++++++++++++++++<\/strong><\/p>\n<h2><strong>Tesis doctorales defendidas\/<\/strong><span style=\"color: #100e7a\"><strong>PhD theses<\/strong><strong>:<\/strong><\/span><\/h2>\n<p><strong>T\u00edtulo \/\u00a0<\/strong><span style=\"color: #1a0bc1\"><strong>Title <\/strong><\/span><strong>:<\/strong> An\u00e1lisis de las pol\u00edticas para combatir la pobreza energ\u00e9tica en la Uni\u00f3n Europea y Espa\u00f1a: 2005-2024<\/p>\n<p><strong>Doctorando \/<span style=\"color: #210bc4\">\u00a0<\/span><\/strong><span style=\"color: #210bc4\"><strong>Student<\/strong><\/span><strong>:<\/strong> Jos\u00e9 Carlos de los Riscos Hidalgo<\/p>\n<p><strong>Directores \/\u00a0<\/strong><span style=\"color: #0b15c6\"><strong>Supervisors<\/strong><\/span><strong>:<\/strong> M\u00aa Leticia Bl\u00e1zquez G\u00f3mez (UCLM)<\/p>\n<p><strong>Universidad \/ <span style=\"color: #0b20c1\">University<\/span>: <\/strong>Universidad de Castilla-La Mancha<\/p>\n<p><strong>Calificaci\u00f3n \/ <span style=\"color: #0e0bc1\">Assessment<\/span><\/strong>:\u00a0 \u00a0 Sobresaliente<\/p>\n<p><strong>Fecha \/<span style=\"color: #0b1ac1\"> Date<\/span><\/strong>: 03\/12\/2025<\/p>\n<p><strong>+++++++++++++++++++++++++++++++++++++++++++<\/strong><\/p>\n<p><strong>T\u00edtulo \/\u00a0<\/strong><span style=\"color: #1a0bc1\"><strong>Title <\/strong><\/span><strong>:<\/strong> Desajuste educativo en el mercado laboral de M\u00e9xico<\/p>\n<p><strong>Doctorando \/<span style=\"color: #210bc4\">\u00a0<\/span><\/strong><span style=\"color: #210bc4\"><strong>Student<\/strong><\/span><strong>:<\/strong> Cesar Manuel Trejo Lucero<\/p>\n<p><strong>Directores \/\u00a0<\/strong><span style=\"color: #0b15c6\"><strong>Supervisors<\/strong><\/span><strong>: <\/strong>Marta De La Cuesta Gonz\u00e1lez (UNED) y \u00c1ngela Triguero (UCLM)<\/p>\n<p><strong>Universidad \/ <span style=\"color: #0b20c1\">University<\/span>: <\/strong>Facultad de Ciencias Econ\u00f3micas y Empresariales (ICADE)<\/p>\n<p><strong>Calificaci\u00f3n \/ <span style=\"color: #0e0bc1\">Assessment<\/span><\/strong>:\u00a0 \u00a0 Sobresaliente cum laude<\/p>\n<p><strong>Fecha \/<span style=\"color: #0b1ac1\"> Date<\/span><\/strong>: 03\/04\/2025<\/p>\n<p><strong>+++++++++++++++++++++++++++++++++++++++++++<\/strong><\/p>\n<p><strong>T\u00edtulo \/\u00a0<\/strong><span style=\"color: #1a0bc1\"><strong>Title <\/strong><\/span><strong>:<\/strong> Leader Traits and Emotions in the Wild Ride of Breaking Barriers to Sustainability through Eco-Innovation and Circular Economy in SMEs<\/p>\n<p><strong>Doctorando \/<span style=\"color: #210bc4\">\u00a0<\/span><\/strong><span style=\"color: #210bc4\"><strong>Student<\/strong><\/span><strong>:<\/strong> Fern\u00e1ndez Mu\u00f1iz, Nuria<\/p>\n<p><strong>Directores \/\u00a0<\/strong><span style=\"color: #0b15c6\"><strong>Supervisors<\/strong><\/span><strong>:<\/strong> Santos L\u00f3pez Leyva (UABC) y Mar\u00eda \u00c1. Davia (UCLM)<\/p>\n<p><strong>Universidad \/ <span style=\"color: #0b20c1\">University<\/span>: <\/strong>Universidad de Castilla-La Mancha\u00a0\u00a0y Universidad Aut\u00f3noma de Baja California<\/p>\n<p><strong>Calificaci\u00f3n \/ <span style=\"color: #0e0bc1\">Assessment<\/span><\/strong>:\u00a0 \u00a0 Sobresaliente<\/p>\n<p><strong>Fecha \/<span style=\"color: #0b1ac1\"> Date<\/span><\/strong>: 09\/06\/2025<\/p>\n<p><strong>+++++++++++++++++++++++++++++++++++++++++++<\/strong><\/p>\n<p><strong>T\u00edtulo \/\u00a0<\/strong><span style=\"color: #1a0bc1\"><strong>Title <\/strong><\/span><strong>:<\/strong> Evaluaci\u00f3n del impacto del emprendimiento como estrategia p\u00fablica para la reducci\u00f3n de la pobreza en la regi\u00f3n de Magallanes y Ant\u00e1rtica Chilena (2012-2022)<\/p>\n<p><strong>Doctorando \/<span style=\"color: #210bc4\">\u00a0<\/span><\/strong><span style=\"color: #210bc4\"><strong>Student<\/strong><\/span><strong>:<\/strong> Juan Luis Oyarzo Galvez<\/p>\n<p><strong>Directores \/\u00a0<\/strong><span style=\"color: #0b15c6\"><strong>Supervisors<\/strong><\/span><strong>:<\/strong> Mat\u00edas G\u00e1mez Mart\u00ednez (UCLM) y Carlos \u00c1lvarez Aledo (UCLM)<\/p>\n<p><strong>Universidad \/ <span style=\"color: #0b20c1\">University<\/span>: <\/strong>Universidad de Castilla-La Mancha<\/p>\n<p><strong>Calificaci\u00f3n \/ <span style=\"color: #0e0bc1\">Assessment<\/span><\/strong>:\u00a0 \u00a0 Sobresaliente cum laude<\/p>\n<p><strong>Fecha \/<span style=\"color: #0b1ac1\"> Date<\/span><\/strong>: 01\/07\/2024<\/p>\n<p><strong>+++++++++++++++++++++++++++++++++++++++++++<\/strong><\/p>\n<p><strong>T\u00edtulo \/\u00a0<\/strong><span style=\"color: #1a0bc1\"><strong>Title <\/strong><\/span><strong>:<\/strong>\u00a0Efectos macroecon\u00f3micos del cr\u00e9dito al consumo y condiciones del mercado laboral en M\u00e9xico<\/p>\n<p><strong>Doctorando \/<span style=\"color: #210bc4\">\u00a0<\/span><\/strong><span style=\"color: #210bc4\"><strong>Student<\/strong><\/span><strong>:<\/strong>\u00a0Francisco Javier Castell\u00f3n Najar<\/p>\n<p><strong>Directores \/\u00a0<\/strong><span style=\"color: #0b15c6\"><strong>Supervisors<\/strong><\/span><strong>:<\/strong>\u00a0David C\u00f3rcoles Gonz\u00e1lez (UCLM) y Juan Manuel Ocegueda Hern\u00e1ndez (UABC)<\/p>\n<p><strong>Universidad \/ <span style=\"color: #0b20c1\">University<\/span>: <\/strong>Universidad de Castilla-La Mancha\u00a0\u00a0y Universidad Aut\u00f3noma de Baja California<\/p>\n<p><strong>Calificaci\u00f3n \/ <span style=\"color: #0e0bc1\">Assessment<\/span><\/strong>:\u00a0 \u00a0 Sobresaliente cum laude<\/p>\n<p><strong>Fecha \/<span style=\"color: #0b1ac1\"> Date<\/span><\/strong>: 21\/04\/2021<\/p>\n<p><strong>+++++++++++++++++++++++++++++++++++++++++++<\/strong><\/p>\n<p><strong>T\u00edtulo \/\u00a0<\/strong><span style=\"color: #0c0fc9\"><strong>Title<\/strong><\/span><strong>:<\/strong> EFECTOS DE LAS ESTRATEGIAS DE OPEN INNOVATION Y DE LA CAPACIDAD DE ABSORCI\u00d3N DEL CONOCIMIENTO EN EL CRECIMIENTO DE LAS EMPRESAS MEXICANAS<\/p>\n<p><strong>Doctorando \/\u00a0<\/strong><span style=\"color: #0b14c1\"><strong>Student<\/strong><\/span><strong>:<\/strong>\u00a0Mois\u00e9s Librado Gonz\u00e1lez<\/p>\n<p><strong>Directores \/\u00a0<\/strong><span style=\"color: #140bc1\"><strong>Supervisors<\/strong><\/span><strong>:<\/strong>\u00a0\u00c1ngela Triguero Cano (UCLM) y Natanael Ram\u00edrez Angulo (UABC)<\/p>\n<p><strong>Universidad \/ <span style=\"color: #150cc9\">University<\/span>: <\/strong>Universidad de Castilla-La Mancha\u00a0\u00a0y Universidad Aut\u00f3noma de Baja California<\/p>\n<p><strong>Calificaci\u00f3n \/ <span style=\"color: #0b26c1\">Assessment<\/span><\/strong>: Sobresaliente cum laude<\/p>\n<p><strong>Fecha \/<span style=\"color: #1b0bc4\"> Date<\/span><\/strong><span style=\"color: #1b0bc4\">:<\/span> 12\/11\/2020<\/p>\n<p><strong>+++++++++++++++++++++++++++++++++++++++++++<\/strong><\/p>\n<p><strong>T\u00edtulo \/\u00a0<\/strong><span style=\"color: #0b0ec1\"><strong>Title<\/strong><strong>:<\/strong><\/span> Efectos del crecimiento econ\u00f3mico y la desigualdad de los ingresos en la pobreza laboral en M\u00e9xico: 2005-2018<\/p>\n<p><strong>D<\/strong><strong>octorando \/\u00a0<\/strong><span style=\"color: #0b0fc6\"><strong>Student<\/strong><\/span><strong>:<\/strong>\u00a0Karina Isabel Salinas Sol\u00eds<\/p>\n<p><strong>Directores \/\u00a0<\/strong><span style=\"color: #0c1bc9\"><strong>Supervisors<\/strong><\/span><strong>:<\/strong>\u00a0Carmen D\u00edaz Mora (ULM) y Emilio Hern\u00e1ndez G\u00f3mez (UABC)<\/p>\n<p><strong>Universidad \/ <span style=\"color: #0b0ec1\">University<\/span>: <\/strong>Universidad de Castilla-La Mancha\u00a0\u00a0y Universidad Aut\u00f3noma de Baja California<\/p>\n<p><strong>Calificaci\u00f3n \/ <span style=\"color: #0b0ec4\">Assessment<\/span><\/strong>: Sobresaliente cum laude<\/p>\n<p><strong>Fecha \/ <span style=\"color: #0b26c1\">Date<\/span><\/strong><span style=\"color: #0b26c1\">:<\/span> 12\/11\/2020<\/p>\n<p><strong>+++++++++++++++++++++++++++++++++++++++++++<\/strong><\/p>\n<p><strong>T\u00edtulo \/\u00a0<\/strong><strong><span style=\"color: #0b15c6\">Title<\/span>:<\/strong>\u00a0Medici\u00f3n del Trabajo Decente en M\u00e9xico<\/p>\n<p><strong>Doctorando \/<span style=\"color: #0b14c1\">\u00a0<\/span><\/strong><span style=\"color: #0b14c1\"><strong>Student<\/strong><\/span><strong>:<\/strong>\u00a0Roc\u00edo Nirari Arredondo Botello<\/p>\n<p><strong>Directores \/\u00a0<\/strong><span style=\"color: #0b26c1\"><strong>Supervisors<\/strong><\/span><strong>:<\/strong>\u00a0Mar\u00eda A. Davia Rodr\u00edguez (UCLM) y Rogelio Varela Llamas (UABC)<\/p>\n<p><strong>Universidad \/ <span style=\"color: #0b15c6\">University<\/span>: <\/strong>Universidad de Castilla-La Mancha\u00a0\u00a0y Universidad Aut\u00f3noma de Baja California<\/p>\n<p><strong>Calificaci\u00f3n \/ <span style=\"color: #0b20c1\">Assessment<\/span><\/strong>: Sobresaliente cum laude<\/p>\n<p><strong>Fecha \/ <span style=\"color: #0b21c4\">Date<\/span><\/strong>: 26\/11\/2020<\/p>\n<p><strong>+++++++++++++++++++++++++++++++++++++++++++<\/strong><\/p>\n<p><strong>T\u00edtulo \/\u00a0<\/strong><span style=\"color: #0c29cc\"><strong>Title <\/strong><\/span><strong>:<\/strong> Capital humano y \u00e9xito microempresarial: una evidencia para M\u00e9xico<\/p>\n<p><strong>Doctorando \/\u00a0<\/strong><span style=\"color: #0b15c4\"><strong>Student<\/strong><\/span><strong>:<\/strong>\u00a0Adriana L\u00f3pez Garc\u00eda<\/p>\n<p><strong>Universidad \/ <span style=\"color: #0c22cc\">University<\/span>: <\/strong>Universidad de Castilla-La Mancha\u00a0\u00a0y Universidad Aut\u00f3noma de Baja California<\/p>\n<p><strong>Directores \/\u00a0<\/strong><span style=\"color: #0c23ce\"><strong>Supervisors<\/strong><\/span><strong>:<\/strong>\u00a0\u00c1ngela Triguero Cano (UCLM) y Mart\u00edn Arturo Ram\u00edrez Urquidy (UABC)<\/p>\n<p><strong>Calificaci\u00f3n \/ <span style=\"color: #0b2ec6\">Assessment<\/span><\/strong>: Sobresaliente cum laude<\/p>\n<p><strong>Fecha \/ <span style=\"color: #100ddb\">Date<\/span><\/strong>: 13\/11\/2020<\/p>\n<p><strong>+++++++++++++++++++++++++++++++++++++++++++<\/strong><\/p>\n<p><strong>T\u00edtulo \/ <span style=\"color: #07289e\">Title<\/span>: <\/strong>DRIVERS OF INNOVATION AND ECO-INNOVATION: THE ROLE OF MERGERS AND ACQUISITIONS AND OPEN INNOVATION STRATEGIES<\/p>\n<p><strong>Doctoranda \/ <span style=\"color: #00229e\">Student<\/span><\/strong>: Sara Fern\u00e1ndez L\u00f3pez<\/p>\n<p><strong>Directora<\/strong> <strong>\/ <span style=\"color: #0021b5\">Supervisor<\/span>:<\/strong> \u00c1ngela Triguero Cano<strong>\u00a0\u00a0\u00a0\u00a0\u00a0\u00a0\u00a0\u00a0\u00a0\u00a0\u00a0\u00a0\u00a0\u00a0\u00a0\u00a0\u00a0\u00a0\u00a0\u00a0\u00a0\u00a0\u00a0\u00a0\u00a0\u00a0\u00a0\u00a0\u00a0\u00a0\u00a0\u00a0\u00a0\u00a0\u00a0\u00a0\u00a0\u00a0\u00a0\u00a0 <\/strong><\/p>\n<p><strong>Universidad \/ <span style=\"color: #092d99\">University<\/span>: <\/strong>Universidad de Castilla-La Mancha<\/p>\n<p><strong>Facultad \/ <span style=\"color: #002699\">School<\/span><\/strong>: Facultad de Ciencias Econ\u00f3micas y Empresariales (Albacete)<\/p>\n<p><strong>Calificaci\u00f3n \/ <span style=\"color: #0926a5\">Assessment<\/span><\/strong>: Sobresaliente cum laude<\/p>\n<p><strong>Fecha \/ <span style=\"color: #001ea5\">Date<\/span><\/strong>: 08\/11\/2018<\/p>\n<p><strong>Publicaciones postdoctorales \/ <span style=\"color: #001a8e\">Postdoctoral publications<\/span><\/strong><\/p>\n<p><span style=\"font-size: 16px;text-align: justify\">FERN\u00c1NDEZ, S., TRIGUERO, A. &amp; ALFARO-CORT\u00c9S, E. (2018): M&amp;A effects on innovation and profitability in large European firms. <\/span><em style=\"font-size: 16px;text-align: justify\">Management Decision<\/em><span style=\"font-size: 16px;text-align: justify\">. <\/span><a style=\"font-size: 16px;font-style: inherit;text-align: justify\" href=\"https:\/\/doi.org\/10.1108\/MD-08-2017-0730\">https:\/\/doi.org\/10.1108\/MD-08-2017-0730<\/a><\/p>\n<ul>\n<li style=\"text-align: justify\">TRIGUERO, \u00c1., FERN\u00c1NDEZ, S. &amp; S\u00c1EZ-MART\u00cdNEZ, F.J. (2018): Inbound open innovative strategies and eco-innovation in the Spanish food and beverage industry. Sustainable Production and Consumption. <a href=\"https:\/\/doi.org\/10.1016\/j.spc.2018.04.002\">https:\/\/doi.org\/10.1016\/j.spc.2018.04.002<\/a>; SRN (en 2016): 0.617.<\/li>\n<li style=\"text-align: justify\">TRIGUERO, \u00c1. &amp;\u00a0FERN\u00c1NDEZ, S. (2018): <a href=\"https:\/\/www.tandfonline.com\/doi\/abs\/10.1080\/00343404.2017.1395004?journalCode=cres20\">Determining the effects of open innovation: the role of knowledge and geographical spillovers<\/a>.\u00a0<em>Regional Studies<\/em>,\u00a0<em>52<\/em>(5), 632-644. JCR (en 2016): 2.780.<\/li>\n<\/ul>\n<p><strong>+++++++++++++++++++++++++++++++++++++++++++<\/strong><\/p>\n<p><strong style=\"font-size: 16px\">T\u00edtulo \/ <span style=\"color: #100e7a\">Title:<\/span><\/strong><span style=\"font-size: 16px\"> REDES DE PRODUCCI\u00d3N COMPARTIDA EN LA UNI\u00d3N EUROPEA: ECONOM\u00cdAS CENTRALES VERSUS PERIFERIAS ESTE Y SUR<\/span><\/p>\n<p><strong>Doctoranda \/ <span style=\"color: #100e7a\">Student:<\/span>\u00a0<\/strong>GARCIA LOPEZ, ERENA MARIA<br \/>\n<strong>Directora \/ <span style=\"color: #100e7a\">Supervisor:<\/span><\/strong>\u00a0DIAZ MORA, M\u00aa DEL CARMEN<br \/>\n<strong>Universidad \/ <span style=\"color: #100e7a\">University:<\/span><\/strong> Universidad de Castilla-La Mancha<br \/>\n<strong>Facultad \/ <span style=\"color: #100e7a\">School:<\/span><\/strong> Facultad de Ciencias Jur\u00eddicas y Sociales (Toledo)<br \/>\n<strong>Calificaci\u00f3n \/ <span style=\"color: #100e7a\">Assessment:<\/span><\/strong> Sobresaliente cum laude<br \/>\n<strong>Fecha \/ <span style=\"color: #100e7a\">Date:<\/span><\/strong> 17\/12\/2015<\/p>\n<p><strong>Publicaciones postdoctorales \/ <span style=\"color: #100e7a\">Postdoctoral publications:\u00a0<\/span><\/strong><\/p>\n<ul>\n<li style=\"text-align: justify\">D\u00cdAZ-MORA, C. y GARC\u00cdA, E. (2019): \u201cProduct complexity in international production networks: comparing EU Core and Old and New EU Periphery\u201d, Emerging Markets Finance and Trade, 55(4), 950-966. https:\/\/doi.org\/10.1080\/1540496X.2018.1443073 (Q3JCR-WOS; Q1 SJC-SCImago).<\/li>\n<li style=\"text-align: justify\">D\u00cdAZ-MORA, C. Y GARC\u00cdA, E. (2016): \u201cRedes Transnacionales de Producci\u00f3n en la Uni\u00f3n Europea: Econom\u00edas Centrales vs Periferias Este y Sur\u201d, Revista de Econom\u00eda Mundial-Journal of World Economy, n\u00ba 43, 179-204. Revista incluida en el JCR.<\/li>\n<li style=\"text-align: justify\">D\u00cdAZ-MORA, C. Y GARC\u00cdA, E. (2016): \u201cCentre-Periphery Integration: Building European Production Chains\u201d, Spanish Economic and Financial Outlook, vol. 5, n\u00ba 4, 79-94. Versi\u00f3n en castellano: \u201cLa integraci\u00f3n centro-periferia: construyendo cadenas de producci\u00f3n europeas\u201d, Cuadernos de Informaci\u00f3n Econ\u00f3mica, n\u00ba 254, 77-92<\/li>\n<\/ul>\n<p><strong>+++++++++++++++++++++++++++++++++++++++++++<\/strong><\/p>\n<p><strong>T\u00edtulo \/ <span style=\"color: #100e7a\">Title:<\/span><\/strong> LOS SOCIOS TRABAJADORES DE LAS PYMES ESPA\u00d1OLAS <strong><br \/>\nDoctorando \/ <span style=\"color: #100e7a\">Student:<\/span><\/strong>\u00a0CEBALLOS SANTAMARIA, JUAN CARLOS GUILLERMO<br \/>\n<strong>Directora \/<span style=\"color: #100e7a\"> Supervisor:<\/span><\/strong> DAVIA RODRIGUEZ, MARIA ANGELES<br \/>\n<strong>Universidad \/<span style=\"color: #100e7a\"> University:<\/span><\/strong> Universidad de Castilla-La Mancha<br \/>\n<strong>Facultad \/<span style=\"color: #100e7a\"> School:<\/span><\/strong> Facultad de Ciencias Sociales (Cuenca)<br \/>\n<strong>Calificaci\u00f3n \/ <span style=\"color: #100e7a\">Assessment:<\/span><\/strong> Sobresaliente<br \/>\n<strong>Fecha \/ <span style=\"color: #100e7a\">Date:<\/span><\/strong> 21\/01\/2016<\/p>\n<p><strong>+++++++++++++++++++++++++++++++++++++++++++<\/strong><\/p>\n<p><strong>T\u00edtulo \/ <span style=\"color: #100e7a\">Title:<\/span><\/strong> CONOCIMIENTO DEL ESPA\u00d1OL Y LOGROS LABORALES DE LOS INMIGRANTES EN ESPA\u00d1A<br \/>\n<strong>Doctoranda \/ <span style=\"color: #100e7a\">Student:<\/span><\/strong>\u00a0WANG, TING<br \/>\n<strong>Directores \/ <span style=\"color: #100e7a\">Supervisors:<\/span><\/strong>\u00a0DAVIA RODRIGUEZ, MARIA ANGELES; GAMEZ MARTINEZ, MATIAS<br \/>\n<strong>Universidad \/ <span style=\"color: #100e7a\">University:<\/span><\/strong> Universidad de Castilla-La Mancha<br \/>\n<strong>Facultad \/ <span style=\"color: #100e7a\">School:<\/span><\/strong> Facultad de Ciencias Econ\u00f3micas y Empresariales (Albacete)<br \/>\n<strong>Calificaci\u00f3n \/ <span style=\"color: #100e7a\">Assessment:<\/span><\/strong> SOBRESALIENTE<br \/>\n<strong>Fecha \/ <span style=\"color: #100e7a\">Date:<\/span><\/strong> 18\/04\/2016<\/p>\n","protected":false},"excerpt":{"rendered":"<p>Si est\u00e1s pensando en desarrollar una tesis doctoral en las l\u00edneas de investigaci\u00f3n de nuestro grupo, puedes contactar con nosotros aqu\u00ed. Nuestros investigadores forman parte del Programa de Doctorado en Econom\u00eda y Empresa de la UCLM, DecoAde. If you are considering the possibility of doing your PhD in our research lines, you can contact us &hellip; <a href=\"https:\/\/blog.uclm.es\/grupo-eei\/formacion-de-investigadores\/\" class=\"more-link\">Seguir leyendo <span class=\"screen-reader-text\">Formaci\u00f3n de Investigadores \/ PHD students<\/span> <span class=\"meta-nav\">&rarr;<\/span><\/a><\/p>\n","protected":false},"author":398,"featured_media":0,"parent":0,"menu_order":0,"comment_status":"closed","ping_status":"closed","template":"","meta":{"footnotes":""},"class_list":["post-149","page","type-page","status-publish","hentry"],"_links":{"self":[{"href":"https:\/\/blog.uclm.es\/grupo-eei\/wp-json\/wp\/v2\/pages\/149","targetHints":{"allow":["GET"]}}],"collection":[{"href":"https:\/\/blog.uclm.es\/grupo-eei\/wp-json\/wp\/v2\/pages"}],"about":[{"href":"https:\/\/blog.uclm.es\/grupo-eei\/wp-json\/wp\/v2\/types\/page"}],"author":[{"embeddable":true,"href":"https:\/\/blog.uclm.es\/grupo-eei\/wp-json\/wp\/v2\/users\/398"}],"replies":[{"embeddable":true,"href":"https:\/\/blog.uclm.es\/grupo-eei\/wp-json\/wp\/v2\/comments?post=149"}],"version-history":[{"count":7,"href":"https:\/\/blog.uclm.es\/grupo-eei\/wp-json\/wp\/v2\/pages\/149\/revisions"}],"predecessor-version":[{"id":5289,"href":"https:\/\/blog.uclm.es\/grupo-eei\/wp-json\/wp\/v2\/pages\/149\/revisions\/5289"}],"wp:attachment":[{"href":"https:\/\/blog.uclm.es\/grupo-eei\/wp-json\/wp\/v2\/media?parent=149"}],"curies":[{"name":"wp","href":"https:\/\/api.w.org\/{rel}","templated":true}]}}