{"id":145,"date":"2017-03-05T20:52:46","date_gmt":"2017-03-05T19:52:46","guid":{"rendered":"http:\/\/blog.uclm.es\/grupo-eei\/?page_id=145"},"modified":"2026-01-27T18:03:46","modified_gmt":"2026-01-27T18:03:46","slug":"enlaces-de-interes","status":"publish","type":"page","link":"https:\/\/blog.uclm.es\/grupo-eei\/enlaces-de-interes\/","title":{"rendered":"Enlaces de inter\u00e9s \/ Links"},"content":{"rendered":"<p><strong>Asociaciones acad\u00e9micas<\/strong>\u00a0\/\u00a0<strong>Academic Associations<\/strong>:<\/p>\n<p>Centro de Estudios Europeos (CEE): <a href=\"https:\/\/www.uclm.es\/centros-investigacion\/cee\">https:\/\/www.uclm.es\/centros-investigacion\/cee<\/a><\/p>\n<p>Asociaci\u00f3n Libre de Econom\u00eda (ALdE) \/ \u00a0 \u00a0 \u00a0 \u00a0 \u00a0 \u00a0 \u00a0 \u00a0 \u00a0 \u00a0 \u00a0 \u00a0 \u00a0 \u00a0 \u00a0 \u00a0 \u00a0 \u00a0 \u00a0 \u00a0 \u00a0 \u00a0 \u00a0 \u00a0 \u00a0 \u00a0 \u00a0 \u00a0 \u00a0 \u00a0 \u00a0 \u00a0 \u00a0 Free Association of Economics: \u00a0 \u00a0 \u00a0 \u00a0 \u00a0 \u00a0 \u00a0 \u00a0 \u00a0 \u00a0 \u00a0 \u00a0 \u00a0 \u00a0 \u00a0 \u00a0 \u00a0 \u00a0 \u00a0 \u00a0 \u00a0 \u00a0 \u00a0 \u00a0 \u00a0 \u00a0 \u00a0 \u00a0 \u00a0 \u00a0 \u00a0 \u00a0 \u00a0 \u00a0 \u00a0 \u00a0 \u00a0 \u00a0 \u00a0 \u00a0 \u00a0 <a href=\"http:\/\/www.alde.es\/es\" target=\"_blank\" rel=\"noopener noreferrer\">http:\/\/www.alde.es\/es<\/a><\/p>\n<p>Asociaci\u00f3n Espa\u00f1ola de Econom\u00eda del Trabajo (AEET) \/ \u00a0 \u00a0 \u00a0 \u00a0 \u00a0 \u00a0 \u00a0 \u00a0 \u00a0 \u00a0 \u00a0 \u00a0 Spanish Association for Labour Economics: <a href=\"http:\/\/www.aeet.eu\/index.php\/es\/\" target=\"_blank\" rel=\"noopener noreferrer\">http:\/\/www.aeet.eu\/index.php\/es\/<\/a><\/p>\n<p>Asociaci\u00f3n Espa\u00f1ola de Econom\u00eda de la Educaci\u00f3n (AEDE) \/ \u00a0 \u00a0Spanish Association of Education Economics: <a href=\"http:\/\/www.economicsofeducation.com\/\" target=\"_blank\" rel=\"noopener noreferrer\">http:\/\/www.economicsofeducation.com\/<\/a><\/p>\n<p>Asociaci\u00f3n Espa\u00f1ola para la Econom\u00eda Energ\u00e9tica (AEEE) \/ \u00a0 \u00a0 \u00a0 \u00a0 \u00a0 \u00a0 \u00a0 \u00a0 \u00a0 \u00a0 \u00a0 Spanish Association for Energy Economics: \u00a0 \u00a0 \u00a0 \u00a0 \u00a0 \u00a0 \u00a0 \u00a0 \u00a0 \u00a0 \u00a0 \u00a0 \u00a0 \u00a0 \u00a0 \u00a0 \u00a0 \u00a0 <a href=\"http:\/\/www.aeee.es\/\" target=\"_blank\" rel=\"noopener noreferrer\">http:\/\/www.aeee.es\/<\/a><\/p>\n<p>Asociaci\u00f3n Espa\u00f1ola de Econom\u00eda y Finanzas Internacionales (AEEFI) \/ Spanish Association of International Economics and Finance:<\/p>\n<p><a href=\"https:\/\/aeefi.com\/\">https:\/\/aeefi.com\/<\/a><\/p>\n","protected":false},"excerpt":{"rendered":"<p>Asociaciones acad\u00e9micas\u00a0\/\u00a0Academic Associations: Centro de Estudios Europeos (CEE): https:\/\/www.uclm.es\/centros-investigacion\/cee Asociaci\u00f3n Libre de Econom\u00eda (ALdE) \/ \u00a0 \u00a0 \u00a0 \u00a0 \u00a0 \u00a0 \u00a0 \u00a0 \u00a0 \u00a0 \u00a0 \u00a0 \u00a0 \u00a0 \u00a0 \u00a0 \u00a0 \u00a0 \u00a0 \u00a0 \u00a0 \u00a0 \u00a0 \u00a0 \u00a0 \u00a0 \u00a0 \u00a0 \u00a0 \u00a0 \u00a0 \u00a0 \u00a0 Free Association of Economics: \u00a0 \u00a0 \u00a0 &hellip; <a href=\"https:\/\/blog.uclm.es\/grupo-eei\/enlaces-de-interes\/\" class=\"more-link\">Seguir leyendo <span class=\"screen-reader-text\">Enlaces de inter\u00e9s \/ Links<\/span> <span class=\"meta-nav\">&rarr;<\/span><\/a><\/p>\n","protected":false},"author":398,"featured_media":0,"parent":0,"menu_order":0,"comment_status":"closed","ping_status":"closed","template":"","meta":{"footnotes":""},"class_list":["post-145","page","type-page","status-publish","hentry"],"_links":{"self":[{"href":"https:\/\/blog.uclm.es\/grupo-eei\/wp-json\/wp\/v2\/pages\/145","targetHints":{"allow":["GET"]}}],"collection":[{"href":"https:\/\/blog.uclm.es\/grupo-eei\/wp-json\/wp\/v2\/pages"}],"about":[{"href":"https:\/\/blog.uclm.es\/grupo-eei\/wp-json\/wp\/v2\/types\/page"}],"author":[{"embeddable":true,"href":"https:\/\/blog.uclm.es\/grupo-eei\/wp-json\/wp\/v2\/users\/398"}],"replies":[{"embeddable":true,"href":"https:\/\/blog.uclm.es\/grupo-eei\/wp-json\/wp\/v2\/comments?post=145"}],"version-history":[{"count":2,"href":"https:\/\/blog.uclm.es\/grupo-eei\/wp-json\/wp\/v2\/pages\/145\/revisions"}],"predecessor-version":[{"id":5254,"href":"https:\/\/blog.uclm.es\/grupo-eei\/wp-json\/wp\/v2\/pages\/145\/revisions\/5254"}],"wp:attachment":[{"href":"https:\/\/blog.uclm.es\/grupo-eei\/wp-json\/wp\/v2\/media?parent=145"}],"curies":[{"name":"wp","href":"https:\/\/api.w.org\/{rel}","templated":true}]}}