{"id":139,"date":"2017-03-05T20:51:12","date_gmt":"2017-03-05T19:51:12","guid":{"rendered":"http:\/\/blog.uclm.es\/grupo-eei\/?page_id=139"},"modified":"2026-04-08T15:18:45","modified_gmt":"2026-04-08T15:18:45","slug":"economia-internacional-2","status":"publish","type":"page","link":"https:\/\/blog.uclm.es\/grupo-eei\/economia-internacional-2\/","title":{"rendered":"Econom\u00eda Internacional \/ International Economics"},"content":{"rendered":"<ul>\n<li>Blazquez, L., D\u00edaz-Mora, C., Garc\u00eda, E. and Gonz\u00e1lez-D\u00edaz, B. (2024): \u00ab<a href=\"https:\/\/blog.uclm.es\/grupo-eei\/wp-content\/uploads\/sites\/238\/2024\/09\/Blazquez-et-al-2024.-Data-intensive-services-in-GVCs.-The-role-of-trade-agreement.pdf\">Data-Intensive Services in GVCs: The Role of Trade Agreements<\/a>\u00ab<b>. (e<\/b>n evaluaci\u00f3n)<\/li>\n<\/ul>\n","protected":false},"excerpt":{"rendered":"<p>Blazquez, L., D\u00edaz-Mora, C., Garc\u00eda, E. and Gonz\u00e1lez-D\u00edaz, B. (2024): \u00abData-Intensive Services in GVCs: The Role of Trade Agreements\u00ab. (en evaluaci\u00f3n)<\/p>\n","protected":false},"author":398,"featured_media":0,"parent":0,"menu_order":0,"comment_status":"closed","ping_status":"closed","template":"","meta":{"footnotes":""},"class_list":["post-139","page","type-page","status-publish","hentry"],"_links":{"self":[{"href":"https:\/\/blog.uclm.es\/grupo-eei\/wp-json\/wp\/v2\/pages\/139","targetHints":{"allow":["GET"]}}],"collection":[{"href":"https:\/\/blog.uclm.es\/grupo-eei\/wp-json\/wp\/v2\/pages"}],"about":[{"href":"https:\/\/blog.uclm.es\/grupo-eei\/wp-json\/wp\/v2\/types\/page"}],"author":[{"embeddable":true,"href":"https:\/\/blog.uclm.es\/grupo-eei\/wp-json\/wp\/v2\/users\/398"}],"replies":[{"embeddable":true,"href":"https:\/\/blog.uclm.es\/grupo-eei\/wp-json\/wp\/v2\/comments?post=139"}],"version-history":[{"count":16,"href":"https:\/\/blog.uclm.es\/grupo-eei\/wp-json\/wp\/v2\/pages\/139\/revisions"}],"predecessor-version":[{"id":5352,"href":"https:\/\/blog.uclm.es\/grupo-eei\/wp-json\/wp\/v2\/pages\/139\/revisions\/5352"}],"wp:attachment":[{"href":"https:\/\/blog.uclm.es\/grupo-eei\/wp-json\/wp\/v2\/media?parent=139"}],"curies":[{"name":"wp","href":"https:\/\/api.w.org\/{rel}","templated":true}]}}