{"id":129,"date":"2017-03-05T20:20:55","date_gmt":"2017-03-05T19:20:55","guid":{"rendered":"http:\/\/blog.uclm.es\/grupo-eei\/?page_id=129"},"modified":"2023-12-14T08:31:48","modified_gmt":"2023-12-14T08:31:48","slug":"bienvenidos-2","status":"publish","type":"page","link":"https:\/\/blog.uclm.es\/grupo-eei\/","title":{"rendered":"Home"},"content":{"rendered":"<h1 style=\"text-align: justify\"><strong>Bienvenidos al Blog del <span style=\"color: #e00d02\"><em>Grupo de Investigaci\u00f3n de Econom\u00eda Espa\u00f1ola e Internacional<\/em><\/span> de la UCLM, ISPEc<\/strong><\/h1>\n<p style=\"text-align: justify\">Este grupo est\u00e1 conformado por investigadores pertenecientes al \u00e1rea de Econom\u00eda Espa\u00f1ola e Internacional de la Universidad de Castilla \u2013 La Mancha, que trabajan activamente en tres <span style=\"color: #e02b20\"><strong>L\u00cdNEAS DE INVESTIGACI\u00d3N<\/strong><\/span>:<\/p>\n<ul style=\"text-align: justify\">\n<li><span style=\"color: #5ead1d\"><em><strong>Econom\u00eda Internacional<\/strong><\/em><\/span>: globalizaci\u00f3n comercial, flujos comerciales y financieros, comercio exterior financiaci\u00f3n y empleo; pol\u00edticas macroecon\u00f3micas y sectoriales en la Uni\u00f3n Europea.<\/li>\n<li><span style=\"color: #49b51e\"><em><strong>Econom\u00eda Industrial<\/strong><\/em><\/span>: estrategias de externalizaci\u00f3n y deslocalizaci\u00f3n productiva\u00b8 estrategias de competencia empresarial en mercados y sectores productivos.<\/li>\n<li><span style=\"color: #7cda24\"><span style=\"color: #57b21e\"><em><strong>Econom\u00eda Laboral<\/strong><\/em><\/span><span style=\"color: #000000\">:<\/span><\/span> mercados de trabajo, sistemas de relaciones laborales y estrategias de empleo; flujos migratorios; nuevos patrones de generaci\u00f3n de empleo y relaciones innovaci\u00f3n-empleo.<\/li>\n<\/ul>\n<p style=\"text-align: center\"><img loading=\"lazy\" decoding=\"async\" class=\"size-medium wp-image-4858 aligncenter\" src=\"https:\/\/blog.uclm.es\/grupo-eei\/wp-content\/uploads\/sites\/238\/2023\/12\/ImagenInforme-218x300.png\" alt=\"\" width=\"218\" height=\"300\" srcset=\"https:\/\/blog.uclm.es\/grupo-eei\/wp-content\/uploads\/sites\/238\/2023\/12\/ImagenInforme-218x300.png 218w, https:\/\/blog.uclm.es\/grupo-eei\/wp-content\/uploads\/sites\/238\/2023\/12\/ImagenInforme.png 402w\" sizes=\"auto, (max-width: 218px) 100vw, 218px\" \/><a href=\"https:\/\/blog.uclm.es\/grupo-eei\/wp-content\/uploads\/sites\/238\/2023\/12\/Memoria-de-investigacion2022.pdf\">Memoria de investigaci\u00f3n2022<\/a><\/p>\n<p style=\"text-align: justify\">En la actualidad el grupo tiene <a href=\"https:\/\/blog.uclm.es\/grupo-eei\/quienes-somos\/\" target=\"_blank\" rel=\"noopener\">17 miembros<\/a> que desarrollan su actividad investigadora en los campus de Toledo, Cuenca y Albacete. En este blog pod\u00e9is ver los resultados de dicha actividad en todas sus l\u00edneas, y tambi\u00e9n conectar con la docencia en postgrado desarrollada por los miembros del grupo. Os invitamos a conocernos visitando las distintas secciones de este espacio. Si ten\u00e9is alguna sugerencia o consulta relativa a nuestras actividades y l\u00edneas de investigaci\u00f3n, no dud\u00e9is en enviarnos un mensaje a trav\u00e9s del <a href=\"https:\/\/blog.uclm.es\/grupo-eei\/contacto\/\" target=\"_blank\" rel=\"noopener\">formulario de contacto<\/a>.<\/p>\n","protected":false},"excerpt":{"rendered":"<p>Bienvenidos al Blog del Grupo de Investigaci\u00f3n de Econom\u00eda Espa\u00f1ola e Internacional de la UCLM, ISPEc Este grupo est\u00e1 conformado por investigadores pertenecientes al \u00e1rea de Econom\u00eda Espa\u00f1ola e Internacional de la Universidad de Castilla \u2013 La Mancha, que trabajan activamente en tres L\u00cdNEAS DE INVESTIGACI\u00d3N: Econom\u00eda Internacional: globalizaci\u00f3n comercial, flujos comerciales y financieros, comercio &hellip; <a href=\"https:\/\/blog.uclm.es\/grupo-eei\/\" class=\"more-link\">Seguir leyendo <span class=\"screen-reader-text\">Home<\/span> <span class=\"meta-nav\">&rarr;<\/span><\/a><\/p>\n","protected":false},"author":393,"featured_media":0,"parent":0,"menu_order":0,"comment_status":"closed","ping_status":"closed","template":"","meta":{"footnotes":""},"class_list":["post-129","page","type-page","status-publish","hentry"],"_links":{"self":[{"href":"https:\/\/blog.uclm.es\/grupo-eei\/wp-json\/wp\/v2\/pages\/129","targetHints":{"allow":["GET"]}}],"collection":[{"href":"https:\/\/blog.uclm.es\/grupo-eei\/wp-json\/wp\/v2\/pages"}],"about":[{"href":"https:\/\/blog.uclm.es\/grupo-eei\/wp-json\/wp\/v2\/types\/page"}],"author":[{"embeddable":true,"href":"https:\/\/blog.uclm.es\/grupo-eei\/wp-json\/wp\/v2\/users\/393"}],"replies":[{"embeddable":true,"href":"https:\/\/blog.uclm.es\/grupo-eei\/wp-json\/wp\/v2\/comments?post=129"}],"version-history":[{"count":2,"href":"https:\/\/blog.uclm.es\/grupo-eei\/wp-json\/wp\/v2\/pages\/129\/revisions"}],"predecessor-version":[{"id":4864,"href":"https:\/\/blog.uclm.es\/grupo-eei\/wp-json\/wp\/v2\/pages\/129\/revisions\/4864"}],"wp:attachment":[{"href":"https:\/\/blog.uclm.es\/grupo-eei\/wp-json\/wp\/v2\/media?parent=129"}],"curies":[{"name":"wp","href":"https:\/\/api.w.org\/{rel}","templated":true}]}}