{"id":114,"date":"2017-02-27T11:34:05","date_gmt":"2017-02-27T10:34:05","guid":{"rendered":"http:\/\/blog.uclm.es\/grupo-eei\/?page_id=114"},"modified":"2023-02-17T14:55:53","modified_gmt":"2023-02-17T14:55:53","slug":"donde-estamos","status":"publish","type":"page","link":"https:\/\/blog.uclm.es\/grupo-eei\/donde-estamos\/","title":{"rendered":"D\u00f3nde estamos \/ Our locations"},"content":{"rendered":"<div>\n<p>La actividad del grupo se desarrolla desde los diversos campus de la Universidad de Castilla-La Mancha: Albacete, Cuenca, Toledo, Ciudad Real y Talavera de la Reina.<\/p>\n<h2><strong>Localizaci\u00f3n:<\/strong><\/h2>\n<\/div>\n<div style=\"padding-top: 5%\">\n<div>\n<h3><strong>Campus de Albacete:<\/strong><\/h3>\n<\/div>\n<div><a href=\"https:\/\/ftaadcee-ab.uclm.es\/\" target=\"_blank\" rel=\"noopener\">Facultad de Ciencias Econ\u00f3micas y Empresariales<br \/><\/a>Ed. Jur\u00eddico &#8211; Empresarial \u00abMelchor de Macanaz\u00bb<br \/>Plaza de la Universidad, 1<br \/>02071 Albacete (Espa\u00f1a)<a style=\"padding-left: 100%\" href=\"https:\/\/goo.gl\/maps\/gTpX4ofRUStgmrW56\" target=\"_blank\" rel=\"noopener\"><img loading=\"lazy\" decoding=\"async\" class=\"alignleft\" src=\"https:\/\/blog.uclm.es\/grupo-eei\/wp-content\/uploads\/sites\/238\/2020\/07\/ubicacion.png\" alt=\"\" width=\"38\" height=\"37\" \/><br \/><\/a><\/div>\n<div><img decoding=\"async\" src=\"https:\/\/blog.uclm.es\/grupo-eei\/wp-content\/uploads\/sites\/238\/2020\/07\/FCCEE-Albacete3-scaled-1.jpg\" \/><\/div>\n<\/div>\n<div style=\"padding-top: 5%\">\n<div>\n<h3>\u00a0<\/h3>\n<h3><strong>Campus de Cuenca:<\/strong><\/h3>\n<\/div>\n<div><a href=\"https:\/\/www.uclm.es\/cuenca\/csociales\" target=\"_blank\" rel=\"noopener\">Facultad de Ciencias Sociales<br \/><\/a>Ed. Gil de Albornoz<br \/>Avda. de los Alfares, 44<br \/>16071 Cuenca (Espa\u00f1a)\n<p><a href=\"https:\/\/goo.gl\/maps\/nSkbinESSGSXHSPL8\" target=\"_blank\" rel=\"noopener\"><img loading=\"lazy\" decoding=\"async\" class=\"alignleft\" src=\"https:\/\/blog.uclm.es\/grupo-eei\/wp-content\/uploads\/sites\/238\/2020\/07\/ubicacion.png\" alt=\"\" width=\"41\" height=\"40\" \/><\/a><\/p>\n<\/div>\n<\/div>\n<div><img decoding=\"async\" src=\"https:\/\/blog.uclm.es\/grupo-eei\/wp-content\/uploads\/sites\/238\/2020\/07\/ccssyhumCuenca.jpg\" \/><\/div>\n<div style=\"padding-top: 5%\">\n<div>\n<h3>\u00a0<\/h3>\n<h3><strong>Campus de Toledo:<\/strong><\/h3>\n<\/div>\n<div><a href=\"https:\/\/www.uclm.es\/toledo\/fcjs\" target=\"_blank\" rel=\"noopener\">Facultad de Ciencias\u00a0Jur\u00eddicas y Sociales<br \/><\/a>Cobertizo de San Pedro M\u00e1rtir, s\/n<br \/>45071 Toledo (Espa\u00f1a)<\/div>\n<div>\n<p>\u00a0<\/p>\n<p><a href=\"https:\/\/goo.gl\/maps\/7iydqgTfh82HocVA7\" target=\"_blank\" rel=\"noopener\"><img loading=\"lazy\" decoding=\"async\" class=\"alignnone\" src=\"https:\/\/blog.uclm.es\/grupo-eei\/wp-content\/uploads\/sites\/238\/2020\/07\/ubicacion.png\" alt=\"\" width=\"41\" height=\"41\" \/><\/a><\/p>\n<\/div>\n<div><img decoding=\"async\" src=\"https:\/\/blog.uclm.es\/grupo-eei\/wp-content\/uploads\/sites\/238\/2020\/07\/Puerta-Mudejar-FCJS-Toledo.jpg\" width=\"50%\" height=\"50%\" \/><\/div>\n<div>\u00a0<\/div>\n<div>\u00a0<\/div>\n<div>\n<div>\n<h3><strong>Campus de Ciudad Real:<\/strong><\/h3>\n<p><a href=\"https:\/\/www.uclm.es\/misiones\/lauclm\/campus\/campuscr\" target=\"_blank\" rel=\"noopener\">Facultad de Derecho y Ciencias Sociales<\/a>\u00a0 \u00a0 \u00a0 \u00a0 \u00a0 \u00a0 \u00a0 \u00a0 \u00a0 \u00a0 \u00a0 \u00a0 \u00a0 \u00a0 \u00a0 \u00a0 \u00a0 \u00a0 \u00a0 \u00a0 \u00a0 \u00a0 \u00a0 \u00a0 \u00a0 \u00a0 \u00a0 \u00a0 \u00a0 \u00a0Altagracia, 50\u00a0 \u00a0 \u00a0 \u00a0 \u00a0 \u00a0 \u00a0 \u00a0 \u00a0 \u00a0 \u00a0 \u00a0 \u00a0 \u00a0 \u00a0 \u00a0 \u00a0 \u00a0 \u00a0 \u00a0 \u00a0 \u00a0 \u00a0 \u00a0 \u00a0 \u00a0 \u00a0 \u00a0 \u00a0 \u00a0 \u00a0 \u00a0 \u00a0 \u00a0 \u00a0 \u00a0 \u00a0 \u00a0 \u00a0 \u00a0 \u00a0 \u00a0 \u00a0 \u00a0 \u00a0 \u00a0 \u00a0 \u00a0 \u00a0 \u00a0 \u00a0 \u00a0 \u00a0 \u00a0 \u00a0 \u00a0 \u00a0 \u00a0 \u00a0 \u00a013003 Ciudad Real (Espa\u00f1a)<\/p>\n<\/div>\n<div>\n<p><a href=\"https:\/\/goo.gl\/maps\/uT3TYQgfU6fdvqtS7\" target=\"_blank\" rel=\"noopener\"><img loading=\"lazy\" decoding=\"async\" class=\"alignleft\" src=\"https:\/\/blog.uclm.es\/grupo-eei\/wp-content\/uploads\/sites\/238\/2020\/07\/ubicacion.png\" alt=\"\" width=\"40\" height=\"40\" \/><\/a><\/p>\n<\/div>\n<div><img decoding=\"async\" src=\"https:\/\/blog.uclm.es\/grupo-eei\/wp-content\/uploads\/sites\/238\/2023\/02\/derecho-1024x576.jpg\" alt=\"La imagen tiene un atributo ALT vac\u00edo; su nombre de archivo es derecho-1024x576.jpg\" \/><\/div>\n<h3>\u00a0<\/h3>\n<h3><strong>Campus de Talavera de la Reina:<\/strong><\/h3>\n<p><a href=\"https:\/\/www.uclm.es\/toledo\/fcsociales\" target=\"_blank\" rel=\"noopener\">Facultad de Ciencias\u00a0Sociales<br \/><\/a>Avda Real F\u00e1brica de Sedas, s\/n<br \/>45600 Talavera de la Reina &#8211; Toledo (Espa\u00f1a)<\/p>\n<p><a href=\"https:\/\/goo.gl\/maps\/uT3TYQgfU6fdvqtS7\" target=\"_blank\" rel=\"noopener\"><img loading=\"lazy\" decoding=\"async\" class=\"alignleft\" src=\"https:\/\/blog.uclm.es\/grupo-eei\/wp-content\/uploads\/sites\/238\/2020\/07\/ubicacion.png\" alt=\"\" width=\"40\" height=\"40\" \/><\/a><\/p>\n<\/div>\n<div><img decoding=\"async\" src=\"https:\/\/blog.uclm.es\/grupo-eei\/wp-content\/uploads\/sites\/238\/2020\/08\/ccsociales-talavera.jpg\" \/><\/div>\n<\/div>\n\n\n\n\n\n\n<figure class=\"wp-block-gallery has-nested-images columns-default is-cropped wp-block-gallery-1 is-layout-flex wp-block-gallery-is-layout-flex\"><\/figure>\n\n\n\n\n\n\n\n<figure class=\"wp-block-gallery has-nested-images columns-default is-cropped wp-block-gallery-2 is-layout-flex wp-block-gallery-is-layout-flex\"><\/figure>\n","protected":false},"excerpt":{"rendered":"<p>La actividad del grupo se desarrolla desde los diversos campus de la Universidad de Castilla-La Mancha: Albacete, Cuenca, Toledo, Ciudad Real y Talavera de la Reina. Localizaci\u00f3n: Campus de Albacete: Facultad de Ciencias Econ\u00f3micas y EmpresarialesEd. Jur\u00eddico &#8211; Empresarial \u00abMelchor de Macanaz\u00bbPlaza de la Universidad, 102071 Albacete (Espa\u00f1a) \u00a0 Campus de Cuenca: Facultad de Ciencias &hellip; <a href=\"https:\/\/blog.uclm.es\/grupo-eei\/donde-estamos\/\" class=\"more-link\">Seguir leyendo <span class=\"screen-reader-text\">D\u00f3nde estamos \/ Our locations<\/span> <span class=\"meta-nav\">&rarr;<\/span><\/a><\/p>\n","protected":false},"author":399,"featured_media":0,"parent":0,"menu_order":0,"comment_status":"closed","ping_status":"closed","template":"","meta":{"footnotes":""},"class_list":["post-114","page","type-page","status-publish","hentry"],"_links":{"self":[{"href":"https:\/\/blog.uclm.es\/grupo-eei\/wp-json\/wp\/v2\/pages\/114","targetHints":{"allow":["GET"]}}],"collection":[{"href":"https:\/\/blog.uclm.es\/grupo-eei\/wp-json\/wp\/v2\/pages"}],"about":[{"href":"https:\/\/blog.uclm.es\/grupo-eei\/wp-json\/wp\/v2\/types\/page"}],"author":[{"embeddable":true,"href":"https:\/\/blog.uclm.es\/grupo-eei\/wp-json\/wp\/v2\/users\/399"}],"replies":[{"embeddable":true,"href":"https:\/\/blog.uclm.es\/grupo-eei\/wp-json\/wp\/v2\/comments?post=114"}],"version-history":[{"count":8,"href":"https:\/\/blog.uclm.es\/grupo-eei\/wp-json\/wp\/v2\/pages\/114\/revisions"}],"predecessor-version":[{"id":4308,"href":"https:\/\/blog.uclm.es\/grupo-eei\/wp-json\/wp\/v2\/pages\/114\/revisions\/4308"}],"wp:attachment":[{"href":"https:\/\/blog.uclm.es\/grupo-eei\/wp-json\/wp\/v2\/media?parent=114"}],"curies":[{"name":"wp","href":"https:\/\/api.w.org\/{rel}","templated":true}]}}