{"id":66,"date":"2019-07-23T13:29:37","date_gmt":"2019-07-23T12:29:37","guid":{"rendered":"http:\/\/blog.uclm.es\/grupo-compublic\/?page_id=66"},"modified":"2023-10-24T06:57:47","modified_gmt":"2023-10-24T06:57:47","slug":"juan-luis-manfredi-sanchez","status":"publish","type":"page","link":"https:\/\/blog.uclm.es\/grupo-compublic\/equipo\/juan-luis-manfredi-sanchez\/","title":{"rendered":"Juan Luis Manfredi S\u00e1nchez"},"content":{"rendered":"\n<p>Juan Luis Manfredi S\u00e1nchez es Catedr\u00e1tico Pr\u00edncipe de Asturias en Georgetown University.<\/p>\n\n\n\n<p>Es profesor titular de la Universidad de Castilla-La Mancha, donde imparte Periodismo y Relaciones Internacionales. Ha dirigido proyectos de investigaci\u00f3n y transferencia.<\/p>\n\n\n\n<p>Escribe sobre relaciones internacionales y diplomacia, propaganda, comunicaci\u00f3n y tecnolog\u00eda, as\u00ed como riesgo pol\u00edtico y orden liberal<\/p>\n\n\n\n<p>Manfredi es autor de m\u00e1s de 15 libros y m\u00e1s de 80 art\u00edculos sobre estas materias. Ha recibido los siguientes premios o reconocimientos en materia de investigaci\u00f3n:<\/p>\n\n\n\n<p>#2 Best Academic Article of the Year (Diplomacy Live, 2017).<\/p>\n\n\n\n<p>#1 Best MFA Book of the Year (Diplomacy Live, 2017).<\/p>\n\n\n\n<p>Premio Fundaci\u00f3n Autor al mejor trabajo de investigaci\u00f3n, 2006.<\/p>\n\n\n\n<p>Premio RTVA a la mejor tesis doctoral, 2006.<\/p>\n\n\n\n<p>Premio Blas Infante de Investigaci\u00f3n en Administraciones P\u00fablicas, 2002.<\/p>\n\n\n\n<p>Como profesional, es columnista de Cinco D\u00edas y colaborador regular de The Conversation, CMM Radio y Canal Sur Televisi\u00f3n. Ha sido finalista del Premio de art\u00edculos El Ciervo-Enrique Ferr\u00e1n (2020) con el texto \u201cElogio del aburrimiento democr\u00e1tico\u201d y del Citi Journalistic Excellence Award (Espa\u00f1a, 2015) por el texto \u201cHubs, ejes de industria y conocimiento en el siglo XXI\u201d, publicado en la Revista Econom\u00eda Exterior (Verano, 69, 2015).<\/p>\n\n\n\n<p>Ha sido miembro del Consejo Cient\u00edfico del Real Instituto Elcano (2014-2019), think tank con el que colabora en distintas actividades de publicaci\u00f3n y divulgaci\u00f3n. Pertenece a Opinno World Expert Council y es miembro del consejo editorial de Esglobal.com, revista de referencia del periodismo internacional en espa\u00f1ol, as\u00ed como de otras revistas acad\u00e9micas (Journal of Public Diplomacy; Revista Estudios Internacionales, Chile).<\/p>\n\n\n\n<p>En el cap\u00edtulo de otros m\u00e9ritos, destacar\u00eda su formaci\u00f3n continuada en centros de primer nivel con ayudas o becas de la Fundaci\u00f3n Ram\u00f3n Areces, Fundaci\u00f3n Rafael del Pino o Programa de Becas ICEX. Es vocal de la junta directiva de ICEX Alumni. Asimismo, es mentor de the REBECA (REseachers Beyond aCAdemia) en EURAXESS (H2020 GA n\u00ba 786133).<\/p>\n\n\n\n<p>Contacto: <a href=\"mailto:juan.manfredi@uclm.es\">juan.manfredi@uclm.es<\/a><\/p>\n","protected":false},"excerpt":{"rendered":"<p>Juan Luis Manfredi S\u00e1nchez es Catedr\u00e1tico Pr\u00edncipe de Asturias en Georgetown University. Es profesor titular de la Universidad de Castilla-La Mancha, donde imparte Periodismo y Relaciones Internacionales. Ha dirigido proyectos de investigaci\u00f3n y transferencia. Escribe sobre relaciones internacionales y diplomacia, propaganda, comunicaci\u00f3n y tecnolog\u00eda, as\u00ed como riesgo pol\u00edtico y orden liberal Manfredi es autor de &hellip; <\/p>\n<p class=\"link-more\"><a href=\"https:\/\/blog.uclm.es\/grupo-compublic\/equipo\/juan-luis-manfredi-sanchez\/\" class=\"more-link\">Continuar leyendo<span class=\"screen-reader-text\"> \u00abJuan Luis Manfredi S\u00e1nchez\u00bb<\/span><\/a><\/p>\n","protected":false},"author":135,"featured_media":0,"parent":16,"menu_order":0,"comment_status":"closed","ping_status":"closed","template":"page-templates\/full-width.php","meta":{"footnotes":""},"class_list":["post-66","page","type-page","status-publish","hentry"],"_links":{"self":[{"href":"https:\/\/blog.uclm.es\/grupo-compublic\/wp-json\/wp\/v2\/pages\/66","targetHints":{"allow":["GET"]}}],"collection":[{"href":"https:\/\/blog.uclm.es\/grupo-compublic\/wp-json\/wp\/v2\/pages"}],"about":[{"href":"https:\/\/blog.uclm.es\/grupo-compublic\/wp-json\/wp\/v2\/types\/page"}],"author":[{"embeddable":true,"href":"https:\/\/blog.uclm.es\/grupo-compublic\/wp-json\/wp\/v2\/users\/135"}],"replies":[{"embeddable":true,"href":"https:\/\/blog.uclm.es\/grupo-compublic\/wp-json\/wp\/v2\/comments?post=66"}],"version-history":[{"count":1,"href":"https:\/\/blog.uclm.es\/grupo-compublic\/wp-json\/wp\/v2\/pages\/66\/revisions"}],"predecessor-version":[{"id":308,"href":"https:\/\/blog.uclm.es\/grupo-compublic\/wp-json\/wp\/v2\/pages\/66\/revisions\/308"}],"up":[{"embeddable":true,"href":"https:\/\/blog.uclm.es\/grupo-compublic\/wp-json\/wp\/v2\/pages\/16"}],"wp:attachment":[{"href":"https:\/\/blog.uclm.es\/grupo-compublic\/wp-json\/wp\/v2\/media?parent=66"}],"curies":[{"name":"wp","href":"https:\/\/api.w.org\/{rel}","templated":true}]}}