{"id":62,"date":"2019-07-23T13:27:01","date_gmt":"2019-07-23T12:27:01","guid":{"rendered":"http:\/\/blog.uclm.es\/grupo-compublic\/?page_id=62"},"modified":"2023-10-26T11:21:17","modified_gmt":"2023-10-26T11:21:17","slug":"ana-serrano-telleria","status":"publish","type":"page","link":"https:\/\/blog.uclm.es\/grupo-compublic\/equipo\/ana-serrano-telleria\/","title":{"rendered":"Ana Serrano Telleria"},"content":{"rendered":"\n<h2 class=\"wp-block-heading\"><img loading=\"lazy\" decoding=\"async\" width=\"427\" height=\"424\" class=\"wp-image-322\" style=\"width: 400px\" src=\"https:\/\/blog.uclm.es\/grupo-compublic\/wp-content\/uploads\/sites\/217\/2023\/10\/AST_perfil.png\" alt=\"\" srcset=\"https:\/\/blog.uclm.es\/grupo-compublic\/wp-content\/uploads\/sites\/217\/2023\/10\/AST_perfil.png 427w, https:\/\/blog.uclm.es\/grupo-compublic\/wp-content\/uploads\/sites\/217\/2023\/10\/AST_perfil-300x298.png 300w, https:\/\/blog.uclm.es\/grupo-compublic\/wp-content\/uploads\/sites\/217\/2023\/10\/AST_perfil-150x150.png 150w, https:\/\/blog.uclm.es\/grupo-compublic\/wp-content\/uploads\/sites\/217\/2023\/10\/AST_perfil-100x100.png 100w\" sizes=\"auto, (max-width: 427px) 100vw, 427px\" \/><\/h2>\n\n\n\n<p>Profesora Titular (UCLM, 2022; ANECA 2020, Profesora Contratada Doctora, julio 2017; Profesora Ayudante Doctora, junio de 2013) en la Universidad de Castilla La Mancha, Espa\u00f1a (Comunicaci\u00f3n y Periodismo On\/Offline\/H\u00edbrid@; Estudios Cros\/Multi\/Transmedia; Dise\u00f1o e Interfaces; Realidad Aumentada-Virtual-Mixta\/Extendida; Dispositivos M\u00f3viles; Dispositivos M\u00f3viles y Privacidad; Artes Esc\u00e9nicas, Visuales y Performativas). Miembro de ARTEA. Investigadora visitante (1.4._31.7.2019 \/ 1.8.2019 \u2013 1.8.2020) en el Departamento de Estudios de Medios de la Universidad de\u00c1msterdam. Becaria de investigaci\u00f3n posdoctoral en periodismo digital de OsloMet (beca otorgada el 8_11.4.2019), Universidad Metropolitana de Oslo. Investigadora Postdoctoral (2013, \u2026) en el Laboratorio de Investigaci\u00f3n LABCOM, Universidad de Beira Interior (Portugal). Investigadora Postdoctoral (2017, \u2026) en DIGIDOC (Grupo de Investigaci\u00f3n en Documentaci\u00f3n Digital y Comunicaci\u00f3n Interactiva) de la Universidad Pompeu Fabra (Espa\u00f1a). Investigadora Postdoctoral (2018, \u2026) IN_DIGITALMEDIA en la Universidad Carlos III (Espa\u00f1a). Investigadora Postdoctoral Asociada (2016, \u2026) en MESO, Universidad de San Andr\u00e9s (Argentina) y Northwestern University (EEUU). Innovamedia.net: Una Red de Investigadores. SembraMedia: Periodismo Emprendedor. Otr@s (2012, \u2026): Consultora de Medios, Gestora de proyectos de I+D+i, culturales y de cooperaci\u00f3n internacional, Periodista, Artista e Int\u00e9rprete (Actriz-Cantante-Directora de Escena).<\/p>\n\n\n\n<p>Selecci\u00f3n de publicaciones: <a href=\"https:\/\/orcid.org\/0000-0003-1625-4411\">https:\/\/orcid.org\/0000-0003-1625-4411<\/a><\/p>\n","protected":false},"excerpt":{"rendered":"<p>Profesora Titular (UCLM, 2022; ANECA 2020, Profesora Contratada Doctora, julio 2017; Profesora Ayudante Doctora, junio de 2013) en la Universidad de Castilla La Mancha, Espa\u00f1a (Comunicaci\u00f3n y Periodismo On\/Offline\/H\u00edbrid@; Estudios Cros\/Multi\/Transmedia; Dise\u00f1o e Interfaces; Realidad Aumentada-Virtual-Mixta\/Extendida; Dispositivos M\u00f3viles; Dispositivos M\u00f3viles y Privacidad; Artes Esc\u00e9nicas, Visuales y Performativas). Miembro de ARTEA. Investigadora visitante (1.4._31.7.2019 \/ 1.8.2019 &hellip; <\/p>\n<p class=\"link-more\"><a href=\"https:\/\/blog.uclm.es\/grupo-compublic\/equipo\/ana-serrano-telleria\/\" class=\"more-link\">Continuar leyendo<span class=\"screen-reader-text\"> \u00abAna Serrano Telleria\u00bb<\/span><\/a><\/p>\n","protected":false},"author":135,"featured_media":0,"parent":16,"menu_order":0,"comment_status":"closed","ping_status":"closed","template":"page-templates\/full-width.php","meta":{"footnotes":""},"class_list":["post-62","page","type-page","status-publish","hentry"],"_links":{"self":[{"href":"https:\/\/blog.uclm.es\/grupo-compublic\/wp-json\/wp\/v2\/pages\/62","targetHints":{"allow":["GET"]}}],"collection":[{"href":"https:\/\/blog.uclm.es\/grupo-compublic\/wp-json\/wp\/v2\/pages"}],"about":[{"href":"https:\/\/blog.uclm.es\/grupo-compublic\/wp-json\/wp\/v2\/types\/page"}],"author":[{"embeddable":true,"href":"https:\/\/blog.uclm.es\/grupo-compublic\/wp-json\/wp\/v2\/users\/135"}],"replies":[{"embeddable":true,"href":"https:\/\/blog.uclm.es\/grupo-compublic\/wp-json\/wp\/v2\/comments?post=62"}],"version-history":[{"count":3,"href":"https:\/\/blog.uclm.es\/grupo-compublic\/wp-json\/wp\/v2\/pages\/62\/revisions"}],"predecessor-version":[{"id":324,"href":"https:\/\/blog.uclm.es\/grupo-compublic\/wp-json\/wp\/v2\/pages\/62\/revisions\/324"}],"up":[{"embeddable":true,"href":"https:\/\/blog.uclm.es\/grupo-compublic\/wp-json\/wp\/v2\/pages\/16"}],"wp:attachment":[{"href":"https:\/\/blog.uclm.es\/grupo-compublic\/wp-json\/wp\/v2\/media?parent=62"}],"curies":[{"name":"wp","href":"https:\/\/api.w.org\/{rel}","templated":true}]}}