{"id":535,"date":"2026-03-11T07:33:39","date_gmt":"2026-03-11T07:33:39","guid":{"rendered":"https:\/\/blog.uclm.es\/grupo-compublic\/?page_id=535"},"modified":"2026-03-16T08:32:54","modified_gmt":"2026-03-16T08:32:54","slug":"compublic-cee-centro-de-excelencia-jean-monnet","status":"publish","type":"page","link":"https:\/\/blog.uclm.es\/grupo-compublic\/compublic-cee-centro-de-excelencia-jean-monnet\/","title":{"rendered":"ComPublic-CEE\/ Centro de Excelencia Jean Monnet"},"content":{"rendered":"\n<p>En el marco del D\u00eda Internacional de la Mujer, el Centro de Estudios Europeos- Centro de excelencia Jean Monnet ha elaborado una publicaci\u00f3n que re\u00fane las l\u00edneas de trabjo de las investigadoras de los cinco grupos que lo componen. El informe recoge la aportaci\u00f3n de 17 investigadoras y reflexiona sobre la presencia y papel de las mujeres en la Universidad de Castilla-La Mancha.<\/p>\n\n\n\n<p>Acceso a la publicaci\u00f3n: <a href=\"https:\/\/heyzine.com\/flip-book\/f6c13865fd.html#page\/2\" target=\"_blank\" rel=\"noreferrer noopener\">https:\/\/heyzine.com\/flip-book\/f6c13865fd.html#page\/2<\/a><\/p>\n\n\n\n<p><\/p>\n","protected":false},"excerpt":{"rendered":"<p>En el marco del D\u00eda Internacional de la Mujer, el Centro de Estudios Europeos- Centro de excelencia Jean Monnet ha elaborado una publicaci\u00f3n que re\u00fane las l\u00edneas de trabjo de las investigadoras de los cinco grupos que lo componen. El informe recoge la aportaci\u00f3n de 17 investigadoras y reflexiona sobre la presencia y papel de &hellip; <\/p>\n<p class=\"link-more\"><a href=\"https:\/\/blog.uclm.es\/grupo-compublic\/compublic-cee-centro-de-excelencia-jean-monnet\/\" class=\"more-link\">Continuar leyendo<span class=\"screen-reader-text\"> \u00abComPublic-CEE\/ Centro de Excelencia Jean Monnet\u00bb<\/span><\/a><\/p>\n","protected":false},"author":135,"featured_media":533,"parent":0,"menu_order":0,"comment_status":"closed","ping_status":"closed","template":"","meta":{"footnotes":""},"class_list":["post-535","page","type-page","status-publish","has-post-thumbnail","hentry"],"_links":{"self":[{"href":"https:\/\/blog.uclm.es\/grupo-compublic\/wp-json\/wp\/v2\/pages\/535","targetHints":{"allow":["GET"]}}],"collection":[{"href":"https:\/\/blog.uclm.es\/grupo-compublic\/wp-json\/wp\/v2\/pages"}],"about":[{"href":"https:\/\/blog.uclm.es\/grupo-compublic\/wp-json\/wp\/v2\/types\/page"}],"author":[{"embeddable":true,"href":"https:\/\/blog.uclm.es\/grupo-compublic\/wp-json\/wp\/v2\/users\/135"}],"replies":[{"embeddable":true,"href":"https:\/\/blog.uclm.es\/grupo-compublic\/wp-json\/wp\/v2\/comments?post=535"}],"version-history":[{"count":2,"href":"https:\/\/blog.uclm.es\/grupo-compublic\/wp-json\/wp\/v2\/pages\/535\/revisions"}],"predecessor-version":[{"id":539,"href":"https:\/\/blog.uclm.es\/grupo-compublic\/wp-json\/wp\/v2\/pages\/535\/revisions\/539"}],"wp:featuredmedia":[{"embeddable":true,"href":"https:\/\/blog.uclm.es\/grupo-compublic\/wp-json\/wp\/v2\/media\/533"}],"wp:attachment":[{"href":"https:\/\/blog.uclm.es\/grupo-compublic\/wp-json\/wp\/v2\/media?parent=535"}],"curies":[{"name":"wp","href":"https:\/\/api.w.org\/{rel}","templated":true}]}}