{"id":517,"date":"2025-11-17T07:21:26","date_gmt":"2025-11-17T07:21:26","guid":{"rendered":"https:\/\/blog.uclm.es\/grupo-compublic\/?page_id=517"},"modified":"2025-11-17T07:26:32","modified_gmt":"2025-11-17T07:26:32","slug":"javier-farinas","status":"publish","type":"page","link":"https:\/\/blog.uclm.es\/grupo-compublic\/equipo\/javier-farinas\/","title":{"rendered":"Javier Fari\u00f1as Mart\u00edn"},"content":{"rendered":"\n<figure class=\"wp-block-gallery has-nested-images columns-default is-cropped wp-block-gallery-1 is-layout-flex wp-block-gallery-is-layout-flex\">\n<figure class=\"wp-block-image size-large\"><img loading=\"lazy\" decoding=\"async\" width=\"683\" height=\"1024\" data-id=\"518\" src=\"https:\/\/blog.uclm.es\/grupo-compublic\/wp-content\/uploads\/sites\/217\/2025\/11\/j.-farinas-foto-683x1024.jpg\" alt=\"\" class=\"wp-image-518\" srcset=\"https:\/\/blog.uclm.es\/grupo-compublic\/wp-content\/uploads\/sites\/217\/2025\/11\/j.-farinas-foto-683x1024.jpg 683w, https:\/\/blog.uclm.es\/grupo-compublic\/wp-content\/uploads\/sites\/217\/2025\/11\/j.-farinas-foto-200x300.jpg 200w, https:\/\/blog.uclm.es\/grupo-compublic\/wp-content\/uploads\/sites\/217\/2025\/11\/j.-farinas-foto-768x1152.jpg 768w, https:\/\/blog.uclm.es\/grupo-compublic\/wp-content\/uploads\/sites\/217\/2025\/11\/j.-farinas-foto-1024x1536.jpg 1024w, https:\/\/blog.uclm.es\/grupo-compublic\/wp-content\/uploads\/sites\/217\/2025\/11\/j.-farinas-foto-1365x2048.jpg 1365w, https:\/\/blog.uclm.es\/grupo-compublic\/wp-content\/uploads\/sites\/217\/2025\/11\/j.-farinas-foto-scaled.jpg 1707w\" sizes=\"auto, (max-width: 683px) 100vw, 683px\" \/><\/figure>\n<\/figure>\n\n\n\n<p>Licenciado (1997) y doctorado (2008) en Periodismo \u2013con Premio Extraordinario de Doctorado\u2013 por la Universidad Complutense (Madrid), imparte desde 2021 el Seminario de Especializaci\u00f3n sobre \u00c1frica en el Grado de Estudios Internacionales (Fac. CC. Jur\u00eddicas y Sociales, Universidad de Castilla-La Mancha). Adem\u00e1s, desde 2020 imparte la asignatura G\u00e9neros Period\u00edsticos en Prensa en el Grado de Periodismo en la Universidad Isabel I. Entre 2009 y 2018 imparti\u00f3 las asignaturas Escritura para los Medios de Comunicaci\u00f3n Social I y II en la Facultad de Humanidades y CC. Comunicaci\u00f3n (Universidad San Pablo-CEU). De 2007 a 2012 fue colaborador honor\u00edfico en el Dpto. Periodismo IV, de la Facultad CC. Informaci\u00f3n (Universidad Complutense).<\/p>\n\n\n\n<p>En el \u00e1mbito profesional, desde 2013 es redactor jefe de la revista Mundo Negro, especializada en el continente africano. Colaborador habitual en medios de comunicaci\u00f3n, participa desde 2012 en el programa Frontera, de Radio Nacional de Espa\u00f1a.<\/p>\n\n\n\n<p>Autor de <em>Habari za Francisco. \u00c1frica en el magisterio del Papa (2013-2023) <\/em>(Ed. Mundo Negro, 2023), <em>Nelson Mandela. Un jugador de damas en Robben Island<\/em> (Ed. San Pablo, 2018) y <em>Periodismo de mandarina. Cuaderno de viaje sobre la pobreza en los medios de comunicaci\u00f3n<\/em> (Ed. San Pablo, colecci\u00f3n AlternativaS, 2015). Coautor de <em>Africanas. 50 (+1) mujeres en el mundo<\/em>. (Ed. Mundo Negro, 2024).<\/p>\n","protected":false},"excerpt":{"rendered":"<p>Licenciado (1997) y doctorado (2008) en Periodismo \u2013con Premio Extraordinario de Doctorado\u2013 por la Universidad Complutense (Madrid), imparte desde 2021 el Seminario de Especializaci\u00f3n sobre \u00c1frica en el Grado de Estudios Internacionales (Fac. CC. Jur\u00eddicas y Sociales, Universidad de Castilla-La Mancha). Adem\u00e1s, desde 2020 imparte la asignatura G\u00e9neros Period\u00edsticos en Prensa en el Grado de &hellip; <\/p>\n<p class=\"link-more\"><a href=\"https:\/\/blog.uclm.es\/grupo-compublic\/equipo\/javier-farinas\/\" class=\"more-link\">Continuar leyendo<span class=\"screen-reader-text\"> \u00abJavier Fari\u00f1as Mart\u00edn\u00bb<\/span><\/a><\/p>\n","protected":false},"author":135,"featured_media":0,"parent":16,"menu_order":0,"comment_status":"closed","ping_status":"closed","template":"","meta":{"footnotes":""},"class_list":["post-517","page","type-page","status-publish","hentry"],"_links":{"self":[{"href":"https:\/\/blog.uclm.es\/grupo-compublic\/wp-json\/wp\/v2\/pages\/517","targetHints":{"allow":["GET"]}}],"collection":[{"href":"https:\/\/blog.uclm.es\/grupo-compublic\/wp-json\/wp\/v2\/pages"}],"about":[{"href":"https:\/\/blog.uclm.es\/grupo-compublic\/wp-json\/wp\/v2\/types\/page"}],"author":[{"embeddable":true,"href":"https:\/\/blog.uclm.es\/grupo-compublic\/wp-json\/wp\/v2\/users\/135"}],"replies":[{"embeddable":true,"href":"https:\/\/blog.uclm.es\/grupo-compublic\/wp-json\/wp\/v2\/comments?post=517"}],"version-history":[{"count":3,"href":"https:\/\/blog.uclm.es\/grupo-compublic\/wp-json\/wp\/v2\/pages\/517\/revisions"}],"predecessor-version":[{"id":522,"href":"https:\/\/blog.uclm.es\/grupo-compublic\/wp-json\/wp\/v2\/pages\/517\/revisions\/522"}],"up":[{"embeddable":true,"href":"https:\/\/blog.uclm.es\/grupo-compublic\/wp-json\/wp\/v2\/pages\/16"}],"wp:attachment":[{"href":"https:\/\/blog.uclm.es\/grupo-compublic\/wp-json\/wp\/v2\/media?parent=517"}],"curies":[{"name":"wp","href":"https:\/\/api.w.org\/{rel}","templated":true}]}}