{"id":511,"date":"2025-11-04T12:59:22","date_gmt":"2025-11-04T12:59:22","guid":{"rendered":"https:\/\/blog.uclm.es\/grupo-compublic\/?page_id=511"},"modified":"2025-11-04T13:16:15","modified_gmt":"2025-11-04T13:16:15","slug":"maria-martinez-carmena","status":"publish","type":"page","link":"https:\/\/blog.uclm.es\/grupo-compublic\/equipo\/maria-martinez-carmena\/","title":{"rendered":"Mar\u00eda Mart\u00ednez Carmena"},"content":{"rendered":"<div class=\"wp-block-image\">\n<figure class=\"aligncenter size-full is-resized\"><img loading=\"lazy\" decoding=\"async\" width=\"654\" height=\"789\" src=\"https:\/\/blog.uclm.es\/grupo-compublic\/wp-content\/uploads\/sites\/217\/2025\/11\/IMG-20240426-WA0018.jpg\" alt=\"\" class=\"wp-image-512\" style=\"width:253px;height:auto\" srcset=\"https:\/\/blog.uclm.es\/grupo-compublic\/wp-content\/uploads\/sites\/217\/2025\/11\/IMG-20240426-WA0018.jpg 654w, https:\/\/blog.uclm.es\/grupo-compublic\/wp-content\/uploads\/sites\/217\/2025\/11\/IMG-20240426-WA0018-249x300.jpg 249w\" sizes=\"auto, (max-width: 654px) 100vw, 654px\" \/><\/figure>\n<\/div>\n\n\n<p>Doctora en Derecho por la UCLM. Pertenece al \u00e1rea de Derecho Internacional P\u00fablico y Relaciones Internacionales de la Facultad de Ciencias Jur\u00eddicas y Sociales de Toledo. Tiene amplia experiencia docente en Licenciatura, Grados y Posgrados ofertados por la misma. Ha sido Secretaria Acad\u00e9mica de dicha Facultad y Secretaria de la Comisi\u00f3n de g\u00e9nero Mujer y Ciencia, entre otras labores de gesti\u00f3n acad\u00e9mica. Sus principales l\u00edneas de investigaci\u00f3n son la OTAN y el uso de la fuerza en derecho internacional. Es autora de dos monograf\u00edas sobre la OTAN (<em>La OTAN. De alianza defensiva a organizaci\u00f3n de seguridad<\/em>, Thomson Reuters Aranzadi, Navarra, 2013 y <em>La creaci\u00f3n de la Alianza Atl\u00e1ntica en el marco de la pol\u00edtica de contenci\u00f3n<\/em>, Thomson Reuters Aranzadi, Navarra, 2018). Igualmente ha publicado diversos art\u00edculos, comentarios y recensiones en revistas especializadas y cap\u00edtulos en obras colectivas en editoriales de prestigio. Ha realizado siete estancias de investigaci\u00f3n y participado en un proyecto europeo de investigaci\u00f3n, seis nacionales, tres regionales y varias ayudas a la investigaci\u00f3n.<\/p>\n\n\n\n<p>Cuenta con una amplia experiencia en la organizaci\u00f3n y\/o participaci\u00f3n como ponente en Cursos, Seminarios, Jornadas, Charlas y Mesas Redondas relativas a materias de diversa \u00edndole (terrorismo yihadista, derechos humanos, g\u00e9nero, medio ambiente, etc).<\/p>\n","protected":false},"excerpt":{"rendered":"<p>Doctora en Derecho por la UCLM. Pertenece al \u00e1rea de Derecho Internacional P\u00fablico y Relaciones Internacionales de la Facultad de Ciencias Jur\u00eddicas y Sociales de Toledo. Tiene amplia experiencia docente en Licenciatura, Grados y Posgrados ofertados por la misma. Ha sido Secretaria Acad\u00e9mica de dicha Facultad y Secretaria de la Comisi\u00f3n de g\u00e9nero Mujer y &hellip; <\/p>\n<p class=\"link-more\"><a href=\"https:\/\/blog.uclm.es\/grupo-compublic\/equipo\/maria-martinez-carmena\/\" class=\"more-link\">Continuar leyendo<span class=\"screen-reader-text\"> \u00abMar\u00eda Mart\u00ednez Carmena\u00bb<\/span><\/a><\/p>\n","protected":false},"author":135,"featured_media":0,"parent":16,"menu_order":0,"comment_status":"closed","ping_status":"closed","template":"","meta":{"footnotes":""},"class_list":["post-511","page","type-page","status-publish","hentry"],"_links":{"self":[{"href":"https:\/\/blog.uclm.es\/grupo-compublic\/wp-json\/wp\/v2\/pages\/511","targetHints":{"allow":["GET"]}}],"collection":[{"href":"https:\/\/blog.uclm.es\/grupo-compublic\/wp-json\/wp\/v2\/pages"}],"about":[{"href":"https:\/\/blog.uclm.es\/grupo-compublic\/wp-json\/wp\/v2\/types\/page"}],"author":[{"embeddable":true,"href":"https:\/\/blog.uclm.es\/grupo-compublic\/wp-json\/wp\/v2\/users\/135"}],"replies":[{"embeddable":true,"href":"https:\/\/blog.uclm.es\/grupo-compublic\/wp-json\/wp\/v2\/comments?post=511"}],"version-history":[{"count":1,"href":"https:\/\/blog.uclm.es\/grupo-compublic\/wp-json\/wp\/v2\/pages\/511\/revisions"}],"predecessor-version":[{"id":513,"href":"https:\/\/blog.uclm.es\/grupo-compublic\/wp-json\/wp\/v2\/pages\/511\/revisions\/513"}],"up":[{"embeddable":true,"href":"https:\/\/blog.uclm.es\/grupo-compublic\/wp-json\/wp\/v2\/pages\/16"}],"wp:attachment":[{"href":"https:\/\/blog.uclm.es\/grupo-compublic\/wp-json\/wp\/v2\/media?parent=511"}],"curies":[{"name":"wp","href":"https:\/\/api.w.org\/{rel}","templated":true}]}}