{"id":502,"date":"2025-10-15T06:50:30","date_gmt":"2025-10-15T06:50:30","guid":{"rendered":"https:\/\/blog.uclm.es\/grupo-compublic\/?page_id=502"},"modified":"2025-10-15T07:02:11","modified_gmt":"2025-10-15T07:02:11","slug":"ignacio-forcada-barona","status":"publish","type":"page","link":"https:\/\/blog.uclm.es\/grupo-compublic\/equipo\/ignacio-forcada-barona\/","title":{"rendered":"Ignacio Forcada Barona"},"content":{"rendered":"<div class=\"wp-block-image\">\n<figure class=\"aligncenter size-full is-resized\"><img loading=\"lazy\" decoding=\"async\" width=\"464\" height=\"605\" src=\"https:\/\/blog.uclm.es\/grupo-compublic\/wp-content\/uploads\/sites\/217\/2025\/10\/IgnacioForcada.jpg\" alt=\"\" class=\"wp-image-503\" style=\"width:266px;height:auto\" srcset=\"https:\/\/blog.uclm.es\/grupo-compublic\/wp-content\/uploads\/sites\/217\/2025\/10\/IgnacioForcada.jpg 464w, https:\/\/blog.uclm.es\/grupo-compublic\/wp-content\/uploads\/sites\/217\/2025\/10\/IgnacioForcada-230x300.jpg 230w\" sizes=\"auto, (max-width: 464px) 100vw, 464px\" \/><\/figure>\n<\/div>\n\n\n<p>Ignacio Forcada Barona es Profesor Titular de Derecho Internacional P\u00fablico en la Universidad de Castilla-La Mancha (UCLM). <strong>Licenciado en Derecho por la Universidad de Valencia. Licenciado Especial en Derecho Europeo<\/strong> (Universidad Libre de Bruselas). <strong>Diplomado en Altos Estudios Europeos<\/strong> (Colegio de Europa, Brujas). <strong>Doctor en Derecho<\/strong> (UCLM). Actualmente es <strong>docente en el Grado en Derecho y en el Grado en Estudios Internacionales <\/strong>de la UCLM, as\u00ed como miembro de la Comisi\u00f3n de Cultura de la Facultad de Ciencias Jur\u00eddicas y Sociales (UCLM).<\/p>\n\n\n\n<p>Ha realizado <strong>estancias predoctorales <\/strong>en la sede de Naciones Unidas en Nueva York y en el Comit\u00e9 de Ayuda al Desarrollo de la OCDE en Par\u00eds. Igualmente ha llevado a cabo estancias de investigaci\u00f3n en Universidad de Berkeley, en la Universidad de Naciones Unidas (Tokio), en la Universidad de Quebec, en el Programa de Naciones Unidas para el Medio Ambiente (Nairobi), en la Universidad Saint Joseph (Beirut) y en la Universidad de Cambridge.<\/p>\n\n\n\n<p><strong>Posee un nivel avanzado de franc\u00e9s, ingl\u00e9s e italiano.<\/strong><\/p>\n\n\n\n<p>En sus <strong>publicaciones<\/strong> ha abarcado temas sobre la ayuda al desarrollo, el derecho del mar, la ense\u00f1anza del derecho internacional, gobernanza medioambiental, aspectos te\u00f3ricos del derecho internacional y cuestiones de justicia transicional.<\/p>\n\n\n\n<p>http:\/\/www.ssrn.com\/en\/.<\/p>\n\n\n\n<p>http:\/\/orcid.org\/0000-0002-6657-925X.<\/p>\n\n\n\n<p><strong>Contacto:<\/strong> ignacio.forcada@uclm.es<\/p>\n","protected":false},"excerpt":{"rendered":"<p>Ignacio Forcada Barona es Profesor Titular de Derecho Internacional P\u00fablico en la Universidad de Castilla-La Mancha (UCLM). Licenciado en Derecho por la Universidad de Valencia. Licenciado Especial en Derecho Europeo (Universidad Libre de Bruselas). Diplomado en Altos Estudios Europeos (Colegio de Europa, Brujas). Doctor en Derecho (UCLM). Actualmente es docente en el Grado en Derecho &hellip; <\/p>\n<p class=\"link-more\"><a href=\"https:\/\/blog.uclm.es\/grupo-compublic\/equipo\/ignacio-forcada-barona\/\" class=\"more-link\">Continuar leyendo<span class=\"screen-reader-text\"> \u00abIgnacio Forcada Barona\u00bb<\/span><\/a><\/p>\n","protected":false},"author":135,"featured_media":0,"parent":16,"menu_order":0,"comment_status":"closed","ping_status":"closed","template":"","meta":{"footnotes":""},"class_list":["post-502","page","type-page","status-publish","hentry"],"_links":{"self":[{"href":"https:\/\/blog.uclm.es\/grupo-compublic\/wp-json\/wp\/v2\/pages\/502","targetHints":{"allow":["GET"]}}],"collection":[{"href":"https:\/\/blog.uclm.es\/grupo-compublic\/wp-json\/wp\/v2\/pages"}],"about":[{"href":"https:\/\/blog.uclm.es\/grupo-compublic\/wp-json\/wp\/v2\/types\/page"}],"author":[{"embeddable":true,"href":"https:\/\/blog.uclm.es\/grupo-compublic\/wp-json\/wp\/v2\/users\/135"}],"replies":[{"embeddable":true,"href":"https:\/\/blog.uclm.es\/grupo-compublic\/wp-json\/wp\/v2\/comments?post=502"}],"version-history":[{"count":4,"href":"https:\/\/blog.uclm.es\/grupo-compublic\/wp-json\/wp\/v2\/pages\/502\/revisions"}],"predecessor-version":[{"id":507,"href":"https:\/\/blog.uclm.es\/grupo-compublic\/wp-json\/wp\/v2\/pages\/502\/revisions\/507"}],"up":[{"embeddable":true,"href":"https:\/\/blog.uclm.es\/grupo-compublic\/wp-json\/wp\/v2\/pages\/16"}],"wp:attachment":[{"href":"https:\/\/blog.uclm.es\/grupo-compublic\/wp-json\/wp\/v2\/media?parent=502"}],"curies":[{"name":"wp","href":"https:\/\/api.w.org\/{rel}","templated":true}]}}