{"id":446,"date":"2025-03-14T09:03:58","date_gmt":"2025-03-14T09:03:58","guid":{"rendered":"https:\/\/blog.uclm.es\/grupo-compublic\/?page_id=446"},"modified":"2025-04-02T09:36:31","modified_gmt":"2025-04-02T09:36:31","slug":"compublic-audiovisual","status":"publish","type":"page","link":"https:\/\/blog.uclm.es\/grupo-compublic\/compublic-audiovisual\/","title":{"rendered":"ComPublic audiovisual"},"content":{"rendered":"\n<h2 class=\"wp-block-heading\">Congreso \u00abProcesos de plataformizaci\u00f3n y medios de comunicaci\u00f3n en Espa\u00f1a y en Europa\u00bb<\/h2>\n\n\n\n<h5 class=\"wp-block-heading\">Resumen del congreso<\/h5>\n\n\n\n<p class=\"wp-embed-aspect-16-9 wp-has-aspect-ratio\"><a href=\"https:\/\/www.youtube.com\/watch?v=02m0o0Oeh6I\" target=\"_blank\" rel=\"noreferrer noopener\">https:\/\/www.youtube.com\/watch?v=02m0o0Oeh6I<\/a><\/p>\n\n\n\n<div data-wp-interactive=\"core\/file\" class=\"wp-block-file\"><object data-wp-bind--hidden=\"!state.hasPdfPreview\" hidden class=\"wp-block-file__embed\" data=\"https:\/\/blog.uclm.es\/grupo-compublic\/wp-content\/uploads\/sites\/217\/2025\/04\/Congreso-Procesos-de-plataformizacion-y-medios-de-comunicacion-en-Espana-y-en-Europa.pdf\" type=\"application\/pdf\" style=\"width:100%;height:600px\" aria-label=\"Incrustado de Congreso Procesos de plataformizacio\u0301n y medios de comunicacio\u0301n en Espan\u0303a y en Europa.\"><\/object><a id=\"wp-block-file--media-472106bd-ba6c-46a1-92c2-c0d8cc14e82e\" href=\"https:\/\/blog.uclm.es\/grupo-compublic\/wp-content\/uploads\/sites\/217\/2025\/04\/Congreso-Procesos-de-plataformizacion-y-medios-de-comunicacion-en-Espana-y-en-Europa.pdf\">Congreso Procesos de plataformizacio\u0301n y medios de comunicacio\u0301n en Espan\u0303a y en Europa<\/a><a href=\"https:\/\/blog.uclm.es\/grupo-compublic\/wp-content\/uploads\/sites\/217\/2025\/04\/Congreso-Procesos-de-plataformizacion-y-medios-de-comunicacion-en-Espana-y-en-Europa.pdf\" class=\"wp-block-file__button wp-element-button\" download aria-describedby=\"wp-block-file--media-472106bd-ba6c-46a1-92c2-c0d8cc14e82e\">Descarga<\/a><\/div>\n\n\n\n<hr class=\"wp-block-separator has-alpha-channel-opacity\" \/>\n\n\n\n<h5 class=\"wp-block-heading\">Ponencia Carlos Scolari (U. Pompeu Fabra)<\/h5>\n\n\n\n<p>\u00abLa guerra de las plataformas: del papiro a la IA\u00bb<\/p>\n\n\n\n<p class=\"wp-embed-aspect-16-9 wp-has-aspect-ratio\"><a href=\"https:\/\/www.youtube.com\/watch?v=SfB2AQgg2JQ\" target=\"_blank\" rel=\"noreferrer noopener\">https:\/\/www.youtube.com\/watch?v=SfB2AQgg2JQ<\/a><\/p>\n\n\n\n<hr class=\"wp-block-separator has-alpha-channel-opacity\" \/>\n\n\n\n<h5 class=\"wp-block-heading\">Ponencia Andr\u00e9s Boix (U. Val\u00e8ncia)<\/h5>\n\n\n\n<p>\u00abLa plataformizaci\u00f3n: retos medi\u00e1ticos y jur\u00eddicos en el siglo XXI\u00bb<\/p>\n\n\n\n<p><a href=\"https:\/\/www.youtube.com\/watch?v=oARUbL0QNaQ\" target=\"_blank\" rel=\"noreferrer noopener\">https:\/\/www.youtube.com\/watch?v=oARUbL0QNaQ<\/a><\/p>\n\n\n\n<hr class=\"wp-block-separator has-alpha-channel-opacity\" \/>\n\n\n\n<h5 class=\"wp-block-heading\">Mesa I. Trinidad Garc\u00eda Leiva (UC3M), Teresa Sorolla (U. Jaume I) y J. Ignacio Gallego (UC3M)<\/h5>\n\n\n\n<p>\u00abEntorno medi\u00e1tico y procesos de plataformizaci\u00f3n\u00bb<\/p>\n\n\n\n<p><a href=\"https:\/\/www.youtube.com\/watch?v=R7RSa1fpmGA\" target=\"_blank\" rel=\"noreferrer noopener\">https:\/\/www.youtube.com\/watch?v=R7RSa1fpmGA<\/a><\/p>\n\n\n\n<hr class=\"wp-block-separator has-alpha-channel-opacity\" \/>\n\n\n\n<h5 class=\"wp-block-heading\">Mesa II. Mike Villanueva (Castilla-La Mancha Film Commission) y Diego Ag\u00fangez (Comisi\u00f3n Europea)<\/h5>\n\n\n\n<p>\u00abEl Papel de las Instituciones p\u00fablicas\u00bb<\/p>\n\n\n\n<p><a href=\"https:\/\/www.youtube.com\/watch?v=7i3X6nt4qjc\" target=\"_blank\" rel=\"noreferrer noopener\">https:\/\/www.youtube.com\/watch?v=7i3X6nt4qjc<\/a><\/p>\n\n\n\n<hr class=\"wp-block-separator has-alpha-channel-opacity\" \/>\n\n\n\n<h5 class=\"wp-block-heading\">Mesa III. Alessia di Giacomo (RTVE) y Juan Manuel Blanco Poley (Canal Sur)<\/h5>\n\n\n\n<p>\u00abMedios de comunicaci\u00f3n p\u00fablicos y plataformas\u00bb<\/p>\n\n\n\n<p><a href=\"https:\/\/www.youtube.com\/watch?v=VNH2ttcJ8-s\" target=\"_blank\" rel=\"noreferrer noopener\">https:\/\/www.youtube.com\/watch?v=VNH2ttcJ8-s<\/a><\/p>\n\n\n\n<p><\/p>\n","protected":false},"excerpt":{"rendered":"<p>Congreso \u00abProcesos de plataformizaci\u00f3n y medios de comunicaci\u00f3n en Espa\u00f1a y en Europa\u00bb Resumen del congreso https:\/\/www.youtube.com\/watch?v=02m0o0Oeh6I Ponencia Carlos Scolari (U. Pompeu Fabra) \u00abLa guerra de las plataformas: del papiro a la IA\u00bb https:\/\/www.youtube.com\/watch?v=SfB2AQgg2JQ Ponencia Andr\u00e9s Boix (U. Val\u00e8ncia) \u00abLa plataformizaci\u00f3n: retos medi\u00e1ticos y jur\u00eddicos en el siglo XXI\u00bb https:\/\/www.youtube.com\/watch?v=oARUbL0QNaQ Mesa I. Trinidad Garc\u00eda Leiva &hellip; <\/p>\n<p class=\"link-more\"><a href=\"https:\/\/blog.uclm.es\/grupo-compublic\/compublic-audiovisual\/\" class=\"more-link\">Continuar leyendo<span class=\"screen-reader-text\"> \u00abComPublic audiovisual\u00bb<\/span><\/a><\/p>\n","protected":false},"author":135,"featured_media":0,"parent":0,"menu_order":0,"comment_status":"closed","ping_status":"closed","template":"","meta":{"footnotes":""},"class_list":["post-446","page","type-page","status-publish","hentry"],"_links":{"self":[{"href":"https:\/\/blog.uclm.es\/grupo-compublic\/wp-json\/wp\/v2\/pages\/446","targetHints":{"allow":["GET"]}}],"collection":[{"href":"https:\/\/blog.uclm.es\/grupo-compublic\/wp-json\/wp\/v2\/pages"}],"about":[{"href":"https:\/\/blog.uclm.es\/grupo-compublic\/wp-json\/wp\/v2\/types\/page"}],"author":[{"embeddable":true,"href":"https:\/\/blog.uclm.es\/grupo-compublic\/wp-json\/wp\/v2\/users\/135"}],"replies":[{"embeddable":true,"href":"https:\/\/blog.uclm.es\/grupo-compublic\/wp-json\/wp\/v2\/comments?post=446"}],"version-history":[{"count":14,"href":"https:\/\/blog.uclm.es\/grupo-compublic\/wp-json\/wp\/v2\/pages\/446\/revisions"}],"predecessor-version":[{"id":469,"href":"https:\/\/blog.uclm.es\/grupo-compublic\/wp-json\/wp\/v2\/pages\/446\/revisions\/469"}],"wp:attachment":[{"href":"https:\/\/blog.uclm.es\/grupo-compublic\/wp-json\/wp\/v2\/media?parent=446"}],"curies":[{"name":"wp","href":"https:\/\/api.w.org\/{rel}","templated":true}]}}