{"id":408,"date":"2024-10-31T08:17:54","date_gmt":"2024-10-31T08:17:54","guid":{"rendered":"https:\/\/blog.uclm.es\/grupo-compublic\/?page_id=408"},"modified":"2024-10-31T08:17:54","modified_gmt":"2024-10-31T08:17:54","slug":"verdad-urgencia","status":"publish","type":"page","link":"https:\/\/blog.uclm.es\/grupo-compublic\/verdad-urgencia\/","title":{"rendered":"Jornada Internacional H\u00edbrida UCLM. Verdad y Urgencia en la Comunicaci\u00f3n en Contextos de Crisis."},"content":{"rendered":"\n<p>Esta Jorna se ha realizado en el marco de colaboraci\u00f3n entre los investigadores de la Facultad de Ciencias Jur\u00eddicas y Sociales (Toledo) y la Facultad de comunicaci\u00f3n (Cuenca)<\/p>\n\n\n\n<div data-wp-interactive=\"core\/file\" class=\"wp-block-file\"><object data-wp-bind--hidden=\"!state.hasPdfPreview\" hidden class=\"wp-block-file__embed\" data=\"https:\/\/blog.uclm.es\/grupo-compublic\/wp-content\/uploads\/sites\/217\/2024\/10\/Cartel-Verdad-y-urgencia_imprimir.pdf\" type=\"application\/pdf\" style=\"width:100%;height:600px\" aria-label=\"Incrustado de Verdad y urgencia en la comunicaci\u00f3n en contextos de crisis.\"><\/object><a id=\"wp-block-file--media-4f24871c-aa3b-4841-a4bc-6e1debc3494e\" href=\"https:\/\/blog.uclm.es\/grupo-compublic\/wp-content\/uploads\/sites\/217\/2024\/10\/Cartel-Verdad-y-urgencia_imprimir.pdf\">Verdad y urgencia en la comunicaci\u00f3n en contextos de crisis<\/a><a href=\"https:\/\/blog.uclm.es\/grupo-compublic\/wp-content\/uploads\/sites\/217\/2024\/10\/Cartel-Verdad-y-urgencia_imprimir.pdf\" class=\"wp-block-file__button wp-element-button\" download aria-describedby=\"wp-block-file--media-4f24871c-aa3b-4841-a4bc-6e1debc3494e\">Descarga<\/a><\/div>\n","protected":false},"excerpt":{"rendered":"<p>Esta Jorna se ha realizado en el marco de colaboraci\u00f3n entre los investigadores de la Facultad de Ciencias Jur\u00eddicas y Sociales (Toledo) y la Facultad de comunicaci\u00f3n (Cuenca)<\/p>\n","protected":false},"author":135,"featured_media":0,"parent":0,"menu_order":0,"comment_status":"closed","ping_status":"closed","template":"","meta":{"footnotes":""},"class_list":["post-408","page","type-page","status-publish","hentry"],"_links":{"self":[{"href":"https:\/\/blog.uclm.es\/grupo-compublic\/wp-json\/wp\/v2\/pages\/408","targetHints":{"allow":["GET"]}}],"collection":[{"href":"https:\/\/blog.uclm.es\/grupo-compublic\/wp-json\/wp\/v2\/pages"}],"about":[{"href":"https:\/\/blog.uclm.es\/grupo-compublic\/wp-json\/wp\/v2\/types\/page"}],"author":[{"embeddable":true,"href":"https:\/\/blog.uclm.es\/grupo-compublic\/wp-json\/wp\/v2\/users\/135"}],"replies":[{"embeddable":true,"href":"https:\/\/blog.uclm.es\/grupo-compublic\/wp-json\/wp\/v2\/comments?post=408"}],"version-history":[{"count":1,"href":"https:\/\/blog.uclm.es\/grupo-compublic\/wp-json\/wp\/v2\/pages\/408\/revisions"}],"predecessor-version":[{"id":410,"href":"https:\/\/blog.uclm.es\/grupo-compublic\/wp-json\/wp\/v2\/pages\/408\/revisions\/410"}],"wp:attachment":[{"href":"https:\/\/blog.uclm.es\/grupo-compublic\/wp-json\/wp\/v2\/media?parent=408"}],"curies":[{"name":"wp","href":"https:\/\/api.w.org\/{rel}","templated":true}]}}