{"id":384,"date":"2024-09-12T12:09:25","date_gmt":"2024-09-12T12:09:25","guid":{"rendered":"https:\/\/blog.uclm.es\/grupo-compublic\/?page_id=384"},"modified":"2024-09-20T06:46:02","modified_gmt":"2024-09-20T06:46:02","slug":"invitados","status":"publish","type":"page","link":"https:\/\/blog.uclm.es\/grupo-compublic\/invitados\/","title":{"rendered":"Investigadores invitados-Compublic"},"content":{"rendered":"\n<h2 class=\"wp-block-heading\"><a href=\"https:\/\/blog.uclm.es\/grupo-compublic\/invitados\/marton-demeter\/\" data-type=\"page\" data-id=\"387\">M\u00e1rton Demeter<\/a><\/h2>\n\n\n\n<ul class=\"wp-block-list\">\n<li><strong>Universidad de Origen<\/strong>: Catedr\u00e1tico de la University of Public Servicede Budapest (Hungr\u00eda).<\/li>\n\n\n\n<li><strong>Curso acad\u00e9mico estancia:<\/strong>&nbsp;2024\/2025.<\/li>\n\n\n\n<li><strong>L\u00edneas de inter\u00e9s:<\/strong>&nbsp; Desigualdades acad\u00e9micas globales, an\u00e1lisis de la producci\u00f3n transnacional de conocimientos y estudio de la acumulaci\u00f3n desigual de capital simb\u00f3lico y acad\u00e9mico global, incrementada en el contexto del capitalismo de plataformas.<\/li>\n<\/ul>\n\n\n\n<p><\/p>\n","protected":false},"excerpt":{"rendered":"<p>M\u00e1rton Demeter<\/p>\n","protected":false},"author":135,"featured_media":0,"parent":0,"menu_order":0,"comment_status":"closed","ping_status":"closed","template":"","meta":{"footnotes":""},"class_list":["post-384","page","type-page","status-publish","hentry"],"_links":{"self":[{"href":"https:\/\/blog.uclm.es\/grupo-compublic\/wp-json\/wp\/v2\/pages\/384","targetHints":{"allow":["GET"]}}],"collection":[{"href":"https:\/\/blog.uclm.es\/grupo-compublic\/wp-json\/wp\/v2\/pages"}],"about":[{"href":"https:\/\/blog.uclm.es\/grupo-compublic\/wp-json\/wp\/v2\/types\/page"}],"author":[{"embeddable":true,"href":"https:\/\/blog.uclm.es\/grupo-compublic\/wp-json\/wp\/v2\/users\/135"}],"replies":[{"embeddable":true,"href":"https:\/\/blog.uclm.es\/grupo-compublic\/wp-json\/wp\/v2\/comments?post=384"}],"version-history":[{"count":5,"href":"https:\/\/blog.uclm.es\/grupo-compublic\/wp-json\/wp\/v2\/pages\/384\/revisions"}],"predecessor-version":[{"id":397,"href":"https:\/\/blog.uclm.es\/grupo-compublic\/wp-json\/wp\/v2\/pages\/384\/revisions\/397"}],"wp:attachment":[{"href":"https:\/\/blog.uclm.es\/grupo-compublic\/wp-json\/wp\/v2\/media?parent=384"}],"curies":[{"name":"wp","href":"https:\/\/api.w.org\/{rel}","templated":true}]}}