{"id":352,"date":"2024-04-08T07:48:51","date_gmt":"2024-04-08T07:48:51","guid":{"rendered":"https:\/\/blog.uclm.es\/grupo-compublic\/?page_id=352"},"modified":"2025-07-02T06:59:14","modified_gmt":"2025-07-02T06:59:14","slug":"becas","status":"publish","type":"page","link":"https:\/\/blog.uclm.es\/grupo-compublic\/becas\/","title":{"rendered":"Becas CEE &#8211; Compublic"},"content":{"rendered":"\n<p>Becas del Centro de Estudios Europeos adscritos al Grupo de Investigaci\u00f3n Compublic.<\/p>\n\n\n\n<h2 class=\"wp-block-heading has-medium-font-size\">Lidia Salamanca Pradillo<\/h2>\n\n\n\n<ul class=\"wp-block-list\">\n<li><strong>Estudios cursados:<\/strong>\u00a0Grado en Comunicaci\u00f3n audiovisual.<\/li>\n\n\n\n<li><strong>Curso acad\u00e9mico beca Compublic:<\/strong>\u00a02025\/2026.<\/li>\n\n\n\n<li><strong>Perfil\/CV: <\/strong>Estudiante de 4\u00ba curso del Grado en Comunicaci\u00f3n Audiovisual en la Facultad de Comunicaci\u00f3n de Cuenca.<\/li>\n\n\n\n<li><strong>L\u00edneas de inter\u00e9s:<\/strong>\u00a0Inter\u00e9s en gesti\u00f3n de redes sociales, dise\u00f1o web, fotograf\u00eda, dise\u00f1o digital y marketing.<\/li>\n\n\n\n<li><strong>Beca<\/strong>: Centro de Estudios Europeos-C\u00e1tedra de Excelencia Jean Monnet<\/li>\n<\/ul>\n\n\n\n<h2 class=\"wp-block-heading\">Ismael Mu\u00f1oz Exp\u00f3sito<\/h2>\n\n\n\n<ul class=\"wp-block-list\">\n<li><strong>Estudios cursados:<\/strong>&nbsp;Grado en Estudios Internacionales.<\/li>\n\n\n\n<li><strong>Curso acad\u00e9mico beca Compublic:<\/strong>&nbsp;2024\/2025.<\/li>\n\n\n\n<li><strong>Perfil\/CV: <\/strong>Estudiante de 4\u00ba curso del Grado en Estudios Internacionales en la Facultad de Ciencias Jur\u00eddicas y Sociales de Toledo.<\/li>\n\n\n\n<li><strong>L\u00edneas de inter\u00e9s:<\/strong>&nbsp;Interpretaci\u00f3n y an\u00e1lisis de datos. Inter\u00e9s en materia de historia contempor\u00e1nea, geograf\u00eda, marketing, periodismo y geopol\u00edtica.<\/li>\n<\/ul>\n\n\n\n<h2 class=\"wp-block-heading\">Irene Zamacola Salva<\/h2>\n\n\n\n<ul class=\"wp-block-list\">\n<li><strong>Estudios cursados<\/strong>: Grado en Estudios Internacionales.<\/li>\n\n\n\n<li><strong>Curso acad\u00e9mico beca Compublic<\/strong>: 2024\/2025.<\/li>\n\n\n\n<li><strong>Perfil\/CV<\/strong>: Estudiante de 4\u00ba curso del Grado en Estudios Internacionales en la Facultad de Ciencias Jur\u00eddicas y Sociales de Toledo.<\/li>\n\n\n\n<li><strong>L\u00edneas de inter\u00e9s<\/strong>: Pol\u00edtica de seguridad y defensa, cooperaci\u00f3n en el marco de la OTAN y an\u00e1lisis de presupuestos y financiaci\u00f3n en el \u00e1mbito militar.<\/li>\n<\/ul>\n\n\n\n<h2 class=\"wp-block-heading\">Luc\u00eda Carrero Poveda<\/h2>\n\n\n\n<ul class=\"wp-block-list\">\n<li><strong>Estudios cursados:<\/strong> Doble Grado en Derecho y Estudios Internacionales.<\/li>\n\n\n\n<li><strong>Curso acad\u00e9mico beca Compublic:<\/strong> 2023\/2024.<\/li>\n\n\n\n<li><strong>Perfil\/CV: <\/strong>Estudiante de 4\u00ba del Doble Grado en Derecho y Estudios Internacionales en la Facultad de Ciencias Jur\u00eddicas y Sociales de Toledo.<\/li>\n\n\n\n<li><strong>L\u00edneas de inter\u00e9s:<\/strong> Estudio de estos \u00e1mbitos para desarrollar una capacidad de adaptaci\u00f3n y anticipaci\u00f3n a los retos que plantea la constante evoluci\u00f3n de la sociedad, as\u00ed como, un esp\u00edritu cr\u00edtico y justo.<\/li>\n<\/ul>\n\n\n\n<h2 class=\"wp-block-heading\">Carlota Mart\u00edn Mart\u00ednez<\/h2>\n\n\n\n<ul class=\"wp-block-list\">\n<li><strong>Estudios cursados:<\/strong> Doble Grado en Derecho y Estudios Internacionales.<\/li>\n\n\n\n<li><strong>Curso acad\u00e9mico beca Compublic: <\/strong>2023\/2024.<\/li>\n\n\n\n<li><strong>Perfil\/CV: <\/strong>Estudiante de 4\u00ba del Doble Grado en Derecho y Estudios Internacionales en la Facultad de Ciencias Jur\u00eddicas y Sociales de Toledo.<\/li>\n\n\n\n<li><strong>L\u00edneas de inter\u00e9s: <\/strong>\u00c1rea de Derecho Internacional, uni\u00f3n entre el Derecho y los EEII, comunicaci\u00f3n y pol\u00edtica dentro de la UE.<\/li>\n<\/ul>\n\n\n\n<h2 class=\"wp-block-heading\">Jos\u00e9 Mar\u00eda Pach\u00f3n Carrilho<\/h2>\n\n\n\n<ul class=\"wp-block-list\">\n<li><strong>Estudios cursados: <\/strong>Grado de Estudios Internacionales.<\/li>\n\n\n\n<li><strong>Curso acad\u00e9mico beca Compublic:<\/strong> 2023\/2024.<\/li>\n\n\n\n<li><strong>Perfil\/CV:<\/strong> Estudiante de 4\u00ba del Doble Grado en Derecho y Estudios Internacionales en la Facultad de Ciencias Jur\u00eddicas y Sociales de Toledo.<\/li>\n\n\n\n<li><strong>L\u00edneas de inter\u00e9s: <\/strong>Diplomacia y representaciones internacionales en pol\u00edtica exterior, historia, geopol\u00edtica y defensa.<\/li>\n<\/ul>\n\n\n\n<h2 class=\"wp-block-heading\">Osama El Ayati Bouhjar<\/h2>\n\n\n\n<ul class=\"wp-block-list\">\n<li><strong>Estudios cursados: <\/strong>Grado de Estudios Internacionales.<\/li>\n\n\n\n<li><strong>Curso acad\u00e9mico beca Compublic:<\/strong> 2022\/2023.<\/li>\n\n\n\n<li><strong>Perfil\/CV:<\/strong> Estudiante de Estudios Internacionales en la Facultad de Ciencias Jur\u00eddicas y Sociales de Toledo. En 2024 es Concejal de Urbanismo, medio ambiente y promoci\u00f3n local del Ayuntamiento de Valenzuela de Calatrava.<\/li>\n<\/ul>\n\n\n\n<h2 class=\"wp-block-heading\">Miguel Jes\u00fas Cifuentes Gonz\u00e1lez<\/h2>\n\n\n\n<ul class=\"wp-block-list\">\n<li><strong>Estudios cursados: <\/strong>Grado de Estudios Internacionales.<\/li>\n\n\n\n<li><strong>Curso acad\u00e9mico beca Compublic:<\/strong> <\/li>\n\n\n\n<li><strong>Perfil\/CV:<\/strong> Estudiante de Estudios Internacionales en la UCLM con matr\u00edculas de honor en \u00abGeopol\u00edtica\u00bb, \u00abAm\u00e9rica del Norte: cultura, sociedad y econom\u00eda\u00bb y \u00abChino I\u00bb, que comienza a encauzar su perfil en el an\u00e1lisis de Asia Oriental. Adem\u00e1s, fue el coordinador del Grupo Joven de Toledo de Amnist\u00eda Internacional y ha realizado pr\u00e1cticas curriculares en el Centro de Estudios Europeos.<\/li>\n<\/ul>\n","protected":false},"excerpt":{"rendered":"<p>Becas del Centro de Estudios Europeos adscritos al Grupo de Investigaci\u00f3n Compublic. Lidia Salamanca Pradillo Ismael Mu\u00f1oz Exp\u00f3sito Irene Zamacola Salva Luc\u00eda Carrero Poveda Carlota Mart\u00edn Mart\u00ednez Jos\u00e9 Mar\u00eda Pach\u00f3n Carrilho Osama El Ayati Bouhjar Miguel Jes\u00fas Cifuentes Gonz\u00e1lez<\/p>\n","protected":false},"author":135,"featured_media":0,"parent":0,"menu_order":0,"comment_status":"closed","ping_status":"closed","template":"","meta":{"footnotes":""},"class_list":["post-352","page","type-page","status-publish","hentry"],"_links":{"self":[{"href":"https:\/\/blog.uclm.es\/grupo-compublic\/wp-json\/wp\/v2\/pages\/352","targetHints":{"allow":["GET"]}}],"collection":[{"href":"https:\/\/blog.uclm.es\/grupo-compublic\/wp-json\/wp\/v2\/pages"}],"about":[{"href":"https:\/\/blog.uclm.es\/grupo-compublic\/wp-json\/wp\/v2\/types\/page"}],"author":[{"embeddable":true,"href":"https:\/\/blog.uclm.es\/grupo-compublic\/wp-json\/wp\/v2\/users\/135"}],"replies":[{"embeddable":true,"href":"https:\/\/blog.uclm.es\/grupo-compublic\/wp-json\/wp\/v2\/comments?post=352"}],"version-history":[{"count":9,"href":"https:\/\/blog.uclm.es\/grupo-compublic\/wp-json\/wp\/v2\/pages\/352\/revisions"}],"predecessor-version":[{"id":488,"href":"https:\/\/blog.uclm.es\/grupo-compublic\/wp-json\/wp\/v2\/pages\/352\/revisions\/488"}],"wp:attachment":[{"href":"https:\/\/blog.uclm.es\/grupo-compublic\/wp-json\/wp\/v2\/media?parent=352"}],"curies":[{"name":"wp","href":"https:\/\/api.w.org\/{rel}","templated":true}]}}