{"id":234,"date":"2023-01-24T10:27:25","date_gmt":"2023-01-24T10:27:25","guid":{"rendered":"https:\/\/blog.uclm.es\/grupo-compublic\/?page_id=234"},"modified":"2024-04-30T06:52:32","modified_gmt":"2024-04-30T06:52:32","slug":"proyectos","status":"publish","type":"page","link":"https:\/\/blog.uclm.es\/grupo-compublic\/investigacion\/proyectos\/","title":{"rendered":"Proyectos de investigaci\u00f3n"},"content":{"rendered":"\n<p>En la actualidad, dos proyectos se residencian en el grupo de investigaci\u00f3n:<\/p>\n\n\n\n<ul class=\"wp-block-list\">\n<li>Noticias, redes y usuarios en el sistema h\u00edbrido de medios (Newsnet). Transformaci\u00f3n de los medios y la industria en la era post-industrial. IP Javier D\u00edaz Noci (Universidad Pompeu Fabra) y Ana Serrano Teller\u00eda; convocatoria estatal, RTI2018-095775-B-C43).<\/li>\n\n\n\n<li>La diplomacia p\u00fablica de las mega-ciudades iberoamericanas: estrategias de comunicaci\u00f3n y poder blando para influir en la legislaci\u00f3n ambiental global. IP Juan Luis Manfredi S\u00e1nchez; convocatoria estatal, RTI2018-096733-B-I00.<\/li>\n\n\n\n<li>Proyecto de investigaci\u00f3n AEI-Feder \u201cProtecci\u00f3n jur\u00eddica y oportunidades de los colectivos vulnerables ante la digitalizaci\u00f3n y la inteligencia artificial\u201d (PID2021-124967OB-I00). Co-IP Susana de la Sierra con Juana Morcillo.<\/li>\n\n\n\n<li>Proyecto de investigaci\u00f3n JCCM-Feder \u201cDigitalizaci\u00f3n y colectivos vulnerables: protecci\u00f3n, garant\u00edas y propuestas para su implantaci\u00f3n en Castilla-La Mancha\u201d (SBPLY\/21\/180501\/000089). Co-IP Susana de la Sierra con Juana Morcillo.<\/li>\n\n\n\n<li>Proyecto de investigaci\u00f3n \u201cLa plataformizaci\u00f3n audiovisual: diagn\u00f3stico propositivo de los procesos de plataformizaci\u00f3n en el panorama medi\u00e1tico espa\u00f1ol contempor\u00e1neo\u201d (2023-GRIN-34309, Plan propio de investigaci\u00f3n de la UCLM \u2013 Feder Una manera de hacer Europa). Co-IP Susana de la Sierra y Nieves Lim\u00f3n.<\/li>\n<\/ul>\n","protected":false},"excerpt":{"rendered":"<p>En la actualidad, dos proyectos se residencian en el grupo de investigaci\u00f3n:<\/p>\n","protected":false},"author":135,"featured_media":0,"parent":20,"menu_order":0,"comment_status":"closed","ping_status":"closed","template":"","meta":{"footnotes":""},"class_list":["post-234","page","type-page","status-publish","hentry"],"_links":{"self":[{"href":"https:\/\/blog.uclm.es\/grupo-compublic\/wp-json\/wp\/v2\/pages\/234","targetHints":{"allow":["GET"]}}],"collection":[{"href":"https:\/\/blog.uclm.es\/grupo-compublic\/wp-json\/wp\/v2\/pages"}],"about":[{"href":"https:\/\/blog.uclm.es\/grupo-compublic\/wp-json\/wp\/v2\/types\/page"}],"author":[{"embeddable":true,"href":"https:\/\/blog.uclm.es\/grupo-compublic\/wp-json\/wp\/v2\/users\/135"}],"replies":[{"embeddable":true,"href":"https:\/\/blog.uclm.es\/grupo-compublic\/wp-json\/wp\/v2\/comments?post=234"}],"version-history":[{"count":5,"href":"https:\/\/blog.uclm.es\/grupo-compublic\/wp-json\/wp\/v2\/pages\/234\/revisions"}],"predecessor-version":[{"id":366,"href":"https:\/\/blog.uclm.es\/grupo-compublic\/wp-json\/wp\/v2\/pages\/234\/revisions\/366"}],"up":[{"embeddable":true,"href":"https:\/\/blog.uclm.es\/grupo-compublic\/wp-json\/wp\/v2\/pages\/20"}],"wp:attachment":[{"href":"https:\/\/blog.uclm.es\/grupo-compublic\/wp-json\/wp\/v2\/media?parent=234"}],"curies":[{"name":"wp","href":"https:\/\/api.w.org\/{rel}","templated":true}]}}