{"id":20,"date":"2019-07-22T09:36:03","date_gmt":"2019-07-22T08:36:03","guid":{"rendered":"http:\/\/blog.uclm.es\/grupo-compublic\/?page_id=20"},"modified":"2023-09-11T12:19:11","modified_gmt":"2023-09-11T12:19:11","slug":"investigacion","status":"publish","type":"page","link":"https:\/\/blog.uclm.es\/grupo-compublic\/investigacion\/","title":{"rendered":"Investigaci\u00f3n"},"content":{"rendered":"<p>El Grupo de Investigaci\u00f3n COMPUBLIC tiene por objetivo el estudio de la comunicaci\u00f3n p\u00fablica siendo temas de especial inter\u00e9s la relaci\u00f3n entre los poderes econ\u00f3mico y pol\u00edtico y la estructura de medios, las pol\u00edticas p\u00fablicas y los derechos de los periodistas y ciudadanos y las pr\u00e1cticas de los medios de comunicaci\u00f3n social en cuanto a transparencia y buen gobierno.<\/p>\n<p>El grupo de investigaci\u00f3n COMPUBLIC tiene como principales investigadoras a <a href=\"https:\/\/blog.uclm.es\/grupo-compublic\/personal\/susana-de-la-sierra\/\">Susana de la Sierra<\/a> y <a href=\"https:\/\/blog.uclm.es\/grupo-compublic\/equipo\/\">Nieves Lim\u00f3n<\/a>.<\/p>\n\n\n<p><\/p>\n","protected":false},"excerpt":{"rendered":"<p>El Grupo de Investigaci\u00f3n COMPUBLIC tiene por objetivo el estudio de la comunicaci\u00f3n p\u00fablica siendo temas de especial inter\u00e9s la relaci\u00f3n entre los poderes econ\u00f3mico y pol\u00edtico y la estructura de medios, las pol\u00edticas p\u00fablicas y los derechos de los periodistas y ciudadanos y las pr\u00e1cticas de los medios de comunicaci\u00f3n social en cuanto a &hellip; <\/p>\n<p class=\"link-more\"><a href=\"https:\/\/blog.uclm.es\/grupo-compublic\/investigacion\/\" class=\"more-link\">Continuar leyendo<span class=\"screen-reader-text\"> \u00abInvestigaci\u00f3n\u00bb<\/span><\/a><\/p>\n","protected":false},"author":135,"featured_media":0,"parent":0,"menu_order":0,"comment_status":"closed","ping_status":"closed","template":"page-templates\/full-width.php","meta":{"footnotes":""},"class_list":["post-20","page","type-page","status-publish","hentry"],"_links":{"self":[{"href":"https:\/\/blog.uclm.es\/grupo-compublic\/wp-json\/wp\/v2\/pages\/20","targetHints":{"allow":["GET"]}}],"collection":[{"href":"https:\/\/blog.uclm.es\/grupo-compublic\/wp-json\/wp\/v2\/pages"}],"about":[{"href":"https:\/\/blog.uclm.es\/grupo-compublic\/wp-json\/wp\/v2\/types\/page"}],"author":[{"embeddable":true,"href":"https:\/\/blog.uclm.es\/grupo-compublic\/wp-json\/wp\/v2\/users\/135"}],"replies":[{"embeddable":true,"href":"https:\/\/blog.uclm.es\/grupo-compublic\/wp-json\/wp\/v2\/comments?post=20"}],"version-history":[{"count":3,"href":"https:\/\/blog.uclm.es\/grupo-compublic\/wp-json\/wp\/v2\/pages\/20\/revisions"}],"predecessor-version":[{"id":268,"href":"https:\/\/blog.uclm.es\/grupo-compublic\/wp-json\/wp\/v2\/pages\/20\/revisions\/268"}],"wp:attachment":[{"href":"https:\/\/blog.uclm.es\/grupo-compublic\/wp-json\/wp\/v2\/media?parent=20"}],"curies":[{"name":"wp","href":"https:\/\/api.w.org\/{rel}","templated":true}]}}