{"id":16,"date":"2019-07-22T09:22:40","date_gmt":"2019-07-22T09:22:40","guid":{"rendered":"http:\/\/blog.uclm.es\/grupo-compublic\/?page_id=16"},"modified":"2025-11-17T07:23:07","modified_gmt":"2025-11-17T07:23:07","slug":"equipo","status":"publish","type":"page","link":"https:\/\/blog.uclm.es\/grupo-compublic\/equipo\/","title":{"rendered":"Equipo"},"content":{"rendered":"\n<p><a href=\"https:\/\/blog.uclm.es\/grupo-compublic\/equipo\/susana-de-la-sierra\/\" data-type=\"page\" data-id=\"153\" target=\"_blank\" rel=\"noreferrer noopener\">Susana de la Sierra Mor\u00f3n<\/a><\/p>\n\n\n\n<p><a href=\"https:\/\/blog.uclm.es\/grupo-compublic\/equipo\/juan-luis-manfredi-sanchez\/\" data-type=\"page\" data-id=\"66\" target=\"_blank\" rel=\"noreferrer noopener\">Juan Luis Manfredi S\u00e1nchez<\/a><\/p>\n\n\n\n<p><a href=\"https:\/\/www.uclm.es\/Cuenca\/fcomunicacion\/NuestraFacultad\/PersonaldelaFacultadPDIyPAS\/FichaNievesLimon\">Nieves Lim\u00f3n Serrano<\/a><\/p>\n\n\n\n<p><a href=\"https:\/\/blog.uclm.es\/grupo-compublic\/equipo\/carlos-gonzalez-villa\/\" data-type=\"page\" data-id=\"287\">Carlos Gonz\u00e1lez-Villa<\/a><\/p>\n\n\n\n<p><a href=\"https:\/\/blog.uclm.es\/grupo-compublic\/ana-maria-lopez-cepeda\/\" data-type=\"page\" data-id=\"309\">Ana Mar\u00eda L\u00f3pez Cepeda<\/a><\/p>\n\n\n\n<p><a rel=\"noreferrer noopener\" href=\"https:\/\/blog.uclm.es\/grupo-compublic\/equipo\/ana-serrano-telleria\/\" data-type=\"page\" data-id=\"62\" target=\"_blank\">Ana Serrano Teller\u00eda<\/a><\/p>\n\n\n\n<p><a href=\"https:\/\/www.uclm.es\/Cuenca\/fcomunicacion\/NuestraFacultad\/PersonaldelaFacultadPDIyPAS\/FichaClaraLopez\">Clara L\u00f3pez Cantos<\/a><\/p>\n\n\n\n<p><a href=\"https:\/\/blog.uclm.es\/grupo-compublic\/equipo\/javier-farinas\/\" data-type=\"page\" data-id=\"517\">Javier Fari\u00f1as Mart\u00edn<\/a><\/p>\n\n\n\n<p><a href=\"https:\/\/blog.uclm.es\/grupo-compublic\/equipo\/ignacio-forcada-barona\/\" data-type=\"page\" data-id=\"502\">Ignacio Forcada Barona<\/a><\/p>\n\n\n\n<p><a href=\"https:\/\/blog.uclm.es\/grupo-compublic\/equipo\/maria-martinez-carmena\/\" data-type=\"page\" data-id=\"511\">Mar\u00eda Mart\u00ednez Carmena<\/a><\/p>\n","protected":false},"excerpt":{"rendered":"<p>Susana de la Sierra Mor\u00f3n Juan Luis Manfredi S\u00e1nchez Nieves Lim\u00f3n Serrano Carlos Gonz\u00e1lez-Villa Ana Mar\u00eda L\u00f3pez Cepeda Ana Serrano Teller\u00eda Clara L\u00f3pez Cantos Javier Fari\u00f1as Mart\u00edn Ignacio Forcada Barona Mar\u00eda Mart\u00ednez Carmena<\/p>\n","protected":false},"author":135,"featured_media":0,"parent":0,"menu_order":0,"comment_status":"closed","ping_status":"closed","template":"","meta":{"footnotes":""},"class_list":["post-16","page","type-page","status-publish","hentry"],"_links":{"self":[{"href":"https:\/\/blog.uclm.es\/grupo-compublic\/wp-json\/wp\/v2\/pages\/16","targetHints":{"allow":["GET"]}}],"collection":[{"href":"https:\/\/blog.uclm.es\/grupo-compublic\/wp-json\/wp\/v2\/pages"}],"about":[{"href":"https:\/\/blog.uclm.es\/grupo-compublic\/wp-json\/wp\/v2\/types\/page"}],"author":[{"embeddable":true,"href":"https:\/\/blog.uclm.es\/grupo-compublic\/wp-json\/wp\/v2\/users\/135"}],"replies":[{"embeddable":true,"href":"https:\/\/blog.uclm.es\/grupo-compublic\/wp-json\/wp\/v2\/comments?post=16"}],"version-history":[{"count":17,"href":"https:\/\/blog.uclm.es\/grupo-compublic\/wp-json\/wp\/v2\/pages\/16\/revisions"}],"predecessor-version":[{"id":520,"href":"https:\/\/blog.uclm.es\/grupo-compublic\/wp-json\/wp\/v2\/pages\/16\/revisions\/520"}],"wp:attachment":[{"href":"https:\/\/blog.uclm.es\/grupo-compublic\/wp-json\/wp\/v2\/media?parent=16"}],"curies":[{"name":"wp","href":"https:\/\/api.w.org\/{rel}","templated":true}]}}