{"id":153,"date":"2021-04-08T13:25:10","date_gmt":"2021-04-08T13:25:10","guid":{"rendered":"https:\/\/blog.uclm.es\/grupo-compublic\/?page_id=153"},"modified":"2024-10-25T09:56:25","modified_gmt":"2024-10-25T09:56:25","slug":"susana-de-la-sierra","status":"publish","type":"page","link":"https:\/\/blog.uclm.es\/grupo-compublic\/equipo\/susana-de-la-sierra\/","title":{"rendered":"Susana de la Sierra Mor\u00f3n"},"content":{"rendered":"\n<p class=\"has-text-align-center\"><img loading=\"lazy\" decoding=\"async\" width=\"2560\" height=\"1707\" class=\"wp-image-275\" style=\"width: 500px\" src=\"https:\/\/blog.uclm.es\/grupo-compublic\/wp-content\/uploads\/sites\/217\/2023\/09\/DSC0476-scaled.jpg\" alt=\"\" srcset=\"https:\/\/blog.uclm.es\/grupo-compublic\/wp-content\/uploads\/sites\/217\/2023\/09\/DSC0476-scaled.jpg 2560w, https:\/\/blog.uclm.es\/grupo-compublic\/wp-content\/uploads\/sites\/217\/2023\/09\/DSC0476-300x200.jpg 300w, https:\/\/blog.uclm.es\/grupo-compublic\/wp-content\/uploads\/sites\/217\/2023\/09\/DSC0476-1024x683.jpg 1024w, https:\/\/blog.uclm.es\/grupo-compublic\/wp-content\/uploads\/sites\/217\/2023\/09\/DSC0476-768x512.jpg 768w, https:\/\/blog.uclm.es\/grupo-compublic\/wp-content\/uploads\/sites\/217\/2023\/09\/DSC0476-1536x1024.jpg 1536w, https:\/\/blog.uclm.es\/grupo-compublic\/wp-content\/uploads\/sites\/217\/2023\/09\/DSC0476-2048x1365.jpg 2048w\" sizes=\"auto, (max-width: 767px) 89vw, (max-width: 1000px) 54vw, (max-width: 1071px) 543px, 580px\" \/><\/p>\n\n\n\n<p>Susana de la Sierra\u00a0es Catedr\u00e1tica de Derecho Administrativo en la Universidad de Castilla-La Mancha.\u00a0<strong>Licenciada en Derecho por la Universidad de Cantabria<\/strong> (\u00faltimo curso realizado en la Universidad de Bayreuth, Alemania). M\u00e1ster (LL.M.) en Derecho alem\u00e1n y comparado, Universidad de Bayreuth (Alemania). <strong>Doctora en Ciencias Jur\u00eddicas<\/strong>, Instituto Universitario Europeo de Florencia (Italia). Diploma en Derecho P\u00fablico del European Public Law Center (Grecia). Actualmente es <strong>docente en el Grado en Derecho y en el Grado en Estudios Internacionales<\/strong>, as\u00ed como miembro de la Comisi\u00f3n de Internacionalizaci\u00f3n de la UCLM.<\/p>\n\n\n\n<p>Ha realizado e<strong>stancias predoctorales<\/strong> en el Consejo de Estado franc\u00e9s (Par\u00eds) y en la Universidad Humboldt de Berl\u00edn.<\/p>\n\n\n\n<p><strong>Ha sido investigadora invitada<\/strong>&nbsp;en la Universidad de Oxford, Reino Unido (2005), as\u00ed como en la Universidad de Columbia, Nueva York (2007), en el programa especial <strong>Fulbright <\/strong>de relaciones entre la Uni\u00f3n Europea y Estados Unidos. En el a\u00f1o 2018 fue<strong> profesora invitada<\/strong> en la Universidad de Kent (Reino Unido), con un programa de seminarios y conferencias impartidas en Kent, Londres, Manchester y Liverpool en el marco de una ayuda concedida por el Leverhulme Trust a la Universidad de Kent para financiar la estancia. Estancia en la Universidad LUISS Carlo Guido de Roma en 2021 con un proyecto de investigaci\u00f3n sobre las transformaciones de la justicia administrativa y con docencia en el curso \u201cRegulatory innovation\u201d.<\/p>\n\n\n\n<p><strong>Posee un nivel avanzado de alem\u00e1n, franc\u00e9s, ingl\u00e9s e italiano, y un nivel medio-avanzado de ruso (B2).<\/strong><\/p>\n\n\n\n<p>En sus&nbsp;<strong>publicaciones<\/strong>&nbsp;ha abarcado temas de justicia administrativa, Derecho de la cultura, medios de comunicaci\u00f3n, metodolog\u00eda del derecho comparado y sociedad digital.<\/p>\n\n\n\n<p>Fue <strong>Secretaria Acad\u00e9mica del M\u00e1ster en Derecho de la Uni\u00f3n Europea<\/strong> entre 2006 y 2011, as\u00ed como Directora del Centro entre 2011 y 2012.<\/p>\n\n\n\n<p><a href=\"https:\/\/agendapublica.elpais.com\/noticias\/autor\/586\/susana-sierra\">https:\/\/agendapublica.elpais.com\/noticias\/autor\/586\/susana-sierra<\/a><\/p>\n\n\n\n<p><a href=\"https:\/\/www.ibericonnect.blog\/perfil\/susana-de-la-sierra\">https:\/\/www.ibericonnect.blog\/perfil\/susana-de-la-sierra<\/a><\/p>\n\n\n\n<p><a href=\"https:\/\/almacendederecho.org\/op-ed-controles-y-garantias-de-emergencia\">https:\/\/almacendederecho.org\/op-ed-controles-y-garantias-de-emergencia<\/a><\/p>\n\n\n\n<p><a href=\"https:\/\/almacendederecho.org\/de-los-jueces\">https:\/\/almacendederecho.org\/de-los-jueces<\/a><\/p>\n\n\n\n<p><a href=\"https:\/\/orcid.org\/0000-0003-0290-695X\">https:\/\/orcid.org\/0000-0003-0290-695X<\/a><\/p>\n\n\n\n<p><a href=\"https:\/\/dialnet.unirioja.es\/servlet\/autor?codigo=291789\">https:\/\/dialnet.unirioja.es\/servlet\/autor?codigo=291789<\/a><\/p>\n\n\n\n<p><strong>Contacto<\/strong><strong>: <a href=\"mailto:\">Susana.Sierra@uclm.es<\/a><\/strong><\/p>\n\n\n\n<p><\/p>\n","protected":false},"excerpt":{"rendered":"<p>Susana de la Sierra\u00a0es Catedr\u00e1tica de Derecho Administrativo en la Universidad de Castilla-La Mancha.\u00a0Licenciada en Derecho por la Universidad de Cantabria (\u00faltimo curso realizado en la Universidad de Bayreuth, Alemania). M\u00e1ster (LL.M.) en Derecho alem\u00e1n y comparado, Universidad de Bayreuth (Alemania). Doctora en Ciencias Jur\u00eddicas, Instituto Universitario Europeo de Florencia (Italia). Diploma en Derecho P\u00fablico &hellip; <\/p>\n<p class=\"link-more\"><a href=\"https:\/\/blog.uclm.es\/grupo-compublic\/equipo\/susana-de-la-sierra\/\" class=\"more-link\">Continuar leyendo<span class=\"screen-reader-text\"> \u00abSusana de la Sierra Mor\u00f3n\u00bb<\/span><\/a><\/p>\n","protected":false},"author":135,"featured_media":0,"parent":16,"menu_order":0,"comment_status":"closed","ping_status":"closed","template":"","meta":{"footnotes":""},"class_list":["post-153","page","type-page","status-publish","hentry"],"_links":{"self":[{"href":"https:\/\/blog.uclm.es\/grupo-compublic\/wp-json\/wp\/v2\/pages\/153","targetHints":{"allow":["GET"]}}],"collection":[{"href":"https:\/\/blog.uclm.es\/grupo-compublic\/wp-json\/wp\/v2\/pages"}],"about":[{"href":"https:\/\/blog.uclm.es\/grupo-compublic\/wp-json\/wp\/v2\/types\/page"}],"author":[{"embeddable":true,"href":"https:\/\/blog.uclm.es\/grupo-compublic\/wp-json\/wp\/v2\/users\/135"}],"replies":[{"embeddable":true,"href":"https:\/\/blog.uclm.es\/grupo-compublic\/wp-json\/wp\/v2\/comments?post=153"}],"version-history":[{"count":7,"href":"https:\/\/blog.uclm.es\/grupo-compublic\/wp-json\/wp\/v2\/pages\/153\/revisions"}],"predecessor-version":[{"id":404,"href":"https:\/\/blog.uclm.es\/grupo-compublic\/wp-json\/wp\/v2\/pages\/153\/revisions\/404"}],"up":[{"embeddable":true,"href":"https:\/\/blog.uclm.es\/grupo-compublic\/wp-json\/wp\/v2\/pages\/16"}],"wp:attachment":[{"href":"https:\/\/blog.uclm.es\/grupo-compublic\/wp-json\/wp\/v2\/media?parent=153"}],"curies":[{"name":"wp","href":"https:\/\/api.w.org\/{rel}","templated":true}]}}