{"id":14,"date":"2019-07-22T09:21:57","date_gmt":"2019-07-22T08:21:57","guid":{"rendered":"http:\/\/blog.uclm.es\/grupo-compublic\/?page_id=14"},"modified":"2024-04-30T09:54:27","modified_gmt":"2024-04-30T09:54:27","slug":"localizacion","status":"publish","type":"page","link":"https:\/\/blog.uclm.es\/grupo-compublic\/localizacion\/","title":{"rendered":"\u00bfD\u00f3nde estamos?"},"content":{"rendered":"\n<p>Compublic es un Grupo de Investigaci\u00f3n Consolidado UCLM multidisciplinar y multicampus.&nbsp;<\/p>\n\n\n\n<p>Puedes encontrarnos en <a href=\"https:\/\/www.linkedin.com\/company\/102034712\/admin\/feed\/posts\/?feedType=following\" target=\"_blank\" rel=\"noreferrer noopener\">LinkedIn<\/a>, <a href=\"https:\/\/twitter.com\/compublic_uclm\" target=\"_blank\" rel=\"noreferrer noopener\">Twitter<\/a> e <a href=\"https:\/\/www.instagram.com\/compublic.uclm\/\" target=\"_blank\" rel=\"noreferrer noopener\">Instagram<\/a>.<\/p>\n\n\n\n<p>Nos encontramos en:<\/p>\n\n\n\n<h2 class=\"wp-block-heading\"><strong>Centro de Estudios Europeos de la Universidad de Castilla-La Mancha<\/strong><\/h2>\n\n\n\n<p>Direcci\u00f3n: Calle Cardenal Lorenzana<br>CP:&nbsp; 45071 Toledo (Espa\u00f1a)<br>Correo electr\u00f3nico: <a href=\"mailto:cde@uclm.es\">cde@uclm.es<\/a><br>Tel\u00e9fono: (+34) 925268800<br>Web: <a href=\"https:\/\/www.uclm.es\/es\/centros-investigacion\/cee\" target=\"_blank\" rel=\"noreferrer noopener\">https:\/\/www.uclm.es\/es\/centros-investigacion\/cee<\/a><\/p>\n\n\n\n<h2 class=\"wp-block-heading\"><strong>Facultad de Comunicaci\u00f3n de la Universidad de Castilla-La Mancha<\/strong><\/h2>\n\n\n\n<p>Direcci\u00f3n: Plaza de la Libertad de Expresi\u00f3n s\/n<br>CP:\u00a0 16071 Cuenca (Espa\u00f1a)<br>Tel\u00e9fono: (+34) 969179186<br>Web: <a href=\"https:\/\/www.uclm.es\/cuenca\/fcomunicacion\" target=\"_blank\" rel=\"noreferrer noopener\">https:\/\/www.uclm.es\/cuenca\/fcomunicacion<\/a><\/p>\n\n\n\n<h2 class=\"wp-block-heading\"><strong>Facultad de Ciencias Jur\u00eddicas y Sociales de la Universidad de Castilla-La Mancha<\/strong><\/h2>\n\n\n\n<p>Direcci\u00f3n: Cobertizo San Pedro M\u00e1rtir s\/n<br>CP:\u00a0 45071 Toledo (Espa\u00f1a)<br>Tel\u00e9fono: (+34) 925268817<br>Web: <a href=\"https:\/\/www.uclm.es\/toledo\/fcjs\" target=\"_blank\" rel=\"noreferrer noopener\">https:\/\/www.uclm.es\/toledo\/fcjs<\/a><\/p>\n","protected":false},"excerpt":{"rendered":"<p>Compublic es un Grupo de Investigaci\u00f3n Consolidado UCLM multidisciplinar y multicampus.&nbsp; Puedes encontrarnos en LinkedIn, Twitter e Instagram. Nos encontramos en: Centro de Estudios Europeos de la Universidad de Castilla-La Mancha Direcci\u00f3n: Calle Cardenal LorenzanaCP:&nbsp; 45071 Toledo (Espa\u00f1a)Correo electr\u00f3nico: cde@uclm.esTel\u00e9fono: (+34) 925268800Web: https:\/\/www.uclm.es\/es\/centros-investigacion\/cee Facultad de Comunicaci\u00f3n de la Universidad de Castilla-La Mancha Direcci\u00f3n: Plaza de &hellip; <\/p>\n<p class=\"link-more\"><a href=\"https:\/\/blog.uclm.es\/grupo-compublic\/localizacion\/\" class=\"more-link\">Continuar leyendo<span class=\"screen-reader-text\"> \u00ab\u00bfD\u00f3nde estamos?\u00bb<\/span><\/a><\/p>\n","protected":false},"author":135,"featured_media":0,"parent":0,"menu_order":0,"comment_status":"closed","ping_status":"closed","template":"page-templates\/full-width.php","meta":{"footnotes":""},"class_list":["post-14","page","type-page","status-publish","hentry"],"_links":{"self":[{"href":"https:\/\/blog.uclm.es\/grupo-compublic\/wp-json\/wp\/v2\/pages\/14","targetHints":{"allow":["GET"]}}],"collection":[{"href":"https:\/\/blog.uclm.es\/grupo-compublic\/wp-json\/wp\/v2\/pages"}],"about":[{"href":"https:\/\/blog.uclm.es\/grupo-compublic\/wp-json\/wp\/v2\/types\/page"}],"author":[{"embeddable":true,"href":"https:\/\/blog.uclm.es\/grupo-compublic\/wp-json\/wp\/v2\/users\/135"}],"replies":[{"embeddable":true,"href":"https:\/\/blog.uclm.es\/grupo-compublic\/wp-json\/wp\/v2\/comments?post=14"}],"version-history":[{"count":6,"href":"https:\/\/blog.uclm.es\/grupo-compublic\/wp-json\/wp\/v2\/pages\/14\/revisions"}],"predecessor-version":[{"id":373,"href":"https:\/\/blog.uclm.es\/grupo-compublic\/wp-json\/wp\/v2\/pages\/14\/revisions\/373"}],"wp:attachment":[{"href":"https:\/\/blog.uclm.es\/grupo-compublic\/wp-json\/wp\/v2\/media?parent=14"}],"curies":[{"name":"wp","href":"https:\/\/api.w.org\/{rel}","templated":true}]}}