{"id":5,"date":"2013-10-04T10:56:21","date_gmt":"2013-10-04T09:56:21","guid":{"rendered":"http:\/\/blog.uclm.es\/gregoriolopez\/?page_id=5"},"modified":"2025-12-09T15:59:34","modified_gmt":"2025-12-09T14:59:34","slug":"bagaje-personal","status":"publish","type":"page","link":"https:\/\/blog.uclm.es\/gregoriolopez\/","title":{"rendered":"CURRICULUM VITAE-CONTACTO"},"content":{"rendered":"\n<p>El enlace de m\u00e1s abajo lleva a un archivo con mi curriculum vitae que compila mis actividades docentes, investigadoras y de participaci\u00f3n ciudadana. La mayor parte de mis trabajos de investigaci\u00f3n y art\u00edculos de opini\u00f3n pueden descargarse desde este archivo. S\u00f3lo tienes que descargar el archivo, abrirlo y sobre el \u00cdNDICE, seguir el v\u00ednculo al apartado que desees. Todas las entradas del curriculum tienen un v\u00ednculo en la \u00faltima fila con archivos relacionados. Si hubiera alg\u00fan problema de acceso, las personas interesadas pueden solicitarme los archivos que deseen a trav\u00e9s del correo electr\u00f3nico.<\/p>\n\n\n\n<p><a href=\"https:\/\/pruebasaluuclm-my.sharepoint.com\/:w:\/r\/personal\/gregorio_lopez_uclm_es\/Documents\/DOCUMENTOS\/CV\/3.%20PRESENTACIONES%20CURRICULUM\/CV%20Goyo%20(tabla)%20(acceso%20internet)%20(actualizado).docx?d=w701df18ff53b4fd0b93c5054d64a5015&amp;csf=1&amp;web=1&amp;e=VJumF8\">CV Gregorio L\u00f3pez Sanz<\/a><\/p>\n\n\n\n<p>GREGORIO L\u00d3PEZ SANZ<br>Profesor Titular de Universidad. \u00c1rea de Pol\u00edtica Econ\u00f3mica<br>Facultad de Ciencias Econ\u00f3micas y Empresariales. Universidad de Castilla-La Mancha<br>Plaza de la Universidad, 1. 02071-Albacete Tel\u00e9fono fijo: 926053165 <br>Tel\u00e9fono m\u00f3vil: +34 629383890<br>Correo electr\u00f3nico: gregorio.lopez@uclm.es<br>Blog personal: <a href=\"http:\/\/gregoriolopezsanz.blogspot.com\/\">http:\/\/gregoriolopezsanz.blogspot.com\/<\/a><br>Web personal: <a href=\"http:\/\/blog.uclm.es\/gregoriolopez\/\">http:\/\/blog.uclm.es\/gregoriolopez\/<\/a><\/p>\n","protected":false},"excerpt":{"rendered":"<p>El enlace de m\u00e1s abajo lleva a un archivo con mi curriculum vitae que compila mis actividades docentes, investigadoras y de participaci\u00f3n ciudadana. La mayor parte de mis trabajos de investigaci\u00f3n y art\u00edculos de opini\u00f3n pueden descargarse desde este archivo. S\u00f3lo tienes que descargar el archivo, abrirlo y sobre el \u00cdNDICE, seguir el v\u00ednculo al &hellip; <a href=\"https:\/\/blog.uclm.es\/gregoriolopez\/\" class=\"more-link\">Continuar leyendo<span class=\"screen-reader-text\"> \u00abCURRICULUM VITAE-CONTACTO\u00bb<\/span><\/a><\/p>\n","protected":false},"author":44,"featured_media":33,"parent":0,"menu_order":0,"comment_status":"closed","ping_status":"open","template":"page-sidebar-right.php","meta":{"footnotes":""},"class_list":["post-5","page","type-page","status-publish","has-post-thumbnail","hentry"],"_links":{"self":[{"href":"https:\/\/blog.uclm.es\/gregoriolopez\/wp-json\/wp\/v2\/pages\/5","targetHints":{"allow":["GET"]}}],"collection":[{"href":"https:\/\/blog.uclm.es\/gregoriolopez\/wp-json\/wp\/v2\/pages"}],"about":[{"href":"https:\/\/blog.uclm.es\/gregoriolopez\/wp-json\/wp\/v2\/types\/page"}],"author":[{"embeddable":true,"href":"https:\/\/blog.uclm.es\/gregoriolopez\/wp-json\/wp\/v2\/users\/44"}],"replies":[{"embeddable":true,"href":"https:\/\/blog.uclm.es\/gregoriolopez\/wp-json\/wp\/v2\/comments?post=5"}],"version-history":[{"count":2,"href":"https:\/\/blog.uclm.es\/gregoriolopez\/wp-json\/wp\/v2\/pages\/5\/revisions"}],"predecessor-version":[{"id":353,"href":"https:\/\/blog.uclm.es\/gregoriolopez\/wp-json\/wp\/v2\/pages\/5\/revisions\/353"}],"wp:featuredmedia":[{"embeddable":true,"href":"https:\/\/blog.uclm.es\/gregoriolopez\/wp-json\/wp\/v2\/media\/33"}],"wp:attachment":[{"href":"https:\/\/blog.uclm.es\/gregoriolopez\/wp-json\/wp\/v2\/media?parent=5"}],"curies":[{"name":"wp","href":"https:\/\/api.w.org\/{rel}","templated":true}]}}