{"id":70,"date":"2018-04-08T09:56:55","date_gmt":"2018-04-08T08:56:55","guid":{"rendered":"http:\/\/blog.uclm.es\/gemmagomez\/?page_id=70"},"modified":"2018-04-08T09:56:55","modified_gmt":"2018-04-08T08:56:55","slug":"teatro-del-siglo-xvii","status":"publish","type":"page","link":"https:\/\/blog.uclm.es\/gemmagomez\/teatro-del-siglo-xvii\/","title":{"rendered":"Teatro del siglo XVII"},"content":{"rendered":"<div class=\"descripcion\">\n<ul>\n<li><a href=\"https:\/\/dialnet.unirioja.es\/servlet\/articulo?codigo=5571961\">Tragedias<\/a>. <em>El universo dram\u00e1tico de Rojas Zorrilla<\/em> (coord. por Rafael Gonz\u00e1lez Ca\u00f1al). Universidad de Valladolid, 2015, pp. 67-78.<\/li>\n<\/ul>\n<p>&nbsp;<\/p>\n<ul>\n<li class=\"titulo\"><span class=\"titulo\"><a href=\"https:\/\/dialnet.unirioja.es\/servlet\/articulo?codigo=3623465\">El disfraz hist\u00f3rico de un episodio b\u00edblico en El Ca\u00edn de Catalu\u00f1a.\u00a0<\/a><\/span><a href=\"https:\/\/dialnet.unirioja.es\/servlet\/revista?codigo=15479\"><em>A<\/em>nagn\u00f3risis: Revista de investigaci\u00f3n teatral<\/a>,\u00a0<acronym title=\"International Standard Serial Number (Edici\u00f3n electr\u00f3nica)\">ISSN-e<\/acronym>\u00a02013-6986,\u00a0<a href=\"https:\/\/dialnet.unirioja.es\/ejemplar\/277313\">N\u00ba. 2, 2010<\/a>\u00a0(Ejemplar dedicado a: Mitos paganos y b\u00edblicos en el teatro),\u00a0<abbr title=\"p\u00e1ginas\">p\u00e1gs.<\/abbr>\u00a0182-202.<\/li>\n<\/ul>\n<\/div>\n<p>&nbsp;<\/p>\n<ul>\n<li class=\"titulo\"><span class=\"titulo\"><a href=\"https:\/\/dialnet.unirioja.es\/servlet\/articulo?codigo=2350101\">Rojas Zorrilla ante el universo Palatino<\/a><\/span><span class=\"separador\">:\u00a0<\/span><span class=\"subtitulo\">el caso de \u00abMorir Pensando Matar\u00bb. Lectura y signo: revista de literatura, ISSN 1885-8597, n\u00ba 2, 1, 2007, pp 191-216.<\/span><\/li>\n<\/ul>\n","protected":false},"excerpt":{"rendered":"<p>Tragedias. El universo dram\u00e1tico de Rojas Zorrilla (coord. por Rafael Gonz\u00e1lez Ca\u00f1al). Universidad de Valladolid, 2015, pp. 67-78. &nbsp; El disfraz hist\u00f3rico de un episodio b\u00edblico en El Ca\u00edn de Catalu\u00f1a.\u00a0Anagn\u00f3risis: Revista de investigaci\u00f3n teatral,\u00a0ISSN-e\u00a02013-6986,\u00a0N\u00ba. 2, 2010\u00a0(Ejemplar dedicado a: Mitos paganos y b\u00edblicos en el teatro),\u00a0p\u00e1gs.\u00a0182-202. &nbsp; Rojas Zorrilla ante el universo Palatino:\u00a0el caso de [&hellip;]<\/p>\n","protected":false},"author":402,"featured_media":0,"parent":0,"menu_order":0,"comment_status":"closed","ping_status":"closed","template":"","meta":{"footnotes":""},"class_list":["post-70","page","type-page","status-publish","hentry"],"_links":{"self":[{"href":"https:\/\/blog.uclm.es\/gemmagomez\/wp-json\/wp\/v2\/pages\/70","targetHints":{"allow":["GET"]}}],"collection":[{"href":"https:\/\/blog.uclm.es\/gemmagomez\/wp-json\/wp\/v2\/pages"}],"about":[{"href":"https:\/\/blog.uclm.es\/gemmagomez\/wp-json\/wp\/v2\/types\/page"}],"author":[{"embeddable":true,"href":"https:\/\/blog.uclm.es\/gemmagomez\/wp-json\/wp\/v2\/users\/402"}],"replies":[{"embeddable":true,"href":"https:\/\/blog.uclm.es\/gemmagomez\/wp-json\/wp\/v2\/comments?post=70"}],"version-history":[{"count":0,"href":"https:\/\/blog.uclm.es\/gemmagomez\/wp-json\/wp\/v2\/pages\/70\/revisions"}],"wp:attachment":[{"href":"https:\/\/blog.uclm.es\/gemmagomez\/wp-json\/wp\/v2\/media?parent=70"}],"curies":[{"name":"wp","href":"https:\/\/api.w.org\/{rel}","templated":true}]}}