{"id":4,"date":"2017-05-04T09:01:53","date_gmt":"2017-05-04T09:01:53","guid":{"rendered":"http:\/\/blog.uclm.es\/gemmagomez\/?page_id=2"},"modified":"2017-05-04T09:01:53","modified_gmt":"2017-05-04T09:01:53","slug":"pagina-ejemplo-2","status":"publish","type":"page","link":"https:\/\/blog.uclm.es\/gemmagomez\/pagina-ejemplo-2\/","title":{"rendered":"Docencia"},"content":{"rendered":"<p><strong>Curso 2017-18<\/strong><\/p>\n<ul>\n<li><a href=\"https:\/\/guiae.uclm.es\/vistaPrevia\/32673\/999\"><em>Literatura infantil y animaci\u00f3n a la lectura<\/em><\/a> (Grado de Maestro en Educaci\u00f3n Infantil).<\/li>\n<li><em>Adquisici\u00f3n y desarrollo del lenguaje<\/em> (Grado de Maestro en Educaci\u00f3n Infantil).<\/li>\n<li><a href=\"https:\/\/guiae.uclm.es\/vistaPrevia\/30350\/999\"><em>Did\u00e1ctica de la literatura en Educaci\u00f3n Primaria<\/em><\/a> (Grado de Maestro en Educaci\u00f3n Primaria).<\/li>\n<li><a href=\"https:\/\/guiae.uclm.es\/vistaPrevia\/29116\/30\"><em>Innovaci\u00f3n docente en las Artes y las Humanidades<\/em><\/a> (M\u00e1ster Univ. en Profesorado de E.S.O. y Bachillerato, F.P e Idiomas).<\/li>\n<li><a href=\"https:\/\/guiae.uclm.es\/vistaPrevia\/28919\/30\"><em>Investigaci\u00f3n educativa en las Artes y las Humanidades<\/em><\/a> (M\u00e1ster Univ. en Profesor de E.S.O. y Bachillerato, F.P. e idiomas).<\/li>\n<\/ul>\n","protected":false},"excerpt":{"rendered":"<p>Curso 2017-18 Literatura infantil y animaci\u00f3n a la lectura (Grado de Maestro en Educaci\u00f3n Infantil). Adquisici\u00f3n y desarrollo del lenguaje (Grado de Maestro en Educaci\u00f3n Infantil). Did\u00e1ctica de la literatura en Educaci\u00f3n Primaria (Grado de Maestro en Educaci\u00f3n Primaria). Innovaci\u00f3n docente en las Artes y las Humanidades (M\u00e1ster Univ. en Profesorado de E.S.O. y Bachillerato, [&hellip;]<\/p>\n","protected":false},"author":402,"featured_media":0,"parent":0,"menu_order":0,"comment_status":"closed","ping_status":"open","template":"","meta":{"footnotes":""},"class_list":["post-4","page","type-page","status-publish","hentry"],"_links":{"self":[{"href":"https:\/\/blog.uclm.es\/gemmagomez\/wp-json\/wp\/v2\/pages\/4","targetHints":{"allow":["GET"]}}],"collection":[{"href":"https:\/\/blog.uclm.es\/gemmagomez\/wp-json\/wp\/v2\/pages"}],"about":[{"href":"https:\/\/blog.uclm.es\/gemmagomez\/wp-json\/wp\/v2\/types\/page"}],"author":[{"embeddable":true,"href":"https:\/\/blog.uclm.es\/gemmagomez\/wp-json\/wp\/v2\/users\/402"}],"replies":[{"embeddable":true,"href":"https:\/\/blog.uclm.es\/gemmagomez\/wp-json\/wp\/v2\/comments?post=4"}],"version-history":[{"count":0,"href":"https:\/\/blog.uclm.es\/gemmagomez\/wp-json\/wp\/v2\/pages\/4\/revisions"}],"wp:attachment":[{"href":"https:\/\/blog.uclm.es\/gemmagomez\/wp-json\/wp\/v2\/media?parent=4"}],"curies":[{"name":"wp","href":"https:\/\/api.w.org\/{rel}","templated":true}]}}