{"id":67,"date":"2020-05-26T22:02:39","date_gmt":"2020-05-26T21:02:39","guid":{"rendered":"http:\/\/blog.uclm.es\/gemafaviles\/?page_id=67"},"modified":"2023-02-10T10:56:08","modified_gmt":"2023-02-10T10:56:08","slug":"peer-reviewed-papers","status":"publish","type":"page","link":"https:\/\/blog.uclm.es\/gemafaviles\/peer-reviewed-papers\/","title":{"rendered":"Peer Reviewed Papers"},"content":{"rendered":"\n<h1 class=\"wp-block-heading\"><b>&nbsp;<\/b><span style=\"color: #993300\"><span lang=\"en-GB\"><strong>Pr\u00f3ximos \/ Art\u00edculos presentados<\/strong><\/span><\/span><\/h1>\n\n\n\n<h4 class=\"wp-block-heading\"><strong>FERN\u00c1NDEZ-AVIL\u00c9S, G. &amp; MONTERO, J.M. Spatio-temporal Modeling of Financial Maps from a\u00a0Joint Multidimensional Scaling-Geostatistical Perspective.<\/strong><br><\/h4>\n\n\n\n<p><\/p>\n\n\n\n<h3 class=\"has-text-align-center has-light-gray-background-color has-background wp-block-heading\"><span style=\"color: #993300\"><strong>2015<\/strong><\/span><\/h3>\n\n\n\n<hr class=\"wp-block-separator has-alpha-channel-opacity is-style-wide\" \/>\n\n\n\n<p><b>4.&nbsp;<\/b>CORDOBA, M.,&nbsp;FERN\u00c1NDEZ-AVIL\u00c9S, G. &amp; GARC\u00cdA , M.C (2015). 2019: \u00bfLa quiebra del sistema p\u00fablico de pensiones?,&nbsp;<i>Revista de Libros<\/i>, &nbsp;pp. 1-12.<\/p>\n\n\n\n<p><b>3.&nbsp;<\/b>CORDOBA, M.,&nbsp;FERN\u00c1NDEZ-AVIL\u00c9S, G. &amp; GARC\u00cdA , M.C (2015). Is the Spanish Pension System Approaching a Seismic Zone?,&nbsp;<i>Estudios de Econom\u00eda Aplicada<\/i>, &nbsp;<b>33<\/b>(3), pp. 735-758.<\/p>\n\n\n\n<p><b>2.&nbsp;<\/b>MONTERO, J.M. &amp; FERN\u00c1NDEZ-AVIL\u00c9S, G. (2015). Visualization of Permissible Stationary Non Separable Space-Time Covariance Functions,&nbsp;<i>International Journal of Geographical Information Science,&nbsp;<\/i><b>29<\/b>(10), pp. 1887-1909.&nbsp;<a href=\"http:\/\/www.tandfonline.com\/doi\/abs\/10.1080\/13658816.2015.1063152\" target=\"_blank\" rel=\"noopener\">http:\/\/www.tandfonline.com\/doi\/abs\/10.1080\/13658816.2015.1063152<\/a><\/p>\n\n\n\n<p><b>1.&nbsp;<\/b>MONTERO, J.M. &amp; FERN\u00c1NDEZ-AVIL\u00c9S, G. (2015).&nbsp;Functional kriging prediction of pollution series: the geostatistical alternative for spatially-fixed,&nbsp;<i>Estudios de Econom\u00eda Aplicada<\/i>,&nbsp;<b>33<\/b>(1), pp. 145-174.&nbsp;http:\/\/www.revista-eea.net<\/p>\n\n\n\n<h3 class=\"has-text-align-center has-light-gray-background-color has-background wp-block-heading\"><span style=\"color: #993300\"><strong>2014<\/strong><\/span><\/h3>\n\n\n\n<hr class=\"wp-block-separator has-alpha-channel-opacity is-style-wide\" \/>\n\n\n\n<p><b>5.&nbsp;<\/b>FERN\u00c1NDEZ-AVIL\u00c9S, G., P\u00c9REZ, A.&nbsp;&amp;&nbsp;MART\u00cdNEZ, J.L. (2014) Detecting Successful Student Profiles At An Open University: The Case Of The UNED (Spain).&nbsp;<i>Journal Of International Education&nbsp; Research<\/i>,<i>&nbsp;<\/i><b>10<\/b>(2), pp. 161 &#8211; 170.<\/p>\n\n\n\n<p><b>4.&nbsp;<\/b>MONTERO, J.M., FERN\u00c1NDEZ-AVIL\u00c9S, G. &amp; MEDINA, M.A. (2014).&nbsp;Using dissimilarity index for analyzing gender equity in childcare activities in Spain.&nbsp;<i>Quantitative Methods in Economic Research<\/i>,&nbsp;<b>Vol. XV,&nbsp;<\/b>No. (1), pp. 133 \u2013 141.<\/p>\n\n\n\n<p><b>3.&nbsp;<\/b>LAURETI, T., MONTERO, J.M. &amp; FERN\u00c1NDEZ-AVIL\u00c9S, G. (2014).&nbsp;A local scale analysis on influencing factors of NO<sub>x<\/sub>&nbsp;emissions: Evidence from the Community of Madrid, Spain,&nbsp;<i>Energy Policy,<\/i>&nbsp;pp.&nbsp;<b>74<\/b>, 557\u2013568<i>.<\/i>&nbsp;<a href=\"http:\/\/www.sciencedirect.com\/science\/article\/pii\/S030142151400384X\" target=\"_blank\" rel=\"noopener\">http:\/\/www.sciencedirect.com\/science\/article\/pii\/S030142151400384X<\/a><\/p>\n\n\n\n<p><b>2.&nbsp;<\/b>GARC\u00cdA CENTENO, M.C.&nbsp;&amp;&nbsp;FERN\u00c1NDEZ-AVIL\u00c9S, G. (2014).&nbsp;Pollution And Environmental Indicators Using A Multicriteria Analysis.&nbsp;&nbsp;<i>International Business &amp; Economics Research Journal<\/i>,&nbsp;<b>12<\/b>(7), pp. 1581 \u20131586.<\/p>\n\n\n\n<p><b>1.&nbsp;<\/b>MEDINA, M.A.&nbsp;&amp;&nbsp;FERN\u00c1NDEZ-AVIL\u00c9S, G. (2014).&nbsp;Measuring The Factors Involved In The Time Spent In Educational Childcare.&nbsp;<i>Journal Of International Education&nbsp; Research<\/i>,<i>&nbsp;<\/i>10, pp. 75 &#8211; 82. (Estados Unidos de Am\u00e9rica): 2014. ISSN 2158-0979<\/p>\n\n\n\n<h3 class=\"has-text-align-center has-light-gray-background-color has-background wp-block-heading\"><span style=\"color: #993300\"><strong>2013<\/strong><\/span><\/h3>\n\n\n\n<hr class=\"wp-block-separator has-alpha-channel-opacity is-style-wide\" \/>\n\n\n\n<p><b>3.&nbsp;<\/b>MONTERO, J.M., FERN\u00c1NDEZ-AVIL\u00c9S, G., MOND\u00c9JAR, J. &amp; VARGAS, M. (2012). A Spatio-Temporal Geostatistical Approach to Predicting Pollution Levels. The Case of Mono-Nitrogen Oxides in Madrid City,&nbsp;<i>Computers, Environment and Urban Systems<\/i>, pp. 95-106&nbsp;<a href=\"http:\/\/dx.doi.org\/10.1016\/j.compenvurbsys.2012.06.005\" target=\"_blank\" rel=\"noopener\">doi:10.1016\/j.compenvurbsys.2012.06.005<\/a><\/p>\n\n\n\n<p><b>2.&nbsp;<\/b>MATEU, J., FERN\u00c1NDEZ-AVIL\u00c9S, G. &amp; MONTERO, J.M. (2013).&nbsp;On a class of non-stationary, compactly supported covariance functions.&nbsp;<i>Stochastic Environmental Research and Risk Assessment<\/i>,&nbsp;27(<b>2<\/b>), pp. 297-309.&nbsp;doi: 10.1007\/s00477-011-0510-8.<\/p>\n\n\n\n<p><b>1.&nbsp;<\/b>MINGUEZ, R., MONTERO, J.M. &amp; FERN\u00c1NDEZ-AVIL\u00c9S, G. (2013). Measuring the Impact of Pollution on Property Prices: Objective vs. Subjective Pollution Indicators in Spatial Models.&nbsp;<i>Journal of Geographical Systems<\/i>.&nbsp;pp. 1-23,&nbsp;<a href=\"http:\/\/dx.doi.org\/10.1007\/s10109-012-0168-x\" target=\"_blank\" rel=\"noopener\">doi:10.1007\/s10109-012-0168-x<\/a><\/p>\n\n\n\n<h3 class=\"has-text-align-center has-light-gray-background-color has-background wp-block-heading\"><span style=\"color: #993300\"><strong>2012<\/strong><\/span><\/h3>\n\n\n\n<hr class=\"wp-block-separator has-alpha-channel-opacity is-style-wide\" \/>\n\n\n\n<p><b>2.&nbsp;<\/b>FERN\u00c1NDEZ-AVIL\u00c9S, G., MINGUEZ, R., &amp; MONTERO, J. (2012) Geostatistical air pollution indices and spatial hedonic and models: the case of Madrid Spain,&nbsp;<i>Journal of Real Estate Research<\/i>,&nbsp;<b>34<\/b>(2), pp. 243-274. <a href=\"http:\/\/aux.zicklin.baruch.cuny.edu\/jrer\/papers\/pdf\/new_current\/vol34n02\/05.243_274.pdf\" target=\"_blank\" rel=\"noopener\">http:\/\/aux.zicklin.baruch.cuny.edu\/jrer\/papers\/pdf\/new_current\/vol34n02\/05.243_274.pdf<\/a><\/p>\n\n\n\n<p><b>1.&nbsp;<\/b>FERN\u00c1NDEZ-AVIL\u00c9S, G., MONTERO, J.M. &amp; ORLOV, A. (2012). Spatial Modeling of Stock Market Comovements.&nbsp;<a href=\"http:\/\/www.sciencedirect.com\/science\/journal\/15446123\" target=\"_blank\" rel=\"noopener\"><i>Finance Research Letters<\/i><\/a>.&nbsp;<b>9<\/b>(4), PP. 202-212 <a href=\"http:\/\/dx.doi.org\/10.1016\/j.frl.2012.05.002\" target=\"_blank\" rel=\"noopener\">http:\/\/dx.doi.org\/10.1016\/j.frl.2012.05.002<\/a><\/p>\n\n\n\n<h3 class=\"has-text-align-center has-light-gray-background-color has-background wp-block-heading\"><span style=\"color: #993300\"><strong>2011<\/strong><\/span><\/h3>\n\n\n\n<hr class=\"wp-block-separator has-alpha-channel-opacity is-style-wide\" \/>\n\n\n\n<p><b>8.&nbsp;<\/b>MONTERO, J.M., FERN\u00c1NDEZ-AVIL\u00c9S,.G.&nbsp;&amp; MINGUEZ, R. (2011).&nbsp;Spatial Hedonic Pricing Models for Testing the Adequacy of Acoustic Areas in Madrid City, Spain,&nbsp;<i>Investigaciones Regionales<\/i>,&nbsp;<b>21<\/b>, pp. 161-185.&nbsp;<a href=\"http:\/\/www.aecr.org\/images\/ImatgesArticles\/2012\/3\/10_MONTERO.pdf\" target=\"_blank\" rel=\"noopener\">http:\/\/www.aecr.org\/images\/ImatgesArticles\/2012\/3\/10_MONTERO.pdf<\/a><\/p>\n\n\n\n<p><b>7.&nbsp;<\/b>MONTERO, J.M., GARC\u00cdA, M.C. &amp; FERN\u00c1NDEZ-AVIL\u00c9S, G.<i>&nbsp;<\/i>(2011). <a href=\"https:\/\/blog.uclm.es\/gemafaviles\/wp-content\/uploads\/sites\/82\/2023\/01\/108220110103.pdf\" target=\"_blank\" rel=\"noopener\">A Threshold Autoregressive Asymmetric Stochastic Volatility Strategy to Alert of Violations of the PM<sub>10<\/sub>&nbsp;Quality Standards.<\/a>&nbsp;<i>International Journal of Environmental Research<\/i>,&nbsp;<b>11<\/b>, pp.155-177.&nbsp;<\/p>\n\n\n\n<p><b>6.&nbsp;<\/b>FERN\u00c1NDEZ-AVIL\u00c9S, G., MONTERO, J.M. &amp; MATEU, J. (2011).&nbsp;Mathematical Genesis of Spatio-Temporal Covariance Functions,&nbsp;<i>Journal of Mathematics and Statistics<\/i>,&nbsp;<b>7<\/b>(1), pp. 37-44.<\/p>\n\n\n\n<p><b>5.&nbsp;<\/b>MATEU, J., FERN\u00c1NDEZ-AVIL\u00c9S, G. &amp; MONTERO, J.M. (2011). On a class of non-stationary, compactly supported covariance functions.&nbsp;<i>Stochastic Environmental Research and Risk Assessment<\/i>.&nbsp;DOI 10.1007\/s00477-011-0510-8<\/p>\n\n\n\n<p><b>4.&nbsp;<\/b>MONTERO, J.M., GARC\u00cdA, M.C. &amp; FERN\u00c1NDEZ-AVIL\u00c9S, G. (2011) Modelling the Volatility of the Spanish Wholesale Electricity Spot Market. Asymmetric GARCH Models vs. Threshold ARSV model,<b>&nbsp;<\/b><i>Revista de Estudios de Econom\u00eda Aplicada<\/i>,&nbsp;<b>29<\/b>(2), pp. 1-20.<\/p>\n\n\n\n<p><b>3.&nbsp;<\/b>VARGAS, M., MONDEJAR, J., MONTERO, JM.&amp;&nbsp;FERN\u00c1NDEZ-AVIL\u00c9S, G. (2011).&nbsp;Per capita CO<sub>2<\/sub>&nbsp;emission trends among European OECD countries.<i>&nbsp;Environmental Engineering and Management Journal<\/i>. 10, pp. 1865-1872.<\/p>\n\n\n\n<p><b>2.&nbsp;<\/b>VARGAS, M, MONDEJAR, J, MESEGUER, ML, ALFARO, JL&nbsp;&amp; FERN\u00c1NDEZ-AVIL\u00c9S, G. (2011). Cooperative Learning In Virtual Environments: The Jigsaw Method In Statistical Courses.&nbsp;<i>Journal Of International Education Research<\/i>, pp. 1-8.<\/p>\n\n\n\n<p><b>1.&nbsp;<\/b>GARC\u00cdA, M.C. &amp;&nbsp;FERN\u00c1NDEZ-AVIL\u00c9S, G. (2011). Are Men And Women Different In European Higher Education Area?&nbsp;<i>Journal Of International Education Research<\/i>, pp. 41-48.<\/p>\n\n\n\n<h3 class=\"has-text-align-center has-light-gray-background-color has-background wp-block-heading\"><span style=\"color: #993300\"><strong>2010<\/strong><\/span><\/h3>\n\n\n\n<hr class=\"wp-block-separator has-alpha-channel-opacity is-style-wide\" \/>\n\n\n\n<p><b>6.&nbsp;<\/b>VARGAS, M., MONDEJAR, J., MESEGUER, M.L., MONTERO, J.M. &amp; FERN\u00c1NDEZ-AVIL\u00c9S, G. (2010). Measurement of Students Attitude towards Statistics: A Mokken Scales Analysis of its Dimensions.&nbsp;<i>American Journal of Business Education,<\/i>&nbsp;<b>3<\/b>(13),<b>&nbsp;<\/b>pp. 1-6, 2010.<\/p>\n\n\n\n<p><b>5.<\/b>&nbsp;GARC\u00cdA, M. C., FERN\u00c1NDEZ-AVIL\u00c9S, G. &amp; MONTERO, J. M. (2010). Asymmetries in the volatility of precious metals returns: The TA-ARSV modelling strategy.&nbsp;<i>The Journal of Economic Asymmetries<\/i>, 7(1), pp.23-43.<\/p>\n\n\n\n<p><b>4.&nbsp;<\/b>MONTERO, J. M., FERN\u00c1NDEZ-AVIL\u00c9S, G. &amp; GARC\u00cdA, M. C. (2010). Contraste de independencia con correcci\u00f3n de continuidad asim\u00e9trica: Una aplicaci\u00f3n al turismo cultural.&nbsp;<i>Anales de Asepuma<\/i>, 18:801.<\/p>\n\n\n\n<p><b>3.&nbsp;<\/b>MONTERO, J.M. &amp; FERN\u00c1NDEZ-AVIL\u00c9S, G. (2010). An alternative to test independence between expectations and disconfirmation versus the positive version of the assimilation theory. An application to the case of cultural\/heritage tourism.&nbsp;<i>International Journal of Management and Information Systems&nbsp;<\/i>14(4), pp. 7-16.<\/p>\n\n\n\n<p class=\"has-text-align-center\"><span style=\"color: #0000ff\"><b>Best Paper Award.<\/b><\/span><\/p>\n\n\n\n<p class=\"has-text-align-center\"><b>The 2010 EABR (Business) &amp; ETLC (Education) Conferences.<\/b><\/p>\n\n\n\n<p class=\"has-text-align-center\"><b>June 7-10, 2010 held at the Hilton Dublin Hotel in Dublin, Ireland.<\/b><\/p>\n\n\n\n<p><b>2.&nbsp;<\/b>MONTERO, J.M., GARC\u00cdA, M.C. &amp; FERN\u00c1NDEZ-AVIL\u00c9S, G.&nbsp; (2010). Estimation of Asymmetric Stochastic Volatility Models. Application to Daily Average Price of Energy Products.&nbsp;<i>International Statistical Review<\/i>. 11, pp. 330-347.&nbsp;<a href=\"http:\/\/onlinelibrary.wiley.com\/doi\/10.1111\/j.1751-5823.2010.00125.x\/abstract\" target=\"_blank\" rel=\"noopener\">http:\/\/onlinelibrary.wiley.com\/doi\/10.1111\/j.1751-5823.2010.00125.x\/abstract<\/a><\/p>\n\n\n\n<p><b>1.&nbsp;<\/b>MONTERO, J.M., FERN\u00c1NDEZ-AVIL\u00c9S, G. &amp; GARC\u00cdA, M.C. (2010). Revisiting the expectancy\/disconfirmation paradigm for small questionnaires: The cultural\/heritage tourism case.&nbsp;<i>Rect@.&nbsp;<\/i>11, pp. 155-177.<\/p>\n\n\n\n<h3 class=\"has-text-align-center has-light-gray-background-color has-background wp-block-heading\"><span style=\"color: #993300\"><strong>2009<\/strong><\/span><\/h3>\n\n\n\n<hr class=\"wp-block-separator has-alpha-channel-opacity is-style-wide\" \/>\n\n\n\n<p><b>6.&nbsp;<\/b>FERN\u00c1NDEZ-AVIL\u00c9S, G. &amp; GARC\u00cdA, MC. (2009). Nuevas T\u00e9cnicas para la Construcci\u00f3n de \u00cdndices \u00c1mbientales para grandes ciudades,&nbsp;<i>CLM.Econom\u00eda<\/i>, pp. 179-210.<\/p>\n\n\n\n<p><b>5.&nbsp;<\/b>MONTERO, J.M., FERN\u00c1NDEZ-AVIL\u00c9S, G. &amp; GARC\u00cdA, M.C. (2009). Eoloeconom\u00eda: Una Apuesta Espa\u00f1ola liderada por Castilla-La Mancha.&nbsp;<i>Revista de Estudos Rexionais<\/i>, 3, pp. 9-24.<\/p>\n\n\n\n<p class=\"has-text-align-center\"><span style=\"color: #0000ff\"><b>Best Paper Award 2009.<\/b><\/span><\/p>\n\n\n\n<p class=\"has-text-align-center\"><b>Castilla-La Mancha- European Region.<\/b><\/p>\n\n\n\n<p><b>&nbsp;<\/b><b>4.&nbsp;<\/b>MONTERO, J.M. &amp; FERN\u00c1NDEZ-AVIL\u00c9S, G. (2009). How to include environmental quality kriged indexes in hedonic housing price models.&nbsp;<i>The Polish Journal of Environmental Studies<\/i>, 18(5B), pp. 149-158.<\/p>\n\n\n\n<p><b>3.&nbsp;<\/b>FERN\u00c1NDEZ-AVIL\u00c9S, G (2009). Spatial Regression Analysis vs. Kriging Methods for Spatial Estimation.&nbsp;<i>International Advances in Economic Research<\/i>, 15, pp. 44-59.<\/p>\n\n\n\n<p><b>2.&nbsp;<\/b>MONTERO, J.M. &amp; FERN\u00c1NDEZ-AVIL\u00c9S, G. (2009). Mixed environmental quality indexes for hedonic housing price models: An alternative with area-to-point kriging with external drift.&nbsp;<i>AESTIMUM<\/i>, 54, pp. 73-94.<\/p>\n\n\n\n<p><b>1.&nbsp;<\/b>MONTERO, J.M., MATEU, J., PORCU, E. &amp; FERN\u00c1NDEZ-AVIL\u00c9S, G. (2009). Energ\u00eda E\u00f3lica y Geoestad\u00edstica. Superando la isotrop\u00eda y la no estacionariedad, incrementando la rentabilidad.&nbsp;<i>Clm.econom\u00eda<\/i>, 15, pp. 211-243. <a href=\"http:\/\/www.clmeconomia.jccm.es\/pdfclm\/montero_clm_15.pdf\" target=\"_blank\" rel=\"noopener\">http\/\/www.clmeconomia.jccm.es\/pdfclm\/montero_clm_15.pdf<\/a><\/p>\n\n\n\n<h3 class=\"has-text-align-center has-light-gray-background-color has-background wp-block-heading\"><span style=\"color: #993300\"><strong>2008<\/strong><\/span><\/h3>\n\n\n\n<hr class=\"wp-block-separator has-alpha-channel-opacity is-style-wide\" \/>\n\n\n\n<p><b>3.&nbsp;<\/b>MONTERO, J. M., LARRAZ, B. &amp; FERN\u00c1NDEZ-AVIL\u00c9S, G. (2008). Estimating housing prices: Kriging and cokriging as an alternative.&nbsp;<i>Taksonomia, Klasyfikacja i analiza danych<\/i>, 15,&nbsp; 7(1207), pp. 57-68.<\/p>\n\n\n\n<p><b>2.&nbsp;<\/b>CHASCO, C. &amp; FERN\u00c1NDEZ-AVIL\u00c9S, G. (2008). An\u00e1lisis de datos espacio-temporales en geomarketing: difusi\u00f3n espacial del lanzamiento de un nuevo producto.&nbsp;<i>AEDEMO<\/i>, pp. 28-32.<\/p>\n\n\n\n<p><b>1.&nbsp;<\/b>FERN\u00c1NDEZ-AVIL\u00c9S, G &amp; LARRAZ, B. (2008) Aportaciones de los m\u00e9todos geo-cuantitativos a la estimaci\u00f3n de precios de vivienda.&nbsp;<i>Clm.econom\u00eda<\/i>, 12, pp. 217- 242.6.<\/p>\n\n\n\n<h1 class=\"wp-block-heading\">&nbsp;<\/h1>\n\n\n\n<h1 class=\"wp-block-heading\"><span style=\"color: #993300\"><strong>Proceedings<\/strong><\/span><\/h1>\n\n\n\n<p><b>1.&nbsp;<\/b>MINGUEZ, R., FERN\u00c1NDEZ-AVIL\u00c9S, G. &amp; MONTERO J. M. (2010). Does air pollution affect the price of housing? A Joint Geostatistics and Spatial Econometric Perspective. In the book&nbsp;<i>Development, Energy, Environment, Economics<\/i>.&nbsp;<b>Included in ISI\/SCI Web of Science and Web of Knowledge,&nbsp;<\/b>Tenerife, Spain, 2010.<\/p>\n\n\n\n<p><b>2.&nbsp;<\/b>GARC\u00cdA, M. C., FERN\u00c1NDEZ-AVIL\u00c9S, G. &amp; MONTERO, J.M. (2010). Estimating the Asymmetric Pattern of Volatility in China Stock Markets. A New Proposal.<b>&nbsp;<\/b><b>Included in ISI\/SCI Web of Science and Web of Knowledge,&nbsp;<\/b>Tenerife, Spain, 2010.<\/p>\n\n\n\n<p><b>3.&nbsp;<\/b>FERN\u00c1NDEZ-AVIL\u00c9S, G., MONTERO, J. M. &amp; MATEU, J. (2010) Spatio-Temporal Modeling of Carbon Monoxide.&nbsp;Are the ecologists right?.&nbsp;<b>Included in ISI\/SCI Web of Science and Web of Knowledge,&nbsp;<\/b>Tenerife, Spain, 2010.<\/p>\n\n\n\n<p class=\"has-text-align-left\"><b>4.&nbsp;<\/b>MONTERO, J.M., GARC\u00cdA, M.C. &amp; FERN\u00c1NDEZ-AVIL\u00c9S, G. (2011). On the Leverage Effect in the Spanish Electricity Spot Market. In Z Bojkovic, J. Kacprzyk, N. Mastorakis, V. Mladenov, R. Revetria, L.A. Zadeh &amp; A. Zemliak (Eds.).&nbsp;<i>Recent Researches in Energy &amp; Environment,<\/i>&nbsp;pp. 230-236, WSEAS Press. ISNN: 1792-8230.&nbsp;<b>Included in the ISI Web of Knowledge<\/b>, EI Compendex, SCOPUS, IET, Elsevier and all the other Indexes of <a href=\"http:\/\/www.wseas.us\/indexes\" target=\"_blank\" rel=\"noopener\">http:\/\/www.wseas.us\/indexes<\/a><\/p>\n\n\n\n<hr class=\"wp-block-separator has-alpha-channel-opacity is-style-wide\" \/>\n","protected":false},"excerpt":{"rendered":"<p>&nbsp;Pr\u00f3ximos \/ Art\u00edculos presentados FERN\u00c1NDEZ-AVIL\u00c9S, G. &amp; MONTERO, J.M. Spatio-temporal Modeling of Financial Maps from a\u00a0Joint Multidimensional Scaling-Geostatistical Perspective. 2015 4.&nbsp;CORDOBA, M.,&nbsp;FERN\u00c1NDEZ-AVIL\u00c9S, G. &amp; GARC\u00cdA , M.C (2015). 2019: \u00bfLa quiebra del sistema p\u00fablico de pensiones?,&nbsp;Revista de Libros, &nbsp;pp. 1-12. &hellip; <a href=\"https:\/\/blog.uclm.es\/gemafaviles\/peer-reviewed-papers\/\">Sigue leyendo <span class=\"meta-nav\">&rarr;<\/span><\/a><\/p>\n","protected":false},"author":171,"featured_media":0,"parent":0,"menu_order":0,"comment_status":"closed","ping_status":"closed","template":"","meta":{"footnotes":""},"class_list":["post-67","page","type-page","status-publish","hentry"],"_links":{"self":[{"href":"https:\/\/blog.uclm.es\/gemafaviles\/wp-json\/wp\/v2\/pages\/67","targetHints":{"allow":["GET"]}}],"collection":[{"href":"https:\/\/blog.uclm.es\/gemafaviles\/wp-json\/wp\/v2\/pages"}],"about":[{"href":"https:\/\/blog.uclm.es\/gemafaviles\/wp-json\/wp\/v2\/types\/page"}],"author":[{"embeddable":true,"href":"https:\/\/blog.uclm.es\/gemafaviles\/wp-json\/wp\/v2\/users\/171"}],"replies":[{"embeddable":true,"href":"https:\/\/blog.uclm.es\/gemafaviles\/wp-json\/wp\/v2\/comments?post=67"}],"version-history":[{"count":7,"href":"https:\/\/blog.uclm.es\/gemafaviles\/wp-json\/wp\/v2\/pages\/67\/revisions"}],"predecessor-version":[{"id":516,"href":"https:\/\/blog.uclm.es\/gemafaviles\/wp-json\/wp\/v2\/pages\/67\/revisions\/516"}],"wp:attachment":[{"href":"https:\/\/blog.uclm.es\/gemafaviles\/wp-json\/wp\/v2\/media?parent=67"}],"curies":[{"name":"wp","href":"https:\/\/api.w.org\/{rel}","templated":true}]}}