{"id":33,"date":"2020-05-26T22:47:01","date_gmt":"2020-05-26T21:47:01","guid":{"rendered":"http:\/\/blog.uclm.es\/gemafaviles\/?page_id=33"},"modified":"2025-12-13T19:11:26","modified_gmt":"2025-12-13T19:11:26","slug":"books-book-chapters","status":"publish","type":"page","link":"https:\/\/blog.uclm.es\/gemafaviles\/books-book-chapters\/","title":{"rendered":"Books &amp; Book chapters"},"content":{"rendered":"\n<h1 class=\"wp-block-heading has-text-align-left\"><strong>Books<\/strong><\/h1>\n\n\n\n<hr class=\"wp-block-separator has-alpha-channel-opacity is-style-wide\" \/>\n\n\n\n<div class=\"wp-block-group is-nowrap is-layout-flex wp-container-core-group-is-layout-ad2f72ca wp-block-group-is-layout-flex\">\n<figure class=\"wp-block-image size-full is-resized\"><img loading=\"lazy\" decoding=\"async\" width=\"177\" height=\"284\" src=\"https:\/\/blog.uclm.es\/gemafaviles\/wp-content\/uploads\/sites\/82\/2020\/06\/SSTGMK.jpg\" alt=\"\" class=\"wp-image-396\" style=\"width:111px;height:auto\" \/><\/figure>\n\n\n\n<p>MONTERO, J.M., FERN\u00c1NDEZ-AVIL\u00c9S, G. &amp; MATEU, J. (2015) <b><i>Spatial and Spatio-Temporal Geostatistical Modeling and Kriging.\u00a0\u00a0\u00a0<\/i><\/b><b>Wiley.\u00a0<\/b>ISBN: 978-1-118-41318-0<b>\u00a0<\/b><a href=\"http:\/\/eu.wiley.com\/WileyCDA\/WileyTitle\/productCd-1118413180.html\">http:\/\/<\/a><a href=\"http:\/\/eu.wiley.com\/WileyCDA\/WileyTitle\/productCd-1118413180.html\" target=\"_blank\" rel=\"noopener\">eu.wiley.com\/WileyCDA\/WileyTitle\/productCd-1118413180.html<\/a><\/p>\n<\/div>\n\n\n\n<div class=\"wp-block-group is-nowrap is-layout-flex wp-container-core-group-is-layout-ad2f72ca wp-block-group-is-layout-flex\">\n<figure class=\"wp-block-image size-large is-resized\"><a href=\"https:\/\/www.amazon.com\/Reducci%C3%B3n-Dimensionalidad-Indicadores-Bienestar-socio-econ%C3%B3mico\/dp\/3848467429\" target=\"_blank\" rel=\"noreferrer noopener\"><img loading=\"lazy\" decoding=\"async\" width=\"199\" height=\"250\" src=\"https:\/\/blog.uclm.es\/gemafaviles\/wp-content\/uploads\/sites\/82\/2020\/05\/image380.png\" alt=\"\" class=\"wp-image-39\" style=\"width:109px;height:auto\" \/><\/a><\/figure>\n\n\n\n<p>FERN\u00c1NDEZ-AVIL\u00c9S, G. &amp; PINDADO, G. (2012).\u00a0<b><i>Reducci\u00f3n de la Dimensionalidad e Indicadores de Bienestar.\u00a0<\/i><\/b>AV Akademikerverlag GmbH &amp; Co. KG,\u00a0ISBN:\u00a0978-3-8484-6742-6, pp. 1-88.\u00a0<a href=\"http:\/\/www.amazon.com\/Reducci%C3%B3n-Dimensionalidad-Indicadores-Bienestar-socio-econ%C3%B3mico\/dp\/3848467429\">http:\/\/<\/a><a href=\"http:\/\/www.amazon.com\/Reducci%C3%B3n-Dimensionalidad-Indicadores-Bienestar-socio-econ%C3%B3mico\/dp\/3848467429\" target=\"_blank\" rel=\"noopener\">www.amazon.com\/Reducci%C3%B3n-Dimensionalidad-Indicadores-Bienestar-socio-econ%C3%B3mico\/dp\/3848467429<\/a><\/p>\n<\/div>\n\n\n\n<div class=\"wp-block-group is-nowrap is-layout-flex wp-container-core-group-is-layout-ad2f72ca wp-block-group-is-layout-flex\">\n<figure class=\"wp-block-image size-large is-resized\"><a href=\"https:\/\/www.amazon.com\/AN%C3%81LISIS-ESPACIO-TEMPORALES-ECONOM%C3%8DA-GEOMARKETING-Spanish\/dp\/8497452569\" target=\"_blank\" rel=\"noreferrer noopener\"><img loading=\"lazy\" decoding=\"async\" width=\"184\" height=\"216\" src=\"https:\/\/blog.uclm.es\/gemafaviles\/wp-content\/uploads\/sites\/82\/2020\/05\/image381.png\" alt=\"\" class=\"wp-image-40\" style=\"width:115px;height:auto\" \/><\/a><\/figure>\n\n\n\n<p>CHASCO,<b>\u00a0<\/b>C. &amp; FERN\u00c1NDEZ-AVIL\u00c9S, G. (2009).\u00a0<b><i>An\u00e1lisis de datos espacio-temporales para la econom\u00eda y el geomarketing<\/i><\/b>. Ed. Netbiblio, ISBN: 978-84-9745-256-4. <a href=\"http:\/\/www.amazon.com\/AN%C3%81LISIS-ESPACIO-TEMPORALES-ECONOM%C3%8DA-GEOMARKETING-Spanish\/dp\/8497452569\" target=\"_blank\" rel=\"noopener\">http:\/\/www.amazon.com\/AN%C3%81LISIS-ESPACIO-TEMPORALES-ECONOM%C3%8DA-GEOMARKETING-Spanish\/dp\/8497452569<\/a><\/p>\n<\/div>\n\n\n\n<div class=\"wp-block-group is-nowrap is-layout-flex wp-container-core-group-is-layout-ad2f72ca wp-block-group-is-layout-flex\">\n<figure class=\"wp-block-image size-large is-resized\"><img loading=\"lazy\" decoding=\"async\" width=\"199\" height=\"235\" src=\"https:\/\/blog.uclm.es\/gemafaviles\/wp-content\/uploads\/sites\/82\/2020\/05\/image366.png\" alt=\"\" class=\"wp-image-38\" style=\"width:120px;height:auto\" \/><\/figure>\n\n\n\n<p>FERN\u00c1NDEZ-AVIL\u00c9S, G. (collaboration in)\u00a0<b><i>Estad\u00edstica Descriptiva para Ciencias Sociales<\/i><\/b><i>\u00a0<\/i>(2007). MONTERO, J. M. Thomson-Paraninfo<b><i>,\u00a0\u00a0<\/i><\/b>ISBN: 978-84-9732-514-1,\u00a0 pp. 1- 382.<\/p>\n<\/div>\n\n\n\n<div class=\"wp-block-group is-nowrap is-layout-flex wp-container-core-group-is-layout-ad2f72ca wp-block-group-is-layout-flex\">\n<figure class=\"wp-block-image size-large is-resized\"><img loading=\"lazy\" decoding=\"async\" width=\"193\" height=\"227\" src=\"https:\/\/blog.uclm.es\/gemafaviles\/wp-content\/uploads\/sites\/82\/2020\/05\/image679.png\" alt=\"\" class=\"wp-image-50\" style=\"width:119px;height:auto\" \/><\/figure>\n\n\n\n<p>FERN\u00c1NDEZ-AVIL\u00c9S, G. (collaboration in)\u00a0<b><i>Problemas Resueltos de Estad\u00edstica Descriptiva para Ciencias Sociales<\/i><\/b>\u00a0(2007) (6\u00ba ed.) MONTERO, J. M. Thomson-Paraninfo<b><i>,<\/i><\/b><i>\u00a0<\/i>ISBN: 978-84-9732-659-9, pp. 1- 282.<\/p>\n<\/div>\n\n\n\n<h1 class=\"wp-block-heading\"><\/h1>\n\n\n\n<h1 class=\"wp-block-heading\"><strong>Books chapters<\/strong><\/h1>\n\n\n\n<h3 class=\"wp-block-heading has-text-align-center has-light-gray-background-color has-background\"><strong>2014<\/strong><\/h3>\n\n\n\n<hr class=\"wp-block-separator has-alpha-channel-opacity is-style-wide\" \/>\n\n\n\n<p><b>1.&nbsp;<\/b>MONTERO, J.M. &amp; FERN\u00c1NDEZ-AVIL\u00c9S, G. (2014).&nbsp;Hedonic price model. In A.C. Michalos (Ed.).&nbsp;<i>Encyclopedia of Quality of Life and Well-Being Research<\/i>, pp.2834-2847&nbsp;<b>SpringerReference<\/b>. ISBN (print book) 978-94-007-0752-8; ISBN (e-Reference): ISBN 978-94-007-0753-5; ISBN (print book + e-Reference): ISBN 978-94-007-0754-2. ISBN-10: 9400707541 | ISBN-13: 978-9400707542.<\/p>\n\n\n\n<h3 class=\"wp-block-heading\">&nbsp;<\/h3>\n\n\n\n<h3 class=\"wp-block-heading has-text-align-center has-light-gray-background-color has-background\"><strong>2012<\/strong><\/h3>\n\n\n\n<hr class=\"wp-block-separator has-alpha-channel-opacity is-style-wide\" \/>\n\n\n\n<p><b>4.&nbsp;<\/b>MONTERO, J.M. &amp; FERN\u00c1NDEZ-AVIL\u00c9S, G (2013). Conocimiento y Valoraci\u00f3n de los Asesores Financieros.&nbsp;<i>Anuario Inversis.&nbsp;<\/i>INVERSIS BANCO E IEB, pp. 99-169.<\/p>\n\n\n\n<p><b>&nbsp;<\/b><b>3.&nbsp;<\/b>FERN\u00c1NDEZ-AVIL\u00c9S, G., MONTERO, J.M., PORCU, E. &amp; SCHLATHER, M. (2011). Space-time processes and Geostatistics<i>.&nbsp;<\/i>In<i>&nbsp;<\/i>E. Porcu, J.M. Montero &amp; M. Schlather (Eds.).&nbsp;<i>Advances and Challenges in Space-Time Modelling of Natural Events<\/i>, Lecture Notes in Statistics,&nbsp;<b>Springer<\/b>, pp. 1-34. Heidelberg. ISBN-10: 3642170854<\/p>\n\n\n\n<p><b>&nbsp;<\/b><b>2.&nbsp;<\/b>FERN\u00c1NDEZ-AVIL\u00c9S, G., MONTERO, J.M.&nbsp;&amp;&nbsp;L\u00c8VY, J.P. (2012)<i>&nbsp;<\/i>Modelling Dimensions of the Tourist Satisfaction. A Cultural\/Heritage Case.&nbsp;<i>Research Studies on Truism Environment.&nbsp;<\/i><b>Nova Science Publishers<\/b>, pp. 145-156.&nbsp;ISBN: 978-1-61209-946-0<\/p>\n\n\n\n<p><b>&nbsp;<\/b><b>1.&nbsp;<\/b>FERN\u00c1NDEZ-AVIL\u00c9S, G., MONTERO, J. M. &amp; HIGUERAS, M. L. (2012) Contribuci\u00f3n de la mujer a la actividad econ\u00f3mica: participaci\u00f3n, desigualdad y discriminaci\u00f3n por raz\u00f3n de g\u00e9nero.&nbsp;<i>G\u00e9nero y Mujer desde una Perspectiva Multidisciplinar.&nbsp;<\/i><b>FUNDAMENTOS<\/b><b>.&nbsp;<\/b>pp. 397-417.&nbsp;ISBN:&nbsp;978-84-245-1262-0.<\/p>\n\n\n\n<h3 class=\"wp-block-heading has-text-align-center has-light-gray-background-color has-background\"><strong>2011<\/strong><\/h3>\n\n\n\n<hr class=\"wp-block-separator has-alpha-channel-opacity is-style-wide\" \/>\n\n\n\n<p><b>2.&nbsp;<\/b>MONTERO, J.M. &amp; FERN\u00c1NDEZ-AVIL\u00c9S, G (2013). Conocimiento y Valoraci\u00f3n de los Asesores Financieros.&nbsp;<i>Anuario Inversis.&nbsp;<\/i>INVERSIS BANCO E IEB, pp. 99-169.<\/p>\n\n\n\n<p><b>&nbsp;<\/b><b>1.&nbsp;<\/b>MONTERO, J.M., FERN\u00c1NDEZ-AVIL\u00c9S, G.,&nbsp; MATEU, J. &amp; PORCU, E. (2011) Geoestad\u00edstica espacial y espacio-temporal: vino nuevo, cepas viejas<i>.&nbsp;<\/i>En Riob\u00f3o and Riob\u00f3o (Eds.)&nbsp;<i>Historia de la Probabilidad y la Estad\u00edstica<\/i>,&nbsp;<b>AHEPE (V),&nbsp;<\/b>Santiago de Compostela, pp. 163-178. ISBN: 978-84-938774-9-1.<\/p>\n\n\n\n<h3 class=\"wp-block-heading has-text-align-center has-light-gray-background-color has-background\"><strong>2010<\/strong><\/h3>\n\n\n\n<hr class=\"wp-block-separator has-alpha-channel-opacity is-style-wide\" \/>\n\n\n\n<p><b>4.&nbsp;<\/b>MONTERO, J. M., FERN\u00c1NDEZ\u2013AVIL\u00c9S, G., HIGUERAS, M. L. &amp; GARC\u00cdA, M.C. (2010). El&nbsp; Turismo Idiom\u00e1tico en Espa\u00f1a. Una Panor\u00e1mica. En<i>&nbsp;Investigaciones, M\u00e9todos y An\u00e1lisis del Turismo<\/i>, G. Ferrari, J. M. Montero, J. Mond\u00e9jar &amp; M Vargas, M. (Eds.),&nbsp;<b>Septem Ediciones<\/b>, pp. 55-67.<i>&nbsp;&nbsp;<\/i>ISBN: 978-84-96491. DI: M-19104-2009<\/p>\n\n\n\n<p><b>3.&nbsp;<\/b>FERN\u00c1NDEZ-AVILES, G. (2010)<i>&nbsp;<\/i>Autor\u00eda de voces en: R. J. Palomo (Coord. Gral.):&nbsp;<i>Enciclopedia de Econom\u00eda, Finanzas y Negocios<\/i>,&nbsp;Editorial CISS&nbsp;(<b>Grupo Wolters Kluwer<\/b>), Madrid. ISBN (obra completa). 978-84-9954-062-7. D.L. M-6250-2010, 12.000 p\u00e1ginas (20 tomos).<\/p>\n\n\n\n<p><b>2.&nbsp;<\/b>MONTERO, J. M. &amp; FERN\u00c1NDEZ-AVIL\u00c9S, G. (2010)<i>&nbsp;<\/i>Autor\u00eda de voces en: R. J. Palomo (Coord. Gral.):&nbsp;<i>Enciclopedia de Econom\u00eda, Finanzas y Negocios<\/i>,&nbsp;Editorial CISS (<b>Grupo Wolters Kluwer<\/b>), Madrid, 2010. ISBN (obra completa). 978-84-9954-062-7. D.L. M-6250-2010, 12.000 p\u00e1ginas (20 tomos).<\/p>\n\n\n\n<p><b>1.&nbsp;<\/b>FERN\u00c1NDEZ-AVIL\u00c9S, G., MONTERO, J.M. &amp; WITKOWSKA, D. (2010).&nbsp;Gender Wage Gap in EU States.&nbsp;Application of Taxonomic and Spatial Methods. En&nbsp;<i>D. Witkowska K. Nermend<\/i>&nbsp;(Eds.)&nbsp;<i>Regional analysis: Globalization, Integration, Transformation<\/i>,&nbsp;<b>Szczecin University Press<\/b>, Szczecin, pp. 71 -95. ISBN: 978-83-751821-5-6.<b>&nbsp;<\/b><\/p>\n\n\n\n<h3 class=\"wp-block-heading has-text-align-center has-light-gray-background-color has-background\"><strong>2009<\/strong><\/h3>\n\n\n\n<hr class=\"wp-block-separator has-alpha-channel-opacity is-style-wide\" \/>\n\n\n\n<p><b>2.&nbsp;<\/b>MONTERO, J.M., FERN\u00c1NDEZ\u2013AVIL\u00c9S, G., MATEU, J. &amp; PORCU, E. (2009).&nbsp;<i>The Use of Environmental Quality Indexes for the Estimation of Housing Prices<\/i>, in \u201cImpacto ambiental de las actividades econ\u00f3micas\u201d.&nbsp;<b>Septem Ediciones.<\/b><\/p>\n\n\n\n<p><b>1.&nbsp;<\/b>MATEU, J., PORCU, E., MONTERO, J.M. &amp; FERN\u00c1NDEZ\u2013AVIL\u00c9S, G. (2009).&nbsp;<i>Environmental problems: modelling space-time data<\/i>, in \u201cImpacto ambiental de las actividades econ\u00f3micas\u201d.&nbsp;<b>Septem Ediciones<\/b>.<\/p>\n\n\n\n<figure class=\"wp-block-gallery has-nested-images columns-default is-cropped wp-block-gallery-1 is-layout-flex wp-block-gallery-is-layout-flex\">\n<figure class=\"wp-block-image size-large\"><img loading=\"lazy\" decoding=\"async\" width=\"175\" height=\"239\" data-id=\"47\" src=\"https:\/\/blog.uclm.es\/gemafaviles\/wp-content\/uploads\/sites\/82\/2020\/05\/image477.png\" alt=\"\" class=\"wp-image-47\" \/><\/figure>\n\n\n\n<figure class=\"wp-block-image size-large\"><img loading=\"lazy\" decoding=\"async\" width=\"171\" height=\"235\" data-id=\"46\" src=\"https:\/\/blog.uclm.es\/gemafaviles\/wp-content\/uploads\/sites\/82\/2020\/05\/image472.png\" alt=\"\" class=\"wp-image-46\" \/><\/figure>\n\n\n\n<figure class=\"wp-block-image size-large\"><img loading=\"lazy\" decoding=\"async\" width=\"182\" height=\"238\" data-id=\"45\" src=\"https:\/\/blog.uclm.es\/gemafaviles\/wp-content\/uploads\/sites\/82\/2020\/05\/image469.png\" alt=\"\" class=\"wp-image-45\" \/><\/figure>\n\n\n\n<figure class=\"wp-block-image size-large\"><img loading=\"lazy\" decoding=\"async\" width=\"182\" height=\"261\" data-id=\"49\" src=\"https:\/\/blog.uclm.es\/gemafaviles\/wp-content\/uploads\/sites\/82\/2020\/05\/image507.png\" alt=\"\" class=\"wp-image-49\" \/><\/figure>\n\n\n\n<figure class=\"wp-block-image size-large\"><img loading=\"lazy\" decoding=\"async\" width=\"176\" height=\"253\" data-id=\"52\" src=\"https:\/\/blog.uclm.es\/gemafaviles\/wp-content\/uploads\/sites\/82\/2020\/05\/image4121.png\" alt=\"\" class=\"wp-image-52\" \/><\/figure>\n\n\n\n<figure class=\"wp-block-image size-large\"><img loading=\"lazy\" decoding=\"async\" width=\"171\" height=\"271\" data-id=\"48\" src=\"https:\/\/blog.uclm.es\/gemafaviles\/wp-content\/uploads\/sites\/82\/2020\/05\/image479.png\" alt=\"\" class=\"wp-image-48\" \/><\/figure>\n\n\n\n<figure class=\"wp-block-image size-large\"><img loading=\"lazy\" decoding=\"async\" width=\"158\" height=\"235\" data-id=\"44\" src=\"https:\/\/blog.uclm.es\/gemafaviles\/wp-content\/uploads\/sites\/82\/2020\/05\/image466.png\" alt=\"\" class=\"wp-image-44\" \/><\/figure>\n\n\n\n<figure class=\"wp-block-image size-large\"><img loading=\"lazy\" decoding=\"async\" width=\"174\" height=\"228\" data-id=\"41\" src=\"https:\/\/blog.uclm.es\/gemafaviles\/wp-content\/uploads\/sites\/82\/2020\/05\/image392.png\" alt=\"\" class=\"wp-image-41\" \/><\/figure>\n\n\n\n<figure class=\"wp-block-image size-large\"><img loading=\"lazy\" decoding=\"async\" width=\"161\" height=\"228\" data-id=\"43\" src=\"https:\/\/blog.uclm.es\/gemafaviles\/wp-content\/uploads\/sites\/82\/2020\/05\/image465.png\" alt=\"\" class=\"wp-image-43\" \/><\/figure>\n<\/figure>\n","protected":false},"excerpt":{"rendered":"<p>Books MONTERO, J.M., FERN\u00c1NDEZ-AVIL\u00c9S, G. &amp; MATEU, J. (2015) Spatial and Spatio-Temporal Geostatistical Modeling and Kriging.\u00a0\u00a0\u00a0Wiley.\u00a0ISBN: 978-1-118-41318-0\u00a0http:\/\/eu.wiley.com\/WileyCDA\/WileyTitle\/productCd-1118413180.html FERN\u00c1NDEZ-AVIL\u00c9S, G. &amp; PINDADO, G. (2012).\u00a0Reducci\u00f3n de la Dimensionalidad e Indicadores de Bienestar.\u00a0AV Akademikerverlag GmbH &amp; Co. KG,\u00a0ISBN:\u00a0978-3-8484-6742-6, pp. 1-88.\u00a0http:\/\/www.amazon.com\/Reducci%C3%B3n-Dimensionalidad-Indicadores-Bienestar-socio-econ%C3%B3mico\/dp\/3848467429 CHASCO,\u00a0C. &amp; FERN\u00c1NDEZ-AVIL\u00c9S, &hellip; <a href=\"https:\/\/blog.uclm.es\/gemafaviles\/books-book-chapters\/\">Sigue leyendo <span class=\"meta-nav\">&rarr;<\/span><\/a><\/p>\n","protected":false},"author":171,"featured_media":0,"parent":0,"menu_order":0,"comment_status":"closed","ping_status":"closed","template":"","meta":{"footnotes":""},"class_list":["post-33","page","type-page","status-publish","hentry"],"_links":{"self":[{"href":"https:\/\/blog.uclm.es\/gemafaviles\/wp-json\/wp\/v2\/pages\/33","targetHints":{"allow":["GET"]}}],"collection":[{"href":"https:\/\/blog.uclm.es\/gemafaviles\/wp-json\/wp\/v2\/pages"}],"about":[{"href":"https:\/\/blog.uclm.es\/gemafaviles\/wp-json\/wp\/v2\/types\/page"}],"author":[{"embeddable":true,"href":"https:\/\/blog.uclm.es\/gemafaviles\/wp-json\/wp\/v2\/users\/171"}],"replies":[{"embeddable":true,"href":"https:\/\/blog.uclm.es\/gemafaviles\/wp-json\/wp\/v2\/comments?post=33"}],"version-history":[{"count":12,"href":"https:\/\/blog.uclm.es\/gemafaviles\/wp-json\/wp\/v2\/pages\/33\/revisions"}],"predecessor-version":[{"id":625,"href":"https:\/\/blog.uclm.es\/gemafaviles\/wp-json\/wp\/v2\/pages\/33\/revisions\/625"}],"wp:attachment":[{"href":"https:\/\/blog.uclm.es\/gemafaviles\/wp-json\/wp\/v2\/media?parent=33"}],"curies":[{"name":"wp","href":"https:\/\/api.w.org\/{rel}","templated":true}]}}