{"id":263,"date":"2020-06-19T12:24:06","date_gmt":"2020-06-19T11:24:06","guid":{"rendered":"http:\/\/blog.uclm.es\/gemafaviles\/?page_id=263"},"modified":"2023-02-10T10:36:41","modified_gmt":"2023-02-10T10:36:41","slug":"conferencias","status":"publish","type":"page","link":"https:\/\/blog.uclm.es\/gemafaviles\/conferencias\/","title":{"rendered":"Scientific conferences"},"content":{"rendered":"<div class=\"wp-block-image\">\n<figure class=\"aligncenter\"><img loading=\"lazy\" decoding=\"async\" width=\"1638\" height=\"231\" src=\"https:\/\/blog.uclm.es\/gemafaviles\/wp-content\/uploads\/sites\/82\/2020\/07\/1_TIES.png\" alt=\"\" class=\"wp-image-426\" srcset=\"https:\/\/blog.uclm.es\/gemafaviles\/wp-content\/uploads\/sites\/82\/2020\/07\/1_TIES.png 1638w, https:\/\/blog.uclm.es\/gemafaviles\/wp-content\/uploads\/sites\/82\/2020\/07\/1_TIES-300x42.png 300w, https:\/\/blog.uclm.es\/gemafaviles\/wp-content\/uploads\/sites\/82\/2020\/07\/1_TIES-1024x144.png 1024w, https:\/\/blog.uclm.es\/gemafaviles\/wp-content\/uploads\/sites\/82\/2020\/07\/1_TIES-768x108.png 768w, https:\/\/blog.uclm.es\/gemafaviles\/wp-content\/uploads\/sites\/82\/2020\/07\/1_TIES-1536x217.png 1536w, https:\/\/blog.uclm.es\/gemafaviles\/wp-content\/uploads\/sites\/82\/2020\/07\/1_TIES-500x71.png 500w\" sizes=\"auto, (max-width: 1638px) 100vw, 1638px\" \/><\/figure>\n<\/div>\n\n\n<p class=\"has-text-align-center\"><\/p>\n\n\n<div class=\"wp-block-image\">\n<figure class=\"aligncenter\"><img loading=\"lazy\" decoding=\"async\" width=\"200\" height=\"188\" src=\"https:\/\/blog.uclm.es\/gemafaviles\/wp-content\/uploads\/sites\/82\/2020\/07\/1_SUZHOU.png\" alt=\"\" class=\"wp-image-421\" \/><\/figure>\n<\/div>\n\n\n<p class=\"has-text-align-center\"><\/p>\n\n\n<div class=\"wp-block-image\">\n<figure class=\"aligncenter\"><img loading=\"lazy\" decoding=\"async\" width=\"275\" height=\"82\" src=\"https:\/\/blog.uclm.es\/gemafaviles\/wp-content\/uploads\/sites\/82\/2020\/07\/1_IAES.png\" alt=\"\" class=\"wp-image-419\" \/><\/figure>\n<\/div>\n\n\n<p class=\"has-text-align-center\"><\/p>\n\n\n\n<div class=\"wp-block-group\"><div class=\"wp-block-group__inner-container is-layout-constrained wp-block-group-is-layout-constrained\">\n<ol class=\"wp-block-list\">\n<li>Validity of an attitude towards statistics survey: A new proposal. Jos\u00e9 Mar\u00eda Montero Lorenzo; Jos\u00e9 Mod\u00e9jar Jim\u00e9nez; Gema Fern\u00e1ndez-Avil\u00e9s Calder\u00f3n. Philadelphia, PA \u2013 Estados Unidos de Am\u00e9rica. 05-08\/10\/2006. 62nd International Atlantic Economic Conference.<br><br><\/li>\n\n\n\n<li>An\u00e1lisis de la actitud previa frente a la estad\u00edstica y su repercusi\u00f3n en la programaci\u00f3n. Jos\u00e9 Mond\u00e9jar Jim\u00e9nez; Jos\u00e9 Luis Alfaro Navarro; Gema Fern\u00e1ndez-Avil\u00e9s Calder\u00f3n. En: Cd-Rom. ISBN 84-7723-746-8. Universidad de Extremadura \u2013 Espa\u00f1a. <strong>\u00a0<\/strong>13-15\/09\/2006. Jornadas Nacionales de Intercambio de Experiencias Piloto de Implantaci\u00f3n de Metodolog\u00eda ECTS<br><br><\/li>\n\n\n\n<li>Spatial regression analysis vs. kriging methods for spatial estimation. Gema Fern\u00e1ndez-Avil\u00e9s Calder\u00f3n. Savannah, GA \u2013 Estados Unidos de Am\u00e9rica. 07-10\/10\/2007. 64th International Atlantic Economic Conference<br><br><\/li>\n\n\n\n<li>An alternative to cluster European regions eligible for ERDF funding. Jose Manuel Pavia Miralles; Jos\u00e9 Mar\u00eda Montero Lorenzo; Beatriz Larraz Iribas; Gema Fern\u00e1ndez-Avil\u00e9s Calder\u00f3n. Warsaw \u2013 Polonia. 09-12\/04\/2008. 65th International Atlantic Economic Conference.<br><br><\/li>\n\n\n\n<li>Making environmental quality indexes for real estate valuation. Jos\u00e9 Mar\u00eda Montero Lorenzo; Gema Fern\u00e1ndez-Avil\u00e9s Calder\u00f3n; Jorge Mateu Mahiques<strong>. <\/strong>Roma \u2013Italia. 01\/11\/2008. 67th International Atlantic Economic Conference.<strong>\u00a0<\/strong><br><br><\/li>\n\n\n\n<li>Cultural\/heritage tourist satisfaction: a qualitative expectancy\/disconfirmation paradigm. Gema Fern\u00e1ndez-Avil\u00e9s Calder\u00f3n. Boston \u2013 Estados Unidos de Am\u00e9rica. <strong>\u00a0<\/strong>8-11\/10\/2009. 68th International Atlantic Economic Conference.<br><br><\/li>\n\n\n\n<li>Geoestad\u00edstica espacial y espacio-temporal: vino nuevo, cepas viejas. Jos\u00e9 Mar\u00eda Montero Lorenzo; Gema Fern\u00e1ndez-Avil\u00e9s Calder\u00f3n. Santiago de Compostela \u2013 Espa\u00f1a. 17-18\/09\/2009. Fifth International Conference on History of Statistics and Probability.<br><br><\/li>\n\n\n\n<li>Idiomatic tourism: a lost opportunity for Castilla-La Mancha. Jos\u00e9 Mar\u00eda Montero Lorenzo; Mar\u00eda Carmen Garc\u00eda Centeno; Gema Fern\u00e1ndez-Avil\u00e9s Calder\u00f3n; Mar\u00eda Luisa Higueras. Cuenca \u2013 Espa\u00f1a. 24-26\/06\/2009 II International Congress on Tourism, Economics and Environment.<br><br><\/li>\n\n\n\n<li>Dynamic tourist satisfaction indexes. An application to the city of Toledo. Jos\u00e9 Mar\u00eda Montero Lorenzo; Gema Fern\u00e1ndez-Avil\u00e9s Calder\u00f3n; Mar\u00eda Carmen Garc\u00eda Centeno; Mar\u00eda Luisa Higueras. Cuenca \u2013 Espa\u00f1a. 24-26\/06\/2009. II International Congress on Tourism, Economics and Environment.<br><br><\/li>\n\n\n\n<li>How to include environmental quality kriged indexes in hedonic housing price models. Jos\u00e9 Mar\u00eda Montero Lorenzo; Gema Fern\u00e1ndez-Avil\u00e9s Calder\u00f3n. Lodz \u2013 Polonia. 18-20\/06\/2009. First International Conference Quantitative Methods in Economics.<br><br><\/li>\n\n\n\n<li>Environment and economy: modelling the spatial distribution of polluting facilities in Europe. Jorge Mateu Mahiques; Jos\u00e9 Mar\u00eda Montero Lorenzo; Gema Fern\u00e1ndez-Avil\u00e9s Calder\u00f3n; Emilio Porcu. Roma \u2013 Italia. 11-14\/03\/2009. 67th International Atlantic Economic Conference.<br><br><\/li>\n\n\n\n<li>Contraste de independencia con correcci\u00f3n de continuidad asim\u00e9trica: una aplicaci\u00f3n al turismo cultural. Jos\u00e9 Mar\u00eda Montero Lorenzo; Gema Fern\u00e1ndez-Avil\u00e9s Calder\u00f3n; Mar\u00eda Carmen Garc\u00eda Centeno. En: Contraste de Independencia con Correccion de Continuidad Asimetrica: Una Aplicaci\u00f3n al Turismo Cultural. Santiago de Compostela \u2013 Espa\u00f1a. 16-17\/09\/2010. VII Encuentro Internacional De Profesores Universitarios de Matem\u00e1ticas para la Econom\u00eda y la Empresa.<br><br><\/li>\n\n\n\n<li>Space-time modelling: application to co concentrations in Madrid. Gema Fern\u00e1ndez-Avil\u00e9s Calder\u00f3n; Jos\u00e9 Mar\u00eda Montero Lorenzo; Jorge Mateu Mahiques. En: <a rel=\"noopener\" href=\"http:\/\/eio.usc.es\/pub\/metma\/descargas\/FernandezAviles_METMAV.pdf\" target=\"_blank\">http:\/\/eio.usc.es\/pub\/metma\/descargas\/FernandezAviles_METMAV.pdf.<\/a> Santiago de Compostela \u2013 Espa\u00f1a. 30-02\/06-07\/2010. METMA V.<br><br><\/li>\n\n\n\n<li>Spatio-temporal modeling of financial crisis propagation. Gema Fern\u00e1ndez-Avil\u00e9s Calder\u00f3n; Jos\u00e9 Mar\u00eda Montero Lorenzo; Alexei Orlov. Dublin \u2013 Irlanda. 07-10\/06\/2010. 2010 European Applied Business Research Conference.<strong>\u00a0<\/strong><br><br><\/li>\n\n\n\n<li>A threshold autoregressive asymmetric stochastic volatility strategy to alert of violations of the PM10 quality standards. Jos\u00e9 Mar\u00eda Montero Lorenzo; Gema Fern\u00e1ndez-Avil\u00e9s Calder\u00f3n; Mar\u00eda Carmen Garc\u00eda Centeno. Florencia \u2013 Italia. 20-21\/05\/2010. III International Conference on Tourism and Environment.<br><br><\/li>\n\n\n\n<li>Women at labor market: comparison of the situation in EU. Gender wage gap. Preliminary analysis. Gema Fern\u00e1ndez-Avil\u00e9s Calder\u00f3n; Jos\u00e9 Mar\u00eda Montero Lorenzo; Dorota Witkowska. Praga \u2013 Rep\u00fablica Checa. 24-27\/03\/2010. 69th International Atlantic Economic Conference.<br><br><\/li>\n\n\n\n<li>Mujer y econom\u00eda: la \u2018mulier economicus\u2019. Gema Fern\u00e1ndez-Avil\u00e9s Calder\u00f3n. Toledo \u2013 Espa\u00f1a. 08\/03\/2010. La igualdad de g\u00e9nero en el siglo XXI.<br><br><\/li>\n\n\n\n<li>Extending the multivariate receptor modeling to estimate the fingerprints of the sources of pollution. Jos\u00e9 Mar\u00eda Montero Lorenzo; Gema Fern\u00e1ndez-Avil\u00e9s Calder\u00f3n; Pablo Nigra. C\u00e1ceres \u2013 Espa\u00f1a. 28-30\/09\/2011. 4th International Conference in Tourism &amp; Environment.<br><br><\/li>\n\n\n\n<li>Predicting the level of mono-nitrogen oxides: a functional kriging approach. Jos\u00e9 Mar\u00eda Montero Lorenzo; Gema Fern\u00e1ndez-Avil\u00e9s Calder\u00f3n. En: <a rel=\"noopener\" href=\"http:\/\/www.eweb.unex.es\/eweb\/ivcimatcc\/pst\/13.pdf\" target=\"_blank\">http:\/\/www.eweb.unex.es\/eweb\/ivcimatcc\/pst\/13.pdf.<\/a> C\u00e1ceres \u2013 Espa\u00f1a. 28-30\/09\/2011. 4th International Conference on Tourism and Environment.<br><br><\/li>\n\n\n\n<li>A composite spatial indicator for social welfare. Gema Fern\u00e1ndez-Avil\u00e9s Calder\u00f3n; Gustavo Pindado. Washington \u2013 Estados Unidos de Am\u00e9rica. 20-23\/10\/2011. 72nd International Atlantic Economic Conference.<br><br><\/li>\n\n\n\n<li>Improving student performance in statistics through computer supported collaborative learning. Manuel Vargas Vargas; Jos\u00e9 Mond\u00e9jar Jim\u00e9nez; Mar\u00eda Leticia Meseguer Santamar\u00eda; Gema Fern\u00e1ndez-Avil\u00e9s Calder\u00f3n; Jose Luis Alfaro Navarro.<strong>\u00a0<\/strong>Barcelona \u2013 Espa\u00f1a. <strong>\u00a0<\/strong>06-09\/06\/2011. The 2011 Barcelona European Academic Conference.<br><br><\/li>\n\n\n\n<li>Fitting of spatio-temporal empirical covariograms: An application to air pollution data. Gema Fern\u00e1ndez-Avil\u00e9s Calder\u00f3n. Philadelphia, PA \u2013 Estados Unidos de Am\u00e9rica. 10-13\/10\/2013. 76th International Atlantic Economic Conference.<br><br><\/li>\n\n\n\n<li>Measuring the impact of parental socio-educational level, time spent in educational childcare and success in undergraduate education. Jos\u00e9 Mar\u00eda Montero Lorenzo; Gema Fern\u00e1ndez-Avil\u00e9s Calder\u00f3n; Mar\u00eda \u00c1ngeles Medina S\u00e1nchez. Par\u00eds \u2013 Francia. 09-11\/06\/2013. 2013 European International Education Conference.<br><br><\/li>\n\n\n\n<li>Multi-criteria decision methods in Geostatistics. An application to air pollution. Jos\u00e9 Mar\u00eda Montero Lorenzo; Gema Fern\u00e1ndez-Avil\u00e9s Calder\u00f3n; Mar\u00eda Carmen Garc\u00eda Centeno<strong>. <\/strong>Par\u00eds \u2013 Francia. 09-11\/06\/2013. 2013 European Business &amp; Economics Conference.<br><br><\/li>\n\n\n\n<li>Estimating the impact of associated centers in the success rate of distance universities. The case of UNED (Spain). Gema Fern\u00e1ndez-Avil\u00e9s Calder\u00f3n; Amelia P\u00e9rez-Zabaleta; Juan-Luis Mart\u00ednez-Merino. Universidad de Extremadura \u2013 Espa\u00f1a. 09-11\/06\/2013. 2013 European International Education Conference.<br><br><\/li>\n\n\n\n<li>Estimating the effects of road transportation on air quality. Jos\u00e9 Mar\u00eda Montero Lorenzo; Tiziana Laureti; Gema Fern\u00e1ndez-Avil\u00e9s Calder\u00f3n. Suzhou, Jangsu \u2013 Rep\u00fablica Popular China. 09-11\/04\/2013. V International Congress: Sustainable Tourism Development and Environment: Innovation, Competitiveness and International Cooperation.<br><br><\/li>\n\n\n\n<li>Visualization of permissible stationary non-separable space-time covariance functions, environmental application. Jos\u00e9 Mar\u00eda Montero Lorenzo; Gema Fern\u00e1ndez-Avil\u00e9s Calder\u00f3n.<strong>\u00a0<\/strong>Suzhou, Jangsu \u2013 Rep\u00fablica Popular China. <strong>\u00a0<\/strong>09-11\/04\/2013. V International Congress: Sustainable Tourism Development and Environment: Innovation, Competitiveness and International Cooperation.<br><br><\/li>\n\n\n\n<li>Alerting for violations of air quality standards. A strategy based on TA-ARSV models combined with point and functional kriging. Jos\u00e9 Mar\u00eda Montero Lorenzo; Mar\u00eda Carmen Garc\u00eda Centeno; Gema Fern\u00e1ndez-Avil\u00e9s Calder\u00f3n. Suzhou, Jangsu \u2013 Rep\u00fablica Popular China. 09-11\/04\/2013. V International Congress: Sustainable Tourism Development and Environment: Innovation, Competitiveness and International Cooperation.<br><br><\/li>\n\n\n\n<li>A geostatistical approach to financial interdependence. Jos\u00e9 Mar\u00eda Montero Lorenzo; Alexei Orvol; Gema Fern\u00e1ndez-Avil\u00e9s Calder\u00f3n. Montreal \u2013 Canad\u00e1. 05-07\/10\/2012. 74th International Atlantic Economic Conference.<strong>\u00a0<\/strong><br><br><\/li>\n\n\n\n<li>Independent Financial Adviser: A New Key in Business. Jos\u00e9 Mar\u00eda Montero Lorenzo; Gema Fern\u00e1ndez-Avil\u00e9s Calder\u00f3n; L Davila. Roma \u2013 Italia. 13-15\/09\/2012. 2012 Rome European Business &amp; Economics Conference.<br><br><\/li>\n\n\n\n<li>Simulation of space-time covariance functions: a key tool to modeling spatiotemporal dependencies. Jos\u00e9 Mar\u00eda Montero Lorenzo; Gema Fern\u00e1ndez-Avil\u00e9s Calder\u00f3n. En: Anales de Econom\u00eda Aplicada 2014. M\u00e1laga \u2013 Espa\u00f1a. 24\/10\/2014. XXVIII Congreso Internacional de Econom\u00eda Aplicada. ASEPELT 2014.<br><br><\/li>\n\n\n\n<li>Threshold Asymmetric Autoregressive Stochastic Volatility Strategies for financial markets. Jos\u00e9 Mar\u00eda Montero Lorenzo; Mar\u00eda Carmen Garc\u00eda Centeno; Gema Fern\u00e1ndez-Avil\u00e9s Calder\u00f3n. Madrid \u2013 Espa\u00f1a. 02-05\/05\/2014. 77th International Atlantic Economic Conference.<br><br><\/li>\n\n\n\n<li>Spatio-temporal modelling of financial maps from a multidimensional scaling-geostatistical joint perspective. Gema Fern\u00e1ndez-Avil\u00e9s Calder\u00f3n. En: Conference proceedings. Lodz \u2013 Polonia. 16\/12\/2015. Current Eonomiand Soial Topis CESTIC2015.<br><br><\/li>\n\n\n\n<li>Spatial linear and non-linear hedonic models with and without spatial drift to assessing the impact of environment on housing prices: an application in the City of Madrid. Jos\u00e9 Mar\u00eda Montero Lorenzo; Gema Fern\u00e1ndez-Avil\u00e9s Calder\u00f3n; Rom\u00e1n M\u00ednguez Salido. Al Ain \u2013 Emiratos \u00c1rabes Unidos. 22-25\/11\/2015. The 25th Annual Conference of The International Environmetrics Society.<br><br><\/li>\n\n\n\n<li>Spatio-temporal modelling of financial crisis propagation. Gema Fern\u00e1ndez-Avil\u00e9s Calder\u00f3n. Reus \u2013 Espa\u00f1a. 18-20\/11\/2015. XLI Reuniones de estudios regionales.<br><br><\/li>\n\n\n\n<li>Diferencias de g\u00e9nero que persisten despu\u00e9s de la jubilaci\u00f3n. Jos\u00e9 Mar\u00eda Montero Lorenzo; Gema Fern\u00e1ndez-Avil\u00e9s Calder\u00f3n; Mar\u00eda \u00c1ngeles Medina S\u00e1nchez. Cuenca \u2013 Espa\u00f1a. 24-27\/06\/2015. XXIX Congreso Internacional de Econom\u00eda Aplicada. ASEPELT 2015.<br><br><\/li>\n\n\n\n<li>Functional kriging prediction of pollution series. The geostatistical alternative when data are anchored in space. Jos\u00e9 Mar\u00eda Montero Lorenzo; Gema Fern\u00e1ndez-Avil\u00e9s Calder\u00f3n. Zaragoza \u2013 Espa\u00f1a. 20-21\/11\/2014. XL International Conference on Regional Science.<br><br><\/li>\n\n\n\n<li>House price prediction from a functional perspective. Jos\u00e9 Mar\u00eda Montero Lorenzo; Gema Fern\u00e1ndez-Avil\u00e9s Calder\u00f3n. Valencia \u2013 Espa\u00f1a. 30-2\/06-07\/2016. XXX Congreso Anual ASEPELT.<br><br><\/li>\n\n\n\n<li>Functional Kriging Prediction of Air Pollution Concentrations. Rom\u00e1n M\u00ednguez Salido; Jos\u00e9 Mar\u00eda Montero Lorenzo; Gema Fern\u00e1ndez-Avil\u00e9s Calder\u00f3n. Venecia \u2013 Italia. 05-09\/06\/2016. International Academic Business Conference.<br><br><\/li>\n\n\n\n<li>Creating and Analyzing Spatio-temporal Financial Maps in International Bust and Boom Extreme Episodes. Gema Fern\u00e1ndez-Avil\u00e9s Calder\u00f3n. Lisboa \u2013 Portugal. 16-19\/03\/2016. 81st International Atlantic Economic Conference.<br><br><\/li>\n\n\n\n<li>\u00bfExiste igualdad de g\u00e9nero en el hogar? Diferencias por comunidades aut\u00f3nomas. Mar\u00eda \u00c1ngeles Medina, Jos\u00e9 Mar\u00eda Montero, Gema Fern\u00e1ndez-Avil\u00e9s Calder\u00f3n. Universidad Pablo Olavide, Sevilla \u2013 Espa\u00f1a. <strong>\u00a0<\/strong>15-17\/11\/2017. XLIII International Conference on Regional Science.<br><br><\/li>\n\n\n\n<li>Constructing and studying relations in spatial commodity maps. Gema Fern\u00e1ndez-Avil\u00e9s Calder\u00f3n, Jos\u00e9 Mar\u00eda Montero, Lidia Sanch\u00eds. Universidad Pablo Olavide, Sevilla \u2013 Espa\u00f1a. 15-17\/11\/2017. XLIII International Conference on Regional Science.<br><br><\/li>\n\n\n\n<li>Determinantes del cumplimiento del protocolo de Kyoto. Gema Fern\u00e1ndez-Avil\u00e9s Calder\u00f3n, Isidro Fern\u00e1ndez Corrales. Madrid \u2013 Espa\u00f1a. 09\/02\/2018. XIV Jornadas sobre Docencia de Econom\u00eda Aplicada, Asociaci\u00f3n Libre de Econom\u00eda.<br><br><\/li>\n\n\n\n<li>Constructing financial risk maps for commodity markets. Gema Fern\u00e1ndez-Avil\u00e9s Calder\u00f3n, Jos\u00e9 Mar\u00eda Montero y Lidia Sanch\u00eds. Madrid \u2013 Espa\u00f1a. 04-06\/04\/2018. Mathematical and Statistical Methods for Actuarial Sciences and Finance (MAF 2018). Universidad Carlos III de Madrid.<\/li>\n<\/ol>\n<\/div><\/div>\n","protected":false},"excerpt":{"rendered":"","protected":false},"author":171,"featured_media":0,"parent":0,"menu_order":0,"comment_status":"closed","ping_status":"closed","template":"","meta":{"footnotes":""},"class_list":["post-263","page","type-page","status-publish","hentry"],"_links":{"self":[{"href":"https:\/\/blog.uclm.es\/gemafaviles\/wp-json\/wp\/v2\/pages\/263","targetHints":{"allow":["GET"]}}],"collection":[{"href":"https:\/\/blog.uclm.es\/gemafaviles\/wp-json\/wp\/v2\/pages"}],"about":[{"href":"https:\/\/blog.uclm.es\/gemafaviles\/wp-json\/wp\/v2\/types\/page"}],"author":[{"embeddable":true,"href":"https:\/\/blog.uclm.es\/gemafaviles\/wp-json\/wp\/v2\/users\/171"}],"replies":[{"embeddable":true,"href":"https:\/\/blog.uclm.es\/gemafaviles\/wp-json\/wp\/v2\/comments?post=263"}],"version-history":[{"count":7,"href":"https:\/\/blog.uclm.es\/gemafaviles\/wp-json\/wp\/v2\/pages\/263\/revisions"}],"predecessor-version":[{"id":522,"href":"https:\/\/blog.uclm.es\/gemafaviles\/wp-json\/wp\/v2\/pages\/263\/revisions\/522"}],"wp:attachment":[{"href":"https:\/\/blog.uclm.es\/gemafaviles\/wp-json\/wp\/v2\/media?parent=263"}],"curies":[{"name":"wp","href":"https:\/\/api.w.org\/{rel}","templated":true}]}}