{"id":144,"date":"2020-05-26T22:49:34","date_gmt":"2020-05-26T21:49:34","guid":{"rendered":"http:\/\/blog.uclm.es\/gemafaviles\/?page_id=144"},"modified":"2023-02-10T10:47:01","modified_gmt":"2023-02-10T10:47:01","slug":"others","status":"publish","type":"page","link":"https:\/\/blog.uclm.es\/gemafaviles\/others\/","title":{"rendered":""},"content":{"rendered":"\n<h2 class=\"has-blue-color has-text-color has-medium-font-size wp-block-heading\"><strong>2015<\/strong><\/h2>\n\n\n\n<hr class=\"wp-block-separator has-alpha-channel-opacity is-style-wide\" \/>\n\n\n\n<figure class=\"wp-block-table\"><table><thead><tr><th><strong>Doctoral Theses Co-supervised:<\/strong><\/th><\/tr><\/thead><tbody><tr><td>An\u00e1lisis Estad\u00edstico Espacial de la Igualdad de G\u00e9nero en el Trabajo No Remunerado a trav\u00e9s de \u00cdndices de Disimilitud: Una Aplicaci\u00f3n a la Encuesta del Empleo del Tiempo 2009 en Espa\u00f1a.&nbsp;<strong>Sobresaliente Cum Laude.&nbsp;<\/strong>Author:&nbsp;M.\u00aa \u00c1ngeles Medina S\u00e1nchez, Universidad de Castilla-La Mancha, Spain.<\/td><\/tr><\/tbody><\/table><\/figure>\n\n\n\n<div class=\"wp-block-columns is-layout-flex wp-container-core-columns-is-layout-9d6595d7 wp-block-columns-is-layout-flex\">\n<div class=\"wp-block-column is-layout-flow wp-block-column-is-layout-flow\"><div class=\"wp-block-image\">\n<figure class=\"aligncenter size-full\"><img loading=\"lazy\" decoding=\"async\" width=\"148\" height=\"111\" src=\"https:\/\/blog.uclm.es\/gemafaviles\/wp-content\/uploads\/sites\/82\/2020\/05\/image311.jpg\" alt=\"\" class=\"wp-image-183\" \/><\/figure>\n<\/div><\/div>\n\n\n\n<div class=\"wp-block-column is-layout-flow wp-block-column-is-layout-flow\"><div class=\"wp-block-image\">\n<figure class=\"aligncenter size-full\"><img loading=\"lazy\" decoding=\"async\" width=\"82\" height=\"112\" src=\"https:\/\/blog.uclm.es\/gemafaviles\/wp-content\/uploads\/sites\/82\/2020\/05\/image3071.png\" alt=\"\" class=\"wp-image-51\" \/><\/figure>\n<\/div><\/div>\n<\/div>\n\n\n\n<hr class=\"wp-block-separator has-alpha-channel-opacity\" \/>\n\n\n\n<figure class=\"wp-block-table\"><table><thead><tr><th class=\"has-text-align-left\" data-align=\"left\"><strong>CURRENT ECONOMIC AND SOCIAL TOPICS INTERNATIONAL COLLOQUIUM CEST&nbsp;<sup>IC<\/sup>2015<\/strong><\/th><\/tr><\/thead><tbody><tr><td class=\"has-text-align-left\" data-align=\"left\"><img loading=\"lazy\" decoding=\"async\" width=\"606\" height=\"112\" class=\"wp-image-182\" style=\"width: 650px\" src=\"https:\/\/blog.uclm.es\/gemafaviles\/wp-content\/uploads\/sites\/82\/2020\/05\/image319-1.png\" alt=\"\" srcset=\"https:\/\/blog.uclm.es\/gemafaviles\/wp-content\/uploads\/sites\/82\/2020\/05\/image319-1.png 606w, https:\/\/blog.uclm.es\/gemafaviles\/wp-content\/uploads\/sites\/82\/2020\/05\/image319-1-300x55.png 300w, https:\/\/blog.uclm.es\/gemafaviles\/wp-content\/uploads\/sites\/82\/2020\/05\/image319-1-500x92.png 500w\" sizes=\"auto, (max-width: 606px) 100vw, 606px\" \/><\/td><\/tr><\/tbody><\/table><\/figure>\n\n\n\n<hr class=\"wp-block-separator has-alpha-channel-opacity\" \/>\n\n\n\n<figure class=\"wp-block-table\"><table><thead><tr><th class=\"has-text-align-left\" data-align=\"left\"><strong>29TH INTERNATIONAL CONGRESS ON APPLIED ECONOMICS<\/strong><\/th><\/tr><\/thead><tbody><tr><td class=\"has-text-align-left\" data-align=\"left\"><a href=\"https:\/\/www.asepelt.org\/\" target=\"_blank\" rel=\"noreferrer noopener\"><img loading=\"lazy\" decoding=\"async\" width=\"614\" height=\"167\" class=\"wp-image-186\" style=\"width: 650px\" src=\"https:\/\/blog.uclm.es\/gemafaviles\/wp-content\/uploads\/sites\/82\/2020\/05\/image3851.png\" alt=\"\" srcset=\"https:\/\/blog.uclm.es\/gemafaviles\/wp-content\/uploads\/sites\/82\/2020\/05\/image3851.png 614w, https:\/\/blog.uclm.es\/gemafaviles\/wp-content\/uploads\/sites\/82\/2020\/05\/image3851-300x82.png 300w, https:\/\/blog.uclm.es\/gemafaviles\/wp-content\/uploads\/sites\/82\/2020\/05\/image3851-500x136.png 500w\" sizes=\"auto, (max-width: 614px) 100vw, 614px\" \/><\/a><\/td><\/tr><\/tbody><\/table><\/figure>\n\n\n\n<hr class=\"wp-block-separator has-alpha-channel-opacity\" \/>\n\n\n\n<h2 class=\"has-blue-color has-text-color has-medium-font-size wp-block-heading\"><strong>2014<\/strong><\/h2>\n\n\n\n<hr class=\"wp-block-separator has-alpha-channel-opacity is-style-wide\" \/>\n\n\n\n<p><strong>INTRODUCCI\u00d3N AL AN\u00c1LISIS DE DATOS ESPACIALES CON SESIONES PR\u00c1CTICAS EN R<\/strong><\/p>\n\n\n\n<div class=\"wp-block-columns is-layout-flex wp-container-core-columns-is-layout-9d6595d7 wp-block-columns-is-layout-flex\">\n<div class=\"wp-block-column is-layout-flow wp-block-column-is-layout-flow\">\n<figure class=\"wp-block-image size-full\"><img loading=\"lazy\" decoding=\"async\" width=\"254\" height=\"254\" src=\"https:\/\/blog.uclm.es\/gemafaviles\/wp-content\/uploads\/sites\/82\/2020\/05\/image536.png\" alt=\"\" class=\"wp-image-109\" srcset=\"https:\/\/blog.uclm.es\/gemafaviles\/wp-content\/uploads\/sites\/82\/2020\/05\/image536.png 254w, https:\/\/blog.uclm.es\/gemafaviles\/wp-content\/uploads\/sites\/82\/2020\/05\/image536-150x150.png 150w\" sizes=\"auto, (max-width: 254px) 100vw, 254px\" \/><\/figure>\n<\/div>\n\n\n\n<div class=\"wp-block-column is-layout-flow wp-block-column-is-layout-flow\">\n<figure class=\"wp-block-image size-full is-resized\"><img decoding=\"async\" src=\"https:\/\/blog.uclm.es\/gemafaviles\/wp-content\/uploads\/sites\/82\/2020\/05\/image411.jpg\" alt=\"\" class=\"wp-image-95\" width=\"200\" srcset=\"https:\/\/blog.uclm.es\/gemafaviles\/wp-content\/uploads\/sites\/82\/2020\/05\/image411.jpg 161w, https:\/\/blog.uclm.es\/gemafaviles\/wp-content\/uploads\/sites\/82\/2020\/05\/image411-150x150.jpg 150w\" sizes=\"(max-width: 161px) 100vw, 161px\" \/><\/figure>\n<\/div>\n\n\n\n<div class=\"wp-block-column is-layout-flow wp-block-column-is-layout-flow\">\n<figure class=\"wp-block-image size-full is-resized\"><img decoding=\"async\" src=\"https:\/\/blog.uclm.es\/gemafaviles\/wp-content\/uploads\/sites\/82\/2020\/05\/image404.jpg\" alt=\"\" class=\"wp-image-94\" width=\"180\" \/><\/figure>\n<\/div>\n<\/div>\n\n\n\n<hr class=\"wp-block-separator has-alpha-channel-opacity\" \/>\n\n\n\n<h2 class=\"has-blue-color has-text-color has-medium-font-size wp-block-heading\"><strong>2<\/strong>013<\/h2>\n\n\n\n<hr class=\"wp-block-separator has-alpha-channel-opacity is-style-wide\" \/>\n\n\n\n<figure class=\"wp-block-table has-small-font-size\"><table class=\"has-black-color has-text-color\"><thead><tr><th><a href=\"http:\/\/www.science24.com\/event\/cest2013\/\" target=\"_blank\" rel=\"noreferrer noopener\"><strong>THE INTERNATIONAL COLLOQUIUM ON CURRENT ECONOMIC AND SOCIAL TOPICS CEST\u20192013<\/strong><\/a><\/th><\/tr><\/thead><tbody><tr><td><a href=\"http:\/\/www.science24.com\/event\/cest2013\/\" target=\"_blank\" rel=\"noreferrer noopener\"><strong>FOCUSED ON GENDER DISPARITIES AND FINANCIAL MARKETS ANALYSIS<\/strong><\/a><\/td><\/tr><tr><td><img loading=\"lazy\" decoding=\"async\" width=\"438\" height=\"115\" class=\"wp-image-416\" style=\"width: 650px\" src=\"https:\/\/blog.uclm.es\/gemafaviles\/wp-content\/uploads\/sites\/82\/2020\/07\/1_CEST.png\" alt=\"\" srcset=\"https:\/\/blog.uclm.es\/gemafaviles\/wp-content\/uploads\/sites\/82\/2020\/07\/1_CEST.png 438w, https:\/\/blog.uclm.es\/gemafaviles\/wp-content\/uploads\/sites\/82\/2020\/07\/1_CEST-300x79.png 300w\" sizes=\"auto, (max-width: 438px) 100vw, 438px\" \/><\/td><\/tr><\/tbody><\/table><\/figure>\n\n\n\n<hr class=\"wp-block-separator has-alpha-channel-opacity\" \/>\n\n\n\n<h2 class=\"has-blue-color has-text-color has-medium-font-size wp-block-heading\"><strong>2011<\/strong><\/h2>\n\n\n\n<hr class=\"wp-block-separator has-alpha-channel-opacity is-style-wide\" \/>\n\n\n\n<figure class=\"wp-block-table\"><table><thead><tr><th><a href=\"http:\/\/www.uclm.es\/actividades\/2011\/iasse\/\" target=\"_blank\" rel=\"noreferrer noopener\"><strong>SPATIAL ECONOMETRICS INTERNATIONAL AUTUMN SCHOOL<\/strong><\/a><\/th><\/tr><\/thead><tbody><tr><td><a href=\"http:\/\/www.uclm.es\/actividades\/2011\/iasse\/\"><strong>FOCAL THEMES<\/strong><\/a><\/td><\/tr><\/tbody><\/table><\/figure>\n\n\n\n<div class=\"wp-block-columns is-layout-flex wp-container-core-columns-is-layout-9d6595d7 wp-block-columns-is-layout-flex\">\n<div class=\"wp-block-column is-layout-flow wp-block-column-is-layout-flow\"><div class=\"wp-block-image\">\n<figure class=\"aligncenter size-full is-resized\"><img decoding=\"async\" src=\"https:\/\/blog.uclm.es\/gemafaviles\/wp-content\/uploads\/sites\/82\/2020\/06\/UCLM.jpg\" alt=\"\" class=\"wp-image-211\" width=\"120\" \/><\/figure>\n<\/div><\/div>\n\n\n\n<div class=\"wp-block-column is-layout-flow wp-block-column-is-layout-flow\"><div class=\"wp-block-image\">\n<figure class=\"aligncenter size-full is-resized\"><img decoding=\"async\" src=\"https:\/\/blog.uclm.es\/gemafaviles\/wp-content\/uploads\/sites\/82\/2020\/06\/Mason.jpg\" alt=\"\" class=\"wp-image-210\" width=\"120\" \/><\/figure>\n<\/div><\/div>\n<\/div>\n\n\n\n<hr class=\"wp-block-separator has-alpha-channel-opacity\" \/>\n\n\n\n<h2 class=\"has-blue-color has-text-color has-medium-font-size wp-block-heading\"><strong>2010<\/strong><\/h2>\n\n\n\n<hr class=\"wp-block-separator has-alpha-channel-opacity is-style-wide\" \/>\n\n\n\n<p><strong>@&nbsp;ADVANCES AND CHALLENGES IN SPACE-TIME MODELLING OF NATURAL EVENTS<\/strong><\/p>\n\n\n\n<div class=\"wp-block-columns is-layout-flex wp-container-core-columns-is-layout-9d6595d7 wp-block-columns-is-layout-flex\">\n<div class=\"wp-block-column is-layout-flow wp-block-column-is-layout-flow\"><div class=\"wp-block-image\">\n<figure class=\"aligncenter size-full\"><img loading=\"lazy\" decoding=\"async\" width=\"120\" height=\"77\" src=\"https:\/\/blog.uclm.es\/gemafaviles\/wp-content\/uploads\/sites\/82\/2020\/06\/UCLM.jpg\" alt=\"\" class=\"wp-image-211\" \/><\/figure>\n<\/div><\/div>\n\n\n\n<div class=\"wp-block-column is-layout-flow wp-block-column-is-layout-flow\"><div class=\"wp-block-image\">\n<figure class=\"aligncenter size-full\"><img loading=\"lazy\" decoding=\"async\" width=\"324\" height=\"76\" src=\"https:\/\/blog.uclm.es\/gemafaviles\/wp-content\/uploads\/sites\/82\/2020\/06\/image4911.jpg\" alt=\"\" class=\"wp-image-213\" srcset=\"https:\/\/blog.uclm.es\/gemafaviles\/wp-content\/uploads\/sites\/82\/2020\/06\/image4911.jpg 324w, https:\/\/blog.uclm.es\/gemafaviles\/wp-content\/uploads\/sites\/82\/2020\/06\/image4911-300x70.jpg 300w\" sizes=\"auto, (max-width: 324px) 100vw, 324px\" \/><\/figure>\n<\/div><\/div>\n<\/div>\n\n\n\n<hr class=\"wp-block-separator has-alpha-channel-opacity\" \/>\n\n\n\n<p><strong>@&nbsp;SKUTECZN\u00d3S\u00b4C W BIZNEISE<\/strong><br><strong>@&nbsp;AESTIMATIO,&nbsp;THE IEB INTERNATIONAL JOURNAL OF FINANCE<\/strong><\/p>\n\n\n<div class=\"wp-block-image\">\n<figure class=\"aligncenter size-full is-resized\"><img decoding=\"async\" src=\"https:\/\/blog.uclm.es\/gemafaviles\/wp-content\/uploads\/sites\/82\/2020\/06\/image5231.jpg\" alt=\"\" class=\"wp-image-215\" width=\"120\" \/><\/figure>\n<\/div>\n\n\n<hr class=\"wp-block-separator has-alpha-channel-opacity\" \/>\n\n\n\n<h2 class=\"has-blue-color has-text-color has-medium-font-size wp-block-heading\"><strong>2009<\/strong><\/h2>\n\n\n\n<hr class=\"wp-block-separator has-alpha-channel-opacity is-style-wide\" \/>\n\n\n\n<p><strong><em>II INTERNATIONAL CONGRESS ON TOURISM, ECONOMICS AND ENVIRONMENT<\/em><\/strong><\/p>\n\n\n<div class=\"wp-block-image\">\n<figure class=\"aligncenter size-full\"><img loading=\"lazy\" decoding=\"async\" width=\"124\" height=\"99\" src=\"https:\/\/blog.uclm.es\/gemafaviles\/wp-content\/uploads\/sites\/82\/2020\/06\/image5221.jpg\" alt=\"\" class=\"wp-image-214\" \/><\/figure>\n<\/div>\n\n\n<hr class=\"wp-block-separator has-alpha-channel-opacity\" \/>\n","protected":false},"excerpt":{"rendered":"<p>2015 Doctoral Theses Co-supervised: An\u00e1lisis Estad\u00edstico Espacial de la Igualdad de G\u00e9nero en el Trabajo No Remunerado a trav\u00e9s de \u00cdndices de Disimilitud: Una Aplicaci\u00f3n a la Encuesta del Empleo del Tiempo 2009 en Espa\u00f1a.&nbsp;Sobresaliente Cum Laude.&nbsp;Author:&nbsp;M.\u00aa \u00c1ngeles Medina S\u00e1nchez, &hellip; <a href=\"https:\/\/blog.uclm.es\/gemafaviles\/others\/\">Sigue leyendo <span class=\"meta-nav\">&rarr;<\/span><\/a><\/p>\n","protected":false},"author":171,"featured_media":0,"parent":0,"menu_order":0,"comment_status":"closed","ping_status":"closed","template":"","meta":{"footnotes":""},"class_list":["post-144","page","type-page","status-publish","hentry"],"_links":{"self":[{"href":"https:\/\/blog.uclm.es\/gemafaviles\/wp-json\/wp\/v2\/pages\/144","targetHints":{"allow":["GET"]}}],"collection":[{"href":"https:\/\/blog.uclm.es\/gemafaviles\/wp-json\/wp\/v2\/pages"}],"about":[{"href":"https:\/\/blog.uclm.es\/gemafaviles\/wp-json\/wp\/v2\/types\/page"}],"author":[{"embeddable":true,"href":"https:\/\/blog.uclm.es\/gemafaviles\/wp-json\/wp\/v2\/users\/171"}],"replies":[{"embeddable":true,"href":"https:\/\/blog.uclm.es\/gemafaviles\/wp-json\/wp\/v2\/comments?post=144"}],"version-history":[{"count":8,"href":"https:\/\/blog.uclm.es\/gemafaviles\/wp-json\/wp\/v2\/pages\/144\/revisions"}],"predecessor-version":[{"id":530,"href":"https:\/\/blog.uclm.es\/gemafaviles\/wp-json\/wp\/v2\/pages\/144\/revisions\/530"}],"wp:attachment":[{"href":"https:\/\/blog.uclm.es\/gemafaviles\/wp-json\/wp\/v2\/media?parent=144"}],"curies":[{"name":"wp","href":"https:\/\/api.w.org\/{rel}","templated":true}]}}