{"id":14,"date":"2020-05-27T22:47:46","date_gmt":"2020-05-27T21:47:46","guid":{"rendered":"http:\/\/blog.uclm.es\/gemafaviles\/?page_id=14"},"modified":"2025-05-14T09:14:44","modified_gmt":"2025-05-14T09:14:44","slug":"presentation","status":"publish","type":"page","link":"https:\/\/blog.uclm.es\/gemafaviles\/","title":{"rendered":""},"content":{"rendered":"\n<div class=\"wp-block-columns is-layout-flex wp-container-core-columns-is-layout-9d6595d7 wp-block-columns-is-layout-flex\">\n<div class=\"wp-block-column is-layout-flow wp-block-column-is-layout-flow\">\n<figure class=\"wp-block-image size-full\"><img loading=\"lazy\" decoding=\"async\" width=\"512\" height=\"512\" src=\"https:\/\/blog.uclm.es\/gemafaviles\/wp-content\/uploads\/sites\/82\/2020\/06\/cropped-Gema_Fernandez-Aviles-1.jpg\" alt=\"\" class=\"wp-image-240\" srcset=\"https:\/\/blog.uclm.es\/gemafaviles\/wp-content\/uploads\/sites\/82\/2020\/06\/cropped-Gema_Fernandez-Aviles-1.jpg 512w, https:\/\/blog.uclm.es\/gemafaviles\/wp-content\/uploads\/sites\/82\/2020\/06\/cropped-Gema_Fernandez-Aviles-1-300x300.jpg 300w, https:\/\/blog.uclm.es\/gemafaviles\/wp-content\/uploads\/sites\/82\/2020\/06\/cropped-Gema_Fernandez-Aviles-1-150x150.jpg 150w\" sizes=\"auto, (max-width: 512px) 100vw, 512px\" \/><\/figure>\n\n\n\n<p class=\"has-light-gray-background-color has-background has-small-font-size\"><strong>Gema Fern\u00e1ndez-Avil\u00e9s. <\/strong><br><strong>Ph.D. Full Professor of Statistics<\/strong>.<br>Catedr\u00e1tica de Estad\u00edstica<\/p>\n\n\n\n<p class=\"has-light-gray-background-color has-background has-small-font-size\"><strong>Director of Master in Data Science &amp; Business Analytics (with R software)<\/strong>.<\/p>\n\n\n\n<p class=\"has-light-gray-background-color has-background has-small-font-size\"><a href=\"https:\/\/www.uclm.es\/Departamentos\/epa\" target=\"_blank\" rel=\"noreferrer noopener\">Statistics Department<br><\/a><strong>University of Castile-La Mancha<br><\/strong>Cobertizo S. Pedro M\u00e1rtir S\/N<br>45071, Toledo (Spain)<br>Tel. +34 925 26 88 00, Ext. 5134<br><strong>e-mail<\/strong>: <a href=\"mailto:gema.faviles@uclm.es\">gema.faviles@uclm.es<\/a><\/p>\n<\/div>\n\n\n\n<div class=\"wp-block-column is-layout-flow wp-block-column-is-layout-flow\"><div class=\"wp-block-image\">\n<figure class=\"aligncenter size-full is-resized\"><a href=\"https:\/\/blog.uclm.es\/tp-mbsba\/\" target=\"_blank\" rel=\"noreferrer noopener\"><img loading=\"lazy\" decoding=\"async\" width=\"523\" height=\"769\" src=\"https:\/\/blog.uclm.es\/gemafaviles\/wp-content\/uploads\/sites\/82\/2023\/01\/Logos.jpg\" alt=\"\" class=\"wp-image-550\" style=\"width:292px;height:433px\" srcset=\"https:\/\/blog.uclm.es\/gemafaviles\/wp-content\/uploads\/sites\/82\/2023\/01\/Logos.jpg 523w, https:\/\/blog.uclm.es\/gemafaviles\/wp-content\/uploads\/sites\/82\/2023\/01\/Logos-204x300.jpg 204w\" sizes=\"auto, (max-width: 523px) 100vw, 523px\" \/><\/a><\/figure>\n<\/div>\n\n\n<h2 class=\"wp-block-heading has-light-gray-background-color has-background\">Research lines<\/h2>\n\n\n\n<ul class=\"wp-block-list\">\n<li>Spatial and spatio-temporal geostatistics<\/li>\n\n\n\n<li>Data science<\/li>\n\n\n\n<li>Applied economics<\/li>\n\n\n\n<li>Environment<\/li>\n<\/ul>\n<\/div>\n<\/div>\n\n\n\n<figure class=\"wp-block-image size-full\"><a href=\"https:\/\/www.mheducation.es\/fundamentos-de-ciencia-de-datos-con-r-9788448636289-spain\" target=\"_blank\" rel=\"noreferrer noopener\"><img loading=\"lazy\" decoding=\"async\" width=\"558\" height=\"297\" src=\"https:\/\/blog.uclm.es\/gemafaviles\/wp-content\/uploads\/sites\/82\/2024\/02\/2a6ab5b7-753d-425f-a26d-61191a9dc369.jpg\" alt=\"\" class=\"wp-image-575\" srcset=\"https:\/\/blog.uclm.es\/gemafaviles\/wp-content\/uploads\/sites\/82\/2024\/02\/2a6ab5b7-753d-425f-a26d-61191a9dc369.jpg 558w, https:\/\/blog.uclm.es\/gemafaviles\/wp-content\/uploads\/sites\/82\/2024\/02\/2a6ab5b7-753d-425f-a26d-61191a9dc369-300x160.jpg 300w, https:\/\/blog.uclm.es\/gemafaviles\/wp-content\/uploads\/sites\/82\/2024\/02\/2a6ab5b7-753d-425f-a26d-61191a9dc369-500x266.jpg 500w\" sizes=\"auto, (max-width: 558px) 100vw, 558px\" \/><\/a><\/figure>\n","protected":false},"excerpt":{"rendered":"<p>Gema Fern\u00e1ndez-Avil\u00e9s. Ph.D. Full Professor of Statistics.Catedr\u00e1tica de Estad\u00edstica Director of Master in Data Science &amp; Business Analytics (with R software). Statistics DepartmentUniversity of Castile-La ManchaCobertizo S. Pedro M\u00e1rtir S\/N45071, Toledo (Spain)Tel. +34 925 26 88 00, Ext. 5134e-mail: gema.faviles@uclm.es &hellip; <a href=\"https:\/\/blog.uclm.es\/gemafaviles\/\">Sigue leyendo <span class=\"meta-nav\">&rarr;<\/span><\/a><\/p>\n","protected":false},"author":171,"featured_media":0,"parent":0,"menu_order":0,"comment_status":"closed","ping_status":"closed","template":"","meta":{"footnotes":""},"class_list":["post-14","page","type-page","status-publish","hentry"],"_links":{"self":[{"href":"https:\/\/blog.uclm.es\/gemafaviles\/wp-json\/wp\/v2\/pages\/14","targetHints":{"allow":["GET"]}}],"collection":[{"href":"https:\/\/blog.uclm.es\/gemafaviles\/wp-json\/wp\/v2\/pages"}],"about":[{"href":"https:\/\/blog.uclm.es\/gemafaviles\/wp-json\/wp\/v2\/types\/page"}],"author":[{"embeddable":true,"href":"https:\/\/blog.uclm.es\/gemafaviles\/wp-json\/wp\/v2\/users\/171"}],"replies":[{"embeddable":true,"href":"https:\/\/blog.uclm.es\/gemafaviles\/wp-json\/wp\/v2\/comments?post=14"}],"version-history":[{"count":20,"href":"https:\/\/blog.uclm.es\/gemafaviles\/wp-json\/wp\/v2\/pages\/14\/revisions"}],"predecessor-version":[{"id":611,"href":"https:\/\/blog.uclm.es\/gemafaviles\/wp-json\/wp\/v2\/pages\/14\/revisions\/611"}],"wp:attachment":[{"href":"https:\/\/blog.uclm.es\/gemafaviles\/wp-json\/wp\/v2\/media?parent=14"}],"curies":[{"name":"wp","href":"https:\/\/api.w.org\/{rel}","templated":true}]}}