{"id":4,"date":"2013-06-12T10:07:14","date_gmt":"2013-06-12T09:07:14","guid":{"rendered":"http:\/\/blog.uclm.es\/franciscosalberola\/?page_id=4"},"modified":"2022-11-29T18:06:14","modified_gmt":"2022-11-29T18:06:14","slug":"bienvenidos","status":"publish","type":"page","link":"https:\/\/blog.uclm.es\/franciscosalberola\/","title":{"rendered":"BIENVENIDOS"},"content":{"rendered":"\n<figure class=\"wp-block-image size-full\"><img loading=\"lazy\" decoding=\"async\" width=\"988\" height=\"109\" src=\"https:\/\/blog.uclm.es\/franciscosalberola\/wp-content\/uploads\/sites\/150\/2022\/11\/01.jpg\" alt=\"\" class=\"wp-image-364\" srcset=\"https:\/\/blog.uclm.es\/franciscosalberola\/wp-content\/uploads\/sites\/150\/2022\/11\/01.jpg 988w, https:\/\/blog.uclm.es\/franciscosalberola\/wp-content\/uploads\/sites\/150\/2022\/11\/01-300x33.jpg 300w, https:\/\/blog.uclm.es\/franciscosalberola\/wp-content\/uploads\/sites\/150\/2022\/11\/01-768x85.jpg 768w\" sizes=\"auto, (max-width: 709px) 85vw, (max-width: 909px) 67vw, (max-width: 1362px) 62vw, 840px\" \/><\/figure>\n\n\n\n<h2 class=\"wp-block-heading\">Bienvenido a mi primer wordpress-blog<\/h2>\n\n\n\n<p>mi primer blog, todo ir\u00e1 mejorando<br>un saludo<\/p>\n\n\n\n<h2 class=\"wp-block-heading\">Mis im\u00e1genes<\/h2>\n\n\n\n<figure class=\"wp-block-gallery has-nested-images columns-4 is-cropped wp-block-gallery-1 is-layout-flex wp-block-gallery-is-layout-flex\">\n<figure class=\"wp-block-image size-large\"><img loading=\"lazy\" decoding=\"async\" width=\"800\" height=\"600\" data-id=\"27\" src=\"https:\/\/blog.uclm.es\/franciscosalberola\/wp-content\/uploads\/sites\/150\/2013\/06\/porfolio_4.jpg\" alt=\"\" class=\"wp-image-27\" srcset=\"https:\/\/blog.uclm.es\/franciscosalberola\/wp-content\/uploads\/sites\/150\/2013\/06\/porfolio_4.jpg 800w, https:\/\/blog.uclm.es\/franciscosalberola\/wp-content\/uploads\/sites\/150\/2013\/06\/porfolio_4-300x225.jpg 300w, https:\/\/blog.uclm.es\/franciscosalberola\/wp-content\/uploads\/sites\/150\/2013\/06\/porfolio_4-768x576.jpg 768w\" sizes=\"auto, (max-width: 800px) 85vw, 800px\" \/><\/figure>\n\n\n\n<figure class=\"wp-block-image size-large\"><img loading=\"lazy\" decoding=\"async\" width=\"800\" height=\"600\" data-id=\"29\" src=\"https:\/\/blog.uclm.es\/franciscosalberola\/wp-content\/uploads\/sites\/150\/2013\/06\/porfolio_2.jpg\" alt=\"\" class=\"wp-image-29\" srcset=\"https:\/\/blog.uclm.es\/franciscosalberola\/wp-content\/uploads\/sites\/150\/2013\/06\/porfolio_2.jpg 800w, https:\/\/blog.uclm.es\/franciscosalberola\/wp-content\/uploads\/sites\/150\/2013\/06\/porfolio_2-300x225.jpg 300w, https:\/\/blog.uclm.es\/franciscosalberola\/wp-content\/uploads\/sites\/150\/2013\/06\/porfolio_2-768x576.jpg 768w\" sizes=\"auto, (max-width: 800px) 85vw, 800px\" \/><\/figure>\n\n\n\n<figure class=\"wp-block-image size-large\"><img loading=\"lazy\" decoding=\"async\" width=\"800\" height=\"600\" data-id=\"28\" src=\"https:\/\/blog.uclm.es\/franciscosalberola\/wp-content\/uploads\/sites\/150\/2013\/06\/porfolio_1.jpg\" alt=\"\" class=\"wp-image-28\" srcset=\"https:\/\/blog.uclm.es\/franciscosalberola\/wp-content\/uploads\/sites\/150\/2013\/06\/porfolio_1.jpg 800w, https:\/\/blog.uclm.es\/franciscosalberola\/wp-content\/uploads\/sites\/150\/2013\/06\/porfolio_1-300x225.jpg 300w, https:\/\/blog.uclm.es\/franciscosalberola\/wp-content\/uploads\/sites\/150\/2013\/06\/porfolio_1-768x576.jpg 768w\" sizes=\"auto, (max-width: 800px) 85vw, 800px\" \/><\/figure>\n\n\n\n<figure class=\"wp-block-image size-large\"><img loading=\"lazy\" decoding=\"async\" width=\"800\" height=\"600\" data-id=\"30\" src=\"https:\/\/blog.uclm.es\/franciscosalberola\/wp-content\/uploads\/sites\/150\/2013\/06\/porfolio_3.jpg\" alt=\"\" class=\"wp-image-30\" srcset=\"https:\/\/blog.uclm.es\/franciscosalberola\/wp-content\/uploads\/sites\/150\/2013\/06\/porfolio_3.jpg 800w, https:\/\/blog.uclm.es\/franciscosalberola\/wp-content\/uploads\/sites\/150\/2013\/06\/porfolio_3-300x225.jpg 300w, https:\/\/blog.uclm.es\/franciscosalberola\/wp-content\/uploads\/sites\/150\/2013\/06\/porfolio_3-768x576.jpg 768w\" sizes=\"auto, (max-width: 800px) 85vw, 800px\" \/><\/figure>\n<\/figure>\n\n\n\n<p><\/p>\n\n\n\n<h2 class=\"wp-block-heading\">\u00daltimas noticias<\/h2>\n\n\n<ul class=\"wp-block-latest-posts__list is-grid columns-2 aligncenter wp-block-latest-posts has-small-font-size\"><li><a class=\"wp-block-latest-posts__post-title\" href=\"https:\/\/blog.uclm.es\/franciscosalberola\/2013\/06\/12\/hola-mundo-2\/\">bienvenidos, contarme cosas del mundo<\/a><\/li>\n<li><a class=\"wp-block-latest-posts__post-title\" href=\"https:\/\/blog.uclm.es\/franciscosalberola\/2013\/06\/12\/imagen-destacada\/\">SEGUNDA ENTRADA<\/a><\/li>\n<\/ul>","protected":false},"excerpt":{"rendered":"<p>Bienvenido a mi primer wordpress-blog mi primer blog, todo ir\u00e1 mejorandoun saludo Mis im\u00e1genes \u00daltimas noticias<\/p>\n","protected":false},"author":0,"featured_media":0,"parent":0,"menu_order":0,"comment_status":"closed","ping_status":"open","template":"tpl-home.php","meta":{"footnotes":""},"class_list":["post-4","page","type-page","status-publish","hentry"],"_links":{"self":[{"href":"https:\/\/blog.uclm.es\/franciscosalberola\/wp-json\/wp\/v2\/pages\/4","targetHints":{"allow":["GET"]}}],"collection":[{"href":"https:\/\/blog.uclm.es\/franciscosalberola\/wp-json\/wp\/v2\/pages"}],"about":[{"href":"https:\/\/blog.uclm.es\/franciscosalberola\/wp-json\/wp\/v2\/types\/page"}],"replies":[{"embeddable":true,"href":"https:\/\/blog.uclm.es\/franciscosalberola\/wp-json\/wp\/v2\/comments?post=4"}],"version-history":[{"count":3,"href":"https:\/\/blog.uclm.es\/franciscosalberola\/wp-json\/wp\/v2\/pages\/4\/revisions"}],"predecessor-version":[{"id":363,"href":"https:\/\/blog.uclm.es\/franciscosalberola\/wp-json\/wp\/v2\/pages\/4\/revisions\/363"}],"wp:attachment":[{"href":"https:\/\/blog.uclm.es\/franciscosalberola\/wp-json\/wp\/v2\/media?parent=4"}],"curies":[{"name":"wp","href":"https:\/\/api.w.org\/{rel}","templated":true}]}}