{"id":77,"date":"2025-11-20T10:13:51","date_gmt":"2025-11-20T10:13:51","guid":{"rendered":"https:\/\/blog.uclm.es\/franciscopromero\/?page_id=77"},"modified":"2025-11-20T10:13:51","modified_gmt":"2025-11-20T10:13:51","slug":"sobre-mi","status":"publish","type":"page","link":"https:\/\/blog.uclm.es\/franciscopromero\/sobre-mi\/","title":{"rendered":"Sobre Mi"},"content":{"rendered":"\n<p>Soy profesor e investigador en la Universidad de Castilla-La Mancha, especializado en inteligencia artificial aplicada, an\u00e1lisis de datos y gobernanza de sistemas de IA. <\/p>\n\n\n\n<p>Con m\u00e1s de 20 a\u00f1os de experiencia investigadora y  docente, trabajo en proyectos reales en \u00e1mbitos como la salud, la educaci\u00f3n, el deporte y el sector p\u00fablico. <\/p>\n\n\n\n<p>Mis l\u00edneas principales de investigaci\u00f3n son la IA responsable, los est\u00e1ndares internacionales (ISO\/IEC 42001), la explicabilidad de modelos y la ciencia de datos con Python y SQL. <\/p>\n\n\n\n<p>Tambi\u00e9n desarrolla materiales docentes y metodolog\u00edas para ense\u00f1ar ciencia de datos a estudiantes y profesionales no t\u00e9cnicos.<\/p>\n\n\n\n<p>Mis l\u00edneas de investigaci\u00f3n se centran en <strong>(1) la gobernanza y gesti\u00f3n del riesgo en inteligencia artificial<\/strong>, desarrollando marcos y metodolog\u00edas alineados con est\u00e1ndares como ISO\/IEC 42001 y el AI Act; <strong>(2) la explicabilidad y evaluaci\u00f3n t\u00e9cnica de modelos de aprendizaje autom\u00e1tico<\/strong>, con \u00e9nfasis en m\u00e9todos interpretables y an\u00e1lisis de fiabilidad; <strong>(3) la ingenier\u00eda y an\u00e1lisis de datos a gran escala<\/strong>, construyendo pipelines reproducibles con Python, SQL, BigQuery y PySpark; <strong>(4) la anal\u00edtica avanzada aplicada al deporte<\/strong>, especialmente en balonmano y f\u00fatbol, mediante m\u00e9tricas de rendimiento y modelos t\u00e1cticos; y <strong>(5) el desarrollo de soluciones de IA en \u00e1mbitos sociales<\/strong>, como salud, educaci\u00f3n y sector p\u00fablico, para apoyar la toma de decisiones y la medici\u00f3n de impacto.<\/p>\n\n\n\n<ul class=\"wp-block-list\">\n<li><\/li>\n<\/ul>\n","protected":false},"excerpt":{"rendered":"<p>Soy profesor e investigador en la Universidad de Castilla-La Mancha, especializado en inteligencia artificial aplicada, an\u00e1lisis de datos y gobernanza de sistemas de IA. Con m\u00e1s de 20 a\u00f1os de experiencia investigadora y docente, trabajo en proyectos reales en \u00e1mbitos como la salud, la educaci\u00f3n, el deporte y el sector p\u00fablico. Mis l\u00edneas principales de &hellip; <a href=\"https:\/\/blog.uclm.es\/franciscopromero\/sobre-mi\/\" class=\"more-link\">Seguir leyendo <span class=\"screen-reader-text\">Sobre Mi<\/span> <span class=\"meta-nav\">&rarr;<\/span><\/a><\/p>\n","protected":false},"author":29,"featured_media":0,"parent":0,"menu_order":0,"comment_status":"closed","ping_status":"closed","template":"","meta":{"footnotes":""},"class_list":["post-77","page","type-page","status-publish","hentry"],"_links":{"self":[{"href":"https:\/\/blog.uclm.es\/franciscopromero\/wp-json\/wp\/v2\/pages\/77","targetHints":{"allow":["GET"]}}],"collection":[{"href":"https:\/\/blog.uclm.es\/franciscopromero\/wp-json\/wp\/v2\/pages"}],"about":[{"href":"https:\/\/blog.uclm.es\/franciscopromero\/wp-json\/wp\/v2\/types\/page"}],"author":[{"embeddable":true,"href":"https:\/\/blog.uclm.es\/franciscopromero\/wp-json\/wp\/v2\/users\/29"}],"replies":[{"embeddable":true,"href":"https:\/\/blog.uclm.es\/franciscopromero\/wp-json\/wp\/v2\/comments?post=77"}],"version-history":[{"count":2,"href":"https:\/\/blog.uclm.es\/franciscopromero\/wp-json\/wp\/v2\/pages\/77\/revisions"}],"predecessor-version":[{"id":79,"href":"https:\/\/blog.uclm.es\/franciscopromero\/wp-json\/wp\/v2\/pages\/77\/revisions\/79"}],"wp:attachment":[{"href":"https:\/\/blog.uclm.es\/franciscopromero\/wp-json\/wp\/v2\/media?parent=77"}],"curies":[{"name":"wp","href":"https:\/\/api.w.org\/{rel}","templated":true}]}}