{"id":57,"date":"2019-07-09T17:44:42","date_gmt":"2019-07-09T16:44:42","guid":{"rendered":"http:\/\/blog.uclm.es\/fjaviergomez\/?page_id=57"},"modified":"2022-10-17T20:19:40","modified_gmt":"2022-10-17T18:19:40","slug":"informacion","status":"publish","type":"page","link":"https:\/\/blog.uclm.es\/fjaviergomez\/informacion\/","title":{"rendered":"Informaci\u00f3n"},"content":{"rendered":"\n<div class=\"wp-block-columns are-vertically-aligned-top is-layout-flex wp-container-core-columns-is-layout-9d6595d7 wp-block-columns-is-layout-flex\">\n<div class=\"wp-block-column is-vertically-aligned-top is-layout-flow wp-block-column-is-layout-flow\" style=\"flex-basis:66%\">\n<p>El Dr. Francisco Javier G\u00f3mez-Romero es Licenciado en Medicina (MD) por la Facultad de Medicina de la Universidad de C\u00f3rdoba desde 2012, y se especializ\u00f3 en Medicina Preventiva y Salud P\u00fablica en el Hospital General Universitario de Elche (Alicante) en 2017.<\/p>\n\n\n\n<p>Realiz\u00f3 el M\u00e1ster Oficial en Salud P\u00fablica y Gesti\u00f3n Sanitaria (MPH) en la Universidad de Valencia en 2014 y se doctor\u00f3 en Salud P\u00fablica, Ciencias M\u00e9dicas y Quir\u00fargicas (PhD) en la Universidad Miguel Hern\u00e1ndez en 2021. A su vez, ha contribuido con m\u00e1s de 60 comunicaciones cient\u00edficas aceptadas y presentadas tanto en Jornadas como en Congresos Nacionales e Internacionales en multitud de temas relacionados con la Medicina Preventiva y la Salud P\u00fablica.<\/p>\n\n\n\n<p>Desempe\u00f1\u00f3 su trabajo como Coordinador de la Unidad de Calidad de la Gerencia de Atenci\u00f3n Integrada de Ciudad Real desde Febrero de 2019 a Febrero de 2022 y en la actualidad como Asesor Metodol\u00f3gico en la Unidad de Apoyo a la Investigaci\u00f3n desde Mayo de 2017, donde realiza m\u00e1s de 150 asesor\u00edas anuales. Es Profesor Asociado de las asignaturas de \u201cBioestad\u00edstica: Fundamento y Aplicaci\u00f3n en Medicina\u201d y \u201cMedicina Preventiva y Salud P\u00fablica\u201d en la Facultad de Medicina de Ciudad Real desde 2018.<\/p>\n\n\n\n<p>Adem\u00e1s de ser Tutor de residentes de su especialidad desde Mayo de 2019 en la Gerencia de Atenci\u00f3n Integrada de Ciudad Real, es miembro de la Comisi\u00f3n de \u00c9tica de la Investigaci\u00f3n desde 2017. Tambi\u00e9n imparte docencia en cursos relacionados con Metodolog\u00eda de la Investigaci\u00f3n, Medicina Preventiva, Calidad y Seguridad del Paciente. Es miembro de la Sociedad Espa\u00f1ola de Medicina Preventiva, Salud P\u00fablica e Higiene (SEMPSPH) y forma parte del Grupo Coordinador del Proyecto Nacional Infecci\u00f3n Quir\u00fargica Zero, iniciativa de esta Sociedad y auspiciado por el Ministerio de Sanidad, dentro del Programa de seguridad en el bloque quir\u00fargico.<\/p>\n\n\n\n<p>Es miembro y uno de los fundadores de la Asociaci\u00f3n de Divulgaci\u00f3n Cient\u00edfica y Pensamiento Cr\u00edtico de Ciudad Real (<a rel=\"noreferrer noopener\" href=\"https:\/\/twitter.com\/adicipecCR\" target=\"_blank\">ADICIPECR<\/a>) desde Junio de 2017, que promueve y fomenta la ciencia en charlas y exposiciones en la provincia de Ciudad Real. Tambi\u00e9n ha publicado art\u00edculos en revistas nacionales e internacionales con factor de impacto, ha realizado ponencias y ganado varios premios en eventos cient\u00edficos nacionales relacionados con la salud.<\/p>\n\n\n\n<p>Se declara una persona emprendedora y din\u00e1mica, interesado en las nuevas tecnolog\u00edas y su aplicaci\u00f3n en la salud, con capacidad de autogesti\u00f3n y al mismo tiempo con habilidad para el trabajo en equipo, donde tiene siempre presente la idea de armonizar con equidad entre la innovaci\u00f3n de la juventud y la experiencia de los m\u00e1s mayores.<\/p>\n<\/div>\n\n\n\n<div class=\"wp-block-column is-vertically-aligned-top is-layout-flow wp-block-column-is-layout-flow\" style=\"flex-basis:30%\">\n<div class=\"wp-block-group\"><div class=\"wp-block-group__inner-container is-layout-flow wp-block-group-is-layout-flow\">\n<figure class=\"wp-block-gallery has-nested-images columns-2 is-cropped wp-block-gallery-1 is-layout-flex wp-block-gallery-is-layout-flex\">\n<figure class=\"wp-block-image size-full is-style-default\" id=\"https:\/\/www.uco.es\/organiza\/centros\/medicinayenfermeria\/es\/grado-de-medicina\"><a href=\"https:\/\/www.uco.es\/organiza\/centros\/medicinayenfermeria\/es\/grado-de-medicina\" target=\"_blank\" rel=\"noreferrer noopener\"><img decoding=\"async\" data-id=\"172\" src=\"https:\/\/blog.uclm.es\/fjaviergomez\/wp-content\/uploads\/sites\/9\/2019\/07\/logo.png\" alt=\"\" class=\"wp-image-172\" \/><\/a><\/figure>\n\n\n\n<figure class=\"wp-block-image size-medium\"><a href=\"https:\/\/elche.san.gva.es\/portada\" target=\"_blank\" rel=\"noreferrer noopener\"><img loading=\"lazy\" decoding=\"async\" width=\"300\" height=\"143\" data-id=\"173\" src=\"https:\/\/blog.uclm.es\/fjaviergomez\/wp-content\/uploads\/sites\/9\/2019\/07\/1200px-Imagotip_de_la_Generalitat_Valenciana.svg_-300x143.png\" alt=\"\" class=\"wp-image-173\" srcset=\"https:\/\/blog.uclm.es\/fjaviergomez\/wp-content\/uploads\/sites\/9\/2019\/07\/1200px-Imagotip_de_la_Generalitat_Valenciana.svg_-300x143.png 300w, https:\/\/blog.uclm.es\/fjaviergomez\/wp-content\/uploads\/sites\/9\/2019\/07\/1200px-Imagotip_de_la_Generalitat_Valenciana.svg_-1024x489.png 1024w, https:\/\/blog.uclm.es\/fjaviergomez\/wp-content\/uploads\/sites\/9\/2019\/07\/1200px-Imagotip_de_la_Generalitat_Valenciana.svg_-768x367.png 768w, https:\/\/blog.uclm.es\/fjaviergomez\/wp-content\/uploads\/sites\/9\/2019\/07\/1200px-Imagotip_de_la_Generalitat_Valenciana.svg_-624x298.png 624w, https:\/\/blog.uclm.es\/fjaviergomez\/wp-content\/uploads\/sites\/9\/2019\/07\/1200px-Imagotip_de_la_Generalitat_Valenciana.svg_.png 1200w\" sizes=\"auto, (max-width: 300px) 100vw, 300px\" \/><\/a><\/figure>\n\n\n\n<figure class=\"wp-block-image size-large\"><a href=\"https:\/\/www.uv.es\/uvweb\/master-salud-publica-gestion-sanitaria\/es\/master-universitario-salud-publica-gestion-sanitaria-1285887146105.html\" target=\"_blank\" rel=\"noreferrer noopener\"><img loading=\"lazy\" decoding=\"async\" width=\"240\" height=\"241\" data-id=\"174\" src=\"https:\/\/blog.uclm.es\/fjaviergomez\/wp-content\/uploads\/sites\/9\/2019\/07\/240px-Esuni.gif\" alt=\"\" class=\"wp-image-174\" \/><\/a><\/figure>\n\n\n\n<figure class=\"wp-block-image size-large\"><a href=\"https:\/\/www.umh.es\/contenido\/Estudios\/:tit_d_215\/datos_es.html\" target=\"_blank\" rel=\"noreferrer noopener\"><img loading=\"lazy\" decoding=\"async\" width=\"1122\" height=\"1310\" data-id=\"175\" src=\"https:\/\/blog.uclm.es\/fjaviergomez\/wp-content\/uploads\/sites\/9\/2019\/07\/LOGONUEVO-ART-SEC-WEB-FONDO-BLANCO.jpg\" alt=\"\" class=\"wp-image-175\" srcset=\"https:\/\/blog.uclm.es\/fjaviergomez\/wp-content\/uploads\/sites\/9\/2019\/07\/LOGONUEVO-ART-SEC-WEB-FONDO-BLANCO.jpg 1122w, https:\/\/blog.uclm.es\/fjaviergomez\/wp-content\/uploads\/sites\/9\/2019\/07\/LOGONUEVO-ART-SEC-WEB-FONDO-BLANCO-257x300.jpg 257w, https:\/\/blog.uclm.es\/fjaviergomez\/wp-content\/uploads\/sites\/9\/2019\/07\/LOGONUEVO-ART-SEC-WEB-FONDO-BLANCO-877x1024.jpg 877w, https:\/\/blog.uclm.es\/fjaviergomez\/wp-content\/uploads\/sites\/9\/2019\/07\/LOGONUEVO-ART-SEC-WEB-FONDO-BLANCO-768x897.jpg 768w, https:\/\/blog.uclm.es\/fjaviergomez\/wp-content\/uploads\/sites\/9\/2019\/07\/LOGONUEVO-ART-SEC-WEB-FONDO-BLANCO-624x729.jpg 624w\" sizes=\"auto, (max-width: 1122px) 100vw, 1122px\" \/><\/a><\/figure>\n\n\n\n<figure class=\"wp-block-image size-full\"><a href=\"https:\/\/www.uclm.es\/ciudad-real\/medicina\" target=\"_blank\" rel=\"noreferrer noopener\"><img loading=\"lazy\" decoding=\"async\" width=\"741\" height=\"461\" data-id=\"180\" src=\"https:\/\/blog.uclm.es\/fjaviergomez\/wp-content\/uploads\/sites\/9\/2019\/07\/uclm.jpg\" alt=\"\" class=\"wp-image-180\" srcset=\"https:\/\/blog.uclm.es\/fjaviergomez\/wp-content\/uploads\/sites\/9\/2019\/07\/uclm.jpg 741w, https:\/\/blog.uclm.es\/fjaviergomez\/wp-content\/uploads\/sites\/9\/2019\/07\/uclm-300x187.jpg 300w, https:\/\/blog.uclm.es\/fjaviergomez\/wp-content\/uploads\/sites\/9\/2019\/07\/uclm-624x388.jpg 624w\" sizes=\"auto, (max-width: 741px) 100vw, 741px\" \/><\/a><\/figure>\n\n\n\n<figure class=\"wp-block-image size-medium\"><a href=\"https:\/\/sanidad.castillalamancha.es\/ciudadanos\/centros\/hospital-general-universitario-de-ciudad-real#zoom=15&amp;lat=38.9735&amp;lon=-3.93381&amp;layers=BT\" target=\"_blank\" rel=\"noreferrer noopener\"><img loading=\"lazy\" decoding=\"async\" width=\"300\" height=\"300\" data-id=\"157\" src=\"https:\/\/blog.uclm.es\/fjaviergomez\/wp-content\/uploads\/sites\/9\/2019\/07\/cropped-Imagen1-e1562797037679-300x300.png\" alt=\"\" class=\"wp-image-157\" srcset=\"https:\/\/blog.uclm.es\/fjaviergomez\/wp-content\/uploads\/sites\/9\/2019\/07\/cropped-Imagen1-e1562797037679-300x300.png 300w, https:\/\/blog.uclm.es\/fjaviergomez\/wp-content\/uploads\/sites\/9\/2019\/07\/cropped-Imagen1-e1562797037679-150x150.png 150w, https:\/\/blog.uclm.es\/fjaviergomez\/wp-content\/uploads\/sites\/9\/2019\/07\/cropped-Imagen1-e1562797037679.png 512w\" sizes=\"auto, (max-width: 300px) 100vw, 300px\" \/><\/a><\/figure>\n\n\n\n<figure class=\"wp-block-image size-large\"><a href=\"https:\/\/www.sempspgs.es\/\" target=\"_blank\" rel=\"noreferrer noopener\"><img loading=\"lazy\" decoding=\"async\" width=\"298\" height=\"300\" data-id=\"177\" src=\"https:\/\/blog.uclm.es\/fjaviergomez\/wp-content\/uploads\/sites\/9\/2019\/07\/SEMPSPH-e1563443998830.jpg\" alt=\"\" class=\"wp-image-177\" srcset=\"https:\/\/blog.uclm.es\/fjaviergomez\/wp-content\/uploads\/sites\/9\/2019\/07\/SEMPSPH-e1563443998830.jpg 298w, https:\/\/blog.uclm.es\/fjaviergomez\/wp-content\/uploads\/sites\/9\/2019\/07\/SEMPSPH-e1563443998830-150x150.jpg 150w\" sizes=\"auto, (max-width: 298px) 100vw, 298px\" \/><\/a><\/figure>\n\n\n\n<figure class=\"wp-block-image size-thumbnail\"><a href=\"https:\/\/infeccionquirurgicazero.es\/es\/\" target=\"_blank\" rel=\"noreferrer noopener\"><img loading=\"lazy\" decoding=\"async\" width=\"150\" height=\"150\" data-id=\"179\" src=\"https:\/\/blog.uclm.es\/fjaviergomez\/wp-content\/uploads\/sites\/9\/2019\/07\/logotipo-iq-zero-fixed-size-1-e1563444318538-150x150.png\" alt=\"\" class=\"wp-image-179\" \/><\/a><\/figure>\n\n\n\n<figure class=\"wp-block-image size-thumbnail\"><a href=\"https:\/\/adicipec.wixsite.com\/adicipec\/\" target=\"_blank\" rel=\"noreferrer noopener\"><img loading=\"lazy\" decoding=\"async\" width=\"150\" height=\"150\" data-id=\"182\" src=\"https:\/\/blog.uclm.es\/fjaviergomez\/wp-content\/uploads\/sites\/9\/2019\/07\/ADICIPEC-150x150.png\" alt=\"\" class=\"wp-image-182\" srcset=\"https:\/\/blog.uclm.es\/fjaviergomez\/wp-content\/uploads\/sites\/9\/2019\/07\/ADICIPEC-150x150.png 150w, https:\/\/blog.uclm.es\/fjaviergomez\/wp-content\/uploads\/sites\/9\/2019\/07\/ADICIPEC-300x300.png 300w, https:\/\/blog.uclm.es\/fjaviergomez\/wp-content\/uploads\/sites\/9\/2019\/07\/ADICIPEC.png 320w\" sizes=\"auto, (max-width: 150px) 100vw, 150px\" \/><\/a><\/figure>\n<\/figure>\n<\/div><\/div>\n<\/div>\n<\/div>\n","protected":false},"excerpt":{"rendered":"<p>El Dr. Francisco Javier G\u00f3mez-Romero es Licenciado en Medicina (MD) por la Facultad de Medicina de la Universidad de C\u00f3rdoba desde 2012, y se especializ\u00f3 en Medicina Preventiva y Salud P\u00fablica en el Hospital General Universitario de Elche (Alicante) en 2017. Realiz\u00f3 el M\u00e1ster Oficial en Salud P\u00fablica y Gesti\u00f3n Sanitaria (MPH) en la Universidad [&hellip;]<\/p>\n","protected":false},"author":134,"featured_media":0,"parent":0,"menu_order":4,"comment_status":"closed","ping_status":"closed","template":"page-templates\/full-width.php","meta":{"footnotes":""},"class_list":["post-57","page","type-page","status-publish","hentry"],"_links":{"self":[{"href":"https:\/\/blog.uclm.es\/fjaviergomez\/wp-json\/wp\/v2\/pages\/57","targetHints":{"allow":["GET"]}}],"collection":[{"href":"https:\/\/blog.uclm.es\/fjaviergomez\/wp-json\/wp\/v2\/pages"}],"about":[{"href":"https:\/\/blog.uclm.es\/fjaviergomez\/wp-json\/wp\/v2\/types\/page"}],"author":[{"embeddable":true,"href":"https:\/\/blog.uclm.es\/fjaviergomez\/wp-json\/wp\/v2\/users\/134"}],"replies":[{"embeddable":true,"href":"https:\/\/blog.uclm.es\/fjaviergomez\/wp-json\/wp\/v2\/comments?post=57"}],"version-history":[{"count":11,"href":"https:\/\/blog.uclm.es\/fjaviergomez\/wp-json\/wp\/v2\/pages\/57\/revisions"}],"predecessor-version":[{"id":348,"href":"https:\/\/blog.uclm.es\/fjaviergomez\/wp-json\/wp\/v2\/pages\/57\/revisions\/348"}],"wp:attachment":[{"href":"https:\/\/blog.uclm.es\/fjaviergomez\/wp-json\/wp\/v2\/media?parent=57"}],"curies":[{"name":"wp","href":"https:\/\/api.w.org\/{rel}","templated":true}]}}