{"id":288,"date":"2022-02-13T23:34:32","date_gmt":"2022-02-13T22:34:32","guid":{"rendered":"https:\/\/blog.uclm.es\/fjaviergomez\/?page_id=288"},"modified":"2023-04-04T13:38:56","modified_gmt":"2023-04-04T11:38:56","slug":"calidad","status":"publish","type":"page","link":"https:\/\/blog.uclm.es\/fjaviergomez\/calidad\/","title":{"rendered":"Calidad"},"content":{"rendered":"<p>Desde el 1 de febrero de 2019 al 1 de marzo de 2022 desempe\u00f1\u00f3 las siguientes funciones como <strong>Coordinador de la Unidad de Calidad de la Gerencia de Atenci\u00f3n Integrada de Ciudad Real:<\/strong><br \/>\n\u25aa Gesti\u00f3n operativa y planificaci\u00f3n de los proyectos a demanda de la Unidad.<br \/>\n\u25aa Estandarizaci\u00f3n y normalizaci\u00f3n documental de la GAICR, a trav\u00e9s de la implementaci\u00f3n del Gestor Documental REDON.<br \/>\n\u25aa Definici\u00f3n y despliegue de la Estrategia de Seguridad del Paciente.<br \/>\n\u25aa Gesti\u00f3n de la Estructura Funcional de Mejora de la Calidad.<br \/>\n\u25aa Mantenimiento del Sistema de Gesti\u00f3n mediante el modelo ISO 9001:2015 en 21 Servicios de la GAICR.<br \/>\n\u25aa Responsable del Comit\u00e9 SINASP (Sistema de Notificaci\u00f3n y Aprendizaje para la Seguridad del Paciente) desde el 1 de febrero de 2019 hasta el 1 de febrero de 2022.<br \/>\n\u25aa Presidente de la Unidad Funcional de Gesti\u00f3n de Riesgos Cl\u00ednicos desde el 18 de marzo de 2021 al 18 de marzo de 2022.<\/p>\n<p>Durante esta etapa, destacan algunas menciones o premios como:<br \/>\n\u25aa <strong>Menci\u00f3n especial<\/strong>, en la modalidad \u201cMejores pr\u00e1cticas de gesti\u00f3n interna\u201d, en el X Premio a la Excelencia y a la Calidad en la Prestaci\u00f3n de Servicios P\u00fablicos en Castilla-La Mancha a la por el proyecto denominado \u201cConectando personas, compartiendo conocimiento: una oportunidad para la comunicaci\u00f3n interna\u201d.<br \/>\n\u25aa <strong>Premio a la mejor Comunicaci\u00f3n Oral <\/strong> en las VII Jornadas de Seguridad del Paciente del SESCAM, celebradas el 18 y 19 de noviembre de 2021 en el Hospital Universitario de Toledo.<br \/>\n\u25aa <strong>Miembro del Comit\u00e9 Organizador <\/strong> de la I, II y III Jornada de la Comisi\u00f3n Central de Garant\u00eda de la Calidad de la Gerencia de Atenci\u00f3n Integrada de Ciudad Real, celebrada en el 21 de febrero de 2019, 3 de marzo de 2020 y 15 de febrero de 2021 respectivamente.<br \/>\n\u25aa <strong>Miembro del Comit\u00e9 Cient\u00edfico y Organizador <\/strong> de la \u00abVI Jornada de Seguridad del Paciente en el SESCAM\u00bb, celebrado en el Hospital General Universitario de Ciudad Real el 21 y 22 de noviembre de 2019.<\/p>\n<p>\u25aa <strong>Miembro del Comit\u00e9 Cient\u00edfico <\/strong>de la \u00abI Jornada de Gesti\u00f3n de la Calidad y Mejora\u00bb, celebrado en la Escuela de Administraci\u00f3n Regional de Toledo, el 28 y 29 de marzo de 2023.<\/p>\n","protected":false},"excerpt":{"rendered":"<p>Desde el 1 de febrero de 2019 al 1 de marzo de 2022 desempe\u00f1\u00f3 las siguientes funciones como Coordinador de la Unidad de Calidad de la Gerencia de Atenci\u00f3n Integrada de Ciudad Real: \u25aa Gesti\u00f3n operativa y planificaci\u00f3n de los proyectos a demanda de la Unidad. \u25aa Estandarizaci\u00f3n y normalizaci\u00f3n documental de la GAICR, a [&hellip;]<\/p>\n","protected":false},"author":134,"featured_media":0,"parent":0,"menu_order":1,"comment_status":"closed","ping_status":"closed","template":"page-templates\/full-width.php","meta":{"footnotes":""},"class_list":["post-288","page","type-page","status-publish","hentry"],"_links":{"self":[{"href":"https:\/\/blog.uclm.es\/fjaviergomez\/wp-json\/wp\/v2\/pages\/288","targetHints":{"allow":["GET"]}}],"collection":[{"href":"https:\/\/blog.uclm.es\/fjaviergomez\/wp-json\/wp\/v2\/pages"}],"about":[{"href":"https:\/\/blog.uclm.es\/fjaviergomez\/wp-json\/wp\/v2\/types\/page"}],"author":[{"embeddable":true,"href":"https:\/\/blog.uclm.es\/fjaviergomez\/wp-json\/wp\/v2\/users\/134"}],"replies":[{"embeddable":true,"href":"https:\/\/blog.uclm.es\/fjaviergomez\/wp-json\/wp\/v2\/comments?post=288"}],"version-history":[{"count":3,"href":"https:\/\/blog.uclm.es\/fjaviergomez\/wp-json\/wp\/v2\/pages\/288\/revisions"}],"predecessor-version":[{"id":366,"href":"https:\/\/blog.uclm.es\/fjaviergomez\/wp-json\/wp\/v2\/pages\/288\/revisions\/366"}],"wp:attachment":[{"href":"https:\/\/blog.uclm.es\/fjaviergomez\/wp-json\/wp\/v2\/media?parent=288"}],"curies":[{"name":"wp","href":"https:\/\/api.w.org\/{rel}","templated":true}]}}