{"id":245,"date":"2019-07-09T10:52:56","date_gmt":"2019-07-09T09:52:56","guid":{"rendered":"http:\/\/blog.uclm.es\/fjaviergomez\/?page_id=2"},"modified":"2022-10-17T20:40:40","modified_gmt":"2022-10-17T18:40:40","slug":"pagina-ejemplo-2","status":"publish","type":"page","link":"https:\/\/blog.uclm.es\/fjaviergomez\/","title":{"rendered":""},"content":{"rendered":"\n<div class=\"wp-block-columns is-layout-flex wp-container-core-columns-is-layout-9d6595d7 wp-block-columns-is-layout-flex\">\n<div class=\"wp-block-column is-layout-flow wp-block-column-is-layout-flow\" style=\"flex-basis:40%\"><div class=\"wp-block-image is-style-default\">\n<figure class=\"aligncenter size-full is-resized\"><img loading=\"lazy\" decoding=\"async\" src=\"https:\/\/blog.uclm.es\/fjaviergomez\/wp-content\/uploads\/sites\/9\/2019\/07\/Portapapeles01-1.jpg\" alt=\"\" class=\"wp-image-164\" width=\"247\" height=\"353\" srcset=\"https:\/\/blog.uclm.es\/fjaviergomez\/wp-content\/uploads\/sites\/9\/2019\/07\/Portapapeles01-1.jpg 352w, https:\/\/blog.uclm.es\/fjaviergomez\/wp-content\/uploads\/sites\/9\/2019\/07\/Portapapeles01-1-210x300.jpg 210w\" sizes=\"auto, (max-width: 247px) 100vw, 247px\" \/><\/figure>\n<\/div>\n\n\n<p class=\"has-text-align-center\">\ud83d\uddfa\ufe0f <a rel=\"noreferrer noopener\" href=\"https:\/\/goo.gl\/maps\/5kzpKsGvNiKr9ukw5\" target=\"_blank\">Hospital General Universitario de Ciudad Real<\/a><br>\u2709 <a rel=\"noreferrer noopener\" href=\"mailto:fjgomezr@sescam.jccm.es\" target=\"_blank\">fjgomezr@sescam.jccm.es<\/a><br>\ud83d\udcde (+34) 926 27 80 00<br>Extensi\u00f3n: 79117<\/p>\n\n\n\n<p><\/p>\n<\/div>\n\n\n\n<div class=\"wp-block-column is-layout-flow wp-block-column-is-layout-flow\" style=\"flex-basis:60%\">\n<h2 class=\"has-text-align-center wp-block-heading\">Francisco Javier G\u00f3mez Romero. MD. MPH. PhD.<\/h2>\n\n\n\n<p class=\"has-text-align-center\">Especialista en Medicina Preventiva y Salud P\u00fablica<\/p>\n\n\n\n<p class=\"has-text-align-center\"><strong>Gerencia de Atenci\u00f3n Integrada de Ciudad Real<\/strong><\/p>\n\n\n\n<p class=\"has-text-align-center\">Asesor Metodol\u00f3gico en la Unidad de Apoyo a la Investigaci\u00f3n<\/p>\n\n\n\n<p class=\"has-text-align-center\"><strong>Universidad de Castilla-La Mancha<\/strong><\/p>\n\n\n\n<p class=\"has-text-align-center\">Profesor Asociado de la Facultad de Medicina de Ciudad Real<\/p>\n\n\n\n<div class=\"wp-block-columns is-layout-flex wp-container-core-columns-is-layout-9d6595d7 wp-block-columns-is-layout-flex\">\n<div class=\"wp-block-column is-layout-flow wp-block-column-is-layout-flow\" style=\"flex-basis:30%\"><div class=\"wp-block-image\">\n<figure class=\"aligncenter size-full is-resized\"><img loading=\"lazy\" decoding=\"async\" src=\"https:\/\/blog.uclm.es\/fjaviergomez\/wp-content\/uploads\/sites\/9\/2019\/07\/Imagen1-e1666031452170.png\" alt=\"\" class=\"wp-image-49\" width=\"101\" height=\"92\" \/><\/figure>\n<\/div><\/div>\n\n\n\n<div class=\"wp-block-column is-layout-flow wp-block-column-is-layout-flow\" style=\"flex-basis:66.66%\">\n<p class=\"has-text-align-left\">Servicio de Investigaci\u00f3n, Docencia, Formaci\u00f3n, Calidad y Biblioteca. Gerencia de Atenci\u00f3n Integrada de Ciudad Real.<br>Calle Obispo Rafael Torija, s\/n. 13005, Ciudad Real.<br><\/p>\n<\/div>\n<\/div>\n\n\n\n<div class=\"wp-block-columns is-layout-flex wp-container-core-columns-is-layout-9d6595d7 wp-block-columns-is-layout-flex\">\n<div class=\"wp-block-column is-layout-flow wp-block-column-is-layout-flow\" style=\"flex-basis:30%\"><div class=\"wp-block-image\">\n<figure class=\"aligncenter size-full is-resized\"><img loading=\"lazy\" decoding=\"async\" src=\"https:\/\/blog.uclm.es\/fjaviergomez\/wp-content\/uploads\/sites\/9\/2019\/07\/cropped-FF.png\" alt=\"\" class=\"wp-image-12\" width=\"110\" height=\"30\" \/><\/figure>\n<\/div><\/div>\n\n\n\n<div class=\"wp-block-column is-layout-flow wp-block-column-is-layout-flow\" style=\"flex-basis:66.66%\">\n<p class=\"has-text-align-left\">Facultad de Medicina de Ciudad Real.<br>Universidad de Castilla-La Mancha.<br>Camino de Moledores s\/n. 13071, Ciudad Real.<\/p>\n<\/div>\n<\/div>\n<\/div>\n<\/div>\n\n\n<p><\/p>\n<p align=\"center\"><a href=\"https:\/\/orcid.org\/0000-0003-0754-5129\" target=\"_blank\" rel=\"noopener noreferrer\"><img loading=\"lazy\" decoding=\"async\" src=\"https:\/\/orcid.figshare.com\/ndownloader\/files\/8439047\/preview\/8439047\/preview.jpg\" width=\"20\" height=\"20\"><\/a> &nbsp; &nbsp; <a href=\"https:\/\/www.researchgate.net\/profile\/Gomez_Romero_Francisco_Javier\" target=\"_black\" rel=\"noopener noreferrer\"><img loading=\"lazy\" decoding=\"async\" src=\"https:\/\/camo.githubusercontent.com\/20302dbecb13e03c63ecae7d07c694696c66da19\/68747470733a2f2f6c68342e676f6f676c6575736572636f6e74656e742e636f6d2f2d32387046764c35337576552f41414141414141414141492f41414141414141414163452f65446a3275473750574b732f73302d632d6b2d6e6f2d6e732f70686f746f2e6a7067\" width=\"20\" height=\"20\"><\/a> &nbsp; &nbsp; <a href=\"https:\/\/www.scopus.com\/authid\/detail.uri?authorId=57190757123\" target=\"_blank\" rel=\"noopener noreferrer\"><img loading=\"lazy\" decoding=\"async\" src=\"https:\/\/www.scopus.com\/static\/proteus-images\/favicon.ico?ver=1.0\" width=\"20\" height=\"20\"><\/a> &nbsp; &nbsp; <a href=\"https:\/\/scholar.google.com\/citations?hl=es&amp;user=NOdSINUAAAAJ\" target=\"_blank\" rel=\"noopener noreferrer\"><img loading=\"lazy\" decoding=\"async\" src=\"https:\/\/www.engr.colostate.edu\/faculty\/mkipper\/wp-content\/uploads\/sites\/15\/2019\/01\/google-scholar-icon.png\" width=\"20\" height=\"20\"><\/a> &nbsp; &nbsp; <a href=\"https:\/\/www.ncbi.nlm.nih.gov\/pubmed\/?term=gomez-romero+fj\" target=\"_blank\" rel=\"noopener noreferrer\"><img loading=\"lazy\" decoding=\"async\" src=\"https:\/\/upload.wikimedia.org\/wikipedia\/commons\/thumb\/0\/07\/US-NLM-NCBI-Logo.svg\/1658px-US-NLM-NCBI-Logo.svg.png\" width=\"17\" height=\"17\"><\/a><\/p>","protected":false},"excerpt":{"rendered":"<p>\ud83d\uddfa\ufe0f Hospital General Universitario de Ciudad Real\u2709 fjgomezr@sescam.jccm.es\ud83d\udcde (+34) 926 27 80 00Extensi\u00f3n: 79117 Francisco Javier G\u00f3mez Romero. MD. MPH. PhD. Especialista en Medicina Preventiva y Salud P\u00fablica Gerencia de Atenci\u00f3n Integrada de Ciudad Real Asesor Metodol\u00f3gico en la Unidad de Apoyo a la Investigaci\u00f3n Universidad de Castilla-La Mancha Profesor Asociado de la Facultad de [&hellip;]<\/p>\n","protected":false},"author":134,"featured_media":0,"parent":0,"menu_order":0,"comment_status":"closed","ping_status":"closed","template":"page-templates\/full-width.php","meta":{"footnotes":""},"class_list":["post-245","page","type-page","status-publish","hentry"],"_links":{"self":[{"href":"https:\/\/blog.uclm.es\/fjaviergomez\/wp-json\/wp\/v2\/pages\/245","targetHints":{"allow":["GET"]}}],"collection":[{"href":"https:\/\/blog.uclm.es\/fjaviergomez\/wp-json\/wp\/v2\/pages"}],"about":[{"href":"https:\/\/blog.uclm.es\/fjaviergomez\/wp-json\/wp\/v2\/types\/page"}],"author":[{"embeddable":true,"href":"https:\/\/blog.uclm.es\/fjaviergomez\/wp-json\/wp\/v2\/users\/134"}],"replies":[{"embeddable":true,"href":"https:\/\/blog.uclm.es\/fjaviergomez\/wp-json\/wp\/v2\/comments?post=245"}],"version-history":[{"count":16,"href":"https:\/\/blog.uclm.es\/fjaviergomez\/wp-json\/wp\/v2\/pages\/245\/revisions"}],"predecessor-version":[{"id":358,"href":"https:\/\/blog.uclm.es\/fjaviergomez\/wp-json\/wp\/v2\/pages\/245\/revisions\/358"}],"wp:attachment":[{"href":"https:\/\/blog.uclm.es\/fjaviergomez\/wp-json\/wp\/v2\/media?parent=245"}],"curies":[{"name":"wp","href":"https:\/\/api.w.org\/{rel}","templated":true}]}}