{"id":17,"date":"2019-07-09T11:54:30","date_gmt":"2019-07-09T10:54:30","guid":{"rendered":"http:\/\/blog.uclm.es\/fjaviergomez\/?page_id=17"},"modified":"2022-10-07T11:59:23","modified_gmt":"2022-10-07T09:59:23","slug":"publicaciones","status":"publish","type":"page","link":"https:\/\/blog.uclm.es\/fjaviergomez\/publicaciones\/","title":{"rendered":"Investigaci\u00f3n"},"content":{"rendered":"<p align=\"center\"><a href=\"https:\/\/orcid.org\/0000-0003-0754-5129\" rel=\"noopener noreferrer\" target=\"_blank\"><img loading=\"lazy\" decoding=\"async\" src=\"https:\/\/orcid.figshare.com\/ndownloader\/files\/8439047\/preview\/8439047\/preview.jpg\" width=\"20\" height=\"20\"><\/a> &nbsp; &nbsp; <a href=\"https:\/\/www.researchgate.net\/profile\/Gomez_Romero_Francisco_Javier\" rel=\"noopener noreferrer\" target=\"_black\"><img loading=\"lazy\" decoding=\"async\" src=\"https:\/\/camo.githubusercontent.com\/20302dbecb13e03c63ecae7d07c694696c66da19\/68747470733a2f2f6c68342e676f6f676c6575736572636f6e74656e742e636f6d2f2d32387046764c35337576552f41414141414141414141492f41414141414141414163452f65446a3275473750574b732f73302d632d6b2d6e6f2d6e732f70686f746f2e6a7067\" width=\"20\" height=\"20\"><\/a> &nbsp; &nbsp; <a href=\"https:\/\/www.scopus.com\/authid\/detail.uri?authorId=57190757123\" rel=\"noopener noreferrer\" target=\"_blank\"><img loading=\"lazy\" decoding=\"async\" src=\"https:\/\/www.scopus.com\/static\/proteus-images\/favicon.ico?ver=1.0\" width=\"20\" height=\"20\"><\/a> &nbsp; &nbsp; <a href=\"https:\/\/scholar.google.com\/citations?hl=es&amp;user=NOdSINUAAAAJ\" rel=\"noopener noreferrer\" target=\"_blank\"><img loading=\"lazy\" decoding=\"async\" src=\"https:\/\/www.engr.colostate.edu\/faculty\/mkipper\/wp-content\/uploads\/sites\/15\/2019\/01\/google-scholar-icon.png\" width=\"20\" height=\"20\"><\/a> &nbsp; &nbsp; <a href=\"https:\/\/www.ncbi.nlm.nih.gov\/pubmed\/?term=gomez-romero+fj\" rel=\"noopener noreferrer\" target=\"_blank\"><img loading=\"lazy\" decoding=\"async\" src=\"https:\/\/upload.wikimedia.org\/wikipedia\/commons\/thumb\/0\/07\/US-NLM-NCBI-Logo.svg\/1658px-US-NLM-NCBI-Logo.svg.png\" width=\"17\" height=\"17\"><\/a><\/p>\n<p>\u25aa Miembro del Comit\u00e9 \u00c9tico de Investigaci\u00f3n con medicamentos (CEIm) de Ciudad Real desde el 27 de Noviembre de 2017 hasta la fecha.<br \/>\n\u25aa Miembro del Comit\u00e9 Organizador de la VI y VII \u00abJornada De Investigaci\u00f3n Ciudad Real &#8211; Biom\u00e9dica\u201d, celebrado en el Hospital General Universitario de Ciudad Real el 30 de noviembre de 2017 y 16 de enero de 2019, respectivamente.<br \/>\n\u25aa Miembro del Comit\u00e9 Organizador del VIII al XI \u00abCiclo de Seminarios de Investigaci\u00f3n\u00bb, celebrado en el Hospital General Universitario de Ciudad Real desde Octubre de 2018 a Junio de 2022.<br \/>\n\u25aa Miembro del Comit\u00e9 Editorial de la <a href=\"http:\/\/apuntes.hgucr.es\/\" rel=\"noopener noreferrer\" target=\"_blank\">Revista Apuntes de Ciencia<\/a> desde el 14 de Febrero de 2018 al 14 de Febrero de 2022.<br \/>\n\u25aa Participaci\u00f3n en calidad de Gestor de Datos en Ensayo cl\u00ednico aleatorizado y multic\u00e9ntrico \u201cEficacia y seguridad de la resecci\u00f3n endosc\u00f3pica mucosa \u00abunderwater\u00bb vs. Resecci\u00f3n endosc\u00f3pica mucosa tradicional para el tratamiento de lesiones colorrectales no pediculadas.\u201d<br \/>\n\u25aa Propiedad Intelectual de CR-44-2018 \u201cDispositivo y procedimiento para determinar la prueba estad\u00edstica requerida en un an\u00e1lisis de resultados de investigaci\u00f3n biom\u00e9dica\u201d aprobado por el registro general de la propiedad intelectual el 25 de Junio de 2018.<br \/>\n\u25aa Propiedad Intelectual de CR-64-2019 \u201cDispositivo y procedimiento para determinar el dise\u00f1o metodol\u00f3gico adecuado en un proyecto de investigaci\u00f3n biom\u00e9dica\u201d aprobado por el registro general de la propiedad intelectual el 11 de Junio de 2019.<br \/>\n\u25aa Propiedad Intelectual de CR-67-2020 \u201cDispositivo y procedimiento para determinar el tipo de mascarilla adecuada\u201d aprobado por el registro general de la propiedad intelectual el 29 de Mayo de 2020.<br \/>\n\u25aa Participaci\u00f3n como autor del libro \u201cPancreatic cancer and chemohyperthermia. Development of a locoregional therapy and translation to clinical practice in the University General Hospital of Ciudad Real.\u201d 2017. Espa\u00f1a. ISBN:978-0-244-65202-9.<br \/>\n\u25aa Autor del pr\u00f3logo \u00abLa interpretaci\u00f3n en el contexto sanitario: aspectos metodol\u00f3gicos y an\u00e1lisis de interacci\u00f3n del int\u00e9rprete con el usuario\u00bb. 2020 Berl\u00edn, Alemania. ISSN: 978-3631799680.<\/p>\n<p>\u25aa <strong>Primer Premio al mejor Poster Cient\u00edfico<\/strong> titulado \u00abImpacto del env\u00edo de SMS al personal sanitario durante la campa\u00f1a de vacunaci\u00f3n antigripal 2012-2013 en el Departamento de Salud Elche &#8211; Hospital General\u00bb en el 7\u00ba Congreso Nacional de la Asociaci\u00f3n Espa\u00f1ola de Vacunolog\u00eda, celebrado del 25 al 27 de Noviembre de 2013 en C\u00e1ceres.<br \/>\n\u25aa <strong>Primer Premio al mejor Proyecto Innovador<\/strong> titulado \u00abAdherencia a un paquete de medidas preventivas para reducir la infecci\u00f3n de la herida quir\u00fargica\u00bb en la Primera Edici\u00f3n de los Premios Innova 2014\/2015 de la Facultad de Ciencias de la Salud de la UCH-CEU de Elche.<br \/>\n\u25aa <strong>Primer Premio a la mejor Tesis Doctoral <\/strong> del Ilustre Colegio Oficial de M\u00e9dicos de Ciudad Real, entregado el 23 de febrero de 2021.<\/p>\n<p>\u25aa Colaboraci\u00f3n en mas de <strong>60 Comunicaciones<\/strong> cient\u00edficas aceptadas y presentadas en Jornadas y Congresos Nacionales e Internacionales, de las que 15 son como primer autor y m\u00e1s de 20 como segundo autor.<\/p>\n<p>Publicaciones seleccionadas:<\/p>\n<li>Aprotinin treatment against SARS-CoV-2: A randomized phase III study to evaluate the safety and efficacy of a pan-protease inhibitor for moderate COVID-19. Redondo-Calvo FJ, Pad\u00edn JF, Mu\u00f1oz-Rodr\u00edguez JR, Serrano-Oviedo L, L\u00f3pez-Ju\u00e1rez P, Porras Leal ML, Gonz\u00e1lez Gasca FJ, Rodr\u00edguez Mart\u00ednez M, P\u00e9rez Serrano R, S\u00e1nchez Cadena A, Bejarano-Ram\u00edrez N, Mu\u00f1oz Hornero C, Barber\u00e1 Farr\u00e9 JR, Dom\u00ednguez-Quesada I, Sep\u00falveda Berrocal MA, Villegas Fern\u00e1ndez-Infantes MD, Manrique Romo MI, Parra Comino \u00c1, P\u00e9rez-Ortiz JM, <strong>G\u00f3mez-Romero FJ<\/strong>; ATAC team. Eur J Clin Invest. 2022 Mar 28:e13776.<\/li>\n<li>Pediatric patients with suspected COVID-19 in an emergency department: analysis of characteristics and transmission to contacts. P\u00e9rez-Ortiz JM, Garc\u00eda-Jabalera I, <strong>G\u00f3mez-Romero FJ<\/strong>, Mu\u00f1oz-Rodr\u00edguez JR, Serrano-Oviedo L, Bejarano-Ram\u00edrez N, Redondo-Calvo FJ; Red COVID-19 HGUCR. Emergencias. 2022 Feb;34(1):73-75.<\/li>\n<li>Characteristics and Risk Factors Associated With Mortality in a Multicenter Spanish Cohort of Patients With COVID-19 Pneumonia. Mu\u00f1oz-Rodr\u00edguez JR, <strong>G\u00f3mez-Romero FJ<\/strong>, P\u00e9rez-Ortiz JM, L\u00f3pez-Ju\u00e1rez P, Santiago JL, Serrano-Oviedo L, Redondo-Calvo FJ; COVID-19 SESCAM Network. Arch Bronconeumol. 2021 Apr;57 Suppl 2:34-41.<\/li>\n<li>Comparative study of the COVID-19 admissions between first and second wave in a cohort of 1,235 patients. L\u00f3pez-Ju\u00e1rez P, Serrano-Oviedo L, P\u00e9rez-Ortiz JM, Garc\u00eda-Jabalera I, Bejarano-Ram\u00edrez N, <strong>G\u00f3mez-Romero FJ<\/strong>, Mu\u00f1oz-Rodr\u00edguez JR, Redondo-Calvo FJ. Rev Esp Quimioter. 2021 Apr 29:lopez29apr2021.<\/li>\n<li>Influence of biomedical education on health and eating habits of university students in Spain. Mu\u00f1oz-Rodr\u00edguez JR, Luna-Castro J, Ballesteros-Y\u00e1\u00f1ez I, P\u00e9rez-Ortiz JM, <strong>G\u00f3mez-Romero FJ<\/strong>, Redondo-Calvo FJ, Alguacil LF, Castillo CA. Nutrition. 2021 Jan 31;86:111181.<\/li>\n<li>Long-term effects of continuous subcutaneous insulin infusion in adults with type 1 diabetes mellitus patients: Results of a public healthcare system. Moreno-Fernandez J, L\u00f3pez LM, Gomez FJ, Pin\u00e9s P, Blanco B, Gonz\u00e1lez J, L\u00f3pez J, Herranz S, Roa C, <strong>G\u00f3mez-Romero FJ<\/strong>. Endocrinol Diabetes Nutr. 2020 Jan 29.<\/li>\n<li> Short and long-term outcomes of underwater EMR compared to the traditional procedure in the real clinical practice. Rodr\u00edguez S\u00e1nchez J, Uchima Koecklin H, Gonz\u00e1lez L\u00f3pez L, Cuatrecasas M, de la Santa Belda E, Olivencia Palomar P, S\u00e1nchez Garc\u00eda C, S\u00e1nchez Alonso M, Mu\u00f1oz Rodr\u00edguez JR, <strong>G\u00f3mez-Romero FJ<\/strong>, L\u00f3pez Viedma B, Agarrabeitia AB, Olmedo Camacho J, Alb\u00e9niz Arbizu E. Rev Esp Enferm Dig. 2019 Jul;111(7):543-549.<\/li>\n<li> Intra-operative temperature monitoring with two non-invasive devices (3M Spoton\u00ae and Dr\u00e4ger Tcore\u00ae) in comparison with the Swan-Ganz cathete. <strong>FJ Gomez-Romero<\/strong>, M Fernandez-Prada, FE Fernandez-Suarez, C Gutierrez-Gonzalez, M Estrada-Martinez, D Cachero-Martinez, S Suarez-Fernandez, N Garcia-Gonzalez, MD Picatto-Hernandez, C Martinez-Ortega, JF Navarro-Gracia. Cir Cardiov. 2019;26(4):191\u2013196.<\/li>\n<li> Mapea Ciudad Real: una experiencia de mapeo de activos para la salud en la comunidad. Abad\u00edn L\u00f3pez F, <strong>G\u00f3mez-Romero FJ<\/strong>. Revista Comunidad http:\/\/comunidadsemfyc.es\/, con el ISSN 2339-7896.<\/li>\n<li> Appropriateness of magnetic resonance imaging requested by primary care physicians for patients with knee pain. G\u00f3mez-Garc\u00eda JM, <strong>G\u00f3mez-Romero FJ<\/strong>, Arencibia-Jim\u00e9nez M, Navarro-Gracia JF, S\u00e1nchez-Moll\u00e1 M. International Journal for Quality in Health Care. 2018 Aug; 30(7):565\u2013570.<\/li>\n<li>\nPrevention of Surgical Site Infection: Analysis and Narrative Review of Clinical Practice Guidelines. <strong>G\u00f3mez-Romero FJ<\/strong>, Fern\u00e1ndez-Prada M, Navarro-Gracia JF. Cir Esp. 2017 Oct; 95(9):490-502.<\/li>\n<li>Streptococcus gallolyticus infection in colorectal cancer and association with biological and clinical factors. Andres-Franch M, Galiana A, Sanchez-Hellin V, Ochoa E, Hernandez-Illan E, Lopez-Garcia P, Castillejo A, Castillejo MI, Barbera VM, Garcia-Dura J, <strong>Gomez-Romero FJ<\/strong>, Royo G, Soto JL. PLoS One. 2017 Mar 29;12(3):e0174305.<\/li>\n<li>Risk of transmission of Zika virus in Spain: an experience in a Health Department. S\u00e1nchez-V\u00e1zquez L, Cresp\u00ed-Llor\u00e9ns N, <strong>G\u00f3mez-Romero FJ<\/strong>, G\u00f3mez-Garc\u00eda JM, Arencibia-Jim\u00e9nez M, Navarro-Gracia JF. Rev Esp Quimioter. 2017 Feb 15.<\/li>\n<li>Concordance between stratification systems and identification of patients with multiple chronic diseases in Primary Care. S\u00e1nchez Moll\u00e1 M, Candela Garc\u00eda I, <strong>G\u00f3mez-Romero FJ<\/strong>, Orozco Beltr\u00e1n D, Ollero Baturone M. Rev Calid Asist. 2017 Jan &#8211; Feb;32(1):10-16.<\/li>\n<li>Failure to patients with apointments in primary care. Pastor Climent MA, <strong>G\u00f3mez-Romero FJ<\/strong>, S\u00e1nchez Molla M, P\u00e9rez Cascales CI. Rev Calid Asist. 2016 Nov 17. pii: S1134-282X(16)30150-6.<\/li>\n<li>Suitability of densitometries in a primary care centre. G\u00f3mez-Garc\u00eda JM, <strong>G\u00f3mez-Romero FJ<\/strong>, Arencibia-Jim\u00e9nez M, Zazo-Menargues JM. Rev Clin Esp. 2016 Aug 16. pii: S0014-2565(16)30123-0.<\/li>\n<li>Trends and area variations in Potentially Preventable Admissions for COPD in Spain (2002-2013): a significant decline and convergence between areas. Librero J, Iba\u00f1ez-Beroiz B, Peir\u00f3 S, Ridao-L\u00f3pez M, Rodr\u00edguez-Bernal CL, <strong>G\u00f3mez-Romero FJ<\/strong>, Bernal-Delgado E; Spanish Atlas of Medical Practice Variation Research Group.BMC Health Serv Res. 2016 Aug 9;16(a):367.<\/li>\n<li>Knowledge and attitudes of healthcare workers towards a suspect case of Ebola virus disease. <strong>G\u00f3mez-Romero FJ<\/strong>, G\u00f3mez-Garc\u00eda JM, Arencibia-Jim\u00e9nez M, Delgado-de Los Reyes JA, Sarmiento-Sempere R, Garc\u00eda-Abad I, Vicedo-Cano R, P\u00e9rez-Torregrosa G, Navarro-Gracia JF. Rev Esp Quimioter. 2016 Apr;29(2):76-85.<\/li>\n","protected":false},"excerpt":{"rendered":"<p>&nbsp; &nbsp; &nbsp; &nbsp; &nbsp; &nbsp; &nbsp; &nbsp; \u25aa Miembro del Comit\u00e9 \u00c9tico de Investigaci\u00f3n con medicamentos (CEIm) de Ciudad Real desde el 27 de Noviembre de 2017 hasta la fecha. \u25aa Miembro del Comit\u00e9 Organizador de la VI y VII \u00abJornada De Investigaci\u00f3n Ciudad Real &#8211; Biom\u00e9dica\u201d, celebrado en el Hospital General Universitario de [&hellip;]<\/p>\n","protected":false},"author":134,"featured_media":0,"parent":0,"menu_order":0,"comment_status":"closed","ping_status":"closed","template":"page-templates\/full-width.php","meta":{"footnotes":""},"class_list":["post-17","page","type-page","status-publish","hentry"],"_links":{"self":[{"href":"https:\/\/blog.uclm.es\/fjaviergomez\/wp-json\/wp\/v2\/pages\/17","targetHints":{"allow":["GET"]}}],"collection":[{"href":"https:\/\/blog.uclm.es\/fjaviergomez\/wp-json\/wp\/v2\/pages"}],"about":[{"href":"https:\/\/blog.uclm.es\/fjaviergomez\/wp-json\/wp\/v2\/types\/page"}],"author":[{"embeddable":true,"href":"https:\/\/blog.uclm.es\/fjaviergomez\/wp-json\/wp\/v2\/users\/134"}],"replies":[{"embeddable":true,"href":"https:\/\/blog.uclm.es\/fjaviergomez\/wp-json\/wp\/v2\/comments?post=17"}],"version-history":[{"count":3,"href":"https:\/\/blog.uclm.es\/fjaviergomez\/wp-json\/wp\/v2\/pages\/17\/revisions"}],"predecessor-version":[{"id":314,"href":"https:\/\/blog.uclm.es\/fjaviergomez\/wp-json\/wp\/v2\/pages\/17\/revisions\/314"}],"wp:attachment":[{"href":"https:\/\/blog.uclm.es\/fjaviergomez\/wp-json\/wp\/v2\/media?parent=17"}],"curies":[{"name":"wp","href":"https:\/\/api.w.org\/{rel}","templated":true}]}}