{"id":13,"date":"2019-07-09T11:52:12","date_gmt":"2019-07-09T10:52:12","guid":{"rendered":"http:\/\/blog.uclm.es\/fjaviergomez\/?page_id=13"},"modified":"2023-01-02T18:15:56","modified_gmt":"2023-01-02T16:15:56","slug":"docencia","status":"publish","type":"page","link":"https:\/\/blog.uclm.es\/fjaviergomez\/docencia\/","title":{"rendered":"Docencia"},"content":{"rendered":"<h4>Facultad de Medicina de Ciudad Real de la Universidad de Castilla-La Mancha<\/h4>\n<p>Desde 2018, Profesor Asociado de las asignaturas:<\/p>\n<ul>\n<li><a href=\"https:\/\/guiae.uclm.es\/es\/vistaPrevia\/25868\" target=\"_blank\" rel=\"noopener noreferrer\">Bioestad\u00edstica: Fundamento y Aplicaci\u00f3n en Medicina (1\u00ba Curso)<\/a><\/li>\n<li><a href=\"https:\/\/guiae.uclm.es\/vistaGuia\/332\/34333\/2021-22\" target=\"_blank\" rel=\"noopener noreferrer\">Medicina Preventiva y Salud P\u00fablica (5\u00ba Curso)<\/a><\/li>\n<\/ul>\n<h4>Medicina Preventiva y Salud P\u00fablica<\/h4>\n<ul>\n<li>Tutor de residentes de Medicina Preventiva y Salud P\u00fablica en la Gerencia de Atenci\u00f3n Integrada de Ciudad Real desde Mayo de 2019 hasta la actualidad.<\/li>\n<li>Desarrollador de Web-app del Modelo SIR y el componente vacunal, para la difusi\u00f3n de la importancia del aumento de las coberturas vacunales: <a href=\"https:\/\/fjgoro.shinyapps.io\/sirvaccine\/\" target=\"_blank\" rel=\"noopener noreferrer\">https:\/\/fjgoro.shinyapps.io\/sirvaccine\/<\/a><\/li>\n<li>Colaborador docente en la realizaci\u00f3n de las Evaluaciones Cl\u00ednicas Objetivas y Estructurada (E.C.O.E) del grado de Medicina que se imparten en la Facultad de Medicina del Campus Universitario de Ciudad Real, el 25 de marzo de 2017, con un total de 12 horas lectivas.<\/li>\n<li>Dentro del Programa de seguridad en el bloque quir\u00fargico del Ministerio de Sanidad, he participado en la elaboraci\u00f3n de los cursos de <a href=\"https:\/\/infeccionquirurgicazero.es\/es\/quienes-somos\/grupo-coordinador\" target=\"_blank\" rel=\"noopener noreferrer\">Infecci\u00f3n Quir\u00fargica Zero<\/a>, impartiendo <a href=\"https:\/\/www.seguridaddelpaciente.es\/resources\/documentos\/2017\/infeccion-quirurgica-zero\/jornada-enero-2017\/Javier_Gomez_romero_MSSSI_IQZ_Evidencias_preventivas.pdf\" target=\"_blank\" rel=\"noopener noreferrer\">sesiones<\/a> y clases a los profesionales sanitarios de los Hospitales a nivel nacional.<\/li>\n<\/ul>\n<h4>Metodolog\u00eda de la Investigaci\u00f3n<\/h4>\n<p>Desde la Unidad de Investigaci\u00f3n, adem\u00e1s de fomentar la difusi\u00f3n de los \u00faltimos avances cient\u00edficos, son desarrolladas herramientas para mejorar el conocimiento metodol\u00f3gico de los profesionales sanitarios:<\/p>\n<ul>\n<li><strong>Colecci\u00f3n de Manuales de Investigaci\u00f3n:<br \/>\n<\/strong><a href=\"https:\/\/www.amazon.es\/dp\/198057443X\/ref=cm_sw_r_tw_dp_U_x_YS3jDb88C2B2C\" target=\"_blank\" rel=\"noopener noreferrer\"><img loading=\"lazy\" decoding=\"async\" src=\"https:\/\/images-na.ssl-images-amazon.com\/images\/I\/41--8A-oT9L.jpg\" alt=\"Estadistica B\u00e1sica\" width=\"240\" height=\"350\" \/> <\/a> \u00a0 <a href=\"https:\/\/www.amazon.es\/dp\/B09S41DCFM\/ref=cm_sw_r_tw_api_glt_i_HAJ7R496X571N56914AY\" target=\"_blank\" rel=\"noopener noreferrer\"><img loading=\"lazy\" decoding=\"async\" src=\"https:\/\/images-na.ssl-images-amazon.com\/images\/I\/61THDiA2duL.jpg\" alt=\"Estadistica B\u00e1sica\" width=\"240\" height=\"350\" \/><br \/>\n<\/a> \u00a0 \u00a0 \u00a0\u00a0\u00a0\u00a0\u00a0\u00a0 <em>Redacci\u00f3n de un Proyecto de Investigaci\u00f3n (Pr\u00f3ximamente).<\/em><\/li>\n<li><strong>Los Salvavidas:<br \/>\n<\/strong><a href=\"https:\/\/twitter.com\/hashtag\/salvavidasestadistico?src=hashtag_click\" target=\"_blank\" rel=\"noopener noreferrer\"><img loading=\"lazy\" decoding=\"async\" src=\"https:\/\/pbs.twimg.com\/media\/D33Zug0X4AAI1Fh?format=jpg&amp;name=4096x4096\" alt=\"Salvavidas Estad\u00edstico\" width=\"350\" height=\"280\" \/><\/a> \u00a0<a href=\"https:\/\/twitter.com\/search?q=%23salvavidasmetodologico&amp;src=hashtag_click\" target=\"_blank\" rel=\"noopener noreferrer\"><img loading=\"lazy\" decoding=\"async\" class=\"alignnone size-full wp-image-214\" src=\"https:\/\/blog.uclm.es\/fjaviergomez\/wp-content\/uploads\/sites\/9\/2019\/08\/EA9l6hkXoAE2pNk.jpg\" alt=\"\" width=\"440\" height=\"320\" \/><\/a><\/li>\n<\/ul>\n<p>La APP del S. Estad\u00edstico esta disponible en <a href=\"https:\/\/apps.apple.com\/es\/app\/salvavidas-estad%C3%ADstico\/id1496054351\" target=\"_blank\" rel=\"noopener noreferrer\">iOS<\/a> y <a href=\"https:\/\/play.google.com\/store\/apps\/details?id=es.sacramentoc.salvavidasestadstico&amp;hl=es\" target=\"_blank\" rel=\"noopener noreferrer\"> Android.<\/a> La APP del S. Metodol\u00f3gico esta disponible en <a href=\"https:\/\/t.co\/bjcbJ94chm?amp=1\" target=\"_blank\" rel=\"noopener noreferrer\">iOS<\/a> y <a href=\"https:\/\/t.co\/p3nqlCWPbI?amp=1\" target=\"_blank\" rel=\"noopener noreferrer\">Android.<\/a><\/p>\n<ul>\n<li><strong>El identificador de mascarillas:<\/strong><br \/>\n<img loading=\"lazy\" decoding=\"async\" class=\"alignnone size-full wp-image-244\" src=\"https:\/\/blog.uclm.es\/fjaviergomez\/wp-content\/uploads\/sites\/9\/2020\/07\/mascarillas-1.png\" alt=\"\" width=\"420\" height=\"480\" \/><\/p>\n<p>La APP esta disponible en <a href=\"https:\/\/apps.apple.com\/es\/app\/identificador-de-mascarilla\/id1536573172\" target=\"_blank\" rel=\"noopener noreferrer\">iOS<\/a> y en <a href=\"https:\/\/play.google.com\/store\/apps\/details?id=es.uit.demascarillas\" target=\"_blank\" rel=\"noopener noreferrer\">Android<\/a>.<\/li>\n<\/ul>\n<h4>Experiencia en cursos formativos<\/h4>\n<p>Desde 2017, algunos cursos en los que he participado como profesor o coordinador del curso:<\/p>\n<ul>\n<li>Participaci\u00f3n como profesor en curso \u201cMetodolog\u00eda de la Investigaci\u00f3n\u201d del 2 de octubre al 3 de noviembre de 2017 en el Hospital General Universitario de Elche, impartiendo un total de 4 horas lectivas.<\/li>\n<li>Participaci\u00f3n como profesor en curso \u201cEstad\u00edstica B\u00e1sica para personal sanitario. An\u00e1lisis de datos con software\u00bb el 11 de octubre de 2018 en el Hospital General Universitario de Elche, impartiendo un total de 4 horas lectivas.<\/li>\n<li>Participaci\u00f3n como profesor en <a href=\"https:\/\/sescam.jccm.es\/sofos\/matriculacion\/fichaCurso.jsp?curso=18823&amp;edicion=1\" target=\"_blank\" rel=\"noopener noreferrer\">CURSO BASICO DE METODOLOGIA DE INVESTIGACION CLINICA Y EPIDEMIOLOGICA<\/a><\/li>\n<li>Participaci\u00f3n como coordinador de curso en <a href=\"https:\/\/sescam.jccm.es\/sofos\/matriculacion\/fichaCurso.jsp?curso=17369&amp;edicion=1\" target=\"_blank\" rel=\"noopener noreferrer\">MEDIDAS GENERALES HOSPITALARIAS Y PREVENCI\u00d3N DE LA INFECCION NOSOCOMIAL <\/a><\/li>\n<li>Participaci\u00f3n como profesor en <a href=\"https:\/\/sescam.jccm.es\/sofos\/matriculacion\/fichaCurso.jsp?curso=17912&amp;edicion=1\" target=\"_blank\" rel=\"noopener noreferrer\">SALUD PUBLICA Y COMUNITARIA <\/a><\/li>\n<li>Participaci\u00f3n como profesor en LA ELABORACI\u00d3N DE UN PROYECTO DE INVESTIGACI\u00d3N Edici\u00f3n <a href=\"https:\/\/sescam.jccm.es\/sofos\/matriculacion\/fichaCurso.jsp?curso=10954&amp;edicion=5\" target=\"_blank\" rel=\"noopener noreferrer\">5<\/a> y <a href=\"https:\/\/sescam.jccm.es\/sofos\/matriculacion\/fichaCurso.jsp?curso=10954&amp;edicion=6\" target=\"_blank\" rel=\"noopener noreferrer\">6<\/a><\/li>\n<li>Participaci\u00f3n como profesor en <a href=\"https:\/\/sescam.jccm.es\/sofos\/matriculacion\/fichaCurso.jsp?curso=23131&amp;edicion=1\" target=\"_blank\" rel=\"noopener noreferrer\">MEDIDAS GENERALES DE PREVENCI\u00d3N Y EQUIPOS DE PROTECCI\u00d3N INDIVIDUAL<\/a><\/li>\n<li>Participaci\u00f3n como profesor en MEDIDAS GENERALES DE PREVENCI\u00d3N Y USO DEL EQUIPO DE PROTECCI\u00d3N INDIVIDUAL FRENTE AL COVID Edici\u00f3n <a href=\"https:\/\/sescam.jccm.es\/sofos\/matriculacion\/fichaCurso.jsp?curso=23504&amp;edicion=1\" target=\"_blank\" rel=\"noopener noreferrer\">1<\/a>, <a href=\"https:\/\/sescam.jccm.es\/sofos\/matriculacion\/fichaCurso.jsp?curso=23504&amp;edicion=2\" target=\"_blank\" rel=\"noopener noreferrer\">2<\/a> y <a href=\"https:\/\/sescam.jccm.es\/sofos\/matriculacion\/fichaCurso.jsp?curso=23504&amp;edicion=3\" target=\"_blank\" rel=\"noopener noreferrer\">3<\/a><\/li>\n<li>Participaci\u00f3n como profesor en <a href=\"https:\/\/sescam.jccm.es\/sofos\/matriculacion\/fichaCurso.jsp?curso=23040&amp;edicion=1\" target=\"_blank\" rel=\"noopener noreferrer\">GESTION POR PROCESOS Y SISTEMAS DE CONTROL DOCUMENTAL<\/a><\/li>\n<li>Participaci\u00f3n como profesor en GESTI\u00d3N POR PROCESOS E INTRODUCCI\u00d3N A LA METODOLOG\u00cdA LEAN Edici\u00f3n <a href=\"https:\/\/sescam.jccm.es\/sofos\/matriculacion\/fichaCursoPasaporte.jsp?curso=25836&amp;edicion=1\" target=\"_blank\" rel=\"noopener\">1<\/a>, <a href=\"https:\/\/sescam.jccm.es\/sofos\/matriculacion\/fichaCursoPasaporte.jsp?curso=25836&amp;edicion=2\" target=\"_blank\" rel=\"noopener\">2<\/a>, <a href=\"https:\/\/sescam.jccm.es\/sofos\/matriculacion\/fichaCursoPasaporte.jsp?curso=28071&amp;edicion=1\" target=\"_blank\" rel=\"noopener\">3<\/a> y <a href=\"https:\/\/sescam.jccm.es\/sofos\/matriculacion\/fichaCursoPasaporte.jsp?curso=25836&amp;edicion=4\" target=\"_blank\" rel=\"noopener\">4<\/a>.<\/li>\n<li>Participaci\u00f3n como profesor en <a href=\"https:\/\/sescam.jccm.es\/sofos\/matriculacion\/fichaCursoPasaporte.jsp?curso=26511&amp;edicion=1\" target=\"_blank\" rel=\"noopener\">MANEJO DE APLICACIONES PARA EL DISE\u00d1O DE ENCUESTAS EN LINEA. MANEJO DE REDES SOCIALES<\/a><\/li>\n<li>Participaci\u00f3n como profesor en <a href=\"https:\/\/sescam.jccm.es\/sofos\/matriculacion\/fichaCursoPasaporte.jsp?curso=26352&amp;edicion=1\" target=\"_blank\" rel=\"noopener\">ELABORACI\u00d3N DE UN PROYECTO DE INVESTIGACI\u00d3N con Talleres presenciales<\/a><\/li>\n<\/ul>\n<h4>Unidad Docente Hospitalaria y de Atenci\u00f3n Familiar y Comunitaria de Ciudad Real<\/h4>\n<ul>\n<li>Vocal de la Comisi\u00f3n de Docencia de la Unidad Docente de Atenci\u00f3n Familiar y Comunitaria desde el 22 de mayo de 2017 hasta el 23 de mayo de 2019.<\/li>\n<li>Vocal de la Comisi\u00f3n de Docencia de la Unidad Docente de Hospitalaria desde el 22 de Junio de 2017 hasta el 23 de mayo de 2019.<\/li>\n<\/ul>\n<h4>Universidad Miguel Hern\u00e1ndez de Elche<\/h4>\n<p>Colaborador Honor\u00edfico del Departamento de Salud P\u00fablica, Historia de la Ciencia y Ginecolog\u00eda de la Universidad Miguel Hern\u00e1ndez de Elche durante el curso acad\u00e9mico 2013-2014, 2014-2015, 2015-2016, 2016-2017, 2017-2018, 2018-2019, 2019-2020 y 2020-2021.<\/p>\n","protected":false},"excerpt":{"rendered":"<p>Facultad de Medicina de Ciudad Real de la Universidad de Castilla-La Mancha Desde 2018, Profesor Asociado de las asignaturas: Bioestad\u00edstica: Fundamento y Aplicaci\u00f3n en Medicina (1\u00ba Curso) Medicina Preventiva y Salud P\u00fablica (5\u00ba Curso) Medicina Preventiva y Salud P\u00fablica Tutor de residentes de Medicina Preventiva y Salud P\u00fablica en la Gerencia de Atenci\u00f3n Integrada de [&hellip;]<\/p>\n","protected":false},"author":134,"featured_media":0,"parent":0,"menu_order":0,"comment_status":"closed","ping_status":"closed","template":"page-templates\/full-width.php","meta":{"footnotes":""},"class_list":["post-13","page","type-page","status-publish","hentry"],"_links":{"self":[{"href":"https:\/\/blog.uclm.es\/fjaviergomez\/wp-json\/wp\/v2\/pages\/13","targetHints":{"allow":["GET"]}}],"collection":[{"href":"https:\/\/blog.uclm.es\/fjaviergomez\/wp-json\/wp\/v2\/pages"}],"about":[{"href":"https:\/\/blog.uclm.es\/fjaviergomez\/wp-json\/wp\/v2\/types\/page"}],"author":[{"embeddable":true,"href":"https:\/\/blog.uclm.es\/fjaviergomez\/wp-json\/wp\/v2\/users\/134"}],"replies":[{"embeddable":true,"href":"https:\/\/blog.uclm.es\/fjaviergomez\/wp-json\/wp\/v2\/comments?post=13"}],"version-history":[{"count":8,"href":"https:\/\/blog.uclm.es\/fjaviergomez\/wp-json\/wp\/v2\/pages\/13\/revisions"}],"predecessor-version":[{"id":362,"href":"https:\/\/blog.uclm.es\/fjaviergomez\/wp-json\/wp\/v2\/pages\/13\/revisions\/362"}],"wp:attachment":[{"href":"https:\/\/blog.uclm.es\/fjaviergomez\/wp-json\/wp\/v2\/media?parent=13"}],"curies":[{"name":"wp","href":"https:\/\/api.w.org\/{rel}","templated":true}]}}